{"id":7889,"date":"2024-12-14T01:59:26","date_gmt":"2024-12-13T21:59:26","guid":{"rendered":"https:\/\/axtarstore.com\/?post_type=product&#038;p=7889"},"modified":"2024-12-14T02:00:33","modified_gmt":"2024-12-13T22:00:33","slug":"disaar-beauty-argan-oil-essential-oil-hyaluronic-acid-soothes-calms-anti-wrinkle-anti-aging-moisturizing-repair-skin-care","status":"publish","type":"product","link":"https:\/\/axtarstore.com\/ru\/product\/disaar-beauty-argan-oil-essential-oil-hyaluronic-acid-soothes-calms-anti-wrinkle-anti-aging-moisturizing-repair-skin-care\/","title":{"rendered":"DISAAR Beauty Argan Oil Essential Oil Hyaluronic Acid Soothes Calms Anti-Wrinkle Anti-Aging Moisturizing Repair Skin Care"},"content":{"rendered":"<p>Teksturas\u0131 yum\u015faqd\u0131r v\u0259 d\u0259riy\u0259 asanl\u0131qla n\u00fcfuz edir. X\u00fcsusiyy\u0259tl\u0259r: \u2192N\u0259ml\u0259ndirici. \u2192Ya\u015flanmaya qar\u015f\u0131 qorunma. \u2192 M\u0259sam\u0259l\u0259rin daralmas\u0131.<br \/>\nBu m\u0259hsul d\u0259rinin d\u0259rinliyin\u0259 s\u00fcr\u0259tl\u0259 n\u00fcfuz ed\u0259 bil\u0259n m\u00fcxt\u0259lif n\u0259ml\u0259ndirici v\u0259 b\u0259rpaedici madd\u0259l\u0259rl\u0259 z\u0259nginl\u0259\u015fdirilmi\u015fdir. Bu m\u0259hsul problemli d\u0259rini effektiv \u015f\u0259kild\u0259 aradan qald\u0131rmaq \u00fc\u00e7\u00fcn bitki ekstraktlar\u0131 v\u0259 m\u00fcxt\u0259lif minerallardan istifad\u0259 etm\u0259kl\u0259 elmi \u015f\u0259kild\u0259 i\u015fl\u0259nib haz\u0131rlanm\u0131\u015fd\u0131r.<br \/>\n\u018fz\u0259l\u0259 dibini canland\u0131r\u0131r, d\u0259rin b\u0259rpa edir. Birba\u015fa selik\u0259 \u00e7at\u0131r, d\u0259rinin \u00f6z\u00fcn\u00fcn b\u0259rpaedici g\u00fcc\u00fcn\u00fc aktivl\u0259\u015fdirir v\u0259 art\u0131r\u0131r. Arqan ya\u011f\u0131n\u0131n unikal t\u0259rkibi onu kosmetologiyada u\u011furla istifad\u0259 etm\u0259y\u0259 imkan verir. D\u0259rinin v\u0259ziyy\u0259tini yax\u015f\u0131la\u015fd\u0131r\u0131r v\u0259 ya\u015flanma prosesinin qar\u015f\u0131s\u0131n\u0131 al\u0131r: h\u00fcceyr\u0259 membranlar\u0131n\u0131n lipidl\u0259rini qoruyur, d\u0259rini q\u0131c\u0131qlanma v\u0259 quruluqdan qoruyur;<br \/>\nD\u0259rinin elastikliyini yum\u015faldan v\u0259 art\u0131ran dermisd\u0259 elastik lifl\u0259rin sintezini stimulla\u015fd\u0131r\u0131r; epidermisi s\u0259rb\u0259st radikallar\u0131n v\u0259 ultrab\u0259n\u00f6v\u015f\u0259yi g\u00fcn\u0259\u015f i\u015f\u0131\u011f\u0131n\u0131n t\u0259sirind\u0259n qoruyur; h\u00fcceyr\u0259 regenerasiyas\u0131n\u0131 art\u0131r\u0131r; d\u0259rini hamarlay\u0131r; d\u0259rinin iltihab\u0131n\u0131 sakitl\u0259\u015fdirir; yaralar\u0131, yan\u0131qlar\u0131 sa\u011fald\u0131r. Arqan ya\u011f\u0131n\u0131n bu x\u00fcsusiyy\u0259tl\u0259ri xarici istifad\u0259 \u00fc\u00e7\u00fcn istifad\u0259 olunur: problemli d\u0259ri; quru d\u0259ri; sol\u011fun d\u0259ri; d\u0259rid\u0259 q\u0131r\u0131\u015flar v\u0259 ya\u015fa ba\u011fl\u0131 d\u0259yi\u015fiklikl\u0259r; g\u00f6zl\u0259r alt\u0131ndak\u0131 &#8220;torbalar&#8221; v\u0259 \u00e7\u00fcr\u00fckl\u0259r; g\u00fcn\u0259\u015f yan\u0131\u011f\u0131; d\u0259ri d\u00f6k\u00fcnt\u00fcs\u00fc, s\u0131zanaq.<\/p>","protected":false},"excerpt":{"rendered":"<p>Teksturas\u0131 yum\u015faqd\u0131r v\u0259 d\u0259riy\u0259 asanl\u0131qla n\u00fcfuz edir. X\u00fcsusiyy\u0259tl\u0259r: \u2192N\u0259ml\u0259ndirici. \u2192Ya\u015flanmaya qar\u015f\u0131 qorunma. \u2192 M\u0259sam\u0259l\u0259rin daralmas\u0131. Bu m\u0259hsul d\u0259rinin d\u0259rinliyin\u0259 s\u00fcr\u0259tl\u0259 n\u00fcfuz ed\u0259 bil\u0259n m\u00fcxt\u0259lif n\u0259ml\u0259ndirici v\u0259 b\u0259rpaedici madd\u0259l\u0259rl\u0259 z\u0259nginl\u0259\u015fdirilmi\u015fdir. Bu m\u0259hsul problemli d\u0259rini effektiv \u015f\u0259kild\u0259 aradan qald\u0131rmaq \u00fc\u00e7\u00fcn bitki ekstraktlar\u0131 v\u0259 m\u00fcxt\u0259lif minerallardan istifad\u0259 etm\u0259kl\u0259 elmi \u015f\u0259kild\u0259 i\u015fl\u0259nib haz\u0131rlanm\u0131\u015fd\u0131r. \u018fz\u0259l\u0259 dibini canland\u0131r\u0131r, d\u0259rin b\u0259rpa edir. &hellip; <a href=\"https:\/\/axtarstore.com\/ru\/product\/disaar-beauty-argan-oil-essential-oil-hyaluronic-acid-soothes-calms-anti-wrinkle-anti-aging-moisturizing-repair-skin-care\/\" class=\"more-link\">Continue reading <span class=\"screen-reader-text\">DISAAR Beauty Argan Oil Essential Oil Hyaluronic Acid Soothes Calms Anti-Wrinkle Anti-Aging Moisturizing Repair Skin Care<\/span><\/a><\/p>","protected":false},"featured_media":7891,"comment_status":"open","ping_status":"closed","template":"","meta":[],"pwb-brand":[172],"product_cat":[127,143],"product_tag":[328,353,293,331],"class_list":{"0":"post-7889","1":"product","2":"type-product","3":"status-publish","4":"has-post-thumbnail","6":"pwb-brand-disar","7":"product_cat-face-care","8":"product_cat-face-serum","9":"product_tag-anti-wrinkle","10":"product_tag-face-serum","11":"product_tag-facecare","12":"product_tag-moisturizer","13":"pa_size-35ml","16":"instock","17":"shipping-taxable","18":"purchasable","19":"product-type-simple"},"brands":[{"id":172,"name":"Disar","slug":"disar"}],"_links":{"self":[{"href":"https:\/\/axtarstore.com\/ru\/wp-json\/wp\/v2\/product\/7889"}],"collection":[{"href":"https:\/\/axtarstore.com\/ru\/wp-json\/wp\/v2\/product"}],"about":[{"href":"https:\/\/axtarstore.com\/ru\/wp-json\/wp\/v2\/types\/product"}],"replies":[{"embeddable":true,"href":"https:\/\/axtarstore.com\/ru\/wp-json\/wp\/v2\/comments?post=7889"}],"version-history":[{"count":1,"href":"https:\/\/axtarstore.com\/ru\/wp-json\/wp\/v2\/product\/7889\/revisions"}],"predecessor-version":[{"id":7890,"href":"https:\/\/axtarstore.com\/ru\/wp-json\/wp\/v2\/product\/7889\/revisions\/7890"}],"wp:featuredmedia":[{"embeddable":true,"href":"https:\/\/axtarstore.com\/ru\/wp-json\/wp\/v2\/media\/7891"}],"wp:attachment":[{"href":"https:\/\/axtarstore.com\/ru\/wp-json\/wp\/v2\/media?parent=7889"}],"wp:term":[{"taxonomy":"pwb-brand","embeddable":true,"href":"https:\/\/axtarstore.com\/ru\/wp-json\/wp\/v2\/pwb-brand?post=7889"},{"taxonomy":"product_cat","embeddable":true,"href":"https:\/\/axtarstore.com\/ru\/wp-json\/wp\/v2\/product_cat?post=7889"},{"taxonomy":"product_tag","embeddable":true,"href":"https:\/\/axtarstore.com\/ru\/wp-json\/wp\/v2\/product_tag?post=7889"}],"curies":[{"name":"wp","href":"https:\/\/api.w.org\/{rel}","templated":true}]}}