{"id":7877,"date":"2024-12-14T01:57:09","date_gmt":"2024-12-13T21:57:09","guid":{"rendered":"https:\/\/axtarstore.com\/?post_type=product&#038;p=7877"},"modified":"2024-12-14T01:57:09","modified_gmt":"2024-12-13T21:57:09","slug":"disaar-beauty-argan-oil-facial-cream-hyaluronic-acid-deep-moisturizing-anti-wrinkle-anti-aging-repair-skin","status":"publish","type":"product","link":"https:\/\/axtarstore.com\/ru\/product\/disaar-beauty-argan-oil-facial-cream-hyaluronic-acid-deep-moisturizing-anti-wrinkle-anti-aging-repair-skin\/","title":{"rendered":"DISAAR BEAUTY Argan Oil Facial Cream Hyaluronic Acid Deep Moisturizing Anti-Wrinkle Anti-Aging Repair Skin"},"content":{"rendered":"<p>Bu m\u0259hsul d\u0259rinin d\u0259rinliyin\u0259 s\u00fcr\u0259tl\u0259 n\u00fcfuz ed\u0259 bil\u0259n, itirilmi\u015f n\u0259mliyi d\u0259rhal doldura bil\u0259n, qida madd\u0259l\u0259rinin udulmas\u0131n\u0131 t\u0259\u015fviq ed\u0259n v\u0259 d\u0259rini soyuq v\u0259 quru havan\u0131n t\u0259sirind\u0259n effektiv \u015f\u0259kild\u0259 qorumaq v\u0259 intensiv qidalanma t\u0259klif etm\u0259k \u00fc\u00e7\u00fcn k\u0259r\u0259 ya\u011f\u0131 il\u0259 qar\u0131\u015fd\u0131r\u0131la bil\u0259n \u00e7oxsayl\u0131 n\u0259ml\u0259ndirici v\u0259 b\u0259rpaedici madd\u0259l\u0259rl\u0259 z\u0259nginl\u0259\u015fdirilmi\u015fdir, h\u0259r t\u0259r\u0259f\u0259 uy\u011fundur. dirs\u0259kl\u0259r, dizl\u0259r, ayaqlar v\u0259 ya kobud d\u0259ri kimi b\u0259d\u0259n.<br \/>\nBu m\u0259hsul d\u0259rinin d\u0259rinliyin\u0259 s\u00fcr\u0259tl\u0259 n\u00fcfuz ed\u0259 bil\u0259n \u00e7oxsayl\u0131 n\u0259ml\u0259ndirici v\u0259 b\u0259rpaedici madd\u0259l\u0259rl\u0259 z\u0259nginl\u0259\u015fdirilmi\u015fdir. \u0130tirilmi\u015f n\u0259mliyi b\u0259rpa edir. Q\u0131r\u0131\u015f \u0259leyhin\u0259. Ya\u015flanma \u0259leyhin\u0259. T\u0259mir. Dirs\u0259kl\u0259r, dizl\u0259r, ayaqlar v\u0259 ya kobud d\u0259ri kimi b\u00fct\u00fcn b\u0259d\u0259n \u00fc\u00e7\u00fcn uy\u011fundur.<br \/>\n\u0130stifad\u0259si: Hamamdan sonra v\u0259 ya bay\u0131ra \u00e7\u0131xmazdan \u0259vv\u0259l laz\u0131m olan nahiy\u0259y\u0259 \u00e7\u0259kin v\u0259 hopana q\u0259d\u0259r y\u00fcng\u00fclc\u0259 masaj edin.<br \/>\nDirs\u0259kl\u0259r, dizl\u0259r, ayaqlar v\u0259 ya kobud d\u0259ri kimi b\u00fct\u00fcn b\u0259d\u0259n \u00fc\u00e7\u00fcn uy\u011fundur.<br \/>\nArqan ya\u011f\u0131 v\u0259 hialuron tur\u015fusu il\u0259 \u00fczvi \u00fcz kremi. Bu m\u0259hsul bir ne\u00e7\u0259 n\u0259ml\u0259ndirici v\u0259 b\u0259rpaedici inqrediyentl\u0259rl\u0259 z\u0259nginl\u0259\u015fdirilmi\u015fdir ki, onlar sorulur v\u0259 d\u0259rhal n\u0259ml\u0259nm\u0259ni b\u0259rpa edir, qida madd\u0259l\u0259rinin udulmas\u0131n\u0131 t\u0259\u015fviq edir, d\u0259rini soyuq v\u0259 quru havan\u0131n t\u0259sirind\u0259n qorumaq \u00fc\u00e7\u00fcn ya\u011fla qar\u0131\u015fd\u0131r\u0131l\u0131r v\u0259 dirs\u0259kl\u0259r d\u0259 daxil olmaqla b\u00fct\u00fcn b\u0259d\u0259nin intensiv n\u0259ml\u0259nm\u0259sini t\u0259min edir. , dizl\u0259r, ayaqlar v\u0259 kobud d\u0259ri<\/p>","protected":false},"excerpt":{"rendered":"<p>Bu m\u0259hsul d\u0259rinin d\u0259rinliyin\u0259 s\u00fcr\u0259tl\u0259 n\u00fcfuz ed\u0259 bil\u0259n, itirilmi\u015f n\u0259mliyi d\u0259rhal doldura bil\u0259n, qida madd\u0259l\u0259rinin udulmas\u0131n\u0131 t\u0259\u015fviq ed\u0259n v\u0259 d\u0259rini soyuq v\u0259 quru havan\u0131n t\u0259sirind\u0259n effektiv \u015f\u0259kild\u0259 qorumaq v\u0259 intensiv qidalanma t\u0259klif etm\u0259k \u00fc\u00e7\u00fcn k\u0259r\u0259 ya\u011f\u0131 il\u0259 qar\u0131\u015fd\u0131r\u0131la bil\u0259n \u00e7oxsayl\u0131 n\u0259ml\u0259ndirici v\u0259 b\u0259rpaedici madd\u0259l\u0259rl\u0259 z\u0259nginl\u0259\u015fdirilmi\u015fdir, h\u0259r t\u0259r\u0259f\u0259 uy\u011fundur. dirs\u0259kl\u0259r, dizl\u0259r, ayaqlar v\u0259 ya kobud d\u0259ri &hellip; <a href=\"https:\/\/axtarstore.com\/ru\/product\/disaar-beauty-argan-oil-facial-cream-hyaluronic-acid-deep-moisturizing-anti-wrinkle-anti-aging-repair-skin\/\" class=\"more-link\">Continue reading <span class=\"screen-reader-text\">DISAAR BEAUTY Argan Oil Facial Cream Hyaluronic Acid Deep Moisturizing Anti-Wrinkle Anti-Aging Repair Skin<\/span><\/a><\/p>","protected":false},"featured_media":7878,"comment_status":"open","ping_status":"closed","template":"","meta":[],"pwb-brand":[172],"product_cat":[127,142],"product_tag":[333,293,331],"class_list":{"0":"post-7877","1":"product","2":"type-product","3":"status-publish","4":"has-post-thumbnail","6":"pwb-brand-disar","7":"product_cat-face-care","8":"product_cat-face-creams","9":"product_tag-face-moisturiser","10":"product_tag-facecare","11":"product_tag-moisturizer","12":"pa_size-50ml","15":"instock","16":"shipping-taxable","17":"purchasable","18":"product-type-simple"},"brands":[{"id":172,"name":"Disar","slug":"disar"}],"_links":{"self":[{"href":"https:\/\/axtarstore.com\/ru\/wp-json\/wp\/v2\/product\/7877"}],"collection":[{"href":"https:\/\/axtarstore.com\/ru\/wp-json\/wp\/v2\/product"}],"about":[{"href":"https:\/\/axtarstore.com\/ru\/wp-json\/wp\/v2\/types\/product"}],"replies":[{"embeddable":true,"href":"https:\/\/axtarstore.com\/ru\/wp-json\/wp\/v2\/comments?post=7877"}],"version-history":[{"count":1,"href":"https:\/\/axtarstore.com\/ru\/wp-json\/wp\/v2\/product\/7877\/revisions"}],"predecessor-version":[{"id":7888,"href":"https:\/\/axtarstore.com\/ru\/wp-json\/wp\/v2\/product\/7877\/revisions\/7888"}],"wp:featuredmedia":[{"embeddable":true,"href":"https:\/\/axtarstore.com\/ru\/wp-json\/wp\/v2\/media\/7878"}],"wp:attachment":[{"href":"https:\/\/axtarstore.com\/ru\/wp-json\/wp\/v2\/media?parent=7877"}],"wp:term":[{"taxonomy":"pwb-brand","embeddable":true,"href":"https:\/\/axtarstore.com\/ru\/wp-json\/wp\/v2\/pwb-brand?post=7877"},{"taxonomy":"product_cat","embeddable":true,"href":"https:\/\/axtarstore.com\/ru\/wp-json\/wp\/v2\/product_cat?post=7877"},{"taxonomy":"product_tag","embeddable":true,"href":"https:\/\/axtarstore.com\/ru\/wp-json\/wp\/v2\/product_tag?post=7877"}],"curies":[{"name":"wp","href":"https:\/\/api.w.org\/{rel}","templated":true}]}}