{"id":7866,"date":"2024-12-14T01:50:22","date_gmt":"2024-12-13T21:50:22","guid":{"rendered":"https:\/\/axtarstore.com\/?post_type=product&#038;p=7866"},"modified":"2024-12-14T01:50:22","modified_gmt":"2024-12-13T21:50:22","slug":"aichun-beauty-serum-100-natural-face-lifting-smoothing-oil-control-acne-perfecting-primer","status":"publish","type":"product","link":"https:\/\/axtarstore.com\/ru\/product\/aichun-beauty-serum-100-natural-face-lifting-smoothing-oil-control-acne-perfecting-primer\/","title":{"rendered":"AICHUN BEAUTY Serum 100% Natural Face Lifting Smoothing Oil Control Acne Perfecting Primer"},"content":{"rendered":"<p>S\u0131x v\u0259 hamar Kollaksil kollagen z\u00fclal\u0131 bo\u015f d\u0259ril\u0259r \u00fc\u00e7\u00fcn ayd\u0131n t\u0259sir g\u00f6st\u0259rir, d\u0259rinin ehtiyac duydu\u011fu qida madd\u0259l\u0259rini d\u0259rhal \u00e7evir\u0259 bil\u0259r, d\u0259rinin canl\u0131l\u0131\u011f\u0131n\u0131 b\u0259rpa etm\u0259y\u0259 imkan verir.<br \/>\nQ\u0131r\u0131\u015flar\u0131 AZALIN \u00dczd\u0259ki ifad\u0259 q\u0131r\u0131\u015flar\u0131n\u0131, g\u00f6zl\u0259rd\u0259ki mikro yivl\u0259ri, al\u0131n q\u0131r\u0131\u015flar\u0131n\u0131, nazolabial q\u0131r\u0131\u015flar\u0131 v\u0259 boyun q\u0131r\u0131\u015flar\u0131n\u0131 azald\u0131r, d\u0259rinin su t\u0259rkibini yax\u015f\u0131la\u015fd\u0131r\u0131r, d\u0259rinin daha inc\u0259 v\u0259 hamar olmas\u0131na imkan verir.<br \/>\nT\u018fM\u0130R V\u018f T\u018fKM\u018fL ED\u0130N \u00dczd\u0259ki d\u0259rinin p\u00fcr\u00fczl\u00fcl\u00fcy\u00fcn\u00fc, h\u0259m\u00e7inin kollagen z\u00fclal\u0131n\u0131n xaric olmas\u0131 s\u0259b\u0259bind\u0259n d\u0259rinin b\u0259rpas\u0131 qabiliyy\u0259tinin z\u0259ifl\u0259m\u0259si n\u0259tic\u0259sind\u0259 yaranan d\u0259likl\u0259ri v\u0259 m\u00fcxt\u0259lif mikroyivl\u0259ri yax\u015f\u0131la\u015fd\u0131r\u0131n.<br \/>\nPARLAK V\u018f T\u018fB\u0130L NEML\u018fND\u0130R\u0130C\u0130 D\u0259rini n\u0259ml\u0259ndirir, n\u0259ml\u0259ndirir, n\u0259ml\u0259ndirir v\u0259 n\u0259ml\u0259ndirir. \u00c7i\u00e7\u0259kl\u0259yin v\u0259 parlay\u0131n<br \/>\nKOLLAGEN \u0130LE DOLU. N\u0259ml\u0259ndirici v\u0259 n\u0259ml\u0259ndirici t\u0259sirli g\u00f6z d\u0259risi probleml\u0259rini aradan qald\u0131r\u0131r<\/p>","protected":false},"excerpt":{"rendered":"<p>S\u0131x v\u0259 hamar Kollaksil kollagen z\u00fclal\u0131 bo\u015f d\u0259ril\u0259r \u00fc\u00e7\u00fcn ayd\u0131n t\u0259sir g\u00f6st\u0259rir, d\u0259rinin ehtiyac duydu\u011fu qida madd\u0259l\u0259rini d\u0259rhal \u00e7evir\u0259 bil\u0259r, d\u0259rinin canl\u0131l\u0131\u011f\u0131n\u0131 b\u0259rpa etm\u0259y\u0259 imkan verir. Q\u0131r\u0131\u015flar\u0131 AZALIN \u00dczd\u0259ki ifad\u0259 q\u0131r\u0131\u015flar\u0131n\u0131, g\u00f6zl\u0259rd\u0259ki mikro yivl\u0259ri, al\u0131n q\u0131r\u0131\u015flar\u0131n\u0131, nazolabial q\u0131r\u0131\u015flar\u0131 v\u0259 boyun q\u0131r\u0131\u015flar\u0131n\u0131 azald\u0131r, d\u0259rinin su t\u0259rkibini yax\u015f\u0131la\u015fd\u0131r\u0131r, d\u0259rinin daha inc\u0259 v\u0259 hamar olmas\u0131na imkan verir. T\u018fM\u0130R &hellip; <a href=\"https:\/\/axtarstore.com\/ru\/product\/aichun-beauty-serum-100-natural-face-lifting-smoothing-oil-control-acne-perfecting-primer\/\" class=\"more-link\">Continue reading <span class=\"screen-reader-text\">AICHUN BEAUTY Serum 100% Natural Face Lifting Smoothing Oil Control Acne Perfecting Primer<\/span><\/a><\/p>","protected":false},"featured_media":7867,"comment_status":"open","ping_status":"closed","template":"","meta":[],"pwb-brand":[173],"product_cat":[127,143],"product_tag":[333,353,293,331],"class_list":{"0":"post-7866","1":"product","2":"type-product","3":"status-publish","4":"has-post-thumbnail","6":"pwb-brand-aichun-beauty","7":"product_cat-face-care","8":"product_cat-face-serum","9":"product_tag-face-moisturiser","10":"product_tag-face-serum","11":"product_tag-facecare","12":"product_tag-moisturizer","13":"pa_size-30ml","16":"instock","17":"shipping-taxable","18":"purchasable","19":"product-type-simple"},"brands":[{"id":173,"name":"Aichun Beauty","slug":"aichun-beauty"}],"_links":{"self":[{"href":"https:\/\/axtarstore.com\/ru\/wp-json\/wp\/v2\/product\/7866"}],"collection":[{"href":"https:\/\/axtarstore.com\/ru\/wp-json\/wp\/v2\/product"}],"about":[{"href":"https:\/\/axtarstore.com\/ru\/wp-json\/wp\/v2\/types\/product"}],"replies":[{"embeddable":true,"href":"https:\/\/axtarstore.com\/ru\/wp-json\/wp\/v2\/comments?post=7866"}],"version-history":[{"count":1,"href":"https:\/\/axtarstore.com\/ru\/wp-json\/wp\/v2\/product\/7866\/revisions"}],"predecessor-version":[{"id":7876,"href":"https:\/\/axtarstore.com\/ru\/wp-json\/wp\/v2\/product\/7866\/revisions\/7876"}],"wp:featuredmedia":[{"embeddable":true,"href":"https:\/\/axtarstore.com\/ru\/wp-json\/wp\/v2\/media\/7867"}],"wp:attachment":[{"href":"https:\/\/axtarstore.com\/ru\/wp-json\/wp\/v2\/media?parent=7866"}],"wp:term":[{"taxonomy":"pwb-brand","embeddable":true,"href":"https:\/\/axtarstore.com\/ru\/wp-json\/wp\/v2\/pwb-brand?post=7866"},{"taxonomy":"product_cat","embeddable":true,"href":"https:\/\/axtarstore.com\/ru\/wp-json\/wp\/v2\/product_cat?post=7866"},{"taxonomy":"product_tag","embeddable":true,"href":"https:\/\/axtarstore.com\/ru\/wp-json\/wp\/v2\/product_tag?post=7866"}],"curies":[{"name":"wp","href":"https:\/\/api.w.org\/{rel}","templated":true}]}}