{"id":7857,"date":"2024-12-14T01:46:01","date_gmt":"2024-12-13T21:46:01","guid":{"rendered":"https:\/\/axtarstore.com\/?post_type=product&#038;p=7857"},"modified":"2024-12-14T01:46:01","modified_gmt":"2024-12-13T21:46:01","slug":"disaar-beauty-essence-hair-inhibitor-stop-hair-growth-body-face-hand-foot-underarm-moisturizing-anti-oxidant","status":"publish","type":"product","link":"https:\/\/axtarstore.com\/ru\/product\/disaar-beauty-essence-hair-inhibitor-stop-hair-growth-body-face-hand-foot-underarm-moisturizing-anti-oxidant\/","title":{"rendered":"DISAAR BEAUTY Essence Hair Inhibitor Stop Hair Growth Body Face Hand Foot Underarm Moisturizing Anti-Oxidant"},"content":{"rendered":"<p>\u00dczd\u0259, dodaqlarda, qoltuqlarda v\u0259 ayaqlarda t\u00fckl\u0259rin b\u00f6y\u00fcm\u0259sind\u0259n effektiv \u015f\u0259kild\u0259 qoruyun. Sin\u0259 v\u0259 qollarda m\u0259sam\u0259l\u0259r\u0259 z\u0259r\u0259r vermir. \u0130kili sa\u00e7 bast\u0131rma v\u0259 d\u0259riy\u0259 qulluq funksiyalar\u0131na malikdir. S\u0259rin, antiperspirant. N\u0259ml\u0259ndirici antioksidantlar.<br \/>\n1. \u018fn\u0259n\u0259vi t\u0259ra\u015f: Sa\u00e7lar tez uzan\u0131r, uzan\u0131r. Sa\u00e7lar asan, qal\u0131n v\u0259 s\u0259rtdir. 2. Lazer epilyasiya: Bum etm\u0259k asan, bahal\u0131<br \/>\n3. Mum ka\u011f\u0131z\u0131 epilyasiyas\u0131: A\u011fr\u0131 n\u0259inki d\u00f6z\u00fclm\u0259zdir, h\u0259m d\u0259 daha s\u0131x olacaq. 4. Yolma: A\u011fr\u0131l\u0131, d\u0259riy\u0259 s\u0259b\u0259b ola bil\u0259r, kobud, m\u0259sam\u0259l\u0259r b\u00f6y\u00fcy\u00fcr.<br \/>\nBu sa\u00e7 bast\u0131r\u0131c\u0131 spreyi b\u0259d\u0259nin m\u00fcxt\u0259lif hiss\u0259l\u0259rin\u0259, m\u0259s\u0259l\u0259n, qollar, \u00fcz, qoltuqalt\u0131, arxa, ayaqlara s\u0259p\u0259 bil\u0259rsiniz. Epilyasiyadan sonra bu m\u0259hsulu epilyasiya sah\u0259sin\u0259 b\u0259rab\u0259r \u015f\u0259kild\u0259 t\u0259tbiq edin, d\u0259ri uzun t\u00fckl\u0259r olmad\u0131\u011f\u0131 kimi istifad\u0259d\u0259n sonra hamar v\u0259 rahat olur.<br \/>\nSa\u00e7 \u00e7\u0131xar\u0131ld\u0131qdan sonra istifad\u0259 edin, t\u0259bii sa\u00e7 b\u00f6y\u00fcm\u0259sini mane\u0259 t\u00f6r\u0259dir, s\u0259rinl\u0259\u015fdirici, t\u0259r \u0259leyhin\u0259, n\u0259ml\u0259ndirici antioksidantd\u0131r. Sa\u00e7 follikullar\u0131 v\u0259 \u0259trafdak\u0131 k\u00f6k h\u00fcceyr\u0259l\u0259r f\u0259aliyy\u0259tini itirir, t\u00fckl\u0259r getdikc\u0259 seyr\u0259kl\u0259\u015fir v\u0259 bununla da sa\u00e7lar\u0131n b\u00f6y\u00fcm\u0259sini mane\u0259 t\u00f6r\u0259dir.<\/p>","protected":false},"excerpt":{"rendered":"<p>\u00dczd\u0259, dodaqlarda, qoltuqlarda v\u0259 ayaqlarda t\u00fckl\u0259rin b\u00f6y\u00fcm\u0259sind\u0259n effektiv \u015f\u0259kild\u0259 qoruyun. Sin\u0259 v\u0259 qollarda m\u0259sam\u0259l\u0259r\u0259 z\u0259r\u0259r vermir. \u0130kili sa\u00e7 bast\u0131rma v\u0259 d\u0259riy\u0259 qulluq funksiyalar\u0131na malikdir. S\u0259rin, antiperspirant. N\u0259ml\u0259ndirici antioksidantlar. 1. \u018fn\u0259n\u0259vi t\u0259ra\u015f: Sa\u00e7lar tez uzan\u0131r, uzan\u0131r. Sa\u00e7lar asan, qal\u0131n v\u0259 s\u0259rtdir. 2. Lazer epilyasiya: Bum etm\u0259k asan, bahal\u0131 3. Mum ka\u011f\u0131z\u0131 epilyasiyas\u0131: A\u011fr\u0131 n\u0259inki d\u00f6z\u00fclm\u0259zdir, h\u0259m &hellip; <a href=\"https:\/\/axtarstore.com\/ru\/product\/disaar-beauty-essence-hair-inhibitor-stop-hair-growth-body-face-hand-foot-underarm-moisturizing-anti-oxidant\/\" class=\"more-link\">Continue reading <span class=\"screen-reader-text\">DISAAR BEAUTY Essence Hair Inhibitor Stop Hair Growth Body Face Hand Foot Underarm Moisturizing Anti-Oxidant<\/span><\/a><\/p>","protected":false},"featured_media":7858,"comment_status":"open","ping_status":"closed","template":"","meta":[],"pwb-brand":[172],"product_cat":[129,303],"product_tag":[300],"class_list":{"0":"post-7857","1":"product","2":"type-product","3":"status-publish","4":"has-post-thumbnail","6":"pwb-brand-disar","7":"product_cat-beden-baximi","8":"product_cat-tuk-tmizlyici","9":"product_tag-bodycare","10":"pa_size-30ml","13":"instock","14":"shipping-taxable","15":"purchasable","16":"product-type-simple"},"brands":[{"id":172,"name":"Disar","slug":"disar"}],"_links":{"self":[{"href":"https:\/\/axtarstore.com\/ru\/wp-json\/wp\/v2\/product\/7857"}],"collection":[{"href":"https:\/\/axtarstore.com\/ru\/wp-json\/wp\/v2\/product"}],"about":[{"href":"https:\/\/axtarstore.com\/ru\/wp-json\/wp\/v2\/types\/product"}],"replies":[{"embeddable":true,"href":"https:\/\/axtarstore.com\/ru\/wp-json\/wp\/v2\/comments?post=7857"}],"version-history":[{"count":1,"href":"https:\/\/axtarstore.com\/ru\/wp-json\/wp\/v2\/product\/7857\/revisions"}],"predecessor-version":[{"id":7865,"href":"https:\/\/axtarstore.com\/ru\/wp-json\/wp\/v2\/product\/7857\/revisions\/7865"}],"wp:featuredmedia":[{"embeddable":true,"href":"https:\/\/axtarstore.com\/ru\/wp-json\/wp\/v2\/media\/7858"}],"wp:attachment":[{"href":"https:\/\/axtarstore.com\/ru\/wp-json\/wp\/v2\/media?parent=7857"}],"wp:term":[{"taxonomy":"pwb-brand","embeddable":true,"href":"https:\/\/axtarstore.com\/ru\/wp-json\/wp\/v2\/pwb-brand?post=7857"},{"taxonomy":"product_cat","embeddable":true,"href":"https:\/\/axtarstore.com\/ru\/wp-json\/wp\/v2\/product_cat?post=7857"},{"taxonomy":"product_tag","embeddable":true,"href":"https:\/\/axtarstore.com\/ru\/wp-json\/wp\/v2\/product_tag?post=7857"}],"curies":[{"name":"wp","href":"https:\/\/api.w.org\/{rel}","templated":true}]}}