{"id":7849,"date":"2024-12-14T01:39:14","date_gmt":"2024-12-13T21:39:14","guid":{"rendered":"https:\/\/axtarstore.com\/?post_type=product&#038;p=7849"},"modified":"2024-12-14T01:39:14","modified_gmt":"2024-12-13T21:39:14","slug":"disaar-beauty-natural-collagen-beauty-soap-clear-face-smooth-skin-reduces-open-pores-nourishment","status":"publish","type":"product","link":"https:\/\/axtarstore.com\/ru\/product\/disaar-beauty-natural-collagen-beauty-soap-clear-face-smooth-skin-reduces-open-pores-nourishment\/","title":{"rendered":"DISAAR Beauty Natural Collagen Beauty Soap Clear Face Smooth Skin Reduces Open Pores Nourishment"},"content":{"rendered":"<p>G\u00f6z\u0259l v\u0259 ayd\u0131n \u00fcz<br \/>\nHamar v\u0259 g\u00f6z\u0259l d\u0259ri<br \/>\nD\u0259rin v\u0259 effektiv t\u0259mizl\u0259m\u0259<br \/>\nM\u0259sam\u0259l\u0259ri azald\u0131r v\u0259 a\u00e7\u0131r<\/p>\n<p>T\u0259f\u0259rr\u00fcatlar: Kollagen itirildikd\u0259n sonra \u00fcz\u00fcn\u00fcz t\u0259miz deyilmi L\u0259k\u0259l\u0259rd\u0259n \u0259ziyy\u0259t \u00e7\u0259kirsiniz M\u0259sam\u0259l\u0259riniz b\u00f6y\u00fcy\u00fcr Ya\u011fl\u0131 \u00fcz Pis qoxu hiss edir Qeyri-b\u0259rab\u0259r d\u0259ri tonu G\u00f6z\u0259l v\u0259 ayd\u0131n \u00fcz Hamar v\u0259 g\u00f6z\u0259l d\u0259ri Aktiv molekullar D\u0259rin v\u0259 effektiv t\u0259mizl\u0259m\u0259 Balans sistemi Su v\u0259 ya\u011f balans\u0131n\u0131 yax\u015f\u0131la\u015fd\u0131r\u0131r Cavanla\u015fma M\u0259sam\u0259l\u0259ri azald\u0131r v\u0259 a\u00e7\u0131r Qidalanma D\u0259rinin tonunu z\u0259rif n\u0259ml\u0259ndirir Komponentl\u0259r d\u0259rin t\u0259b\u0259q\u0259l\u0259r\u0259 n\u00fcfuz edir Qar\u015f\u0131s\u0131n\u0131 al\u0131r. l\u0259k\u0259l\u0259r v\u0259 \u00e7ill\u0259r, he\u00e7 bir piqment v\u0259 qoxu yoxdur D\u0259rinizi qoruyun 30 g\u00fcn \u0259rzind\u0259 d\u0259ri t\u0259mizl\u0259nir. \u0130stirah\u0259t edin G\u0259rgin t\u0259b\u0259q\u0259l\u0259r yox olur. D\u0259riniz parlaq v\u0259 \u015f\u0259ffafd\u0131r. D\u0259riniz parlaq v\u0259 \u015f\u0259ffaf t\u0259sir g\u00f6st\u0259rir. \u0259ll\u0259r sabunla birlikd\u0259 k\u00f6p\u00fcy\u00fc laz\u0131m olan yerl\u0259r\u0259 vurun D\u0259rinizi vurma\u011fa davam edin v\u0259 ya\u011flay\u0131n Sa\u011flam g\u00fccl\u0259 t\u0259mizl\u0259yir v\u0259 stimulla\u015fd\u0131r\u0131r T\u0259bii kollagen g\u00f6z\u0259llik sabunu 100 q Transparent Sar\u0131 D\u0259rinin D\u00fcz tonunu yox edir<\/p>","protected":false},"excerpt":{"rendered":"<p>G\u00f6z\u0259l v\u0259 ayd\u0131n \u00fcz Hamar v\u0259 g\u00f6z\u0259l d\u0259ri D\u0259rin v\u0259 effektiv t\u0259mizl\u0259m\u0259 M\u0259sam\u0259l\u0259ri azald\u0131r v\u0259 a\u00e7\u0131r T\u0259f\u0259rr\u00fcatlar: Kollagen itirildikd\u0259n sonra \u00fcz\u00fcn\u00fcz t\u0259miz deyilmi L\u0259k\u0259l\u0259rd\u0259n \u0259ziyy\u0259t \u00e7\u0259kirsiniz M\u0259sam\u0259l\u0259riniz b\u00f6y\u00fcy\u00fcr Ya\u011fl\u0131 \u00fcz Pis qoxu hiss edir Qeyri-b\u0259rab\u0259r d\u0259ri tonu G\u00f6z\u0259l v\u0259 ayd\u0131n \u00fcz Hamar v\u0259 g\u00f6z\u0259l d\u0259ri Aktiv molekullar D\u0259rin v\u0259 effektiv t\u0259mizl\u0259m\u0259 Balans sistemi Su v\u0259 &hellip; <a href=\"https:\/\/axtarstore.com\/ru\/product\/disaar-beauty-natural-collagen-beauty-soap-clear-face-smooth-skin-reduces-open-pores-nourishment\/\" class=\"more-link\">Continue reading <span class=\"screen-reader-text\">DISAAR Beauty Natural Collagen Beauty Soap Clear Face Smooth Skin Reduces Open Pores Nourishment<\/span><\/a><\/p>","protected":false},"featured_media":7850,"comment_status":"open","ping_status":"closed","template":"","meta":[],"pwb-brand":[172],"product_cat":[127,148],"product_tag":[328,369,293,297],"class_list":{"0":"post-7849","1":"product","2":"type-product","3":"status-publish","4":"has-post-thumbnail","6":"pwb-brand-disar","7":"product_cat-face-care","8":"product_cat-face-soaps","9":"product_tag-anti-wrinkle","10":"product_tag-collagen","11":"product_tag-facecare","12":"product_tag-whitening","13":"pa_size-100grm","16":"instock","17":"shipping-taxable","18":"purchasable","19":"product-type-simple"},"brands":[{"id":172,"name":"Disar","slug":"disar"}],"_links":{"self":[{"href":"https:\/\/axtarstore.com\/ru\/wp-json\/wp\/v2\/product\/7849"}],"collection":[{"href":"https:\/\/axtarstore.com\/ru\/wp-json\/wp\/v2\/product"}],"about":[{"href":"https:\/\/axtarstore.com\/ru\/wp-json\/wp\/v2\/types\/product"}],"replies":[{"embeddable":true,"href":"https:\/\/axtarstore.com\/ru\/wp-json\/wp\/v2\/comments?post=7849"}],"version-history":[{"count":1,"href":"https:\/\/axtarstore.com\/ru\/wp-json\/wp\/v2\/product\/7849\/revisions"}],"predecessor-version":[{"id":7856,"href":"https:\/\/axtarstore.com\/ru\/wp-json\/wp\/v2\/product\/7849\/revisions\/7856"}],"wp:featuredmedia":[{"embeddable":true,"href":"https:\/\/axtarstore.com\/ru\/wp-json\/wp\/v2\/media\/7850"}],"wp:attachment":[{"href":"https:\/\/axtarstore.com\/ru\/wp-json\/wp\/v2\/media?parent=7849"}],"wp:term":[{"taxonomy":"pwb-brand","embeddable":true,"href":"https:\/\/axtarstore.com\/ru\/wp-json\/wp\/v2\/pwb-brand?post=7849"},{"taxonomy":"product_cat","embeddable":true,"href":"https:\/\/axtarstore.com\/ru\/wp-json\/wp\/v2\/product_cat?post=7849"},{"taxonomy":"product_tag","embeddable":true,"href":"https:\/\/axtarstore.com\/ru\/wp-json\/wp\/v2\/product_tag?post=7849"}],"curies":[{"name":"wp","href":"https:\/\/api.w.org\/{rel}","templated":true}]}}