{"id":7830,"date":"2024-12-14T01:31:11","date_gmt":"2024-12-13T21:31:11","guid":{"rendered":"https:\/\/axtarstore.com\/?post_type=product&#038;p=7830"},"modified":"2024-12-14T01:31:11","modified_gmt":"2024-12-13T21:31:11","slug":"disaar-beauty-natural-hair-growth-serum-ginger-essential-oil-hair-growth-oil-anti-hair-loss-essence-hair-thinning-treatment-healthy-strong-thick-hair-treats-baldness-weak-brittle-thinning-hair","status":"publish","type":"product","link":"https:\/\/axtarstore.com\/ru\/product\/disaar-beauty-natural-hair-growth-serum-ginger-essential-oil-hair-growth-oil-anti-hair-loss-essence-hair-thinning-treatment-healthy-strong-thick-hair-treats-baldness-weak-brittle-thinning-hair\/","title":{"rendered":"DISAAR BEAUTY Natural Hair Growth Serum Ginger Essential Oil Hair Growth Oil Anti Hair Loss Essence Hair Thinning Treatment Healthy Strong Thick Hair Treats Baldness Weak Brittle Thinning Hair"},"content":{"rendered":"<p>5 b\u00f6y\u00fck sa\u00e7 t\u00f6k\u00fclm\u0259si problemi \u0130sti boyama Do\u011fu\u015fdan sonra sa\u00e7 t\u00f6k\u00fclm\u0259si M\u00f6vs\u00fcmi sa\u00e7 t\u00f6k\u00fclm\u0259si Seroboreik alopesiya Kongetial alopesiya<br \/>\nSa\u00e7 t\u00f6k\u00fclm\u0259sinin qar\u015f\u0131s\u0131n\u0131 almaq \u00e7\u0259tin deyil Sa\u00e7 t\u00f6k\u00fclm\u0259sinin s\u0259b\u0259bl\u0259ri \u015eampununuzun keyfiyy\u0259tsizliyi H\u0259ddind\u0259n art\u0131q i\u015fl\u0259m\u0259k Sa\u00e7lar\u0131n r\u0259ngl\u0259nm\u0259si \u0130\u015f stresi Balanss\u0131z h\u0259yat Siqaret \u00e7\u0259km\u0259k, \u0259dviyyatl\u0131 yem\u0259kl\u0259r<br \/>\nSeroboreik alopesiya \u0130sti boyama n\u0259tic\u0259sind\u0259 sa\u00e7 t\u00f6k\u00fclm\u0259si Ke\u00e7\u0259llik Do\u011fu\u015fdan sonra sa\u00e7 t\u00f6k\u00fclm\u0259si Dig\u0259r s\u0259b\u0259bl\u0259r<br \/>\nS\u0131x sa\u00e7lar\u0131 b\u0259rpa etm\u0259k \u00fc\u00e7\u00fcn 3 add\u0131m Sa\u00e7lar\u0131n k\u00f6k\u00fcnd\u0259n t\u00f6k\u00fclm\u0259sinin qar\u015f\u0131s\u0131n\u0131 al\u0131r Sa\u00e7 t\u00f6k\u00fclm\u0259sinin qar\u015f\u0131s\u0131n\u0131 al\u0131r Qidal\u0131 madd\u0259l\u0259rin t\u0259rkibi sa\u00e7 borusunu b\u0259rpa edir, bel\u0259likl\u0259 g\u00fccl\u00fc v\u0259 qal\u0131n olur. Yeni sa\u00e7lar k\u00f6kl\u0259yir Efir ya\u011flar\u0131 sa\u00e7lar\u0131n\u0131z\u0131n daha s\u00fcr\u0259tli uzanmas\u0131na k\u00f6m\u0259k edir Sa\u00e7lar\u0131 qal\u0131nla\u015fd\u0131r\u0131r. al\u0259t G\u00fccl\u00fc k\u00f6kl\u0259r Sa\u011flam sa\u00e7lar Sa\u00e7 t\u00f6k\u00fclm\u0259sin\u0259 qar\u015f\u0131<br \/>\nD\u0259rin effekt Sa\u00e7 t\u00f6k\u00fclm\u0259sin\u0259 \u0259lvida deyin D\u0259rin k\u00f6kl\u0259r\u0259 n\u00fcfuz etm\u0259k \u00e7\u0259tindir, lakin qida madd\u0259l\u0259ri d\u0259rinin k\u00f6k\u00fcn\u0259 daxil olur v\u0259 sa\u00e7lar\u0131 b\u0259rpa edir, sa\u00e7 t\u00f6k\u00fclm\u0259sin\u0259 qar\u015f\u0131 uzunm\u00fcdd\u0259tli effekt verir.<\/p>","protected":false},"excerpt":{"rendered":"<p>5 b\u00f6y\u00fck sa\u00e7 t\u00f6k\u00fclm\u0259si problemi \u0130sti boyama Do\u011fu\u015fdan sonra sa\u00e7 t\u00f6k\u00fclm\u0259si M\u00f6vs\u00fcmi sa\u00e7 t\u00f6k\u00fclm\u0259si Seroboreik alopesiya Kongetial alopesiya Sa\u00e7 t\u00f6k\u00fclm\u0259sinin qar\u015f\u0131s\u0131n\u0131 almaq \u00e7\u0259tin deyil Sa\u00e7 t\u00f6k\u00fclm\u0259sinin s\u0259b\u0259bl\u0259ri \u015eampununuzun keyfiyy\u0259tsizliyi H\u0259ddind\u0259n art\u0131q i\u015fl\u0259m\u0259k Sa\u00e7lar\u0131n r\u0259ngl\u0259nm\u0259si \u0130\u015f stresi Balanss\u0131z h\u0259yat Siqaret \u00e7\u0259km\u0259k, \u0259dviyyatl\u0131 yem\u0259kl\u0259r Seroboreik alopesiya \u0130sti boyama n\u0259tic\u0259sind\u0259 sa\u00e7 t\u00f6k\u00fclm\u0259si Ke\u00e7\u0259llik Do\u011fu\u015fdan sonra sa\u00e7 t\u00f6k\u00fclm\u0259si Dig\u0259r &hellip; <a href=\"https:\/\/axtarstore.com\/ru\/product\/disaar-beauty-natural-hair-growth-serum-ginger-essential-oil-hair-growth-oil-anti-hair-loss-essence-hair-thinning-treatment-healthy-strong-thick-hair-treats-baldness-weak-brittle-thinning-hair\/\" class=\"more-link\">Continue reading <span class=\"screen-reader-text\">DISAAR BEAUTY Natural Hair Growth Serum Ginger Essential Oil Hair Growth Oil Anti Hair Loss Essence Hair Thinning Treatment Healthy Strong Thick Hair Treats Baldness Weak Brittle Thinning Hair<\/span><\/a><\/p>","protected":false},"featured_media":7831,"comment_status":"open","ping_status":"closed","template":"","meta":[],"pwb-brand":[172],"product_cat":[126,139],"product_tag":[306,308,301,310],"class_list":{"0":"post-7830","1":"product","2":"type-product","3":"status-publish","4":"has-post-thumbnail","6":"pwb-brand-disar","7":"product_cat-haircare","8":"product_cat-serum","9":"product_tag-antihairloss","10":"product_tag-haircare","11":"product_tag-hairfallsolution","12":"product_tag-hairregrowth","13":"pa_size-30ml","16":"instock","17":"shipping-taxable","18":"purchasable","19":"product-type-simple"},"brands":[{"id":172,"name":"Disar","slug":"disar"}],"_links":{"self":[{"href":"https:\/\/axtarstore.com\/ru\/wp-json\/wp\/v2\/product\/7830"}],"collection":[{"href":"https:\/\/axtarstore.com\/ru\/wp-json\/wp\/v2\/product"}],"about":[{"href":"https:\/\/axtarstore.com\/ru\/wp-json\/wp\/v2\/types\/product"}],"replies":[{"embeddable":true,"href":"https:\/\/axtarstore.com\/ru\/wp-json\/wp\/v2\/comments?post=7830"}],"version-history":[{"count":1,"href":"https:\/\/axtarstore.com\/ru\/wp-json\/wp\/v2\/product\/7830\/revisions"}],"predecessor-version":[{"id":7839,"href":"https:\/\/axtarstore.com\/ru\/wp-json\/wp\/v2\/product\/7830\/revisions\/7839"}],"wp:featuredmedia":[{"embeddable":true,"href":"https:\/\/axtarstore.com\/ru\/wp-json\/wp\/v2\/media\/7831"}],"wp:attachment":[{"href":"https:\/\/axtarstore.com\/ru\/wp-json\/wp\/v2\/media?parent=7830"}],"wp:term":[{"taxonomy":"pwb-brand","embeddable":true,"href":"https:\/\/axtarstore.com\/ru\/wp-json\/wp\/v2\/pwb-brand?post=7830"},{"taxonomy":"product_cat","embeddable":true,"href":"https:\/\/axtarstore.com\/ru\/wp-json\/wp\/v2\/product_cat?post=7830"},{"taxonomy":"product_tag","embeddable":true,"href":"https:\/\/axtarstore.com\/ru\/wp-json\/wp\/v2\/product_tag?post=7830"}],"curies":[{"name":"wp","href":"https:\/\/api.w.org\/{rel}","templated":true}]}}