{"id":7808,"date":"2024-12-14T01:20:23","date_gmt":"2024-12-13T21:20:23","guid":{"rendered":"https:\/\/axtarstore.com\/?post_type=product&#038;p=7808"},"modified":"2024-12-14T01:20:23","modified_gmt":"2024-12-13T21:20:23","slug":"disaar-beauty-avocado-honey-face-body-neck-scrub-cream-purifying-moisturizing-nourishing-skin","status":"publish","type":"product","link":"https:\/\/axtarstore.com\/ru\/product\/disaar-beauty-avocado-honey-face-body-neck-scrub-cream-purifying-moisturizing-nourishing-skin\/","title":{"rendered":"DISAAR BEAUTY Avocado Honey Face Body Neck Scrub Cream Purifying Moisturizing Nourishing Skin"},"content":{"rendered":"<p>B\u0259d\u0259n skrab\u0131 \u0259la d\u0259riy\u0259 qulluq m\u0259hsuludur. D\u0259rinin bax\u0131ml\u0131 v\u0259 sa\u011flam g\u00f6r\u00fcnm\u0259si \u00fc\u00e7\u00fcn vaxta\u015f\u0131r\u0131 t\u0259mizlik prosedurlar\u0131n\u0131n apar\u0131lmas\u0131n\u0131n z\u0259ruri oldu\u011fu \u00e7oxdan m\u0259lumdur. Ya\u011fl\u0131 v\u0259 problemli, x\u00fcsusil\u0259 d\u0259 s\u0259pgil\u0259r\u0259 meylli d\u0259ril\u0259r \u00fc\u00e7\u00fcn \u0259n yax\u015f\u0131 qulluq a\u015f\u0131nd\u0131r\u0131c\u0131 skrab yaradacaq.<br \/>\nT\u0259bii a\u015f\u0131nd\u0131r\u0131c\u0131 kompleks m\u0259sam\u0259l\u0259r\u0259 d\u0259rind\u0259n n\u00fcfuz edir, \u00f6l\u00fc h\u00fcceyr\u0259l\u0259ri t\u0259mizl\u0259yir, s\u0131zanaqlar\u0131 yox edir, \u00fcz\u00fcn relyefini hamarla\u015fd\u0131r\u0131r. M\u0259hsulun komponentl\u0259ri d\u0259riy\u0259 parlaql\u0131q verir, qab\u0131q v\u0259 q\u0131zart\u0131lar\u0131 aradan qald\u0131r\u0131r, dermis\u0259 elastiklik, sa\u011flam r\u0259ng, hamarl\u0131q v\u0259 yum\u015faql\u0131q verir.<br \/>\nT\u0259bii ya\u011flar d\u0259rini n\u0259ml\u0259ndirir v\u0259 qidaland\u0131r\u0131r. Skrab\u0131n inc\u0259 teksturas\u0131 m\u0259hsulu t\u0259kc\u0259 b\u0259d\u0259n \u00fc\u00e7\u00fcn deyil, h\u0259m d\u0259 \u00fcz \u00fc\u00e7\u00fcn t\u0259tbiq etm\u0259y\u0259 imkan verir.<br \/>\nB\u0259d\u0259nini \u00e7im\u0259rlikd\u0259 n\u00fcmayi\u015f etdirm\u0259y\u0259 haz\u0131rla\u015fan h\u0259r bir qad\u0131n\u0131n qar\u015f\u0131s\u0131nda duran sual: d\u0259rinin mat v\u0259 yor\u011fun g\u00f6r\u00fcnm\u0259m\u0259sin\u0259 nec\u0259 \u0259min olmaq olar? D\u0259rinin parlaq olmas\u0131 \u00fc\u00e7\u00fcn t\u0259kc\u0259 meyv\u0259l\u0259r v\u0259 D vitamini kifay\u0259t deyil.<br \/>\n\u00d6l\u00fc d\u0259ri h\u00fcceyr\u0259l\u0259rind\u0259n xilas olmaq laz\u0131m olduqda b\u0259d\u0259n skrab\u0131 sadiq k\u00f6m\u0259k\u00e7idir; h\u0259m d\u0259 m\u0259sam\u0259l\u0259ri t\u0259mizl\u0259m\u0259y\u0259 k\u00f6m\u0259k edir v\u0259 d\u0259rinin tam &#8220;n\u0259f\u0259s almas\u0131na&#8221; k\u00f6m\u0259k edir. Ancaq skrab kimi bel\u0259 tan\u0131\u015f bir vasit\u0259nin d\u0259 \u00f6z t\u0259tbiq qaydalar\u0131 var.<\/p>","protected":false},"excerpt":{"rendered":"<p>B\u0259d\u0259n skrab\u0131 \u0259la d\u0259riy\u0259 qulluq m\u0259hsuludur. D\u0259rinin bax\u0131ml\u0131 v\u0259 sa\u011flam g\u00f6r\u00fcnm\u0259si \u00fc\u00e7\u00fcn vaxta\u015f\u0131r\u0131 t\u0259mizlik prosedurlar\u0131n\u0131n apar\u0131lmas\u0131n\u0131n z\u0259ruri oldu\u011fu \u00e7oxdan m\u0259lumdur. Ya\u011fl\u0131 v\u0259 problemli, x\u00fcsusil\u0259 d\u0259 s\u0259pgil\u0259r\u0259 meylli d\u0259ril\u0259r \u00fc\u00e7\u00fcn \u0259n yax\u015f\u0131 qulluq a\u015f\u0131nd\u0131r\u0131c\u0131 skrab yaradacaq. T\u0259bii a\u015f\u0131nd\u0131r\u0131c\u0131 kompleks m\u0259sam\u0259l\u0259r\u0259 d\u0259rind\u0259n n\u00fcfuz edir, \u00f6l\u00fc h\u00fcceyr\u0259l\u0259ri t\u0259mizl\u0259yir, s\u0131zanaqlar\u0131 yox edir, \u00fcz\u00fcn relyefini hamarla\u015fd\u0131r\u0131r. M\u0259hsulun komponentl\u0259ri d\u0259riy\u0259 parlaql\u0131q &hellip; <a href=\"https:\/\/axtarstore.com\/ru\/product\/disaar-beauty-avocado-honey-face-body-neck-scrub-cream-purifying-moisturizing-nourishing-skin\/\" class=\"more-link\">Continue reading <span class=\"screen-reader-text\">DISAAR BEAUTY Avocado Honey Face Body Neck Scrub Cream Purifying Moisturizing Nourishing Skin<\/span><\/a><\/p>","protected":false},"featured_media":7809,"comment_status":"open","ping_status":"closed","template":"","meta":[],"pwb-brand":[172],"product_cat":[129,157],"product_tag":[300],"class_list":{"0":"post-7808","1":"product","2":"type-product","3":"status-publish","4":"has-post-thumbnail","6":"pwb-brand-disar","7":"product_cat-beden-baximi","8":"product_cat-body-scrub","9":"product_tag-bodycare","10":"pa_size-300grm","13":"instock","14":"shipping-taxable","15":"purchasable","16":"product-type-simple"},"brands":[{"id":172,"name":"Disar","slug":"disar"}],"_links":{"self":[{"href":"https:\/\/axtarstore.com\/ru\/wp-json\/wp\/v2\/product\/7808"}],"collection":[{"href":"https:\/\/axtarstore.com\/ru\/wp-json\/wp\/v2\/product"}],"about":[{"href":"https:\/\/axtarstore.com\/ru\/wp-json\/wp\/v2\/types\/product"}],"replies":[{"embeddable":true,"href":"https:\/\/axtarstore.com\/ru\/wp-json\/wp\/v2\/comments?post=7808"}],"version-history":[{"count":1,"href":"https:\/\/axtarstore.com\/ru\/wp-json\/wp\/v2\/product\/7808\/revisions"}],"predecessor-version":[{"id":7818,"href":"https:\/\/axtarstore.com\/ru\/wp-json\/wp\/v2\/product\/7808\/revisions\/7818"}],"wp:featuredmedia":[{"embeddable":true,"href":"https:\/\/axtarstore.com\/ru\/wp-json\/wp\/v2\/media\/7809"}],"wp:attachment":[{"href":"https:\/\/axtarstore.com\/ru\/wp-json\/wp\/v2\/media?parent=7808"}],"wp:term":[{"taxonomy":"pwb-brand","embeddable":true,"href":"https:\/\/axtarstore.com\/ru\/wp-json\/wp\/v2\/pwb-brand?post=7808"},{"taxonomy":"product_cat","embeddable":true,"href":"https:\/\/axtarstore.com\/ru\/wp-json\/wp\/v2\/product_cat?post=7808"},{"taxonomy":"product_tag","embeddable":true,"href":"https:\/\/axtarstore.com\/ru\/wp-json\/wp\/v2\/product_tag?post=7808"}],"curies":[{"name":"wp","href":"https:\/\/api.w.org\/{rel}","templated":true}]}}