{"id":7781,"date":"2024-12-14T01:07:50","date_gmt":"2024-12-13T21:07:50","guid":{"rendered":"https:\/\/axtarstore.com\/?post_type=product&#038;p=7781"},"modified":"2024-12-14T01:07:50","modified_gmt":"2024-12-13T21:07:50","slug":"disaar-beauty-orange-vitamin-c-facial-serum-hyaluronic-acid-moisturizing-repair-skin-restore-hydration","status":"publish","type":"product","link":"https:\/\/axtarstore.com\/ru\/product\/disaar-beauty-orange-vitamin-c-facial-serum-hyaluronic-acid-moisturizing-repair-skin-restore-hydration\/","title":{"rendered":"DISAAR BEAUTY Orange Vitamin C Facial Serum Hyaluronic Acid Moisturizing Repair Skin Restore Hydration"},"content":{"rendered":"<p>Dar\u0131xd\u0131r\u0131c\u0131 d\u0259rini yax\u015f\u0131la\u015fd\u0131rmaq \u00fc\u00e7\u00fcn zibill\u0259ri \u00e7\u00f6kd\u00fcr\u00fcn. Kobud d\u0259rini t\u0259mizl\u0259yin, kobudlu\u011fu yax\u015f\u0131la\u015fd\u0131r\u0131n.<br \/>\nM\u0259sam\u0259l\u0259r d\u0259rini daha hamar edir. Porta\u011fal d\u0259ri suyunun Hamar M\u00f6hk\u0259ml\u0259\u015fm\u0259sini t\u0259\u015fviq etm\u0259k \u00fc\u00e7\u00fcn daha \u00e7ox vitamin \u00e7\u0131xara bil\u0259r.<br \/>\nG\u00fcn\u0259\u015f l\u0259k\u0259sini soldur. Hamarla\u015fd\u0131r\u0131c\u0131. Qald\u0131rma. N\u0259ml\u0259ndirici. C vitamini v\u0259 bitki ekstraktlar\u0131 il\u0259 z\u0259ngindir. Antioksidl\u0259\u015fm\u0259.<br \/>\nT\u0259bi\u0259tin Vitamin C konsentrat\u0131n\u0131n verdiyi qidalar\u0131 tam saxlay\u0131r v\u0259 m\u00fcxt\u0259lif d\u0259ri probleml\u0259rin\u0259 effektiv m\u00fcqavim\u0259t g\u00f6st\u0259rir.<br \/>\nSiz\u0259 d\u0259rhal yum\u015faq, hamar v\u0259 n\u0259ml\u0259nmi\u015f d\u0259ri t\u0259qdim ed\u0259n \u0259sas qida madd\u0259l\u0259ri v\u0259 vitaminl\u0259rl\u0259 t\u0259min edilmi\u015fdir. \u0130nc\u0259 x\u0259ttl\u0259rin v\u0259 q\u0131r\u0131\u015flar\u0131n g\u00f6r\u00fcn\u00fc\u015f\u00fcn\u00fc azald\u0131r. Sulu, g\u0259nc g\u00f6r\u00fcn\u00fc\u015f \u00fc\u00e7\u00fcn n\u0259m verir.<\/p>\n<p>&nbsp;<\/p>","protected":false},"excerpt":{"rendered":"<p>Dar\u0131xd\u0131r\u0131c\u0131 d\u0259rini yax\u015f\u0131la\u015fd\u0131rmaq \u00fc\u00e7\u00fcn zibill\u0259ri \u00e7\u00f6kd\u00fcr\u00fcn. Kobud d\u0259rini t\u0259mizl\u0259yin, kobudlu\u011fu yax\u015f\u0131la\u015fd\u0131r\u0131n. M\u0259sam\u0259l\u0259r d\u0259rini daha hamar edir. Porta\u011fal d\u0259ri suyunun Hamar M\u00f6hk\u0259ml\u0259\u015fm\u0259sini t\u0259\u015fviq etm\u0259k \u00fc\u00e7\u00fcn daha \u00e7ox vitamin \u00e7\u0131xara bil\u0259r. G\u00fcn\u0259\u015f l\u0259k\u0259sini soldur. Hamarla\u015fd\u0131r\u0131c\u0131. Qald\u0131rma. N\u0259ml\u0259ndirici. C vitamini v\u0259 bitki ekstraktlar\u0131 il\u0259 z\u0259ngindir. Antioksidl\u0259\u015fm\u0259. T\u0259bi\u0259tin Vitamin C konsentrat\u0131n\u0131n verdiyi qidalar\u0131 tam saxlay\u0131r v\u0259 m\u00fcxt\u0259lif d\u0259ri probleml\u0259rin\u0259 &hellip; <a href=\"https:\/\/axtarstore.com\/ru\/product\/disaar-beauty-orange-vitamin-c-facial-serum-hyaluronic-acid-moisturizing-repair-skin-restore-hydration\/\" class=\"more-link\">Continue reading <span class=\"screen-reader-text\">DISAAR BEAUTY Orange Vitamin C Facial Serum Hyaluronic Acid Moisturizing Repair Skin Restore Hydration<\/span><\/a><\/p>","protected":false},"featured_media":7782,"comment_status":"open","ping_status":"closed","template":"","meta":[],"pwb-brand":[172],"product_cat":[127,143],"product_tag":[328,293,318,329,325,297],"class_list":{"0":"post-7781","1":"product","2":"type-product","3":"status-publish","4":"has-post-thumbnail","6":"pwb-brand-disar","7":"product_cat-face-care","8":"product_cat-face-serum","9":"product_tag-anti-wrinkle","10":"product_tag-facecare","11":"product_tag-freckles","12":"product_tag-qiris-leyhin","13":"product_tag-vitamin-c","14":"product_tag-whitening","15":"pa_size-30ml","18":"instock","19":"shipping-taxable","20":"purchasable","21":"product-type-simple"},"brands":[{"id":172,"name":"Disar","slug":"disar"}],"_links":{"self":[{"href":"https:\/\/axtarstore.com\/ru\/wp-json\/wp\/v2\/product\/7781"}],"collection":[{"href":"https:\/\/axtarstore.com\/ru\/wp-json\/wp\/v2\/product"}],"about":[{"href":"https:\/\/axtarstore.com\/ru\/wp-json\/wp\/v2\/types\/product"}],"replies":[{"embeddable":true,"href":"https:\/\/axtarstore.com\/ru\/wp-json\/wp\/v2\/comments?post=7781"}],"version-history":[{"count":1,"href":"https:\/\/axtarstore.com\/ru\/wp-json\/wp\/v2\/product\/7781\/revisions"}],"predecessor-version":[{"id":7788,"href":"https:\/\/axtarstore.com\/ru\/wp-json\/wp\/v2\/product\/7781\/revisions\/7788"}],"wp:featuredmedia":[{"embeddable":true,"href":"https:\/\/axtarstore.com\/ru\/wp-json\/wp\/v2\/media\/7782"}],"wp:attachment":[{"href":"https:\/\/axtarstore.com\/ru\/wp-json\/wp\/v2\/media?parent=7781"}],"wp:term":[{"taxonomy":"pwb-brand","embeddable":true,"href":"https:\/\/axtarstore.com\/ru\/wp-json\/wp\/v2\/pwb-brand?post=7781"},{"taxonomy":"product_cat","embeddable":true,"href":"https:\/\/axtarstore.com\/ru\/wp-json\/wp\/v2\/product_cat?post=7781"},{"taxonomy":"product_tag","embeddable":true,"href":"https:\/\/axtarstore.com\/ru\/wp-json\/wp\/v2\/product_tag?post=7781"}],"curies":[{"name":"wp","href":"https:\/\/api.w.org\/{rel}","templated":true}]}}