{"id":7772,"date":"2024-12-14T01:03:54","date_gmt":"2024-12-13T21:03:54","guid":{"rendered":"https:\/\/axtarstore.com\/?post_type=product&#038;p=7772"},"modified":"2024-12-14T01:03:54","modified_gmt":"2024-12-13T21:03:54","slug":"disaar-beauty-99-aloe-vera-soothing-moisturizing-face-cream-after-sun-repair-oil-control-acne","status":"publish","type":"product","link":"https:\/\/axtarstore.com\/ru\/product\/disaar-beauty-99-aloe-vera-soothing-moisturizing-face-cream-after-sun-repair-oil-control-acne\/","title":{"rendered":"DISAAR Beauty 99% Aloe Vera Soothing Moisturizing Face Cream After Sun Repair Oil Control Acne"},"content":{"rendered":"<p>Disaar Aloe Vera \u00dcz Kremi Aloe Ekstrakt\u0131 il\u0259 N\u0259ml\u0259ndirici v\u0259 Sakitl\u0259\u015fdirici 100 ml \u00dcz Kremi N\u0259ml\u0259ndirici Sakitl\u0259\u015fdirici ALOE VERA Aloe Vera ekstrakt\u0131 il\u0259 sakitl\u0259\u015fdirici \u0259riy\u0259n \u00fcz kremi, tez n\u0259ml\u0259ndirici effekt verir.<br \/>\nD\u0259riy\u0259 d\u0259rind\u0259n n\u00fcfuz edir, onu n\u0259m v\u0259 qida madd\u0259l\u0259ri il\u0259 doyurur, onu yum\u015faq, hamar v\u0259 elastik edir. Quru d\u0259rinin v\u0259ziyy\u0259tini yax\u015f\u0131la\u015fd\u0131r\u0131r, onu z\u0259rif edir, quruluq, s\u0131x\u0131lma v\u0259 narahatl\u0131q hissini aradan qald\u0131r\u0131r.<br \/>\nKremin y\u00fcng\u00fcl teksturas\u0131 asanl\u0131qla t\u0259tbiq olunur v\u0259 tez sorulur, d\u0259rid\u0259 he\u00e7 bir yap\u0131\u015fqan t\u0259sir qoymur. N\u0259ml\u0259ndirir; d\u0259rini yum\u015fald\u0131r v\u0259 sakitl\u0259\u015fdirir, ya\u011fl\u0131l\u0131\u011fa n\u0259zar\u0259t edir, s\u0131zanaqlar\u0131n g\u00f6r\u00fcn\u00fc\u015f\u00fcn\u00fcn qar\u015f\u0131s\u0131n\u0131 al\u0131r;<br \/>\nG\u00fcn\u0259\u015f\u0259 m\u0259ruz qald\u0131qdan sonra d\u0259rini b\u0259rpa edir v\u0259 sakitl\u0259\u015fdirir! T\u0259tbiq \u00fcsulu: \u00dcz v\u0259 boyun t\u0259miz d\u0259risin\u0259 laz\u0131mi miqdarda krem \u200b\u200b\u00e7\u0259kin. Tamamil\u0259 udulana q\u0259d\u0259r masaj edin.<\/p>","protected":false},"excerpt":{"rendered":"<p>Disaar Aloe Vera \u00dcz Kremi Aloe Ekstrakt\u0131 il\u0259 N\u0259ml\u0259ndirici v\u0259 Sakitl\u0259\u015fdirici 100 ml \u00dcz Kremi N\u0259ml\u0259ndirici Sakitl\u0259\u015fdirici ALOE VERA Aloe Vera ekstrakt\u0131 il\u0259 sakitl\u0259\u015fdirici \u0259riy\u0259n \u00fcz kremi, tez n\u0259ml\u0259ndirici effekt verir. D\u0259riy\u0259 d\u0259rind\u0259n n\u00fcfuz edir, onu n\u0259m v\u0259 qida madd\u0259l\u0259ri il\u0259 doyurur, onu yum\u015faq, hamar v\u0259 elastik edir. Quru d\u0259rinin v\u0259ziyy\u0259tini yax\u015f\u0131la\u015fd\u0131r\u0131r, onu z\u0259rif edir, &hellip; <a href=\"https:\/\/axtarstore.com\/ru\/product\/disaar-beauty-99-aloe-vera-soothing-moisturizing-face-cream-after-sun-repair-oil-control-acne\/\" class=\"more-link\">Continue reading <span class=\"screen-reader-text\">DISAAR Beauty 99% Aloe Vera Soothing Moisturizing Face Cream After Sun Repair Oil Control Acne<\/span><\/a><\/p>","protected":false},"featured_media":7773,"comment_status":"open","ping_status":"closed","template":"","meta":[],"pwb-brand":[172],"product_cat":[127,144],"product_tag":[293],"class_list":{"0":"post-7772","1":"product","2":"type-product","3":"status-publish","4":"has-post-thumbnail","6":"pwb-brand-disar","7":"product_cat-face-care","8":"product_cat-face-vitamins","9":"product_tag-facecare","10":"pa_size-100ml","13":"instock","14":"shipping-taxable","15":"purchasable","16":"product-type-simple"},"brands":[{"id":172,"name":"Disar","slug":"disar"}],"_links":{"self":[{"href":"https:\/\/axtarstore.com\/ru\/wp-json\/wp\/v2\/product\/7772"}],"collection":[{"href":"https:\/\/axtarstore.com\/ru\/wp-json\/wp\/v2\/product"}],"about":[{"href":"https:\/\/axtarstore.com\/ru\/wp-json\/wp\/v2\/types\/product"}],"replies":[{"embeddable":true,"href":"https:\/\/axtarstore.com\/ru\/wp-json\/wp\/v2\/comments?post=7772"}],"version-history":[{"count":1,"href":"https:\/\/axtarstore.com\/ru\/wp-json\/wp\/v2\/product\/7772\/revisions"}],"predecessor-version":[{"id":7780,"href":"https:\/\/axtarstore.com\/ru\/wp-json\/wp\/v2\/product\/7772\/revisions\/7780"}],"wp:featuredmedia":[{"embeddable":true,"href":"https:\/\/axtarstore.com\/ru\/wp-json\/wp\/v2\/media\/7773"}],"wp:attachment":[{"href":"https:\/\/axtarstore.com\/ru\/wp-json\/wp\/v2\/media?parent=7772"}],"wp:term":[{"taxonomy":"pwb-brand","embeddable":true,"href":"https:\/\/axtarstore.com\/ru\/wp-json\/wp\/v2\/pwb-brand?post=7772"},{"taxonomy":"product_cat","embeddable":true,"href":"https:\/\/axtarstore.com\/ru\/wp-json\/wp\/v2\/product_cat?post=7772"},{"taxonomy":"product_tag","embeddable":true,"href":"https:\/\/axtarstore.com\/ru\/wp-json\/wp\/v2\/product_tag?post=7772"}],"curies":[{"name":"wp","href":"https:\/\/api.w.org\/{rel}","templated":true}]}}