{"id":7763,"date":"2024-12-14T01:01:01","date_gmt":"2024-12-13T21:01:01","guid":{"rendered":"https:\/\/axtarstore.com\/?post_type=product&#038;p=7763"},"modified":"2024-12-14T01:01:01","modified_gmt":"2024-12-13T21:01:01","slug":"disaar-beauty-vitamin-c-face-facial-serum-astaxanthin-hyaluronic-acid-arbutin-green-tea-skin-science-nature-hydrating-firming","status":"publish","type":"product","link":"https:\/\/axtarstore.com\/ru\/product\/disaar-beauty-vitamin-c-face-facial-serum-astaxanthin-hyaluronic-acid-arbutin-green-tea-skin-science-nature-hydrating-firming\/","title":{"rendered":"DISAAR BEAUTY Vitamin C Face Facial Serum Astaxanthin Hyaluronic Acid Arbutin Green Tea Skin Science Nature Hydrating Firming"},"content":{"rendered":"<p>Qabaqc\u0131l Antioksidant Serum &#8211; Kollagen istehsal\u0131 \u00fc\u00e7\u00fcn \u0259v\u0259zolunmaz qida madd\u0259si, C vitamini parlaql\u0131q, m\u00f6hk\u0259mlik, inc\u0259 x\u0259ttl\u0259r, q\u0131r\u0131\u015flar, t\u00fcnd l\u0259k\u0259l\u0259r v\u0259 g\u00fcn\u0259\u015f l\u0259k\u0259l\u0259ri daxil olmaqla ya\u015flanman\u0131n \u0259n \u00fcmumi \u0259lam\u0259tl\u0259rini h\u0259d\u0259f almaq \u00fc\u00e7\u00fcn n\u0259z\u0259rd\u0259 tutulmu\u015f bu t\u0259kmil formulada Botanik Hialuron Tur\u015fusu v\u0259 Vitamin E il\u0259 sinerji \u015f\u0259kild\u0259 qar\u0131\u015f\u0131r. .<br \/>\nFade Away. VC inqrediyentl\u0259ri d\u0259rini y\u00fcng\u00fcll\u0259\u015fdir\u0259 bil\u0259r. Dar\u0131xd\u0131r\u0131c\u0131 d\u0259rini yax\u015f\u0131la\u015fd\u0131rmaq \u00fc\u00e7\u00fcn zibill\u0259ri \u00e7\u00f6kd\u00fcr\u00fcn. Kobud d\u0259rini t\u0259mizl\u0259yin, kobudlu\u011fu yax\u015f\u0131la\u015fd\u0131r\u0131n. M\u0259sam\u0259l\u0259r d\u0259rini daha hamar edir.<br \/>\nPorta\u011fal d\u0259ri suyunu hamarla\u015fd\u0131rmaq \u00fc\u00e7\u00fcn daha \u00e7ox vitamin \u00e7\u0131xara bil\u0259r<br \/>\nM\u00f6hk\u0259ml\u0259ndirici. A\u011fard\u0131c\u0131. G\u00fcn\u0259\u015f l\u0259k\u0259sini soldur. Hamarla\u015fd\u0131r\u0131c\u0131. Qald\u0131rma. N\u0259ml\u0259ndirici.<br \/>\nC vitamini v\u0259 bitki ekstraktlar\u0131 il\u0259 z\u0259ngindir. \u0130\u015f\u0131qland\u0131rma v\u0259 i\u015f\u0131qland\u0131rma. Antioksidl\u0259\u015fm\u0259. Melanin.<\/p>\n<p>&nbsp;<\/p>","protected":false},"excerpt":{"rendered":"<p>Qabaqc\u0131l Antioksidant Serum &#8211; Kollagen istehsal\u0131 \u00fc\u00e7\u00fcn \u0259v\u0259zolunmaz qida madd\u0259si, C vitamini parlaql\u0131q, m\u00f6hk\u0259mlik, inc\u0259 x\u0259ttl\u0259r, q\u0131r\u0131\u015flar, t\u00fcnd l\u0259k\u0259l\u0259r v\u0259 g\u00fcn\u0259\u015f l\u0259k\u0259l\u0259ri daxil olmaqla ya\u015flanman\u0131n \u0259n \u00fcmumi \u0259lam\u0259tl\u0259rini h\u0259d\u0259f almaq \u00fc\u00e7\u00fcn n\u0259z\u0259rd\u0259 tutulmu\u015f bu t\u0259kmil formulada Botanik Hialuron Tur\u015fusu v\u0259 Vitamin E il\u0259 sinerji \u015f\u0259kild\u0259 qar\u0131\u015f\u0131r. . Fade Away. VC inqrediyentl\u0259ri d\u0259rini y\u00fcng\u00fcll\u0259\u015fdir\u0259 bil\u0259r. Dar\u0131xd\u0131r\u0131c\u0131 &hellip; <a href=\"https:\/\/axtarstore.com\/ru\/product\/disaar-beauty-vitamin-c-face-facial-serum-astaxanthin-hyaluronic-acid-arbutin-green-tea-skin-science-nature-hydrating-firming\/\" class=\"more-link\">Continue reading <span class=\"screen-reader-text\">DISAAR BEAUTY Vitamin C Face Facial Serum Astaxanthin Hyaluronic Acid Arbutin Green Tea Skin Science Nature Hydrating Firming<\/span><\/a><\/p>","protected":false},"featured_media":7764,"comment_status":"open","ping_status":"closed","template":"","meta":[],"pwb-brand":[172],"product_cat":[127,143],"product_tag":[296,353,293,318,325,297],"class_list":{"0":"post-7763","1":"product","2":"type-product","3":"status-publish","4":"has-post-thumbnail","6":"pwb-brand-disar","7":"product_cat-face-care","8":"product_cat-face-serum","9":"product_tag-darkspots","10":"product_tag-face-serum","11":"product_tag-facecare","12":"product_tag-freckles","13":"product_tag-vitamin-c","14":"product_tag-whitening","15":"pa_size-30ml","18":"instock","19":"shipping-taxable","20":"purchasable","21":"product-type-simple"},"brands":[{"id":172,"name":"Disar","slug":"disar"}],"_links":{"self":[{"href":"https:\/\/axtarstore.com\/ru\/wp-json\/wp\/v2\/product\/7763"}],"collection":[{"href":"https:\/\/axtarstore.com\/ru\/wp-json\/wp\/v2\/product"}],"about":[{"href":"https:\/\/axtarstore.com\/ru\/wp-json\/wp\/v2\/types\/product"}],"replies":[{"embeddable":true,"href":"https:\/\/axtarstore.com\/ru\/wp-json\/wp\/v2\/comments?post=7763"}],"version-history":[{"count":1,"href":"https:\/\/axtarstore.com\/ru\/wp-json\/wp\/v2\/product\/7763\/revisions"}],"predecessor-version":[{"id":7771,"href":"https:\/\/axtarstore.com\/ru\/wp-json\/wp\/v2\/product\/7763\/revisions\/7771"}],"wp:featuredmedia":[{"embeddable":true,"href":"https:\/\/axtarstore.com\/ru\/wp-json\/wp\/v2\/media\/7764"}],"wp:attachment":[{"href":"https:\/\/axtarstore.com\/ru\/wp-json\/wp\/v2\/media?parent=7763"}],"wp:term":[{"taxonomy":"pwb-brand","embeddable":true,"href":"https:\/\/axtarstore.com\/ru\/wp-json\/wp\/v2\/pwb-brand?post=7763"},{"taxonomy":"product_cat","embeddable":true,"href":"https:\/\/axtarstore.com\/ru\/wp-json\/wp\/v2\/product_cat?post=7763"},{"taxonomy":"product_tag","embeddable":true,"href":"https:\/\/axtarstore.com\/ru\/wp-json\/wp\/v2\/product_tag?post=7763"}],"curies":[{"name":"wp","href":"https:\/\/api.w.org\/{rel}","templated":true}]}}