{"id":7758,"date":"2024-12-14T00:56:31","date_gmt":"2024-12-13T20:56:31","guid":{"rendered":"https:\/\/axtarstore.com\/?post_type=product&#038;p=7758"},"modified":"2024-12-14T00:56:31","modified_gmt":"2024-12-13T20:56:31","slug":"disaar-beauty-sunblock-cream-refreshing-sunscreen-face-neck-arms-skin-damage-spf-60-90-pa-uva-uvb-protection-spf-60-green-tea-sunblock-cream","status":"publish","type":"product","link":"https:\/\/axtarstore.com\/ru\/product\/disaar-beauty-sunblock-cream-refreshing-sunscreen-face-neck-arms-skin-damage-spf-60-90-pa-uva-uvb-protection-spf-60-green-tea-sunblock-cream\/","title":{"rendered":"DISAAR BEAUTY Sunblock Cream Refreshing Sunscreen Face Neck Arms Skin Damage SPF 60\/90 PA++ UVA\/UVB Protection  (SPF 60 Green Tea Sunblock Cream)"},"content":{"rendered":"<p>Bu g\u00fcn\u0259\u015f kremi yum\u015faq, t\u0259z\u0259 v\u0259 ya\u011fl\u0131 deyil, yayda g\u00fcn\u0259\u015fd\u0259n qoruyanlar \u00fc\u00e7\u00fcn yax\u015f\u0131 se\u00e7imdir. Hamar tekstura v\u0259 y\u00fcng\u00fcl makiyaj etm\u0259k asand\u0131r v\u0259 m\u0259sam\u0259l\u0259ri ba\u011flam\u0131r. O, UVA v\u0259 UVB-nin d\u0259rini g\u00fcn\u0259\u015fin z\u0259d\u0259l\u0259nm\u0259sind\u0259n qorumaqdan effektiv \u015f\u0259kild\u0259 mane ola bil\u0259r v\u0259 h\u0259m\u00e7inin d\u0259rini n\u0259ml\u0259ndir\u0259 bil\u0259r. Suya v\u0259 t\u0259r\u0259 davaml\u0131 g\u00fcn\u0259\u015f kreminin daha uzun m\u00fcdd\u0259t qalmas\u0131n\u0131 t\u0259min edir.<br \/>\n1. Geni\u015f UV spektrin\u0259 t\u0259sirli \u015f\u0259kild\u0259 t\u0259sir edir v\u0259 UVA\/UVB \u015f\u00fcalar\u0131n\u0131 bloklay\u0131r. 2. G\u00fcn\u0259\u015fd\u0259n qoruyan SPF60+ v\u0259 SPF90+, qaralma\u011f\u0131n v\u0259 g\u00fcn\u0259\u015f yan\u0131\u011f\u0131n\u0131n qar\u015f\u0131s\u0131n\u0131 almaq \u00fc\u00e7\u00fcn g\u00fccl\u00fc g\u00fcn\u0259\u015f i\u015f\u0131\u011f\u0131n\u0131, UV i\u015f\u0131\u011f\u0131n\u0131 mane\u0259 t\u00f6r\u0259d\u0259 bil\u0259r. 3. D\u0259rini a\u011fartmaq v\u0259 \u00f6rtm\u0259k \u0259la effekti var.<br \/>\n4. Suya davaml\u0131 v\u0259 n\u0259m\u0259 davaml\u0131 formula g\u00fcn\u0259\u015f kreminin d\u0259rid\u0259 uzun m\u00fcdd\u0259t qalmas\u0131na imkan verir. 5. Yum\u015faq, t\u0259z\u0259, ya\u011fs\u0131z, y\u00fcng\u00fcl, hamar tekstural\u0131d\u0131r, t\u0259tbiqi asan. 6. D\u0259rini hamar v\u0259 hamar ed\u0259n n\u0259ml\u0259ndirici t\u0259sir\u0259 sahib olun.<br \/>\nFunksiyalar\u0131: D\u0259rini g\u00fcn\u0259\u015fin, ultrab\u0259n\u00f6v\u015f\u0259yi \u015f\u00fcalar\u0131n t\u0259sirind\u0259n qoruyur, d\u0259rini a\u011fard\u0131r v\u0259 n\u0259ml\u0259ndirir.<br \/>\nK\u00fc\u00e7\u0259y\u0259 \u00e7\u0131xmazdan \u0259vv\u0259l laz\u0131mi miqdarda g\u00fcn\u0259\u015fd\u0259n qoruyucu kremi \u00fcz\u00fcn\u00fcz\u0259 b\u0259rab\u0259r \u015f\u0259kild\u0259 \u00e7\u0259kin v\u0259 tam udulana q\u0259d\u0259r yum\u015faq bir \u015f\u0259kild\u0259 masaj edin.<\/p>","protected":false},"excerpt":{"rendered":"<p>Bu g\u00fcn\u0259\u015f kremi yum\u015faq, t\u0259z\u0259 v\u0259 ya\u011fl\u0131 deyil, yayda g\u00fcn\u0259\u015fd\u0259n qoruyanlar \u00fc\u00e7\u00fcn yax\u015f\u0131 se\u00e7imdir. Hamar tekstura v\u0259 y\u00fcng\u00fcl makiyaj etm\u0259k asand\u0131r v\u0259 m\u0259sam\u0259l\u0259ri ba\u011flam\u0131r. O, UVA v\u0259 UVB-nin d\u0259rini g\u00fcn\u0259\u015fin z\u0259d\u0259l\u0259nm\u0259sind\u0259n qorumaqdan effektiv \u015f\u0259kild\u0259 mane ola bil\u0259r v\u0259 h\u0259m\u00e7inin d\u0259rini n\u0259ml\u0259ndir\u0259 bil\u0259r. Suya v\u0259 t\u0259r\u0259 davaml\u0131 g\u00fcn\u0259\u015f kreminin daha uzun m\u00fcdd\u0259t qalmas\u0131n\u0131 t\u0259min edir. 1. &hellip; <a href=\"https:\/\/axtarstore.com\/ru\/product\/disaar-beauty-sunblock-cream-refreshing-sunscreen-face-neck-arms-skin-damage-spf-60-90-pa-uva-uvb-protection-spf-60-green-tea-sunblock-cream\/\" class=\"more-link\">Continue reading <span class=\"screen-reader-text\">DISAAR BEAUTY Sunblock Cream Refreshing Sunscreen Face Neck Arms Skin Damage SPF 60\/90 PA++ UVA\/UVB Protection  (SPF 60 Green Tea Sunblock Cream)<\/span><\/a><\/p>","protected":false},"featured_media":7759,"comment_status":"open","ping_status":"closed","template":"","meta":[],"pwb-brand":[172],"product_cat":[361,151,127],"product_tag":[363,293,365,364],"class_list":{"0":"post-7758","1":"product","2":"type-product","3":"status-publish","4":"has-post-thumbnail","6":"pwb-brand-disar","7":"product_cat-bb-krem","8":"product_cat-sun-block-cream","9":"product_cat-face-care","10":"product_tag-bb-krem","11":"product_tag-facecare","12":"product_tag-spf","13":"product_tag-sun-block","14":"pa_size-40ml","17":"instock","18":"shipping-taxable","19":"purchasable","20":"product-type-simple"},"brands":[{"id":172,"name":"Disar","slug":"disar"}],"_links":{"self":[{"href":"https:\/\/axtarstore.com\/ru\/wp-json\/wp\/v2\/product\/7758"}],"collection":[{"href":"https:\/\/axtarstore.com\/ru\/wp-json\/wp\/v2\/product"}],"about":[{"href":"https:\/\/axtarstore.com\/ru\/wp-json\/wp\/v2\/types\/product"}],"replies":[{"embeddable":true,"href":"https:\/\/axtarstore.com\/ru\/wp-json\/wp\/v2\/comments?post=7758"}],"version-history":[{"count":1,"href":"https:\/\/axtarstore.com\/ru\/wp-json\/wp\/v2\/product\/7758\/revisions"}],"predecessor-version":[{"id":7762,"href":"https:\/\/axtarstore.com\/ru\/wp-json\/wp\/v2\/product\/7758\/revisions\/7762"}],"wp:featuredmedia":[{"embeddable":true,"href":"https:\/\/axtarstore.com\/ru\/wp-json\/wp\/v2\/media\/7759"}],"wp:attachment":[{"href":"https:\/\/axtarstore.com\/ru\/wp-json\/wp\/v2\/media?parent=7758"}],"wp:term":[{"taxonomy":"pwb-brand","embeddable":true,"href":"https:\/\/axtarstore.com\/ru\/wp-json\/wp\/v2\/pwb-brand?post=7758"},{"taxonomy":"product_cat","embeddable":true,"href":"https:\/\/axtarstore.com\/ru\/wp-json\/wp\/v2\/product_cat?post=7758"},{"taxonomy":"product_tag","embeddable":true,"href":"https:\/\/axtarstore.com\/ru\/wp-json\/wp\/v2\/product_tag?post=7758"}],"curies":[{"name":"wp","href":"https:\/\/api.w.org\/{rel}","templated":true}]}}