{"id":7750,"date":"2024-12-14T00:52:04","date_gmt":"2024-12-13T20:52:04","guid":{"rendered":"https:\/\/axtarstore.com\/?post_type=product&#038;p=7750"},"modified":"2024-12-14T00:52:04","modified_gmt":"2024-12-13T20:52:04","slug":"disaar-beauty-collagen-cream-forehead-neck-lines-smile-wrinkles-facial-spots-dry-skin-weak-muscules-improve-your-face","status":"publish","type":"product","link":"https:\/\/axtarstore.com\/ru\/product\/disaar-beauty-collagen-cream-forehead-neck-lines-smile-wrinkles-facial-spots-dry-skin-weak-muscules-improve-your-face\/","title":{"rendered":"DISAAR BEAUTY Collagen Cream Forehead Neck Lines Smile Wrinkles Facial Spots Dry Skin Weak Muscules Improve Your Face"},"content":{"rendered":"<p>100% kollagenl\u0259 infuziya edilmi\u015f ya\u015flanma \u0259leyhin\u0259 d\u0259ri n\u0259ml\u0259ndirici krem. Kollagen molekullar\u0131 b\u00f6y\u00fck miqdarda suyu \u00e7\u0259k\u0259 v\u0259 saxlaya bilir.<br \/>\nKollagen h\u0259m\u00e7inin d\u0259rid\u0259 \u0259n inc\u0259 t\u0259b\u0259q\u0259 yarad\u0131r, buna g\u00f6r\u0259 d\u0259 m\u00fck\u0259mm\u0259l n\u0259ml\u0259ndirir v\u0259 d\u0259rid\u0259 n\u0259m itkisinin qar\u015f\u0131s\u0131n\u0131 al\u0131r, yum\u015fald\u0131r v\u0259 d\u0259rini hamar v\u0259 parlaq edir.<br \/>\nKollagen b\u00f6y\u00fck n\u0259ml\u0259ndirici v\u0259 liftinq effekti verir, d\u0259riy\u0259 elastiklik verir, onu m\u00f6hk\u0259m v\u0259 g\u0259nc g\u00f6st\u0259rir.<br \/>\nT\u0259rkibi: su, kollagen, maqnezium silikat, dimetikon, lPBC, ksantan, DMAE tartar tur\u015fusu, bisabolol, vitamin A palmitat (vitamin A), aloe ekstrakt\u0131, ql\u00fckozamin hidroxlorid, natrium hialuronat, limon tur\u015fusu, \u0259tir \u0259tri.<br \/>\nT\u0259tbiq: T\u0259mizl\u0259dikd\u0259n sonra \u00fcz v\u0259 boyuna b\u0259rab\u0259r \u015f\u0259kild\u0259 t\u0259tbiq olunan laz\u0131mi miqdarda \u00e7\u0259kin, tamamil\u0259 udulana q\u0259d\u0259r yum\u015faq bir \u015f\u0259kild\u0259 masaj edin.<\/p>","protected":false},"excerpt":{"rendered":"<p>100% kollagenl\u0259 infuziya edilmi\u015f ya\u015flanma \u0259leyhin\u0259 d\u0259ri n\u0259ml\u0259ndirici krem. Kollagen molekullar\u0131 b\u00f6y\u00fck miqdarda suyu \u00e7\u0259k\u0259 v\u0259 saxlaya bilir. Kollagen h\u0259m\u00e7inin d\u0259rid\u0259 \u0259n inc\u0259 t\u0259b\u0259q\u0259 yarad\u0131r, buna g\u00f6r\u0259 d\u0259 m\u00fck\u0259mm\u0259l n\u0259ml\u0259ndirir v\u0259 d\u0259rid\u0259 n\u0259m itkisinin qar\u015f\u0131s\u0131n\u0131 al\u0131r, yum\u015fald\u0131r v\u0259 d\u0259rini hamar v\u0259 parlaq edir. Kollagen b\u00f6y\u00fck n\u0259ml\u0259ndirici v\u0259 liftinq effekti verir, d\u0259riy\u0259 elastiklik verir, onu m\u00f6hk\u0259m &hellip; <a href=\"https:\/\/axtarstore.com\/ru\/product\/disaar-beauty-collagen-cream-forehead-neck-lines-smile-wrinkles-facial-spots-dry-skin-weak-muscules-improve-your-face\/\" class=\"more-link\">Continue reading <span class=\"screen-reader-text\">DISAAR BEAUTY Collagen Cream Forehead Neck Lines Smile Wrinkles Facial Spots Dry Skin Weak Muscules Improve Your Face<\/span><\/a><\/p>","protected":false},"featured_media":7751,"comment_status":"open","ping_status":"closed","template":"","meta":[],"pwb-brand":[172],"product_cat":[127,142],"product_tag":[328,368,294,293],"class_list":{"0":"post-7750","1":"product","2":"type-product","3":"status-publish","4":"has-post-thumbnail","6":"pwb-brand-disar","7":"product_cat-face-care","8":"product_cat-face-creams","9":"product_tag-anti-wrinkle","10":"product_tag-collagen-cream","11":"product_tag-face","12":"product_tag-facecare","13":"pa_size-80grm","16":"instock","17":"shipping-taxable","18":"purchasable","19":"product-type-simple"},"brands":[{"id":172,"name":"Disar","slug":"disar"}],"_links":{"self":[{"href":"https:\/\/axtarstore.com\/ru\/wp-json\/wp\/v2\/product\/7750"}],"collection":[{"href":"https:\/\/axtarstore.com\/ru\/wp-json\/wp\/v2\/product"}],"about":[{"href":"https:\/\/axtarstore.com\/ru\/wp-json\/wp\/v2\/types\/product"}],"replies":[{"embeddable":true,"href":"https:\/\/axtarstore.com\/ru\/wp-json\/wp\/v2\/comments?post=7750"}],"version-history":[{"count":1,"href":"https:\/\/axtarstore.com\/ru\/wp-json\/wp\/v2\/product\/7750\/revisions"}],"predecessor-version":[{"id":7757,"href":"https:\/\/axtarstore.com\/ru\/wp-json\/wp\/v2\/product\/7750\/revisions\/7757"}],"wp:featuredmedia":[{"embeddable":true,"href":"https:\/\/axtarstore.com\/ru\/wp-json\/wp\/v2\/media\/7751"}],"wp:attachment":[{"href":"https:\/\/axtarstore.com\/ru\/wp-json\/wp\/v2\/media?parent=7750"}],"wp:term":[{"taxonomy":"pwb-brand","embeddable":true,"href":"https:\/\/axtarstore.com\/ru\/wp-json\/wp\/v2\/pwb-brand?post=7750"},{"taxonomy":"product_cat","embeddable":true,"href":"https:\/\/axtarstore.com\/ru\/wp-json\/wp\/v2\/product_cat?post=7750"},{"taxonomy":"product_tag","embeddable":true,"href":"https:\/\/axtarstore.com\/ru\/wp-json\/wp\/v2\/product_tag?post=7750"}],"curies":[{"name":"wp","href":"https:\/\/api.w.org\/{rel}","templated":true}]}}