{"id":7729,"date":"2024-12-14T00:39:20","date_gmt":"2024-12-13T20:39:20","guid":{"rendered":"https:\/\/axtarstore.com\/?post_type=product&#038;p=7729"},"modified":"2024-12-14T00:39:20","modified_gmt":"2024-12-13T20:39:20","slug":"disaar-beauty-face-neck-body-skin-scrub-cream-vc-nicotinamide-removes-dead-cells","status":"publish","type":"product","link":"https:\/\/axtarstore.com\/ru\/product\/disaar-beauty-face-neck-body-skin-scrub-cream-vc-nicotinamide-removes-dead-cells\/","title":{"rendered":"DISAAR BEAUTY Face Neck Body Skin Scrub Cream VC Nicotinamide Removes Dead Cells"},"content":{"rendered":"<p>B\u0259d\u0259n skrab\u0131 \u0259la d\u0259riy\u0259 qulluq m\u0259hsuludur. D\u0259rinin bax\u0131ml\u0131 v\u0259 sa\u011flam g\u00f6r\u00fcnm\u0259si \u00fc\u00e7\u00fcn vaxta\u015f\u0131r\u0131 t\u0259mizlik prosedurlar\u0131n\u0131n apar\u0131lmas\u0131n\u0131n z\u0259ruri oldu\u011fu \u00e7oxdan m\u0259lumdur. Ya\u011fl\u0131 v\u0259 problemli, x\u00fcsusil\u0259 d\u0259 s\u0259pgil\u0259r\u0259 meylli d\u0259ril\u0259r \u00fc\u00e7\u00fcn \u0259n yax\u015f\u0131 qulluq a\u015f\u0131nd\u0131r\u0131c\u0131 skrab yaradacaq.<br \/>\nT\u0259bii a\u015f\u0131nd\u0131r\u0131c\u0131 kompleks m\u0259sam\u0259l\u0259r\u0259 d\u0259rind\u0259n n\u00fcfuz edir, \u00f6l\u00fc h\u00fcceyr\u0259l\u0259ri t\u0259mizl\u0259yir, s\u0131zanaqlar\u0131 yox edir, \u00fcz\u00fcn relyefini hamarla\u015fd\u0131r\u0131r. M\u0259hsulun komponentl\u0259ri d\u0259riy\u0259 parlaql\u0131q verir, qab\u0131q v\u0259 q\u0131zart\u0131lar\u0131 aradan qald\u0131r\u0131r, dermis\u0259 elastiklik, sa\u011flam r\u0259ng, hamarl\u0131q v\u0259 yum\u015faql\u0131q verir.<br \/>\nT\u0259bii ya\u011flar d\u0259rini n\u0259ml\u0259ndirir v\u0259 qidaland\u0131r\u0131r. Skrab\u0131n inc\u0259 teksturas\u0131 m\u0259hsulu t\u0259kc\u0259 b\u0259d\u0259n \u00fc\u00e7\u00fcn deyil, h\u0259m d\u0259 \u00fcz \u00fc\u00e7\u00fcn t\u0259tbiq etm\u0259y\u0259 imkan verir.<br \/>\nBa\u015flayaq ki, skrab d\u0259rini a\u015f\u0131nd\u0131ran v\u0259 yenil\u0259y\u0259n vasit\u0259dir. Bu, t\u0259rkibind\u0259ki a\u015f\u0131nd\u0131r\u0131c\u0131 qat\u0131 hiss\u0259cikl\u0259r s\u0259b\u0259bind\u0259n ba\u015f verir.<\/p>\n<p>T\u0259f\u0259rr\u00fcatlar: B\u0259d\u0259nini \u00e7im\u0259rlikd\u0259 n\u00fcmayi\u015f etdirm\u0259y\u0259 haz\u0131rla\u015fan h\u0259r bir qad\u0131n\u0131n qar\u015f\u0131s\u0131nda duran sual: d\u0259rinin mat v\u0259 yor\u011fun g\u00f6r\u00fcnm\u0259m\u0259sin\u0259 nec\u0259 \u0259min olmaq olar? D\u0259rinin parlaq olmas\u0131 \u00fc\u00e7\u00fcn t\u0259kc\u0259 meyv\u0259l\u0259r v\u0259 D vitamini kifay\u0259t deyil. \u00d6l\u00fc d\u0259ri h\u00fcceyr\u0259l\u0259rind\u0259n xilas olmaq laz\u0131m olduqda b\u0259d\u0259n skrab\u0131 sadiq k\u00f6m\u0259k\u00e7idir; h\u0259m d\u0259 m\u0259sam\u0259l\u0259ri t\u0259mizl\u0259m\u0259y\u0259 k\u00f6m\u0259k edir v\u0259 d\u0259rinin tam &#8220;n\u0259f\u0259s almas\u0131na&#8221; k\u00f6m\u0259k edir. Ancaq skrab kimi bel\u0259 tan\u0131\u015f bir vasit\u0259nin d\u0259 \u00f6z t\u0259tbiq qaydalar\u0131 var. Skrab\u0131n d\u0259riy\u0259 bir ne\u00e7\u0259 istiqam\u0259td\u0259 faydal\u0131 t\u0259sir g\u00f6st\u0259rm\u0259si \u00fc\u00e7\u00fcn onun t\u0259rkibind\u0259 n\u0259ml\u0259ndirici ya\u011flar v\u0259 bitki ekstraktlar\u0131 olmal\u0131d\u0131r. Bu aktiv madd\u0259l\u0259r mexaniki a\u015f\u0131nd\u0131rmadan sonra d\u0259rinin b\u0259rpas\u0131na k\u00f6m\u0259k ed\u0259c\u0259k. B\u0259d\u0259nin d\u0259risini t\u0259kc\u0259 n\u0259ml\u0259ndirm\u0259 il\u0259 t\u0259min etm\u0259y\u0259c\u0259k, h\u0259m d\u0259 onun cavanla\u015fmas\u0131na k\u00f6m\u0259k ed\u0259c\u0259k, \u00e7\u00fcnki bu ya\u011f E vitamini v\u0259 Omeqa ya\u011f tur\u015fular\u0131 il\u0259 z\u0259ngindir. B\u0259d\u0259n skrablar\u0131 d\u0259riniz\u0259 laz\u0131m olan qay\u011f\u0131n\u0131 t\u0259min edir: &#8211; d\u0259rini intensiv \u015f\u0259kild\u0259 t\u0259mizl\u0259yir; &#8211; onun relyefini hizalay\u0131n; &#8211; yum\u015faql\u0131q v\u0259 parlaql\u0131q t\u0259min edir; &#8211; \u00f6l\u00fc h\u00fcceyr\u0259l\u0259rd\u0259n azad; &#8211; kreml\u0259rin v\u0259 losyonlar\u0131n aktiv madd\u0259l\u0259rin\u0259 qatq\u0131 t\u0259min edir, epidermis\u0259 aktiv \u015f\u0259kild\u0259 n\u00fcfuz edir. B\u0259d\u0259n skrab\u0131n\u0131 n\u0259 q\u0259d\u0259r tez-tez istifad\u0259 ed\u0259 bil\u0259r\u0259m: Ovma epidermisin yuxar\u0131 t\u0259b\u0259q\u0259sinin \u00f6l\u00fc h\u00fcceyr\u0259l\u0259rinin a\u015f\u0131nd\u0131r\u0131lmas\u0131 v\u0259 ya a\u015f\u0131nd\u0131r\u0131lmas\u0131 prosesidir. D\u0259rinizi tez-tez &#8220;cavanla\u015fd\u0131rma\u011fa&#8221; c\u0259hd ets\u0259niz, onu qurutmaq riski il\u0259 \u00fczl\u0259\u015firsiniz: a\u015f\u0131nd\u0131rma prosedurlar\u0131 aras\u0131nda tam b\u0259rpa etm\u0259y\u0259 vaxt\u0131n\u0131z olmadan, d\u0259rinin elastikliyinin v\u0259 tonunun vaxt\u0131ndan \u0259vv\u0259l itirilm\u0259sin\u0259 s\u0259b\u0259b ola bil\u0259c\u0259k n\u0259mini aktiv \u015f\u0259kild\u0259 itirm\u0259y\u0259 ba\u015flayacaqs\u0131n\u0131z. b\u0259d\u0259nin. Skrabdan n\u0259 q\u0259d\u0259r istifad\u0259 etm\u0259k d\u0259ri tipinizd\u0259n as\u0131l\u0131d\u0131r: &#8211; Normal d\u0259ri \u00fc\u00e7\u00fcn h\u0259ft\u0259d\u0259 bir v\u0259 ya iki d\u0259f\u0259 kifay\u0259t ed\u0259r. &#8211; Quru v\u0259 h\u0259ssas d\u0259ri sahibl\u0259rin\u0259 10-14 g\u00fcnd\u0259 bir d\u0259f\u0259 skrabdan istifad\u0259 etm\u0259k t\u00f6vsiy\u0259 olunur.<\/p>","protected":false},"excerpt":{"rendered":"<p>B\u0259d\u0259n skrab\u0131 \u0259la d\u0259riy\u0259 qulluq m\u0259hsuludur. D\u0259rinin bax\u0131ml\u0131 v\u0259 sa\u011flam g\u00f6r\u00fcnm\u0259si \u00fc\u00e7\u00fcn vaxta\u015f\u0131r\u0131 t\u0259mizlik prosedurlar\u0131n\u0131n apar\u0131lmas\u0131n\u0131n z\u0259ruri oldu\u011fu \u00e7oxdan m\u0259lumdur. Ya\u011fl\u0131 v\u0259 problemli, x\u00fcsusil\u0259 d\u0259 s\u0259pgil\u0259r\u0259 meylli d\u0259ril\u0259r \u00fc\u00e7\u00fcn \u0259n yax\u015f\u0131 qulluq a\u015f\u0131nd\u0131r\u0131c\u0131 skrab yaradacaq. T\u0259bii a\u015f\u0131nd\u0131r\u0131c\u0131 kompleks m\u0259sam\u0259l\u0259r\u0259 d\u0259rind\u0259n n\u00fcfuz edir, \u00f6l\u00fc h\u00fcceyr\u0259l\u0259ri t\u0259mizl\u0259yir, s\u0131zanaqlar\u0131 yox edir, \u00fcz\u00fcn relyefini hamarla\u015fd\u0131r\u0131r. M\u0259hsulun komponentl\u0259ri d\u0259riy\u0259 parlaql\u0131q &hellip; <a href=\"https:\/\/axtarstore.com\/ru\/product\/disaar-beauty-face-neck-body-skin-scrub-cream-vc-nicotinamide-removes-dead-cells\/\" class=\"more-link\">Continue reading <span class=\"screen-reader-text\">DISAAR BEAUTY Face Neck Body Skin Scrub Cream VC Nicotinamide Removes Dead Cells<\/span><\/a><\/p>","protected":false},"featured_media":7730,"comment_status":"open","ping_status":"closed","template":"","meta":[],"pwb-brand":[172],"product_cat":[129,157,127,146],"product_tag":[300,293,297],"class_list":{"0":"post-7729","1":"product","2":"type-product","3":"status-publish","4":"has-post-thumbnail","6":"pwb-brand-disar","7":"product_cat-beden-baximi","8":"product_cat-body-scrub","9":"product_cat-face-care","10":"product_cat-face-scrub","11":"product_tag-bodycare","12":"product_tag-facecare","13":"product_tag-whitening","14":"pa_size-300grm","17":"instock","18":"shipping-taxable","19":"purchasable","20":"product-type-simple"},"brands":[{"id":172,"name":"Disar","slug":"disar"}],"_links":{"self":[{"href":"https:\/\/axtarstore.com\/ru\/wp-json\/wp\/v2\/product\/7729"}],"collection":[{"href":"https:\/\/axtarstore.com\/ru\/wp-json\/wp\/v2\/product"}],"about":[{"href":"https:\/\/axtarstore.com\/ru\/wp-json\/wp\/v2\/types\/product"}],"replies":[{"embeddable":true,"href":"https:\/\/axtarstore.com\/ru\/wp-json\/wp\/v2\/comments?post=7729"}],"version-history":[{"count":1,"href":"https:\/\/axtarstore.com\/ru\/wp-json\/wp\/v2\/product\/7729\/revisions"}],"predecessor-version":[{"id":7739,"href":"https:\/\/axtarstore.com\/ru\/wp-json\/wp\/v2\/product\/7729\/revisions\/7739"}],"wp:featuredmedia":[{"embeddable":true,"href":"https:\/\/axtarstore.com\/ru\/wp-json\/wp\/v2\/media\/7730"}],"wp:attachment":[{"href":"https:\/\/axtarstore.com\/ru\/wp-json\/wp\/v2\/media?parent=7729"}],"wp:term":[{"taxonomy":"pwb-brand","embeddable":true,"href":"https:\/\/axtarstore.com\/ru\/wp-json\/wp\/v2\/pwb-brand?post=7729"},{"taxonomy":"product_cat","embeddable":true,"href":"https:\/\/axtarstore.com\/ru\/wp-json\/wp\/v2\/product_cat?post=7729"},{"taxonomy":"product_tag","embeddable":true,"href":"https:\/\/axtarstore.com\/ru\/wp-json\/wp\/v2\/product_tag?post=7729"}],"curies":[{"name":"wp","href":"https:\/\/api.w.org\/{rel}","templated":true}]}}