{"id":7701,"date":"2024-12-14T00:19:18","date_gmt":"2024-12-13T20:19:18","guid":{"rendered":"https:\/\/axtarstore.com\/?post_type=product&#038;p=7701"},"modified":"2024-12-14T00:19:18","modified_gmt":"2024-12-13T20:19:18","slug":"disaar-beauty-rose-oil-vitamin-c-cherry-extract-deep-cleansing-regulate-oil-secretion-multi-purpose-soap-reduse-wrinkles","status":"publish","type":"product","link":"https:\/\/axtarstore.com\/ru\/product\/disaar-beauty-rose-oil-vitamin-c-cherry-extract-deep-cleansing-regulate-oil-secretion-multi-purpose-soap-reduse-wrinkles\/","title":{"rendered":"DISAAR Beauty Rose Oil Vitamin C Cherry Extract Deep Cleansing Regulate Oil Secretion Multi-Purpose Soap Reduse Wrinkles"},"content":{"rendered":"<p>X\u00fcsusiyy\u0259tl\u0259r:<\/p>\n<ul>\n<li>Bu sabun \u00e7ubu\u011fu t\u0259bii materiallardan haz\u0131rlanm\u0131\u015fd\u0131r. \u00c7ox t\u0259hl\u00fck\u0259siz, z\u0259rif. T\u0259rkibind\u0259 s\u0259rt madd\u0259l\u0259r v\u0259 \u0259lav\u0259l\u0259r yoxdur.<\/li>\n<li>\u018fl sabunu d\u0259ri tonunu b\u0259rab\u0259rl\u0259\u015fdir\u0259 bil\u0259r. Ya\u015f l\u0259k\u0259l\u0259rinin, \u00e7ill\u0259rin, q\u0131rm\u0131z\u0131 l\u0259k\u0259l\u0259rin v\u0259 dig\u0259r g\u00fcn\u0259\u015f yan\u0131\u011f\u0131 izl\u0259rinin g\u00f6r\u00fcn\u00fc\u015f\u00fcn\u00fc azaltma\u011fa k\u00f6m\u0259k edir.<\/li>\n<li>T\u0259bii sabun d\u0259rini d\u0259rind\u0259n n\u0259ml\u0259ndir\u0259 v\u0259 qidaland\u0131ra bil\u0259r.<\/li>\n<li>D\u0259rini yum\u015faq, elastik v\u0259 parlaq edir.<\/li>\n<li>V\u0259 d\u0259rinizi sa\u011flam v\u0259 g\u00f6z\u0259l saxlay\u0131r.<\/li>\n<li>Sabunumuz \u0259ks\u0259r d\u0259ri tipl\u0259rin\u0259 uy\u011fundur.<\/li>\n<li>G\u00fcnd\u0259lik \u00fcz v\u0259 ya b\u0259d\u0259n yuma kimi istifad\u0259 ed\u0259 bil\u0259rsiniz.<\/li>\n<li>Canland\u0131r\u0131c\u0131 ya\u011f n\u0259zar\u0259ti.<\/li>\n<li>Bu t\u0259bii \u00fczvi sabun \u015firin porta\u011fal ekstrakt\u0131 \u0259sas t\u0259rkib hiss\u0259sidir, d\u0259rini d\u0259rind\u0259n t\u0259mizl\u0259y\u0259rk\u0259n \u015firin porta\u011fal mahiyy\u0259tini \u00e7\u0131xar\u0131r.<\/li>\n<li>D\u0259riy\u0259 Qulluq Sabunu Dirs\u0259k Oynaq D\u0259riy\u0259 Qulluq Sabunu B\u0259d\u0259ni N\u0259ml\u0259ndirir v\u0259 T\u0259mizl\u0259yir<\/li>\n<li>Bu sabun \u00e7ubu\u011fu t\u0259bii materiallardan haz\u0131rlanm\u0131\u015fd\u0131r.<\/li>\n<li>\u00c7ox t\u0259hl\u00fck\u0259siz, z\u0259rif.<\/li>\n<li>T\u0259rkibind\u0259 s\u0259rt madd\u0259l\u0259r v\u0259 \u0259lav\u0259l\u0259r yoxdur.<\/li>\n<li>\u018fl sabunu d\u0259ri tonunu b\u0259rab\u0259rl\u0259\u015fdir\u0259 bil\u0259r.<\/li>\n<li>Ya\u015f l\u0259k\u0259l\u0259rinin, \u00e7ill\u0259rin, q\u0131rm\u0131z\u0131 l\u0259k\u0259l\u0259rin v\u0259 dig\u0259r g\u00fcn\u0259\u015f yan\u0131\u011f\u0131 izl\u0259rinin g\u00f6r\u00fcn\u00fc\u015f\u00fcn\u00fc azaltma\u011fa k\u00f6m\u0259k edir.<\/li>\n<li>T\u0259bii sabun d\u0259rini d\u0259rind\u0259n n\u0259ml\u0259ndir\u0259 v\u0259 qidaland\u0131ra bil\u0259r.<\/li>\n<li>D\u0259rini yum\u015faq, elastik v\u0259 parlaq edir.<\/li>\n<li>V\u0259 d\u0259rinizi sa\u011flam v\u0259 g\u00f6z\u0259l saxlay\u0131r.<\/li>\n<li>Sabunumuz \u0259ks\u0259r d\u0259ri tipl\u0259rin\u0259 uy\u011fundur.<\/li>\n<li>G\u00fcnd\u0259lik \u00fcz v\u0259 ya b\u0259d\u0259n yuma kimi istifad\u0259 ed\u0259 bil\u0259rsiniz. Canland\u0131r\u0131c\u0131 ya\u011f n\u0259zar\u0259ti.<\/li>\n<li>Bu t\u0259bii \u00fczvi sabun \u015firin porta\u011fal ekstrakt\u0131 \u0259sas t\u0259rkib hiss\u0259sidir, d\u0259rini d\u0259rind\u0259n t\u0259mizl\u0259y\u0259rk\u0259n \u015firin porta\u011fal mahiyy\u0259tini \u00e7\u0131xar\u0131r.<\/li>\n<li>D\u0259riy\u0259 Qulluq Sabunu Dirs\u0259k Oynaq D\u0259riy\u0259 Qulluq Sabunu B\u0259d\u0259ni N\u0259ml\u0259ndirir v\u0259 T\u0259mizl\u0259yir<\/li>\n<\/ul>","protected":false},"excerpt":{"rendered":"<p>X\u00fcsusiyy\u0259tl\u0259r: Bu sabun \u00e7ubu\u011fu t\u0259bii materiallardan haz\u0131rlanm\u0131\u015fd\u0131r. \u00c7ox t\u0259hl\u00fck\u0259siz, z\u0259rif. T\u0259rkibind\u0259 s\u0259rt madd\u0259l\u0259r v\u0259 \u0259lav\u0259l\u0259r yoxdur. \u018fl sabunu d\u0259ri tonunu b\u0259rab\u0259rl\u0259\u015fdir\u0259 bil\u0259r. Ya\u015f l\u0259k\u0259l\u0259rinin, \u00e7ill\u0259rin, q\u0131rm\u0131z\u0131 l\u0259k\u0259l\u0259rin v\u0259 dig\u0259r g\u00fcn\u0259\u015f yan\u0131\u011f\u0131 izl\u0259rinin g\u00f6r\u00fcn\u00fc\u015f\u00fcn\u00fc azaltma\u011fa k\u00f6m\u0259k edir. T\u0259bii sabun d\u0259rini d\u0259rind\u0259n n\u0259ml\u0259ndir\u0259 v\u0259 qidaland\u0131ra bil\u0259r. D\u0259rini yum\u015faq, elastik v\u0259 parlaq edir. V\u0259 d\u0259rinizi sa\u011flam v\u0259 g\u00f6z\u0259l &hellip; <a href=\"https:\/\/axtarstore.com\/ru\/product\/disaar-beauty-rose-oil-vitamin-c-cherry-extract-deep-cleansing-regulate-oil-secretion-multi-purpose-soap-reduse-wrinkles\/\" class=\"more-link\">Continue reading <span class=\"screen-reader-text\">DISAAR Beauty Rose Oil Vitamin C Cherry Extract Deep Cleansing Regulate Oil Secretion Multi-Purpose Soap Reduse Wrinkles<\/span><\/a><\/p>","protected":false},"featured_media":7702,"comment_status":"open","ping_status":"closed","template":"","meta":[],"pwb-brand":[172],"product_cat":[127,148],"product_tag":[293,334,325],"class_list":{"0":"post-7701","1":"product","2":"type-product","3":"status-publish","4":"has-post-thumbnail","6":"pwb-brand-disar","7":"product_cat-face-care","8":"product_cat-face-soaps","9":"product_tag-facecare","10":"product_tag-natural-soap","11":"product_tag-vitamin-c","12":"pa_size-100grm","15":"instock","16":"shipping-taxable","17":"purchasable","18":"product-type-simple"},"brands":[{"id":172,"name":"Disar","slug":"disar"}],"_links":{"self":[{"href":"https:\/\/axtarstore.com\/ru\/wp-json\/wp\/v2\/product\/7701"}],"collection":[{"href":"https:\/\/axtarstore.com\/ru\/wp-json\/wp\/v2\/product"}],"about":[{"href":"https:\/\/axtarstore.com\/ru\/wp-json\/wp\/v2\/types\/product"}],"replies":[{"embeddable":true,"href":"https:\/\/axtarstore.com\/ru\/wp-json\/wp\/v2\/comments?post=7701"}],"version-history":[{"count":1,"href":"https:\/\/axtarstore.com\/ru\/wp-json\/wp\/v2\/product\/7701\/revisions"}],"predecessor-version":[{"id":7711,"href":"https:\/\/axtarstore.com\/ru\/wp-json\/wp\/v2\/product\/7701\/revisions\/7711"}],"wp:featuredmedia":[{"embeddable":true,"href":"https:\/\/axtarstore.com\/ru\/wp-json\/wp\/v2\/media\/7702"}],"wp:attachment":[{"href":"https:\/\/axtarstore.com\/ru\/wp-json\/wp\/v2\/media?parent=7701"}],"wp:term":[{"taxonomy":"pwb-brand","embeddable":true,"href":"https:\/\/axtarstore.com\/ru\/wp-json\/wp\/v2\/pwb-brand?post=7701"},{"taxonomy":"product_cat","embeddable":true,"href":"https:\/\/axtarstore.com\/ru\/wp-json\/wp\/v2\/product_cat?post=7701"},{"taxonomy":"product_tag","embeddable":true,"href":"https:\/\/axtarstore.com\/ru\/wp-json\/wp\/v2\/product_tag?post=7701"}],"curies":[{"name":"wp","href":"https:\/\/api.w.org\/{rel}","templated":true}]}}