{"id":7691,"date":"2024-12-14T00:12:22","date_gmt":"2024-12-13T20:12:22","guid":{"rendered":"https:\/\/axtarstore.com\/?post_type=product&#038;p=7691"},"modified":"2026-02-06T22:12:46","modified_gmt":"2026-02-06T18:12:46","slug":"disaar-beauty-snake-oil-stop-hair-remover-body-face-spray-powerful-permanent-painless-inhibitor-shrink-pores-skin-smooth-natural-moisturizing","status":"publish","type":"product","link":"https:\/\/axtarstore.com\/ru\/product\/disaar-beauty-snake-oil-stop-hair-remover-body-face-spray-powerful-permanent-painless-inhibitor-shrink-pores-skin-smooth-natural-moisturizing\/","title":{"rendered":"DISAAR BEAUTY Snake Oil Stop Hair Remover Body Face Spray Powerful Permanent Painless Inhibitor Shrink Pores Skin Smooth Natural Moisturizing"},"content":{"rendered":"<p>X\u00fcsusiyy\u0259tl\u0259r:<\/p>\n<ul>\n<li>\u00dcz, dodaqlar, qoltuqlar, ayaqlar, sin\u0259 v\u0259 t\u00fcyl\u0259rin b\u00f6y\u00fcm\u0259sini effektiv \u015f\u0259kild\u0259 mane\u0259 t\u00f6r\u0259dir.<\/li>\n<li>M\u0259sam\u0259l\u0259ri z\u0259d\u0259l\u0259m\u0259yin, sa\u00e7 v\u0259 d\u0259ri bax\u0131m\u0131n\u0131 mane\u0259 t\u00f6r\u0259d\u0259n ikili t\u0259sir\u0259 malikdir.<\/li>\n<li>t\u00fck\u00a0s\u0131xl\u0131\u011f\u0131n\u0131 v\u0259 aktivliyini azald\u0131r. B\u0259d\u0259n t\u00fckl\u0259rinin daha qal\u0131n v\u0259 t\u00fcndl\u0259\u015fm\u0259sinin qar\u015f\u0131s\u0131n\u0131 al\u0131n.<\/li>\n<li>t\u00fck <span style=\"font-family: Consolas, Monaco, monospace;\"><span style=\"font-family: Consolas, Monaco, monospace;\">v\u0259 <\/span><\/span>t\u00fck\u00a0k\u00f6kl\u0259ri aras\u0131ndak\u0131 \u0259laq\u0259ni tez yum\u015fald\u0131r, m\u0259sam\u0259l\u0259rd\u0259 sa\u00e7lar\u0131n b\u00f6y\u00fcm\u0259sini effektiv \u015f\u0259kild\u0259 mane\u0259 t\u00f6r\u0259dir.<\/li>\n<li>X\u00fcsusi \u0259lav\u0259 edilmi\u015f qar\u0131\u015fqa ya\u011f\u0131 serumu sa\u00e7\u0131n s\u0131xl\u0131\u011f\u0131n\u0131 v\u0259 aktivliyini azald\u0131r.<\/li>\n<li>T\u0259svir: 1. \u00dczd\u0259, dodaqlarda, qoltuqlarda, ayaqlarda, sin\u0259d\u0259 v\u0259 t\u00fckl\u0259rin b\u00f6y\u00fcm\u0259sini effektiv \u015f\u0259kild\u0259 mane\u0259 t\u00f6r\u0259dir.<\/li>\n<li>2. M\u0259sam\u0259l\u0259ri z\u0259d\u0259l\u0259m\u0259yin, sa\u00e7 v\u0259 d\u0259ri bax\u0131m\u0131n\u0131 mane\u0259 t\u00f6r\u0259d\u0259n ikili t\u0259sir\u0259 malikdir.<\/li>\n<li>3. t\u00fck s\u0131xl\u0131\u011f\u0131n\u0131 v\u0259 aktivliyini azald\u0131r. B\u0259d\u0259n t\u00fckl\u0259rinin daha qal\u0131n v\u0259 t\u00fcndl\u0259\u015fm\u0259sinin qar\u015f\u0131s\u0131n\u0131 al\u0131n.<\/li>\n<li>4. t\u00fck <span style=\"font-family: Consolas, Monaco, monospace;\"><span style=\"font-family: Consolas, Monaco, monospace;\">v\u0259 <\/span><\/span>t\u00fck <span style=\"font-family: Consolas, Monaco, monospace;\">k\u00f6k\u00fc aras\u0131ndak\u0131 \u0259laq\u0259ni tez yum\u015fald\u0131r, m\u0259sam\u0259l\u0259rd\u0259 sa\u00e7lar\u0131n b\u00f6y\u00fcm\u0259sini effektiv \u015f\u0259kild\u0259 mane\u0259 t\u00f6r\u0259dir.<\/span><\/li>\n<li>5. X\u00fcsusi \u0259lav\u0259 edilmi\u015f qar\u0131\u015fqa ya\u011f\u0131 serumu t\u00fck s\u0131xl\u0131\u011f\u0131n\u0131 v\u0259 aktivliyini azald\u0131r. 100% yeni keyfiyy\u0259t axtar\u0131\u015f\u0131! Net m\u0259zmun: 30 ml. \u018fsas madd\u0259l\u0259r: \u0130lan ya\u011f\u0131 Centella, biyan, qliserin, g\u0259n\u0259g\u0259r\u00e7\u0259k ya\u011f\u0131, paeonia ekstrakt\u0131. Funksiya: B\u0259d\u0259n t\u00fckl\u0259ri il\u0259 sa\u00e7lar aras\u0131ndak\u0131 t\u0259mas k\u00f6k\u00fcn\u00fc tez yum\u015fald\u0131r, m\u0259sam\u0259l\u0259rd\u0259 t\u00fck b\u00f6y\u00fcm\u0259sini effektiv \u015f\u0259kild\u0259 mane\u0259 t\u00f6r\u0259dir v\u0259 t\u00fck yat\u0131r\u0131lmas\u0131 v\u0259 d\u0259riy\u0259 qulluq kimi ikili funksiyalara malikdir, d\u0259rini hamar, hamar v\u0259 elastik edir. Sa\u00e7 s\u0131xl\u0131\u011f\u0131n\u0131 v\u0259 aktivliyini azaltmaq \u00fc\u00e7\u00fcn x\u00fcsusi olaraq \u0259lav\u0259 edilmi\u015f bitki efir ya\u011flar\u0131. Epilyasiyadan sonra d\u0259rid\u0259 itiril\u0259n qida madd\u0259l\u0259rini tamamlay\u0131r, d\u0259rinin qurumas\u0131n\u0131n qar\u015f\u0131s\u0131n\u0131 al\u0131r v\u0259 d\u0259rini hamar saxlay\u0131r t\u00fck s\u0131xl\u0131\u011f\u0131n\u0131 v\u0259 aktivliyini azald\u0131r. B\u0259d\u0259n t\u00fckl\u0259rinin qal\u0131nla\u015fmas\u0131n\u0131n v\u0259 t\u00fcndl\u0259\u015fm\u0259sinin qar\u015f\u0131s\u0131n\u0131 al\u0131n t\u00fcklar \u00fc\u00e7\u00fcn ilan ya\u011f\u0131 aktiv madd\u0259l\u0259rl\u0259 z\u0259ngin oldu\u011fu \u00fc\u00e7\u00fcn faydal\u0131d\u0131r. T\u0259miz formada istifad\u0259 edil\u0259 bil\u0259r. \u0130lan ya\u011f\u0131, ilan\u0131n d\u0259rialt\u0131 piyidir v\u0259 tamamil\u0259 t\u0259hl\u00fck\u0259sizdir. Yararl\u0131l\u0131q m\u00fcdd\u0259ti: 3 il. Qeydl\u0259r: 1. F\u0259rqli displeyl\u0259r aras\u0131ndak\u0131 f\u0259rql\u0259r\u0259 g\u00f6r\u0259, \u015f\u0259kil elementin h\u0259qiqi r\u0259ngini \u0259ks etdirm\u0259y\u0259 bil\u0259r. Z\u0259hm\u0259t olmasa t\u0259klifiniz\u0259 fikir verm\u0259yin! t\u0259\u015f\u0259kk\u00fcr edir\u0259m. M\u0259hsullara daxildir: 1 * Sa\u00e7lar\u0131 basd\u0131ran sprey.<\/li>\n<\/ul>","protected":false},"excerpt":{"rendered":"<p>X\u00fcsusiyy\u0259tl\u0259r: \u00dcz, dodaqlar, qoltuqlar, ayaqlar, sin\u0259 v\u0259 t\u00fcyl\u0259rin b\u00f6y\u00fcm\u0259sini effektiv \u015f\u0259kild\u0259 mane\u0259 t\u00f6r\u0259dir. M\u0259sam\u0259l\u0259ri z\u0259d\u0259l\u0259m\u0259yin, sa\u00e7 v\u0259 d\u0259ri bax\u0131m\u0131n\u0131 mane\u0259 t\u00f6r\u0259d\u0259n ikili t\u0259sir\u0259 malikdir. t\u00fck\u00a0s\u0131xl\u0131\u011f\u0131n\u0131 v\u0259 aktivliyini azald\u0131r. B\u0259d\u0259n t\u00fckl\u0259rinin daha qal\u0131n v\u0259 t\u00fcndl\u0259\u015fm\u0259sinin qar\u015f\u0131s\u0131n\u0131 al\u0131n. t\u00fck v\u0259 t\u00fck\u00a0k\u00f6kl\u0259ri aras\u0131ndak\u0131 \u0259laq\u0259ni tez yum\u015fald\u0131r, m\u0259sam\u0259l\u0259rd\u0259 sa\u00e7lar\u0131n b\u00f6y\u00fcm\u0259sini effektiv \u015f\u0259kild\u0259 mane\u0259 t\u00f6r\u0259dir. X\u00fcsusi \u0259lav\u0259 edilmi\u015f qar\u0131\u015fqa ya\u011f\u0131 &hellip; <a href=\"https:\/\/axtarstore.com\/ru\/product\/disaar-beauty-snake-oil-stop-hair-remover-body-face-spray-powerful-permanent-painless-inhibitor-shrink-pores-skin-smooth-natural-moisturizing\/\" class=\"more-link\">Continue reading <span class=\"screen-reader-text\">DISAAR BEAUTY Snake Oil Stop Hair Remover Body Face Spray Powerful Permanent Painless Inhibitor Shrink Pores Skin Smooth Natural Moisturizing<\/span><\/a><\/p>","protected":false},"featured_media":7693,"comment_status":"open","ping_status":"closed","template":"","meta":[],"pwb-brand":[172],"product_cat":[129,303],"product_tag":[300,293,360],"class_list":{"0":"post-7691","1":"product","2":"type-product","3":"status-publish","4":"has-post-thumbnail","6":"pwb-brand-disar","7":"product_cat-beden-baximi","8":"product_cat-tuk-tmizlyici","9":"product_tag-bodycare","10":"product_tag-facecare","11":"product_tag-stop-hair","12":"pa_size-30ml","15":"instock","16":"shipping-taxable","17":"purchasable","18":"product-type-simple"},"brands":[{"id":172,"name":"Disar","slug":"disar"}],"_links":{"self":[{"href":"https:\/\/axtarstore.com\/ru\/wp-json\/wp\/v2\/product\/7691"}],"collection":[{"href":"https:\/\/axtarstore.com\/ru\/wp-json\/wp\/v2\/product"}],"about":[{"href":"https:\/\/axtarstore.com\/ru\/wp-json\/wp\/v2\/types\/product"}],"replies":[{"embeddable":true,"href":"https:\/\/axtarstore.com\/ru\/wp-json\/wp\/v2\/comments?post=7691"}],"version-history":[{"count":2,"href":"https:\/\/axtarstore.com\/ru\/wp-json\/wp\/v2\/product\/7691\/revisions"}],"predecessor-version":[{"id":7700,"href":"https:\/\/axtarstore.com\/ru\/wp-json\/wp\/v2\/product\/7691\/revisions\/7700"}],"wp:featuredmedia":[{"embeddable":true,"href":"https:\/\/axtarstore.com\/ru\/wp-json\/wp\/v2\/media\/7693"}],"wp:attachment":[{"href":"https:\/\/axtarstore.com\/ru\/wp-json\/wp\/v2\/media?parent=7691"}],"wp:term":[{"taxonomy":"pwb-brand","embeddable":true,"href":"https:\/\/axtarstore.com\/ru\/wp-json\/wp\/v2\/pwb-brand?post=7691"},{"taxonomy":"product_cat","embeddable":true,"href":"https:\/\/axtarstore.com\/ru\/wp-json\/wp\/v2\/product_cat?post=7691"},{"taxonomy":"product_tag","embeddable":true,"href":"https:\/\/axtarstore.com\/ru\/wp-json\/wp\/v2\/product_tag?post=7691"}],"curies":[{"name":"wp","href":"https:\/\/api.w.org\/{rel}","templated":true}]}}