{"id":7654,"date":"2024-12-13T23:39:29","date_gmt":"2024-12-13T19:39:29","guid":{"rendered":"https:\/\/axtarstore.com\/?post_type=product&#038;p=7654"},"modified":"2024-12-13T23:39:30","modified_gmt":"2024-12-13T19:39:30","slug":"disaar-beauty-pure-collagen-anti-wrinkle-anti-aging-face-serum-sensitive-skin-moisturizing-freckle-replenish-water","status":"publish","type":"product","link":"https:\/\/axtarstore.com\/ru\/product\/disaar-beauty-pure-collagen-anti-wrinkle-anti-aging-face-serum-sensitive-skin-moisturizing-freckle-replenish-water\/","title":{"rendered":"DISAAR BEAUTY Pure Collagen Anti-Wrinkle Anti Aging Face Serum Sensitive Skin Moisturizing Freckle Replenish Water"},"content":{"rendered":"<p>X\u00fcsusiyy\u0259tl\u0259r:<\/p>\n<p>M\u0259hsul su \u00e7at\u0131\u015fmazl\u0131\u011f\u0131 olan d\u0259ri \u00fc\u00e7\u00fcn suyu effektiv \u015f\u0259kild\u0259 doldura v\u0259 ba\u011flaya bil\u0259r. Eyni zamanda, su itkisinin qar\u015f\u0131s\u0131n\u0131 ala bil\u0259r v\u0259 su \u00e7at\u0131\u015fmazl\u0131\u011f\u0131 olan d\u0259rini d\u0259rhal su il\u0259 doldurur v\u0259 n\u0259ml\u0259ndirir.<br \/>\nZ\u0259d\u0259l\u0259nmi\u015f d\u0259ri \u00fc\u00e7\u00fcn: h\u0259ssas d\u0259riy\u0259 qulluq edin v\u0259 d\u0259rinin qoruyucu mexanizmini g\u00fccl\u0259ndirin. K\u00fctik\u00fcld\u0259 n\u0259m saxlamaq qabiliyy\u0259ti azal\u0131r, z\u0259d\u0259l\u0259nmi\u015f d\u0259rini doldurmaq \u00fc\u00e7\u00fcn \u00e7oxlu suya ehtiyac var, d\u0259rini \u00e7ox n\u0259ml\u0259 t\u0259min ed\u0259 bil\u0259r ki, d\u0259ri kifay\u0259t q\u0259d\u0259r n\u0259m al\u0131r v\u0259 d\u0259ri h\u00fcceyr\u0259l\u0259rinin b\u0259rpas\u0131n\u0131 stimulla\u015fd\u0131r\u0131r.<br \/>\nYetkin d\u0259ri \u00fc\u00e7\u00fcn: d\u0259rinin qocalmas\u0131 il\u0259 m\u00fcbariz\u0259 apar\u0131n, inc\u0259 x\u0259ttl\u0259ri hamarlay\u0131n v\u0259 g\u0259nc v\u0259 y\u0131\u011fcam d\u0259rinizi b\u0259rpa edin.<br \/>\nBu m\u0259hsul regenerasiyan\u0131 stimulla\u015fd\u0131ra v\u0259 z\u0259d\u0259l\u0259nmi\u015f d\u0259rini b\u0259rpa ed\u0259 bil\u0259r. Kollagen m\u0259hlulu d\u0259ri problemini k\u00f6k\u00fcnd\u0259n h\u0259ll ed\u0259 bil\u0259r. S\u0131zanaq, l\u0259k\u0259l\u0259r, yaralar v\u0259 \u00e7ap\u0131qlar \u00fc\u00e7\u00fcn g\u00fccl\u00fc duzsuzla\u015fd\u0131rma funksiyas\u0131na malikdir, t\u0259miz v\u0259 daha yum\u015faqd\u0131r.<br \/>\nSalyangoz m\u0259hlulunun y\u00fcks\u0259k konsentrasiyas\u0131 d\u0259ri probleml\u0259rini effektiv \u015f\u0259kild\u0259 h\u0259ll ed\u0259 bil\u0259r, h\u0259ssas d\u0259riy\u0259, h\u0259ddind\u0259n art\u0131q ya\u011f ifraz\u0131na, su \u00e7at\u0131\u015fmazl\u0131\u011f\u0131 olan quru d\u0259riy\u0259, qal\u0131n d\u0259ri m\u0259sam\u0259l\u0259rin\u0259 m\u00fcqavim\u0259t g\u00f6st\u0259r\u0259 bil\u0259r v\u0259 d\u0259riy\u0259 yeni enerji ver\u0259 bil\u0259r.<\/p>\n<p>T\u0259f\u0259rr\u00fcatlar: 1. M\u0259hsul su \u00e7at\u0131\u015fmazl\u0131\u011f\u0131 olan d\u0259ri \u00fc\u00e7\u00fcn suyu effektiv \u015f\u0259kild\u0259 doldura v\u0259 ba\u011flaya bil\u0259r. Eyni zamanda, su itkisinin qar\u015f\u0131s\u0131n\u0131 ala bil\u0259r v\u0259 su \u00e7at\u0131\u015fmazl\u0131\u011f\u0131 olan d\u0259rini d\u0259rhal su il\u0259 doldurur v\u0259 n\u0259ml\u0259ndirir. 2.Z\u0259d\u0259l\u0259nmi\u015f d\u0259ri \u00fc\u00e7\u00fcn: h\u0259ssas d\u0259riy\u0259 qulluq edin v\u0259 d\u0259rinin qoruyucu mexanizmini g\u00fccl\u0259ndirin. K\u00fctik\u00fcld\u0259 n\u0259m saxlamaq qabiliyy\u0259ti azal\u0131r, z\u0259d\u0259l\u0259nmi\u015f d\u0259rinin doldurmaq \u00fc\u00e7\u00fcn \u00e7oxlu suya ehtiyac\u0131 var, d\u0259rini \u00e7ox n\u0259ml\u0259 t\u0259min ed\u0259 bil\u0259r ki, d\u0259ri kifay\u0259t q\u0259d\u0259r n\u0259m al\u0131r v\u0259 d\u0259ri h\u00fcceyr\u0259l\u0259rinin b\u0259rpas\u0131n\u0131 stimulla\u015fd\u0131r\u0131r. 3.Yetkin d\u0259ri \u00fc\u00e7\u00fcn: d\u0259rinin qocalmas\u0131 il\u0259 m\u00fcbariz\u0259 apar\u0131n, inc\u0259 x\u0259ttl\u0259ri hamarlay\u0131n v\u0259 g\u0259nc v\u0259 y\u0131\u011fcam d\u0259rinizi b\u0259rpa edin. 4.Bu m\u0259hsul regenerasiyan\u0131 stimulla\u015fd\u0131ra v\u0259 z\u0259d\u0259l\u0259nmi\u015f d\u0259rini b\u0259rpa ed\u0259 bil\u0259r. Kollagen m\u0259hlulu d\u0259ri problemini k\u00f6k\u00fcnd\u0259n h\u0259ll ed\u0259 bil\u0259r. S\u0131zanaq, l\u0259k\u0259l\u0259r, yaralar v\u0259 \u00e7ap\u0131qlar \u00fc\u00e7\u00fcn g\u00fccl\u00fc duzsuzla\u015fd\u0131rma funksiyas\u0131na malikdir, t\u0259miz v\u0259 daha yum\u015faqd\u0131r. 5.Y\u00fcks\u0259k konsentrasiyal\u0131 salyangoz m\u0259hlulu d\u0259ri probleml\u0259rini effektiv \u015f\u0259kild\u0259 h\u0259ll ed\u0259 bil\u0259r, h\u0259ssas d\u0259riy\u0259, h\u0259ddind\u0259n art\u0131q ya\u011f ifraz\u0131na, su \u00e7at\u0131\u015fmazl\u0131\u011f\u0131 olan quru d\u0259riy\u0259, m\u0259sam\u0259 qal\u0131n d\u0259riy\u0259 m\u00fcqavim\u0259t g\u00f6st\u0259r\u0259 bil\u0259r v\u0259 d\u0259riy\u0259 yeni enerji ver\u0259 bil\u0259r.<\/p>","protected":false},"excerpt":{"rendered":"<p>X\u00fcsusiyy\u0259tl\u0259r: M\u0259hsul su \u00e7at\u0131\u015fmazl\u0131\u011f\u0131 olan d\u0259ri \u00fc\u00e7\u00fcn suyu effektiv \u015f\u0259kild\u0259 doldura v\u0259 ba\u011flaya bil\u0259r. Eyni zamanda, su itkisinin qar\u015f\u0131s\u0131n\u0131 ala bil\u0259r v\u0259 su \u00e7at\u0131\u015fmazl\u0131\u011f\u0131 olan d\u0259rini d\u0259rhal su il\u0259 doldurur v\u0259 n\u0259ml\u0259ndirir. Z\u0259d\u0259l\u0259nmi\u015f d\u0259ri \u00fc\u00e7\u00fcn: h\u0259ssas d\u0259riy\u0259 qulluq edin v\u0259 d\u0259rinin qoruyucu mexanizmini g\u00fccl\u0259ndirin. K\u00fctik\u00fcld\u0259 n\u0259m saxlamaq qabiliyy\u0259ti azal\u0131r, z\u0259d\u0259l\u0259nmi\u015f d\u0259rini doldurmaq \u00fc\u00e7\u00fcn \u00e7oxlu suya &hellip; <a href=\"https:\/\/axtarstore.com\/ru\/product\/disaar-beauty-pure-collagen-anti-wrinkle-anti-aging-face-serum-sensitive-skin-moisturizing-freckle-replenish-water\/\" class=\"more-link\">Continue reading <span class=\"screen-reader-text\">DISAAR BEAUTY Pure Collagen Anti-Wrinkle Anti Aging Face Serum Sensitive Skin Moisturizing Freckle Replenish Water<\/span><\/a><\/p>","protected":false},"featured_media":7655,"comment_status":"open","ping_status":"closed","template":"","meta":[],"pwb-brand":[172],"product_cat":[127,143],"product_tag":[328,354,333,353,293],"class_list":{"0":"post-7654","1":"product","2":"type-product","3":"status-publish","4":"has-post-thumbnail","6":"pwb-brand-disar","7":"product_cat-face-care","8":"product_cat-face-serum","9":"product_tag-anti-wrinkle","10":"product_tag-collagen-serum","11":"product_tag-face-moisturiser","12":"product_tag-face-serum","13":"product_tag-facecare","14":"pa_size-30ml","17":"instock","18":"shipping-taxable","19":"purchasable","20":"product-type-simple"},"brands":[{"id":172,"name":"Disar","slug":"disar"}],"_links":{"self":[{"href":"https:\/\/axtarstore.com\/ru\/wp-json\/wp\/v2\/product\/7654"}],"collection":[{"href":"https:\/\/axtarstore.com\/ru\/wp-json\/wp\/v2\/product"}],"about":[{"href":"https:\/\/axtarstore.com\/ru\/wp-json\/wp\/v2\/types\/product"}],"replies":[{"embeddable":true,"href":"https:\/\/axtarstore.com\/ru\/wp-json\/wp\/v2\/comments?post=7654"}],"version-history":[{"count":1,"href":"https:\/\/axtarstore.com\/ru\/wp-json\/wp\/v2\/product\/7654\/revisions"}],"predecessor-version":[{"id":7662,"href":"https:\/\/axtarstore.com\/ru\/wp-json\/wp\/v2\/product\/7654\/revisions\/7662"}],"wp:featuredmedia":[{"embeddable":true,"href":"https:\/\/axtarstore.com\/ru\/wp-json\/wp\/v2\/media\/7655"}],"wp:attachment":[{"href":"https:\/\/axtarstore.com\/ru\/wp-json\/wp\/v2\/media?parent=7654"}],"wp:term":[{"taxonomy":"pwb-brand","embeddable":true,"href":"https:\/\/axtarstore.com\/ru\/wp-json\/wp\/v2\/pwb-brand?post=7654"},{"taxonomy":"product_cat","embeddable":true,"href":"https:\/\/axtarstore.com\/ru\/wp-json\/wp\/v2\/product_cat?post=7654"},{"taxonomy":"product_tag","embeddable":true,"href":"https:\/\/axtarstore.com\/ru\/wp-json\/wp\/v2\/product_tag?post=7654"}],"curies":[{"name":"wp","href":"https:\/\/api.w.org\/{rel}","templated":true}]}}