{"id":7644,"date":"2024-12-13T23:32:38","date_gmt":"2024-12-13T19:32:38","guid":{"rendered":"https:\/\/axtarstore.com\/?post_type=product&#038;p=7644"},"modified":"2024-12-13T23:34:33","modified_gmt":"2024-12-13T19:34:33","slug":"disaar-beauty-skincare-vitamin-c-facial-wash-foam-hyaluronic-acid-berry-glutathione-moisturizing-cleaning-anti-acne-oil-control-essence","status":"publish","type":"product","link":"https:\/\/axtarstore.com\/ru\/product\/disaar-beauty-skincare-vitamin-c-facial-wash-foam-hyaluronic-acid-berry-glutathione-moisturizing-cleaning-anti-acne-oil-control-essence\/","title":{"rendered":"DISAAR Beauty Skincare Vitamin C Facial Wash Foam Hyaluronic Acid Berry Glutathione Moisturizing Cleaning Anti-Acne Oil Control Essence"},"content":{"rendered":"<p>X\u00fcsusiyy\u0259tl\u0259r:<\/p>\n<p>Bu m\u0259hsul t\u0259rav\u0259tl\u0259ndirm\u0259k \u00fc\u00e7\u00fcn Vitamin C \u0259sasl\u0131 essensiya il\u0259 z\u0259nginl\u0259\u015fdirilmi\u015fdir<br \/>\nM\u0259sam\u0259l\u0259ri d\u0259rind\u0259n effektiv \u015f\u0259kild\u0259 t\u0259mizl\u0259m\u0259k \u00fc\u00e7\u00fcn z\u0259rif v\u0259 s\u0131x k\u00f6p\u00fck t\u0259klif edir<br \/>\nYa\u011f, kir v\u0259 makiyaj qal\u0131qlar\u0131n\u0131 udmaq. z\u0259d\u0259l\u0259nmi\u015f d\u0259rini b\u0259rpa edin<br \/>\nQ\u0131r\u0131\u015flar\u0131 azald\u0131r, antioksidantlar\u0131n \u0259m\u0259l\u0259 g\u0259lm\u0259sini t\u0259\u015fviq edir v\u0259 d\u0259rini qoruyur, onu parlaq, n\u0259ml\u0259nmi\u015f v\u0259 g\u0259rginlikd\u0259n azad edir.<\/p>\n<p>T\u0259f\u0259rr\u00fcatlar: Bu m\u0259hsul t\u0259rav\u0259tl\u0259ndirm\u0259k \u00fc\u00e7\u00fcn Vitamin C \u0259sasl\u0131 mahiyy\u0259tl\u0259 z\u0259nginl\u0259\u015fdirilmi\u015fdir v\u0259 m\u0259sam\u0259l\u0259ri effektiv \u015f\u0259kild\u0259 d\u0259rind\u0259n t\u0259mizl\u0259m\u0259k, ya\u011f, kir v\u0259 makiyaj qal\u0131qlar\u0131n\u0131 udmaq \u00fc\u00e7\u00fcn z\u0259rif v\u0259 s\u0131x k\u00f6p\u00fck t\u0259klif edir. z\u0259d\u0259l\u0259nmi\u015f d\u0259rini b\u0259rpa edir, q\u0131r\u0131\u015flar\u0131 azald\u0131r, antioksidantlar\u0131n \u0259m\u0259l\u0259 g\u0259lm\u0259sini t\u0259\u015fviq edir v\u0259 d\u0259rini qoruyur, onu parlaq, n\u0259ml\u0259ndirir v\u0259 g\u0259rginlikd\u0259n azad edir. \u0130stifad\u0259si: \u00dcz\u00fcn\u00fcz\u00fc n\u0259ml\u0259ndirin, laz\u0131mi miqdarda bu m\u0259hsulu ovucunuza qoyun, su \u0259lav\u0259 edin, k\u00f6p\u00fck yaratmaq \u00fc\u00e7\u00fcn yum\u015faq bir \u015f\u0259kild\u0259 s\u00fcrt\u00fcn, \u00fcz\u00fcn\u00fcz\u0259 b\u0259rab\u0259r \u015f\u0259kild\u0259 \u00e7\u0259kin v\u0259 dair\u0259vi h\u0259r\u0259k\u0259tl\u0259rl\u0259 bir m\u00fcdd\u0259t masaj edin. T\u0259miz su il\u0259 yuyun. T\u0259rkibi: Su, stearik tur\u015fusu, sorbitol, miristik tur\u015fusu, palmitik tur\u015fusu, laurik tur\u015fusu, kalium hidroksid, qliserin, kokamid dea, kokamid mea, PEG &#8211; 150 distearat, qlikol distearat, qlikol distearat, cetedrox25, Hidroksistear tur\u015fusu, hidroksipropil metilsel\u00fcloz. 3-0 &#8211; Etil askorbin tur\u015fusu , Metilparaben , Propilparaben , Disodium Edta , \u018ftir<\/p>","protected":false},"excerpt":{"rendered":"<p>X\u00fcsusiyy\u0259tl\u0259r: Bu m\u0259hsul t\u0259rav\u0259tl\u0259ndirm\u0259k \u00fc\u00e7\u00fcn Vitamin C \u0259sasl\u0131 essensiya il\u0259 z\u0259nginl\u0259\u015fdirilmi\u015fdir M\u0259sam\u0259l\u0259ri d\u0259rind\u0259n effektiv \u015f\u0259kild\u0259 t\u0259mizl\u0259m\u0259k \u00fc\u00e7\u00fcn z\u0259rif v\u0259 s\u0131x k\u00f6p\u00fck t\u0259klif edir Ya\u011f, kir v\u0259 makiyaj qal\u0131qlar\u0131n\u0131 udmaq. z\u0259d\u0259l\u0259nmi\u015f d\u0259rini b\u0259rpa edin Q\u0131r\u0131\u015flar\u0131 azald\u0131r, antioksidantlar\u0131n \u0259m\u0259l\u0259 g\u0259lm\u0259sini t\u0259\u015fviq edir v\u0259 d\u0259rini qoruyur, onu parlaq, n\u0259ml\u0259nmi\u015f v\u0259 g\u0259rginlikd\u0259n azad edir. T\u0259f\u0259rr\u00fcatlar: Bu m\u0259hsul t\u0259rav\u0259tl\u0259ndirm\u0259k \u00fc\u00e7\u00fcn &hellip; <a href=\"https:\/\/axtarstore.com\/ru\/product\/disaar-beauty-skincare-vitamin-c-facial-wash-foam-hyaluronic-acid-berry-glutathione-moisturizing-cleaning-anti-acne-oil-control-essence\/\" class=\"more-link\">Continue reading <span class=\"screen-reader-text\">DISAAR Beauty Skincare Vitamin C Facial Wash Foam Hyaluronic Acid Berry Glutathione Moisturizing Cleaning Anti-Acne Oil Control Essence<\/span><\/a><\/p>","protected":false},"featured_media":7646,"comment_status":"open","ping_status":"closed","template":"","meta":[],"pwb-brand":[172],"product_cat":[149,127,147],"product_tag":[323,293,325,297],"class_list":{"0":"post-7644","1":"product","2":"type-product","3":"status-publish","4":"has-post-thumbnail","6":"pwb-brand-disar","7":"product_cat-makeup-remover","8":"product_cat-face-care","9":"product_cat-face-wash","10":"product_tag-face-wash","11":"product_tag-facecare","12":"product_tag-vitamin-c","13":"product_tag-whitening","14":"pa_size-100ml","17":"instock","18":"shipping-taxable","19":"purchasable","20":"product-type-simple"},"brands":[{"id":172,"name":"Disar","slug":"disar"}],"_links":{"self":[{"href":"https:\/\/axtarstore.com\/ru\/wp-json\/wp\/v2\/product\/7644"}],"collection":[{"href":"https:\/\/axtarstore.com\/ru\/wp-json\/wp\/v2\/product"}],"about":[{"href":"https:\/\/axtarstore.com\/ru\/wp-json\/wp\/v2\/types\/product"}],"replies":[{"embeddable":true,"href":"https:\/\/axtarstore.com\/ru\/wp-json\/wp\/v2\/comments?post=7644"}],"version-history":[{"count":1,"href":"https:\/\/axtarstore.com\/ru\/wp-json\/wp\/v2\/product\/7644\/revisions"}],"predecessor-version":[{"id":7645,"href":"https:\/\/axtarstore.com\/ru\/wp-json\/wp\/v2\/product\/7644\/revisions\/7645"}],"wp:featuredmedia":[{"embeddable":true,"href":"https:\/\/axtarstore.com\/ru\/wp-json\/wp\/v2\/media\/7646"}],"wp:attachment":[{"href":"https:\/\/axtarstore.com\/ru\/wp-json\/wp\/v2\/media?parent=7644"}],"wp:term":[{"taxonomy":"pwb-brand","embeddable":true,"href":"https:\/\/axtarstore.com\/ru\/wp-json\/wp\/v2\/pwb-brand?post=7644"},{"taxonomy":"product_cat","embeddable":true,"href":"https:\/\/axtarstore.com\/ru\/wp-json\/wp\/v2\/product_cat?post=7644"},{"taxonomy":"product_tag","embeddable":true,"href":"https:\/\/axtarstore.com\/ru\/wp-json\/wp\/v2\/product_tag?post=7644"}],"curies":[{"name":"wp","href":"https:\/\/api.w.org\/{rel}","templated":true}]}}