{"id":7611,"date":"2024-12-13T23:17:55","date_gmt":"2024-12-13T19:17:55","guid":{"rendered":"https:\/\/axtarstore.com\/?post_type=product&#038;p=7611"},"modified":"2024-12-18T23:29:59","modified_gmt":"2024-12-18T19:29:59","slug":"aichun-beauty-peeling-gel-face-body-removes-skin-aging-keratine-deep-cleaning-moisturizing-refresh-skin-smooth","status":"publish","type":"product","link":"https:\/\/axtarstore.com\/ru\/product\/aichun-beauty-peeling-gel-face-body-removes-skin-aging-keratine-deep-cleaning-moisturizing-refresh-skin-smooth\/","title":{"rendered":"AICHUN BEAUTY Peeling Gel Face Body Removes Skin Aging Keratine Deep Cleaning Moisturizing Refresh Skin Smooth"},"content":{"rendered":"<p>X\u00fcsusiyy\u0259tl\u0259r:<\/p>\n<p>D\u0259rinin \u00f6z\u00fcn\u00fc b\u0259rpa etm\u0259 qabiliyy\u0259tini yax\u015f\u0131la\u015fd\u0131r\u0131n.<br \/>\nD\u0259rid\u0259ki kirl\u0259ri \u00e7\u0131xar\u0131n v\u0259 m\u0259sam\u0259l\u0259ri t\u0259mizl\u0259yin.<br \/>\nMelaninin duzsuzla\u015fd\u0131r\u0131lmas\u0131 v\u0259 t\u00fcnd sar\u0131 r\u0259ngin \u00e7\u0131xar\u0131lmas\u0131.<br \/>\nAbsorbsiyan\u0131 yax\u015f\u0131la\u015fd\u0131r\u0131n v\u0259 d\u0259rini b\u0259rpa edin. Buynuzlu m\u0259sam\u0259l\u0259ri \u00e7\u0131xar\u0131n v\u0259 darald\u0131n.<br \/>\nBu m\u0259hsulun t\u0259rkibind\u0259 m\u00fcxt\u0259lif ekstraktlar oldu\u011fu \u00fc\u00e7\u00fcn d\u0259rini soyduqdan sonra s\u0131x\u0131lmadan n\u0259m v\u0259 parlaq olma\u011fa k\u00f6m\u0259k edir.<br \/>\nT\u0259f\u0259rr\u00fcatlar: Gel-pilinq d\u0259rinin s\u0259thind\u0259n \u00f6l\u00fc h\u00fcceyr\u0259l\u0259ri \u00e7\u0131xararaq \u00fcz\u00fcn d\u0259risini t\u0259mizl\u0259m\u0259k \u00fc\u00e7\u00fcn n\u0259z\u0259rd\u0259 tutulmu\u015fdur, s\u0131zanaqlar\u0131 yox edir. T\u0259bii ekstraktlar, n\u0259ml\u0259ndirici essensiyalar say\u0259sind\u0259 pilinq t\u0131xanm\u0131\u015f m\u0259sam\u0259l\u0259ri d\u0259rind\u0259n t\u0259mizl\u0259yir, s\u0131zanaqlar\u0131n miqdar\u0131n\u0131 azald\u0131r. T\u0259tbiq etdikd\u0259n sonra d\u0259riniz daha yum\u015faq, hamar v\u0259 yenil\u0259n\u0259c\u0259kdir. Bu m\u0259hsulun t\u0259rkibind\u0259 m\u00fcxt\u0259lif ekstraktlar oldu\u011fu \u00fc\u00e7\u00fcn d\u0259rini soyduqdan sonra s\u0131x\u0131lmadan n\u0259m v\u0259 parlaq olma\u011fa k\u00f6m\u0259k edir. X\u00fcsusiyy\u0259t: D\u0259rinin \u00f6z\u00fcn\u00fc b\u0259rpa etm\u0259 qabiliyy\u0259tini art\u0131r\u0131r. D\u0259rid\u0259ki kirl\u0259ri \u00e7\u0131xar\u0131n v\u0259 m\u0259sam\u0259l\u0259ri t\u0259mizl\u0259yin. Melaninin duzsuzla\u015fd\u0131r\u0131lmas\u0131 v\u0259 t\u00fcnd sar\u0131 r\u0259ngin \u00e7\u0131xar\u0131lmas\u0131. Absorbsiyan\u0131 yax\u015f\u0131la\u015fd\u0131r\u0131n v\u0259 d\u0259rini b\u0259rpa edin. Buynuzlu m\u0259sam\u0259l\u0259ri \u00e7\u0131xar\u0131n v\u0259 darald\u0131n. \u0130stifad\u0259si: D\u0259rini quru saxlay\u0131n. B\u0259rab\u0259r s\u00fcrt\u00fcn, t\u0259xmin\u0259n 30 saniy\u0259 saxlay\u0131n. D\u0259rini bir d\u0259qiq\u0259 dair\u0259vi masaj edin. \u00d6l\u00fc d\u0259ri v\u0259 kir \u00e7\u00f6l\u0259 \u00e7\u0131x\u0131r.<\/p>","protected":false},"excerpt":{"rendered":"<p>X\u00fcsusiyy\u0259tl\u0259r: D\u0259rinin \u00f6z\u00fcn\u00fc b\u0259rpa etm\u0259 qabiliyy\u0259tini yax\u015f\u0131la\u015fd\u0131r\u0131n. D\u0259rid\u0259ki kirl\u0259ri \u00e7\u0131xar\u0131n v\u0259 m\u0259sam\u0259l\u0259ri t\u0259mizl\u0259yin. Melaninin duzsuzla\u015fd\u0131r\u0131lmas\u0131 v\u0259 t\u00fcnd sar\u0131 r\u0259ngin \u00e7\u0131xar\u0131lmas\u0131. Absorbsiyan\u0131 yax\u015f\u0131la\u015fd\u0131r\u0131n v\u0259 d\u0259rini b\u0259rpa edin. Buynuzlu m\u0259sam\u0259l\u0259ri \u00e7\u0131xar\u0131n v\u0259 darald\u0131n. Bu m\u0259hsulun t\u0259rkibind\u0259 m\u00fcxt\u0259lif ekstraktlar oldu\u011fu \u00fc\u00e7\u00fcn d\u0259rini soyduqdan sonra s\u0131x\u0131lmadan n\u0259m v\u0259 parlaq olma\u011fa k\u00f6m\u0259k edir. T\u0259f\u0259rr\u00fcatlar: Gel-pilinq d\u0259rinin s\u0259thind\u0259n \u00f6l\u00fc h\u00fcceyr\u0259l\u0259ri \u00e7\u0131xararaq &hellip; <a href=\"https:\/\/axtarstore.com\/ru\/product\/aichun-beauty-peeling-gel-face-body-removes-skin-aging-keratine-deep-cleaning-moisturizing-refresh-skin-smooth\/\" class=\"more-link\">Continue reading <span class=\"screen-reader-text\">AICHUN BEAUTY Peeling Gel Face Body Removes Skin Aging Keratine Deep Cleaning Moisturizing Refresh Skin Smooth<\/span><\/a><\/p>","protected":false},"featured_media":7624,"comment_status":"open","ping_status":"closed","template":"","meta":[],"pwb-brand":[173],"product_cat":[127,351],"product_tag":[294,333,293,352,297],"class_list":{"0":"post-7611","1":"product","2":"type-product","3":"status-publish","4":"has-post-thumbnail","6":"pwb-brand-aichun-beauty","7":"product_cat-face-care","8":"product_cat-uz-peeling-gell","9":"product_tag-face","10":"product_tag-face-moisturiser","11":"product_tag-facecare","12":"product_tag-peeling-gell","13":"product_tag-whitening","14":"pa_aichun-beauty-peeling-gell-24k-pure-gold-peeling-gell","15":"pa_aichun-beauty-peeling-gell-arabic-cofee-peeling-gell","16":"pa_aichun-beauty-peeling-gell-argan-oil-peeling-gell","17":"pa_aichun-beauty-peeling-gell-bamboo-charchoal-peeling-gell","18":"pa_aichun-beauty-peeling-gell-snail-peeling-gell","19":"pa_aichun-beauty-peeling-gell-snake-oil-peelig-gell","20":"pa_size-100ml","23":"instock","24":"shipping-taxable","25":"purchasable","26":"product-type-variable","27":"has-default-attributes"},"brands":[{"id":173,"name":"Aichun Beauty","slug":"aichun-beauty"}],"_links":{"self":[{"href":"https:\/\/axtarstore.com\/ru\/wp-json\/wp\/v2\/product\/7611"}],"collection":[{"href":"https:\/\/axtarstore.com\/ru\/wp-json\/wp\/v2\/product"}],"about":[{"href":"https:\/\/axtarstore.com\/ru\/wp-json\/wp\/v2\/types\/product"}],"replies":[{"embeddable":true,"href":"https:\/\/axtarstore.com\/ru\/wp-json\/wp\/v2\/comments?post=7611"}],"version-history":[{"count":2,"href":"https:\/\/axtarstore.com\/ru\/wp-json\/wp\/v2\/product\/7611\/revisions"}],"predecessor-version":[{"id":8001,"href":"https:\/\/axtarstore.com\/ru\/wp-json\/wp\/v2\/product\/7611\/revisions\/8001"}],"wp:featuredmedia":[{"embeddable":true,"href":"https:\/\/axtarstore.com\/ru\/wp-json\/wp\/v2\/media\/7624"}],"wp:attachment":[{"href":"https:\/\/axtarstore.com\/ru\/wp-json\/wp\/v2\/media?parent=7611"}],"wp:term":[{"taxonomy":"pwb-brand","embeddable":true,"href":"https:\/\/axtarstore.com\/ru\/wp-json\/wp\/v2\/pwb-brand?post=7611"},{"taxonomy":"product_cat","embeddable":true,"href":"https:\/\/axtarstore.com\/ru\/wp-json\/wp\/v2\/product_cat?post=7611"},{"taxonomy":"product_tag","embeddable":true,"href":"https:\/\/axtarstore.com\/ru\/wp-json\/wp\/v2\/product_tag?post=7611"}],"curies":[{"name":"wp","href":"https:\/\/api.w.org\/{rel}","templated":true}]}}