{"id":7593,"date":"2024-12-13T22:33:36","date_gmt":"2024-12-13T18:33:36","guid":{"rendered":"https:\/\/axtarstore.com\/?post_type=product&#038;p=7593"},"modified":"2024-12-13T22:33:36","modified_gmt":"2024-12-13T18:33:36","slug":"aichun-beauty-24k-gold-caviar-peel-off-mask-mask-face-rejuvenation-moisturizing","status":"publish","type":"product","link":"https:\/\/axtarstore.com\/ru\/product\/aichun-beauty-24k-gold-caviar-peel-off-mask-mask-face-rejuvenation-moisturizing\/","title":{"rendered":"AICHUN BEAUTY 24K Gold Caviar Peel off Mask Mask Face Rejuvenation Moisturizing"},"content":{"rendered":"<p>X\u00fcsusiyy\u0259tl\u0259r:<\/p>\n<p>Aichun Whitening Gold Caviar Peel Off Maskas\u0131 \u00dcz Cavanla\u015fd\u0131r\u0131c\u0131 N\u0259ml\u0259ndirici<br \/>\nX\u00fcsusiyy\u0259tl\u0259r: 150ml.<\/p>\n<p>D\u0259ri \u00fc\u00e7\u00fcn uy\u011fundur: b\u00fct\u00fcn d\u0259ri tipl\u0259ri.<\/p>\n<p>T\u0259siri: D\u0259rinin elastikliyini v\u0259 g\u0259ncliyini b\u0259rpa edir. N\u0259ml\u0259ndirici.<br \/>\n\u0130stifad\u0259d\u0259n \u0259vv\u0259l: d\u0259ri nisb\u0259t\u0259n quru v\u0259 sol\u011fundur. \u0130stifad\u0259d\u0259n sonra: d\u0259ri parlaq v\u0259 n\u0259ml\u0259nir. D\u0259rinin elastikliyini yax\u015f\u0131la\u015fd\u0131r\u0131r.<br \/>\n\u0130stifad\u0259d\u0259n \u0259vv\u0259l: kobud d\u0259ri, geni\u015fl\u0259nmi\u015f m\u0259sam\u0259l\u0259r. \u0130stifad\u0259d\u0259n sonra: yum\u015faq hamar v\u0259 parlaq d\u0259ri.<br \/>\nT\u0259f\u0259rr\u00fcatlar: Elastik d\u0259rinin sirl\u0259rini k\u0259\u015ff edin. 24K maye q\u0131z\u0131l\u0131 il\u0259 soyulan maska. D\u0259rinin elastikliyini t\u0259min edir. \u0130nc\u0259 x\u0259ttl\u0259ri yox edir. Hamar, z\u0259rif v\u0259 parlaq d\u0259ri. \u0130stifad\u0259y\u0259 g\u00f6st\u0259ri\u015fl\u0259r: D\u0259riniz \u0259traf m\u00fchitin t\u0259sirind\u0259n v\u0259 ya\u015f d\u0259yi\u015fiklikl\u0259rind\u0259n \u0259ziyy\u0259t \u00e7\u0259kir!<\/p>\n<p>M\u0259hsul haqq\u0131nda:24K q\u0131z\u0131l soyulan maska. D\u0259ri \u00fc\u00e7\u00fcn uy\u011fundur: b\u00fct\u00fcn d\u0259ri tipl\u0259ri. T\u0259siri: D\u0259rinin elastikliyini v\u0259 g\u0259ncliyini b\u0259rpa edir. N\u0259ml\u0259ndirici. \u0130stifad\u0259d\u0259n \u0259vv\u0259l: d\u0259ri nisb\u0259t\u0259n quru v\u0259 sol\u011fundur. \u0130stifad\u0259d\u0259n sonra: d\u0259ri parlaq v\u0259 n\u0259ml\u0259nir. D\u0259rinin elastikliyini yax\u015f\u0131la\u015fd\u0131r\u0131r. \u0130stifad\u0259d\u0259n \u0259vv\u0259l: d\u0259ri sallan\u0131r, q\u0131r\u0131\u015flar g\u00f6r\u00fcn\u00fcr. \u0130stifad\u0259d\u0259n sonra: d\u0259ri yum\u015faq v\u0259 elastik olur. D\u0259rinin b\u0259rpas\u0131. \u0130stifad\u0259d\u0259n \u0259vv\u0259l: kobud d\u0259ri, geni\u015fl\u0259nmi\u015f m\u0259sam\u0259l\u0259r. \u0130stifad\u0259d\u0259n sonra: yum\u015faq hamar v\u0259 parlaq d\u0259ri. T\u0259f\u0259rr\u00fcatlar: Elastik d\u0259rinin sirl\u0259rini k\u0259\u015ff edin. 24K maye q\u0131z\u0131l\u0131 il\u0259 soyulan maska. D\u0259rinin elastikliyini t\u0259min edir. \u0130nc\u0259 x\u0259ttl\u0259ri yox edir. Hamar, z\u0259rif v\u0259 parlaq d\u0259ri. \u0130stifad\u0259y\u0259 g\u00f6st\u0259ri\u015fl\u0259r: D\u0259riniz \u0259traf m\u00fchitin t\u0259sirind\u0259n v\u0259 ya\u015f d\u0259yi\u015fiklikl\u0259rind\u0259n \u0259ziyy\u0259t \u00e7\u0259kir! Quru d\u0259ri. S\u0131xl\u0131q. Kobudluq v\u0259 sol\u011funluq. Hidrolipid balans\u0131n\u0131n pozulmas\u0131. Q\u0131r\u0131\u015flar.<\/p>","protected":false},"excerpt":{"rendered":"<p>X\u00fcsusiyy\u0259tl\u0259r: Aichun Whitening Gold Caviar Peel Off Maskas\u0131 \u00dcz Cavanla\u015fd\u0131r\u0131c\u0131 N\u0259ml\u0259ndirici X\u00fcsusiyy\u0259tl\u0259r: 150ml. D\u0259ri \u00fc\u00e7\u00fcn uy\u011fundur: b\u00fct\u00fcn d\u0259ri tipl\u0259ri. T\u0259siri: D\u0259rinin elastikliyini v\u0259 g\u0259ncliyini b\u0259rpa edir. N\u0259ml\u0259ndirici. \u0130stifad\u0259d\u0259n \u0259vv\u0259l: d\u0259ri nisb\u0259t\u0259n quru v\u0259 sol\u011fundur. \u0130stifad\u0259d\u0259n sonra: d\u0259ri parlaq v\u0259 n\u0259ml\u0259nir. D\u0259rinin elastikliyini yax\u015f\u0131la\u015fd\u0131r\u0131r. \u0130stifad\u0259d\u0259n \u0259vv\u0259l: kobud d\u0259ri, geni\u015fl\u0259nmi\u015f m\u0259sam\u0259l\u0259r. \u0130stifad\u0259d\u0259n sonra: yum\u015faq hamar v\u0259 parlaq &hellip; <a href=\"https:\/\/axtarstore.com\/ru\/product\/aichun-beauty-24k-gold-caviar-peel-off-mask-mask-face-rejuvenation-moisturizing\/\" class=\"more-link\">Continue reading <span class=\"screen-reader-text\">AICHUN BEAUTY 24K Gold Caviar Peel off Mask Mask Face Rejuvenation Moisturizing<\/span><\/a><\/p>","protected":false},"featured_media":7594,"comment_status":"open","ping_status":"closed","template":"","meta":[],"pwb-brand":[173],"product_cat":[127,145],"product_tag":[328,343,293,297],"class_list":{"0":"post-7593","1":"product","2":"type-product","3":"status-publish","4":"has-post-thumbnail","6":"pwb-brand-aichun-beauty","7":"product_cat-face-care","8":"product_cat-face-masks","9":"product_tag-anti-wrinkle","10":"product_tag-face-mask","11":"product_tag-facecare","12":"product_tag-whitening","13":"pa_size-150ml","16":"instock","17":"shipping-taxable","18":"purchasable","19":"product-type-simple"},"brands":[{"id":173,"name":"Aichun Beauty","slug":"aichun-beauty"}],"_links":{"self":[{"href":"https:\/\/axtarstore.com\/ru\/wp-json\/wp\/v2\/product\/7593"}],"collection":[{"href":"https:\/\/axtarstore.com\/ru\/wp-json\/wp\/v2\/product"}],"about":[{"href":"https:\/\/axtarstore.com\/ru\/wp-json\/wp\/v2\/types\/product"}],"replies":[{"embeddable":true,"href":"https:\/\/axtarstore.com\/ru\/wp-json\/wp\/v2\/comments?post=7593"}],"version-history":[{"count":1,"href":"https:\/\/axtarstore.com\/ru\/wp-json\/wp\/v2\/product\/7593\/revisions"}],"predecessor-version":[{"id":7601,"href":"https:\/\/axtarstore.com\/ru\/wp-json\/wp\/v2\/product\/7593\/revisions\/7601"}],"wp:featuredmedia":[{"embeddable":true,"href":"https:\/\/axtarstore.com\/ru\/wp-json\/wp\/v2\/media\/7594"}],"wp:attachment":[{"href":"https:\/\/axtarstore.com\/ru\/wp-json\/wp\/v2\/media?parent=7593"}],"wp:term":[{"taxonomy":"pwb-brand","embeddable":true,"href":"https:\/\/axtarstore.com\/ru\/wp-json\/wp\/v2\/pwb-brand?post=7593"},{"taxonomy":"product_cat","embeddable":true,"href":"https:\/\/axtarstore.com\/ru\/wp-json\/wp\/v2\/product_cat?post=7593"},{"taxonomy":"product_tag","embeddable":true,"href":"https:\/\/axtarstore.com\/ru\/wp-json\/wp\/v2\/product_tag?post=7593"}],"curies":[{"name":"wp","href":"https:\/\/api.w.org\/{rel}","templated":true}]}}