{"id":7582,"date":"2024-12-13T22:23:37","date_gmt":"2024-12-13T18:23:37","guid":{"rendered":"https:\/\/axtarstore.com\/?post_type=product&#038;p=7582"},"modified":"2024-12-13T22:23:37","modified_gmt":"2024-12-13T18:23:37","slug":"aichun-beauty-imported-product-face-body-external-uses-niacinamide-collagen-soap-clean-private-parts-remove-odor-dullness-restore-moisture-underarm-knees-triangle-area","status":"publish","type":"product","link":"https:\/\/axtarstore.com\/ru\/product\/aichun-beauty-imported-product-face-body-external-uses-niacinamide-collagen-soap-clean-private-parts-remove-odor-dullness-restore-moisture-underarm-knees-triangle-area\/","title":{"rendered":"AICHUN BEAUTY Imported Product Face Body External Uses Niacinamide Collagen Soap Clean Private Parts Remove Odor Dullness Restore Moisture Underarm Knees Triangle Area"},"content":{"rendered":"<p>Bu m\u0259hsul d\u0259rini t\u0259mizl\u0259y\u0259n \u00e7oxlu ekstraktlarla z\u0259nginl\u0259\u015fdirilmi\u015fdir<br \/>\nX\u00fcsusi hiss\u0259l\u0259rin sol\u011funlu\u011funu v\u0259 qoxusunu s\u00fcr\u0259tl\u0259 aradan qald\u0131r\u0131n, n\u0259ml\u0259ndirin v\u0259 t\u0259z\u0259 saxlay\u0131n<br \/>\nL\u0259zz\u0259tli bir \u0259tirl\u0259 sakitl\u0259\u015fdirilir. Yum\u015faq x\u00fcsusiyy\u0259tl\u0259r\u0259 malikdir, n\u0259z\u0259r\u0259\u00e7arpacaq d\u0259r\u0259c\u0259d\u0259 t\u0259mizl\u0259yir<br \/>\nG\u00f6z\u0259 \u00e7arpan \u015f\u0259kild\u0259 t\u0259mizl\u0259yir v\u0259 qoltuqalt\u0131, dizl\u0259r v\u0259 \u00fc\u00e7bucaq b\u00f6lg\u0259si \u00fc\u00e7\u00fcn uy\u011fundur.<br \/>\nT\u0259f\u0259rr\u00fcatlar: Bu m\u0259hsul d\u0259rini t\u0259mizl\u0259y\u0259n, \u015f\u0259xsi hiss\u0259l\u0259rin donuqlu\u011fu v\u0259 qoxusunu s\u00fcr\u0259tl\u0259 aradan qald\u0131ran, n\u0259ml\u0259ndir\u0259n v\u0259 t\u0259rav\u0259tli saxlayan v\u0259 xo\u015f \u0259tirl\u0259 sakitl\u0259\u015fdir\u0259n \u00e7oxsayl\u0131 ekstraktlarla z\u0259nginl\u0259\u015fdirilmi\u015fdir. Yum\u015faq x\u00fcsusiyy\u0259tl\u0259r\u0259 malikdir, n\u0259z\u0259r\u0259\u00e7arpacaq d\u0259r\u0259c\u0259d\u0259 t\u0259mizl\u0259yir v\u0259 qoltuqalt\u0131, dizl\u0259r v\u0259 \u00fc\u00e7bucaq b\u00f6lg\u0259si \u00fc\u00e7\u00fcn uy\u011fundur. \u0130stifad\u0259si: Hamam vaxt\u0131 laz\u0131m olan b\u00f6lg\u0259l\u0259r\u0259 \u00e7\u0259kin, k\u00f6p\u00fck yaratmaq \u00fc\u00e7\u00fcn \u0259ll\u0259ri bir-birin\u0259 yum\u015faq bir \u015f\u0259kild\u0259 s\u00fcrt\u00fcn v\u0259 sonra t\u0259miz su il\u0259 yuyun. B\u0259d\u0259n vannas\u0131 \u00fc\u00e7\u00fcn d\u0259 istifad\u0259 edil\u0259 bil\u0259r. T\u0259rkibi: Natrium kastorat, su, qliserin, \u0259tir, heksadekanoik tur\u015fu, natrium xlorid, titan (lv) oksid, niasinamid, hidroliz\u0259 edilmi\u015f kollagen, 3-O-etil askorbin tur\u015fusu, Citrik tur\u015fusu.<\/p>","protected":false},"excerpt":{"rendered":"<p>Bu m\u0259hsul d\u0259rini t\u0259mizl\u0259y\u0259n \u00e7oxlu ekstraktlarla z\u0259nginl\u0259\u015fdirilmi\u015fdir X\u00fcsusi hiss\u0259l\u0259rin sol\u011funlu\u011funu v\u0259 qoxusunu s\u00fcr\u0259tl\u0259 aradan qald\u0131r\u0131n, n\u0259ml\u0259ndirin v\u0259 t\u0259z\u0259 saxlay\u0131n L\u0259zz\u0259tli bir \u0259tirl\u0259 sakitl\u0259\u015fdirilir. Yum\u015faq x\u00fcsusiyy\u0259tl\u0259r\u0259 malikdir, n\u0259z\u0259r\u0259\u00e7arpacaq d\u0259r\u0259c\u0259d\u0259 t\u0259mizl\u0259yir G\u00f6z\u0259 \u00e7arpan \u015f\u0259kild\u0259 t\u0259mizl\u0259yir v\u0259 qoltuqalt\u0131, dizl\u0259r v\u0259 \u00fc\u00e7bucaq b\u00f6lg\u0259si \u00fc\u00e7\u00fcn uy\u011fundur. T\u0259f\u0259rr\u00fcatlar: Bu m\u0259hsul d\u0259rini t\u0259mizl\u0259y\u0259n, \u015f\u0259xsi hiss\u0259l\u0259rin donuqlu\u011fu v\u0259 qoxusunu s\u00fcr\u0259tl\u0259 aradan qald\u0131ran, n\u0259ml\u0259ndir\u0259n &hellip; <a href=\"https:\/\/axtarstore.com\/ru\/product\/aichun-beauty-imported-product-face-body-external-uses-niacinamide-collagen-soap-clean-private-parts-remove-odor-dullness-restore-moisture-underarm-knees-triangle-area\/\" class=\"more-link\">Continue reading <span class=\"screen-reader-text\">AICHUN BEAUTY Imported Product Face Body External Uses Niacinamide Collagen Soap Clean Private Parts Remove Odor Dullness Restore Moisture Underarm Knees Triangle Area<\/span><\/a><\/p>","protected":false},"featured_media":7583,"comment_status":"open","ping_status":"closed","template":"","meta":[],"pwb-brand":[173],"product_cat":[291,129],"product_tag":[300,297],"class_list":{"0":"post-7582","1":"product","2":"type-product","3":"status-publish","4":"has-post-thumbnail","6":"pwb-brand-aichun-beauty","7":"product_cat-bdn-agardici","8":"product_cat-beden-baximi","9":"product_tag-bodycare","10":"product_tag-whitening","11":"pa_size-40grm","14":"instock","15":"shipping-taxable","16":"purchasable","17":"product-type-simple"},"brands":[{"id":173,"name":"Aichun Beauty","slug":"aichun-beauty"}],"_links":{"self":[{"href":"https:\/\/axtarstore.com\/ru\/wp-json\/wp\/v2\/product\/7582"}],"collection":[{"href":"https:\/\/axtarstore.com\/ru\/wp-json\/wp\/v2\/product"}],"about":[{"href":"https:\/\/axtarstore.com\/ru\/wp-json\/wp\/v2\/types\/product"}],"replies":[{"embeddable":true,"href":"https:\/\/axtarstore.com\/ru\/wp-json\/wp\/v2\/comments?post=7582"}],"version-history":[{"count":1,"href":"https:\/\/axtarstore.com\/ru\/wp-json\/wp\/v2\/product\/7582\/revisions"}],"predecessor-version":[{"id":7592,"href":"https:\/\/axtarstore.com\/ru\/wp-json\/wp\/v2\/product\/7582\/revisions\/7592"}],"wp:featuredmedia":[{"embeddable":true,"href":"https:\/\/axtarstore.com\/ru\/wp-json\/wp\/v2\/media\/7583"}],"wp:attachment":[{"href":"https:\/\/axtarstore.com\/ru\/wp-json\/wp\/v2\/media?parent=7582"}],"wp:term":[{"taxonomy":"pwb-brand","embeddable":true,"href":"https:\/\/axtarstore.com\/ru\/wp-json\/wp\/v2\/pwb-brand?post=7582"},{"taxonomy":"product_cat","embeddable":true,"href":"https:\/\/axtarstore.com\/ru\/wp-json\/wp\/v2\/product_cat?post=7582"},{"taxonomy":"product_tag","embeddable":true,"href":"https:\/\/axtarstore.com\/ru\/wp-json\/wp\/v2\/product_tag?post=7582"}],"curies":[{"name":"wp","href":"https:\/\/api.w.org\/{rel}","templated":true}]}}