{"id":7564,"date":"2024-12-13T22:12:06","date_gmt":"2024-12-13T18:12:06","guid":{"rendered":"https:\/\/axtarstore.com\/?post_type=product&#038;p=7564"},"modified":"2024-12-13T22:12:06","modified_gmt":"2024-12-13T18:12:06","slug":"aichun-beauty-30-pair-collagen-eye-mask-patch-hydro-gel-pad-anti-wrinkle-dark-circles-bags-soft-smooth-skin-care-hydration-moisturizing","status":"publish","type":"product","link":"https:\/\/axtarstore.com\/ru\/product\/aichun-beauty-30-pair-collagen-eye-mask-patch-hydro-gel-pad-anti-wrinkle-dark-circles-bags-soft-smooth-skin-care-hydration-moisturizing\/","title":{"rendered":"AICHUN BEAUTY 30 Pair Collagen Eye Mask Patch Hydro Gel Pad Anti-Wrinkle Dark Circles Bags Soft Smooth Skin Care Hydration Moisturizing"},"content":{"rendered":"<p>Kollagen\u0259 \u0259saslanan hidrojel g\u00f6z yamalar\u0131 z\u0259d\u0259l\u0259nmi\u015f d\u0259rini b\u0259rpa etm\u0259y\u0259 k\u00f6m\u0259k edir, uzunm\u00fcdd\u0259tli n\u0259ml\u0259ndirm\u0259ni t\u0259min edir, d\u0259rini yum\u015faq v\u0259 hamar edir.<br \/>\nYamalar g\u00f6z alt\u0131ndak\u0131 qara dair\u0259l\u0259ri v\u0259 \u00e7antalar\u0131 aradan qald\u0131r\u0131r, q\u0131r\u0131\u015flar\u0131 azald\u0131r v\u0259 d\u0259rini daha inc\u0259 v\u0259 elastik edir.<br \/>\nEhtiyat t\u0259dbirl\u0259ri: g\u00f6zl\u0259rl\u0259 t\u0259masdan \u00e7\u0259kinin, uy\u011funsuzluq hal\u0131nda istifad\u0259ni dayand\u0131r\u0131n.<br \/>\nT\u0259tbiq \u00fcsulu: yamaqlar\u0131 bir spatula il\u0259 konteynerd\u0259n \u00e7\u0131xar\u0131n, onlar\u0131 iti ucu il\u0259 burun k\u00f6rp\u00fcs\u00fcn\u0259 q\u0259d\u0259r g\u00f6z \u0259traf\u0131na yax\u0131n d\u0259riy\u0259 yerl\u0259\u015fdirin, s\u0131x uy\u011funla\u015fma \u0259ld\u0259 edin.<br \/>\n15-20 d\u0259qiq\u0259d\u0259n sonra yum\u015faq bir \u015f\u0259kild\u0259 \u00e7\u0131xar\u0131n. D\u0259rinin dig\u0259r sah\u0259l\u0259rind\u0259 d\u0259 yamaqlardan istifad\u0259 ed\u0259 bil\u0259rsiniz. 60 x g\u00f6z maskas\u0131. (30 C\u00fct)<\/p>\n<p>T\u0259f\u0259rr\u00fcatlar: T\u0259svir: Kollagen\u0259 \u0259saslanan hidrogel g\u00f6z yamaqlar\u0131 z\u0259d\u0259l\u0259nmi\u015f d\u0259rini b\u0259rpa etm\u0259y\u0259 k\u00f6m\u0259k edir, uzunm\u00fcdd\u0259tli n\u0259ml\u0259ndirm\u0259ni t\u0259min edir, d\u0259rini yum\u015faq v\u0259 hamar edir. Yamalar g\u00f6z alt\u0131ndak\u0131 qara dair\u0259l\u0259ri v\u0259 \u00e7antalar\u0131 aradan qald\u0131r\u0131r, q\u0131r\u0131\u015flar\u0131 azald\u0131r v\u0259 d\u0259rini daha inc\u0259 v\u0259 elastik edir. T\u0259tbiq \u00fcsulu: yamaqlar\u0131 bir spatula il\u0259 konteynerd\u0259n \u00e7\u0131xar\u0131n, onlar\u0131 iti ucu il\u0259 burun k\u00f6rp\u00fcs\u00fcn\u0259 q\u0259d\u0259r g\u00f6z \u0259traf\u0131na yax\u0131n d\u0259riy\u0259 yerl\u0259\u015fdirin, s\u0131x uy\u011funla\u015fma \u0259ld\u0259 edin. 15-20 d\u0259qiq\u0259d\u0259n sonra yum\u015faq bir \u015f\u0259kild\u0259 \u00e7\u0131xar\u0131n. D\u0259rinin dig\u0259r sah\u0259l\u0259rind\u0259 d\u0259 yamaqlardan istifad\u0259 ed\u0259 bil\u0259rsiniz. Ehtiyat t\u0259dbirl\u0259ri: g\u00f6zl\u0259rl\u0259 t\u0259masdan \u00e7\u0259kinin, uy\u011funsuzluq hal\u0131nda istifad\u0259ni dayand\u0131r\u0131n. Paket\u0259 daxildir: 60 x g\u00f6z maskas\u0131. (30 C\u00fct)<\/p>","protected":false},"excerpt":{"rendered":"<p>Kollagen\u0259 \u0259saslanan hidrojel g\u00f6z yamalar\u0131 z\u0259d\u0259l\u0259nmi\u015f d\u0259rini b\u0259rpa etm\u0259y\u0259 k\u00f6m\u0259k edir, uzunm\u00fcdd\u0259tli n\u0259ml\u0259ndirm\u0259ni t\u0259min edir, d\u0259rini yum\u015faq v\u0259 hamar edir. Yamalar g\u00f6z alt\u0131ndak\u0131 qara dair\u0259l\u0259ri v\u0259 \u00e7antalar\u0131 aradan qald\u0131r\u0131r, q\u0131r\u0131\u015flar\u0131 azald\u0131r v\u0259 d\u0259rini daha inc\u0259 v\u0259 elastik edir. Ehtiyat t\u0259dbirl\u0259ri: g\u00f6zl\u0259rl\u0259 t\u0259masdan \u00e7\u0259kinin, uy\u011funsuzluq hal\u0131nda istifad\u0259ni dayand\u0131r\u0131n. T\u0259tbiq \u00fcsulu: yamaqlar\u0131 bir spatula il\u0259 konteynerd\u0259n \u00e7\u0131xar\u0131n, &hellip; <a href=\"https:\/\/axtarstore.com\/ru\/product\/aichun-beauty-30-pair-collagen-eye-mask-patch-hydro-gel-pad-anti-wrinkle-dark-circles-bags-soft-smooth-skin-care-hydration-moisturizing\/\" class=\"more-link\">Continue reading <span class=\"screen-reader-text\">AICHUN BEAUTY 30 Pair Collagen Eye Mask Patch Hydro Gel Pad Anti-Wrinkle Dark Circles Bags Soft Smooth Skin Care Hydration Moisturizing<\/span><\/a><\/p>","protected":false},"featured_media":7565,"comment_status":"open","ping_status":"closed","template":"","meta":[],"pwb-brand":[173],"product_cat":[153,127],"product_tag":[341,342,340,294,293],"class_list":{"0":"post-7564","1":"product","2":"type-product","3":"status-publish","4":"has-post-thumbnail","6":"pwb-brand-aichun-beauty","7":"product_cat-goz-baximi","8":"product_cat-face-care","9":"product_tag-eye-anti-puffiness","10":"product_tag-eye-care","11":"product_tag-eye-patches","12":"product_tag-face","13":"product_tag-facecare","16":"instock","17":"shipping-taxable","18":"purchasable","19":"product-type-simple"},"brands":[{"id":173,"name":"Aichun Beauty","slug":"aichun-beauty"}],"_links":{"self":[{"href":"https:\/\/axtarstore.com\/ru\/wp-json\/wp\/v2\/product\/7564"}],"collection":[{"href":"https:\/\/axtarstore.com\/ru\/wp-json\/wp\/v2\/product"}],"about":[{"href":"https:\/\/axtarstore.com\/ru\/wp-json\/wp\/v2\/types\/product"}],"replies":[{"embeddable":true,"href":"https:\/\/axtarstore.com\/ru\/wp-json\/wp\/v2\/comments?post=7564"}],"version-history":[{"count":1,"href":"https:\/\/axtarstore.com\/ru\/wp-json\/wp\/v2\/product\/7564\/revisions"}],"predecessor-version":[{"id":7574,"href":"https:\/\/axtarstore.com\/ru\/wp-json\/wp\/v2\/product\/7564\/revisions\/7574"}],"wp:featuredmedia":[{"embeddable":true,"href":"https:\/\/axtarstore.com\/ru\/wp-json\/wp\/v2\/media\/7565"}],"wp:attachment":[{"href":"https:\/\/axtarstore.com\/ru\/wp-json\/wp\/v2\/media?parent=7564"}],"wp:term":[{"taxonomy":"pwb-brand","embeddable":true,"href":"https:\/\/axtarstore.com\/ru\/wp-json\/wp\/v2\/pwb-brand?post=7564"},{"taxonomy":"product_cat","embeddable":true,"href":"https:\/\/axtarstore.com\/ru\/wp-json\/wp\/v2\/product_cat?post=7564"},{"taxonomy":"product_tag","embeddable":true,"href":"https:\/\/axtarstore.com\/ru\/wp-json\/wp\/v2\/product_tag?post=7564"}],"curies":[{"name":"wp","href":"https:\/\/api.w.org\/{rel}","templated":true}]}}