{"id":7547,"date":"2024-12-12T00:24:53","date_gmt":"2024-12-11T20:24:53","guid":{"rendered":"https:\/\/axtarstore.com\/?post_type=product&#038;p=7547"},"modified":"2026-02-06T22:13:39","modified_gmt":"2026-02-06T18:13:39","slug":"aichun-beauty-pore-spa-bamboo-charcoal-bubble-face-mask-deep-cleaning-foam-oil-control-exfoliation-anti-acne-facial-skincare-25ml-8-pack","status":"publish","type":"product","link":"https:\/\/axtarstore.com\/ru\/product\/aichun-beauty-pore-spa-bamboo-charcoal-bubble-face-mask-deep-cleaning-foam-oil-control-exfoliation-anti-acne-facial-skincare-25ml-8-pack\/","title":{"rendered":"AICHUN BEAUTY Pore Spa Bamboo Charcoal Bubble Face Mask Deep Cleaning Foam Oil Control Exfoliation Anti Acne Facial Skincare 25ml \/(8 PACK)"},"content":{"rendered":"<p>Bu maskan\u0131n siz\u0259 t\u0259klif ed\u0259 bil\u0259c\u0259yi \u015fey budur ki, \u00fcz\u00fcn\u00fcz\u00fc qidaland\u0131rmaq v\u0259 n\u0259ml\u0259ndirm\u0259k, \u00fcz\u00fcn\u00fcz\u00fc daha elastik v\u0259 z\u0259rif etm\u0259k \u00fc\u00e7\u00fcn d\u0259rind\u0259n t\u0259mizl\u0259m\u0259k olacaq.<br \/>\n\u0130stifad\u0259sini asanla\u015fd\u0131ran v\u0259 tez \u0259milm\u0259si \u00fc\u00e7\u00fcn daha rahat olan ultra nazikdir, t\u0259bii sa\u011flam madd\u0259l\u0259r say\u0259sind\u0259 \u00fcz\u00fcn\u00fczl\u0259 birba\u015fa t\u0259masda q\u0131c\u0131q yaratmayacaqd\u0131r. T\u0259bii ekstraktdan haz\u0131rlanaraq, bu \u00fcz maskas\u0131 d\u0259riy\u0259 uy\u011fundur v\u0259 istifad\u0259si q\u0131c\u0131qland\u0131r\u0131c\u0131 deyil.<br \/>\nD\u0259rinin t\u0259mizl\u0259nm\u0259si v\u0259 \u00fcz n\u0259ml\u0259ndirilm\u0259si \u00fc\u00e7\u00fcn uy\u011fundur. D\u0259rin t\u0259mizl\u0259m\u0259, Ya\u011fa n\u0259zar\u0259t, A\u015f\u0131nma v\u0259 S\u0131zanaqlara qar\u015f\u0131. K\u0259skinliyi, sol\u011funlu\u011fu, l\u0259k\u0259l\u0259ri \u00e7\u0131xar\u0131n v\u0259 s\u0131zanaqlar\u0131 azald\u0131r.<br \/>\n\u0130\u015f\u0131q v\u0259 ekran parametrl\u0259ri f\u0259rqin\u0259 g\u00f6r\u0259, \u0259\u015fyan\u0131n r\u0259ngi \u015f\u0259kill\u0259rd\u0259n bir q\u0259d\u0259r f\u0259rqli ola bil\u0259r. F\u0259rqli \u0259l \u00f6l\u00e7m\u0259l\u0259rin\u0259 g\u00f6r\u0259 c\u00fczi \u00f6l\u00e7\u00fc f\u0259rqin\u0259 icaz\u0259 verin.<\/p>\n<p>T\u0259f\u0259rr\u00fcatlar: T\u0259svir: Bu maskan\u0131n siz\u0259 t\u0259klif ed\u0259 bil\u0259c\u0259yi \u015fey budur ki, \u00fcz\u00fcn\u00fcz\u00fc qidaland\u0131rmaq v\u0259 n\u0259ml\u0259ndirm\u0259k, \u00fcz\u00fcn\u00fcz\u00fc daha elastik v\u0259 z\u0259rif etm\u0259k \u00fc\u00e7\u00fcn d\u0259rind\u0259n t\u0259mizl\u0259m\u0259k olacaq. \u0130stifad\u0259sini asanla\u015fd\u0131ran v\u0259 tez \u0259milm\u0259si \u00fc\u00e7\u00fcn daha rahat olan ultra nazikdir, t\u0259bii sa\u011flam madd\u0259l\u0259r say\u0259sind\u0259 \u00fcz\u00fcn\u00fczl\u0259 birba\u015fa t\u0259masda q\u0131c\u0131q yaratmayacaqd\u0131r. T\u0259bii ekstraktdan haz\u0131rlanaraq, bu \u00fcz maskas\u0131 d\u0259riy\u0259 uy\u011fundur v\u0259 istifad\u0259si q\u0131c\u0131qland\u0131r\u0131c\u0131 deyil. D\u0259rinin t\u0259mizl\u0259nm\u0259si v\u0259 \u00fcz n\u0259ml\u0259ndirilm\u0259si \u00fc\u00e7\u00fcn uy\u011fundur. D\u0259rin t\u0259mizl\u0259m\u0259, Ya\u011fa n\u0259zar\u0259t, A\u015f\u0131nma v\u0259 S\u0131zanaqlara qar\u015f\u0131. K\u0259skinliyi, sol\u011funlu\u011fu, l\u0259k\u0259l\u0259ri \u00e7\u0131xar\u0131n v\u0259 s\u0131zanaqlar\u0131 azald\u0131r. M\u0259hsulun ad\u0131: \u00dcz maskas\u0131. Material: Maye. X\u00fcsusiyy\u0259tl\u0259r: Qidaland\u0131r\u0131c\u0131, Ya\u011fa N\u0259zar\u0259t, N\u0259ml\u0259ndirici. D\u0259rind\u0259n Qidaland\u0131r\u0131c\u0131, N\u0259ml\u0259ndirici, T\u0259mizl\u0259yici. Qeydl\u0259r: \u0130\u015f\u0131q v\u0259 ekran parametrl\u0259ri f\u0259rqin\u0259 g\u00f6r\u0259, \u0259\u015fyan\u0131n r\u0259ngi \u015f\u0259kill\u0259rd\u0259n bir q\u0259d\u0259r f\u0259rqli ola bil\u0259r. F\u0259rqli \u0259l \u00f6l\u00e7m\u0259l\u0259rin\u0259 g\u00f6r\u0259 c\u00fczi \u00f6l\u00e7\u00fc f\u0259rqin\u0259 icaz\u0259 verin. Qutuya daxildir: 1 d\u0259st \u00dcz maskas\u0131 (8 \u0259d\u0259d).<\/p>","protected":false},"excerpt":{"rendered":"<p>Bu maskan\u0131n siz\u0259 t\u0259klif ed\u0259 bil\u0259c\u0259yi \u015fey budur ki, \u00fcz\u00fcn\u00fcz\u00fc qidaland\u0131rmaq v\u0259 n\u0259ml\u0259ndirm\u0259k, \u00fcz\u00fcn\u00fcz\u00fc daha elastik v\u0259 z\u0259rif etm\u0259k \u00fc\u00e7\u00fcn d\u0259rind\u0259n t\u0259mizl\u0259m\u0259k olacaq. \u0130stifad\u0259sini asanla\u015fd\u0131ran v\u0259 tez \u0259milm\u0259si \u00fc\u00e7\u00fcn daha rahat olan ultra nazikdir, t\u0259bii sa\u011flam madd\u0259l\u0259r say\u0259sind\u0259 \u00fcz\u00fcn\u00fczl\u0259 birba\u015fa t\u0259masda q\u0131c\u0131q yaratmayacaqd\u0131r. T\u0259bii ekstraktdan haz\u0131rlanaraq, bu \u00fcz maskas\u0131 d\u0259riy\u0259 uy\u011fundur v\u0259 istifad\u0259si q\u0131c\u0131qland\u0131r\u0131c\u0131 deyil. &hellip; <a href=\"https:\/\/axtarstore.com\/ru\/product\/aichun-beauty-pore-spa-bamboo-charcoal-bubble-face-mask-deep-cleaning-foam-oil-control-exfoliation-anti-acne-facial-skincare-25ml-8-pack\/\" class=\"more-link\">Continue reading <span class=\"screen-reader-text\">AICHUN BEAUTY Pore Spa Bamboo Charcoal Bubble Face Mask Deep Cleaning Foam Oil Control Exfoliation Anti Acne Facial Skincare 25ml \/(8 PACK)<\/span><\/a><\/p>","protected":false},"featured_media":7550,"comment_status":"open","ping_status":"closed","template":"","meta":[],"pwb-brand":[173],"product_cat":[127,145],"product_tag":[328,294,343,333,293,297],"class_list":{"0":"post-7547","1":"product","2":"type-product","3":"status-publish","4":"has-post-thumbnail","6":"pwb-brand-aichun-beauty","7":"product_cat-face-care","8":"product_cat-face-masks","9":"product_tag-anti-wrinkle","10":"product_tag-face","11":"product_tag-face-mask","12":"product_tag-face-moisturiser","13":"product_tag-facecare","14":"product_tag-whitening","17":"instock","18":"shipping-taxable","19":"purchasable","20":"product-type-simple"},"brands":[{"id":173,"name":"Aichun Beauty","slug":"aichun-beauty"}],"_links":{"self":[{"href":"https:\/\/axtarstore.com\/ru\/wp-json\/wp\/v2\/product\/7547"}],"collection":[{"href":"https:\/\/axtarstore.com\/ru\/wp-json\/wp\/v2\/product"}],"about":[{"href":"https:\/\/axtarstore.com\/ru\/wp-json\/wp\/v2\/types\/product"}],"replies":[{"embeddable":true,"href":"https:\/\/axtarstore.com\/ru\/wp-json\/wp\/v2\/comments?post=7547"}],"version-history":[{"count":3,"href":"https:\/\/axtarstore.com\/ru\/wp-json\/wp\/v2\/product\/7547\/revisions"}],"predecessor-version":[{"id":7556,"href":"https:\/\/axtarstore.com\/ru\/wp-json\/wp\/v2\/product\/7547\/revisions\/7556"}],"wp:featuredmedia":[{"embeddable":true,"href":"https:\/\/axtarstore.com\/ru\/wp-json\/wp\/v2\/media\/7550"}],"wp:attachment":[{"href":"https:\/\/axtarstore.com\/ru\/wp-json\/wp\/v2\/media?parent=7547"}],"wp:term":[{"taxonomy":"pwb-brand","embeddable":true,"href":"https:\/\/axtarstore.com\/ru\/wp-json\/wp\/v2\/pwb-brand?post=7547"},{"taxonomy":"product_cat","embeddable":true,"href":"https:\/\/axtarstore.com\/ru\/wp-json\/wp\/v2\/product_cat?post=7547"},{"taxonomy":"product_tag","embeddable":true,"href":"https:\/\/axtarstore.com\/ru\/wp-json\/wp\/v2\/product_tag?post=7547"}],"curies":[{"name":"wp","href":"https:\/\/api.w.org\/{rel}","templated":true}]}}