{"id":7538,"date":"2024-12-12T00:12:51","date_gmt":"2024-12-11T20:12:51","guid":{"rendered":"https:\/\/axtarstore.com\/?post_type=product&#038;p=7538"},"modified":"2026-02-06T22:14:27","modified_gmt":"2026-02-06T18:14:27","slug":"aichun-beauty-natural-rice-extract-hydrate-facial-mask-moisturizing-anti-acne-purifying-refine-wrinkles","status":"publish","type":"product","link":"https:\/\/axtarstore.com\/ru\/product\/aichun-beauty-natural-rice-extract-hydrate-facial-mask-moisturizing-anti-acne-purifying-refine-wrinkles\/","title":{"rendered":"AICHUN BEAUTY Natural Rice Extract Hydrate Facial Mask Moisturizing Anti-Acne Purifying Refine Wrinkles"},"content":{"rendered":"<p>Yeni y\u00fcks\u0259k konsentrasiyal\u0131 aktiv formula d\u0259rinin kollagen \u0259m\u0259l\u0259 g\u0259lm\u0259sini, n\u0259ml\u0259ndiricisini effektiv \u015f\u0259kild\u0259 t\u0259\u015fviq edir, s\u0131zanaqlar\u0131 aradan qald\u0131r\u0131r, m\u0259sam\u0259l\u0259ri minimuma endirir, inc\u0259 q\u0131r\u0131\u015flar\u0131 hamarlay\u0131r.<br \/>\nH\u0259r maska \u200b\u200bd\u0259rinizi qorumaq v\u0259 sa\u011faltma\u011fa k\u00f6m\u0259k ed\u0259n \u0259sas madd\u0259l\u0259rd\u0259n ibar\u0259tdir! Sakitl\u0259\u015fdirici, n\u0259ml\u0259ndirici v\u0259 n\u0259ml\u0259ndirici \u00fcz\u0259rind\u0259 fokuslanan bu maskalar d\u0259riniz\u0259 m\u00fck\u0259mm\u0259l qulluq g\u00f6st\u0259r\u0259c\u0259k.<br \/>\nBu g\u00fcnd\u0259lik maskalar b\u00fct\u00fcn d\u0259ri tipl\u0259ri v\u0259 m\u00fcxt\u0259lif d\u0259ri probleml\u0259ri \u00fc\u00e7\u00fcn \u0259la h\u0259diyy\u0259dir.<br \/>\nT\u0259rkibind\u0259 t\u0259bii madd\u0259l\u0259r v\u0259 s\u00fcni \u0259tir olmayan bitki \u0259sasl\u0131 maska. D\u0259rinin baryerini qoruma\u011fa, n\u0259ml\u0259ndirm\u0259ni art\u0131rma\u011fa v\u0259 g\u00f6z\u0259l par\u0131lt\u0131 verm\u0259y\u0259 k\u00f6m\u0259k ed\u0259n faydal\u0131 madd\u0259l\u0259rl\u0259 doludur!<\/p>\n<p>T\u0259f\u0259rr\u00fcatlar: N\u00f6v: \u00dcz maskas\u0131. T\u0259tbiq olunan insanlar: Universal. Uy\u011fun d\u0259ri tipi: H\u0259r n\u00f6v d\u0259ri. Yararl\u0131l\u0131q m\u00fcdd\u0259ti: 5 il. X\u00fcsusiyy\u0259tl\u0259r: Yeni y\u00fcks\u0259k konsentrasiyal\u0131 aktiv formula d\u0259rinin kollagen \u0259m\u0259l\u0259 g\u0259lm\u0259sini, n\u0259ml\u0259ndiricisini effektiv \u015f\u0259kild\u0259 t\u0259\u015fviq edir, s\u0131zanaqlar\u0131 aradan qald\u0131r\u0131r, m\u0259sam\u0259l\u0259ri minimuma endirir, inc\u0259 q\u0131r\u0131\u015flar\u0131 hamarlay\u0131r. H\u0259r maska \u200b\u200bd\u0259rinizi qorumaq v\u0259 sa\u011faltma\u011fa k\u00f6m\u0259k ed\u0259n \u0259sas madd\u0259l\u0259rd\u0259n ibar\u0259tdir! Sakitl\u0259\u015fdirici, n\u0259ml\u0259ndirici v\u0259 n\u0259ml\u0259ndirici \u00fcz\u0259rind\u0259 fokuslanan bu maskalar d\u0259riniz\u0259 m\u00fck\u0259mm\u0259l qulluq ver\u0259c\u0259k. Bu g\u00fcnd\u0259lik maskalar b\u00fct\u00fcn d\u0259ri tipl\u0259ri v\u0259 m\u00fcxt\u0259lif d\u0259ri narahatl\u0131\u011f\u0131 \u00fc\u00e7\u00fcn \u0259la h\u0259diyy\u0259dir. Doldurma. T\u0259rkibind\u0259 t\u0259bii madd\u0259l\u0259r v\u0259 s\u00fcni \u0259tir olmayan bitki \u0259sasl\u0131 maska. D\u0259rinin baryerini qoruma\u011fa, n\u0259ml\u0259ndirm\u0259ni art\u0131rma\u011fa v\u0259 g\u00f6z\u0259l par\u0131lt\u0131 verm\u0259y\u0259 k\u00f6m\u0259k ed\u0259n faydal\u0131 madd\u0259l\u0259rl\u0259 doludur! Qutuya daxildir: 10 \u0259d\u0259d<\/p>","protected":false},"excerpt":{"rendered":"<p>Yeni y\u00fcks\u0259k konsentrasiyal\u0131 aktiv formula d\u0259rinin kollagen \u0259m\u0259l\u0259 g\u0259lm\u0259sini, n\u0259ml\u0259ndiricisini effektiv \u015f\u0259kild\u0259 t\u0259\u015fviq edir, s\u0131zanaqlar\u0131 aradan qald\u0131r\u0131r, m\u0259sam\u0259l\u0259ri minimuma endirir, inc\u0259 q\u0131r\u0131\u015flar\u0131 hamarlay\u0131r. H\u0259r maska \u200b\u200bd\u0259rinizi qorumaq v\u0259 sa\u011faltma\u011fa k\u00f6m\u0259k ed\u0259n \u0259sas madd\u0259l\u0259rd\u0259n ibar\u0259tdir! Sakitl\u0259\u015fdirici, n\u0259ml\u0259ndirici v\u0259 n\u0259ml\u0259ndirici \u00fcz\u0259rind\u0259 fokuslanan bu maskalar d\u0259riniz\u0259 m\u00fck\u0259mm\u0259l qulluq g\u00f6st\u0259r\u0259c\u0259k. Bu g\u00fcnd\u0259lik maskalar b\u00fct\u00fcn d\u0259ri tipl\u0259ri v\u0259 m\u00fcxt\u0259lif d\u0259ri &hellip; <a href=\"https:\/\/axtarstore.com\/ru\/product\/aichun-beauty-natural-rice-extract-hydrate-facial-mask-moisturizing-anti-acne-purifying-refine-wrinkles\/\" class=\"more-link\">Continue reading <span class=\"screen-reader-text\">AICHUN BEAUTY Natural Rice Extract Hydrate Facial Mask Moisturizing Anti-Acne Purifying Refine Wrinkles<\/span><\/a><\/p>","protected":false},"featured_media":7540,"comment_status":"open","ping_status":"closed","template":"","meta":[],"pwb-brand":[173],"product_cat":[127,145],"product_tag":[343,293,331,297],"class_list":{"0":"post-7538","1":"product","2":"type-product","3":"status-publish","4":"has-post-thumbnail","6":"pwb-brand-aichun-beauty","7":"product_cat-face-care","8":"product_cat-face-masks","9":"product_tag-face-mask","10":"product_tag-facecare","11":"product_tag-moisturizer","12":"product_tag-whitening","13":"pa_size-25ml","16":"instock","17":"shipping-taxable","18":"purchasable","19":"product-type-simple"},"brands":[{"id":173,"name":"Aichun Beauty","slug":"aichun-beauty"}],"_links":{"self":[{"href":"https:\/\/axtarstore.com\/ru\/wp-json\/wp\/v2\/product\/7538"}],"collection":[{"href":"https:\/\/axtarstore.com\/ru\/wp-json\/wp\/v2\/product"}],"about":[{"href":"https:\/\/axtarstore.com\/ru\/wp-json\/wp\/v2\/types\/product"}],"replies":[{"embeddable":true,"href":"https:\/\/axtarstore.com\/ru\/wp-json\/wp\/v2\/comments?post=7538"}],"version-history":[{"count":2,"href":"https:\/\/axtarstore.com\/ru\/wp-json\/wp\/v2\/product\/7538\/revisions"}],"predecessor-version":[{"id":7546,"href":"https:\/\/axtarstore.com\/ru\/wp-json\/wp\/v2\/product\/7538\/revisions\/7546"}],"wp:featuredmedia":[{"embeddable":true,"href":"https:\/\/axtarstore.com\/ru\/wp-json\/wp\/v2\/media\/7540"}],"wp:attachment":[{"href":"https:\/\/axtarstore.com\/ru\/wp-json\/wp\/v2\/media?parent=7538"}],"wp:term":[{"taxonomy":"pwb-brand","embeddable":true,"href":"https:\/\/axtarstore.com\/ru\/wp-json\/wp\/v2\/pwb-brand?post=7538"},{"taxonomy":"product_cat","embeddable":true,"href":"https:\/\/axtarstore.com\/ru\/wp-json\/wp\/v2\/product_cat?post=7538"},{"taxonomy":"product_tag","embeddable":true,"href":"https:\/\/axtarstore.com\/ru\/wp-json\/wp\/v2\/product_tag?post=7538"}],"curies":[{"name":"wp","href":"https:\/\/api.w.org\/{rel}","templated":true}]}}