{"id":7514,"date":"2024-12-11T23:39:00","date_gmt":"2024-12-11T19:39:00","guid":{"rendered":"https:\/\/axtarstore.com\/?post_type=product&#038;p=7514"},"modified":"2026-02-06T22:22:20","modified_gmt":"2026-02-06T18:22:20","slug":"aichun-beauty-5pcs-24k-gold-gel-collagen-crystal-facial-masks-sheet-patch-for-anti-aging-puffiness-anti-wrinkle-moisturizing-deep-tissue-rejuvenation-and-hydrates-skin-2","status":"publish","type":"product","link":"https:\/\/axtarstore.com\/ru\/product\/aichun-beauty-5pcs-24k-gold-gel-collagen-crystal-facial-masks-sheet-patch-for-anti-aging-puffiness-anti-wrinkle-moisturizing-deep-tissue-rejuvenation-and-hydrates-skin-2\/","title":{"rendered":"AICHUN BEAUTY 5PCS 24K Gold Gel Collagen Crystal Facial Masks Sheet Patch For Anti Aging Puffiness Anti Wrinkle Moisturizing Deep Tissue Rejuvenation and Hydrates Skin"},"content":{"rendered":"<p>Spa Keyfiyy\u0259tli 24K Q\u0131z\u0131l Kollagen \u00dcz Maskas\u0131 &#8211; N\u0259ml\u0259ndirici, M\u00f6hk\u0259ml\u0259\u015fdirici, N\u0259ml\u0259ndirici v\u0259 B\u0259rpaedici Q\u0131r\u0131\u015flara Qar\u015f\u0131 \u00dcz Maskas\u0131<\/p>\n<p>T\u0259f\u0259rr\u00fcatlar: T\u0259dbir (balo, r\u0259smi r\u0259qs, fotosessiya v\u0259 s.) \u00fc\u00e7\u00fcn d\u0259rinin intensiv t\u0259mirin\u0259 ehtiyac\u0131n\u0131z olsun v\u0259 ya sad\u0259c\u0259 \u00f6z\u00fcn\u00fcz\u00fc \u0259zizl\u0259m\u0259k ist\u0259s\u0259niz, bu d\u0259bd\u0259b\u0259li, spa keyfiyy\u0259tli q\u0131z\u0131l kollagen \u00fcz maskas\u0131 sizi m\u0259yus etm\u0259y\u0259c\u0259k. Bizim qald\u0131r\u0131c\u0131 v\u0259 m\u00f6hk\u0259ml\u0259\u015fdirici g\u00fcc\u00fcm\u00fcz\u00fc a\u00e7\u0131n<\/p>","protected":false},"excerpt":{"rendered":"<p>Spa Keyfiyy\u0259tli 24K Q\u0131z\u0131l Kollagen \u00dcz Maskas\u0131 &#8211; N\u0259ml\u0259ndirici, M\u00f6hk\u0259ml\u0259\u015fdirici, N\u0259ml\u0259ndirici v\u0259 B\u0259rpaedici Q\u0131r\u0131\u015flara Qar\u015f\u0131 \u00dcz Maskas\u0131 T\u0259f\u0259rr\u00fcatlar: T\u0259dbir (balo, r\u0259smi r\u0259qs, fotosessiya v\u0259 s.) \u00fc\u00e7\u00fcn d\u0259rinin intensiv t\u0259mirin\u0259 ehtiyac\u0131n\u0131z olsun v\u0259 ya sad\u0259c\u0259 \u00f6z\u00fcn\u00fcz\u00fc \u0259zizl\u0259m\u0259k ist\u0259s\u0259niz, bu d\u0259bd\u0259b\u0259li, spa keyfiyy\u0259tli q\u0131z\u0131l kollagen \u00fcz maskas\u0131 sizi m\u0259yus etm\u0259y\u0259c\u0259k. Bizim qald\u0131r\u0131c\u0131 v\u0259 m\u00f6hk\u0259ml\u0259\u015fdirici g\u00fcc\u00fcm\u00fcz\u00fc a\u00e7\u0131n<\/p>","protected":false},"featured_media":7516,"comment_status":"open","ping_status":"closed","template":"","meta":[],"pwb-brand":[173],"product_cat":[127,145],"product_tag":[328,294,343,293,297],"class_list":{"0":"post-7514","1":"product","2":"type-product","3":"status-publish","4":"has-post-thumbnail","6":"pwb-brand-aichun-beauty","7":"product_cat-face-care","8":"product_cat-face-masks","9":"product_tag-anti-wrinkle","10":"product_tag-face","11":"product_tag-face-mask","12":"product_tag-facecare","13":"product_tag-whitening","16":"instock","17":"shipping-taxable","18":"purchasable","19":"product-type-simple"},"brands":[{"id":173,"name":"Aichun Beauty","slug":"aichun-beauty"}],"_links":{"self":[{"href":"https:\/\/axtarstore.com\/ru\/wp-json\/wp\/v2\/product\/7514"}],"collection":[{"href":"https:\/\/axtarstore.com\/ru\/wp-json\/wp\/v2\/product"}],"about":[{"href":"https:\/\/axtarstore.com\/ru\/wp-json\/wp\/v2\/types\/product"}],"replies":[{"embeddable":true,"href":"https:\/\/axtarstore.com\/ru\/wp-json\/wp\/v2\/comments?post=7514"}],"version-history":[{"count":2,"href":"https:\/\/axtarstore.com\/ru\/wp-json\/wp\/v2\/product\/7514\/revisions"}],"predecessor-version":[{"id":7521,"href":"https:\/\/axtarstore.com\/ru\/wp-json\/wp\/v2\/product\/7514\/revisions\/7521"}],"wp:featuredmedia":[{"embeddable":true,"href":"https:\/\/axtarstore.com\/ru\/wp-json\/wp\/v2\/media\/7516"}],"wp:attachment":[{"href":"https:\/\/axtarstore.com\/ru\/wp-json\/wp\/v2\/media?parent=7514"}],"wp:term":[{"taxonomy":"pwb-brand","embeddable":true,"href":"https:\/\/axtarstore.com\/ru\/wp-json\/wp\/v2\/pwb-brand?post=7514"},{"taxonomy":"product_cat","embeddable":true,"href":"https:\/\/axtarstore.com\/ru\/wp-json\/wp\/v2\/product_cat?post=7514"},{"taxonomy":"product_tag","embeddable":true,"href":"https:\/\/axtarstore.com\/ru\/wp-json\/wp\/v2\/product_tag?post=7514"}],"curies":[{"name":"wp","href":"https:\/\/api.w.org\/{rel}","templated":true}]}}