{"id":7499,"date":"2024-12-11T23:29:07","date_gmt":"2024-12-11T19:29:07","guid":{"rendered":"https:\/\/axtarstore.com\/?post_type=product&#038;p=7499"},"modified":"2024-12-11T23:29:56","modified_gmt":"2024-12-11T19:29:56","slug":"aichun-beauty-5pcs-24k-gold-gel-collagen-crystal-facial-masks-sheet-patch-for-anti-aging-puffiness-anti-wrinkle-moisturizing-deep-tissue-rejuvenation-and-hydrates-skin","status":"publish","type":"product","link":"https:\/\/axtarstore.com\/ru\/product\/aichun-beauty-5pcs-24k-gold-gel-collagen-crystal-facial-masks-sheet-patch-for-anti-aging-puffiness-anti-wrinkle-moisturizing-deep-tissue-rejuvenation-and-hydrates-skin\/","title":{"rendered":"AICHUN BEAUTY 5PCS 24K Gold Gel Collagen Crystal Facial Masks Sheet Patch For Anti Aging, Puffiness, Anti Wrinkle, Moisturizing, Deep Tissue Rejuvenation and Hydrates Skin"},"content":{"rendered":"<p>Gold Bio-kollagen \u00fcz maskas\u0131 t\u0259miz q\u0131z\u0131l, t\u0259bii bioinqrediyentl\u0259r, n\u0259ml\u0259ndirici birl\u0259\u015fm\u0259 il\u0259 haz\u0131rlanm\u0131\u015fd\u0131r ki, siz\u0259 daha ayd\u0131n, g\u0259nc v\u0259 parlaq g\u00f6r\u00fcn\u00fc\u015f t\u0259qdim edir.<br \/>\nBu d\u0259bd\u0259b\u0259li v\u0259 t\u0259bii d\u0259ri m\u00fcalic\u0259si beyn\u0259lxalq s\u0259viyy\u0259d\u0259 bir \u00e7ox spa t\u0259r\u0259find\u0259n istifad\u0259 olunur.<br \/>\nT\u0259miz q\u0131z\u0131l\u0131n g\u00fcc\u00fcn\u00fc v\u0259 onun d\u0259ri \u00fc\u00e7\u00fcn b\u00fct\u00fcn m\u00fcalic\u0259vi faydalar\u0131n\u0131 istifad\u0259 etm\u0259k \u00fc\u00e7\u00fcn x\u00fcsusi t\u0259rkib da\u015f\u0131y\u0131c\u0131s\u0131, n\u0259ml\u0259ndirici element il\u0259 haz\u0131rlanm\u0131\u015fd\u0131r.<br \/>\nQ\u0131z\u0131l d\u0259rinin kollagen t\u00fck\u0259nm\u0259sini v\u0259 elastinin par\u00e7alanmas\u0131n\u0131 l\u0259ngid\u0259 bil\u0259r.<br \/>\nBu maska \u200b\u200bbazal t\u0259b\u0259q\u0259d\u0259 h\u00fcceyr\u0259l\u0259rin b\u0259rpas\u0131n\u0131 stimulla\u015fd\u0131r\u0131r, z\u0259r\u0259rli s\u0259rb\u0259st radikallarla m\u00fcbariz\u0259 apar\u0131r, d\u0259rinin toxunulmazl\u0131\u011f\u0131n\u0131 sabitl\u0259\u015fdirir, d\u0259rini n\u0259ml\u0259ndirir v\u0259 d\u0259rinin elastikliyini yax\u015f\u0131la\u015fd\u0131r\u0131r, bel\u0259likl\u0259 d\u0259 erk\u0259n qocalman\u0131n g\u00f6r\u00fcn\u00fc\u015f\u00fcn\u00fc azald\u0131r.<br \/>\nGip-aktiv inqrediyentl\u0259r \u00fcz\u00fcn ar\u0131qlamas\u0131n\u0131, heyk\u0259lt\u0259ra\u015fl\u0131\u011f\u0131n\u0131, a\u011fard\u0131lmas\u0131n\u0131 v\u0259 d\u0259ri tonunu b\u0259rab\u0259rl\u0259\u015fdirir. Normal d\u0259ri tipin\u0259 v\u0259 x\u00fcsusil\u0259 yor\u011fun v\u0259 susuz d\u0259riy\u0259 t\u00f6vsiy\u0259 olunur.<br \/>\nT\u0259f\u0259rr\u00fcatlar: D\u0259rid\u0259 kollagenin t\u0259rkibini art\u0131r\u0131r v\u0259 g\u00fccl\u00fc liftinq effekti verir, elastikliyi art\u0131r\u0131r, q\u0131r\u0131\u015flar\u0131 hamarlay\u0131r v\u0259 intensiv n\u0259ml\u0259ndirir, qocalma prosesini l\u0259ngidir v\u0259 qan d\u00f6vran\u0131n\u0131 yax\u015f\u0131la\u015fd\u0131r\u0131r. N\u0259tic\u0259d\u0259 d\u0259ri cavanla\u015fm\u0131\u015f v\u0259 h\u0259yati enerji il\u0259 dolu g\u00f6r\u00fcn\u00fcr. Bioloji q\u0131z\u0131l ke\u00e7iricilik effekti yarad\u0131r v\u0259 d\u0259rinin aktiv bitki komponentl\u0259rini udmaq qabiliyy\u0259tini yax\u015f\u0131la\u015fd\u0131r\u0131r, uzunm\u00fcdd\u0259tli n\u0259ml\u0259ndirici t\u0259sir g\u00f6st\u0259rir, d\u0259ri h\u00fcceyr\u0259l\u0259rinin b\u0259rpas\u0131na k\u00f6m\u0259k edir, d\u0259rini q\u0131r\u0131\u015flar\u0131n \u0259m\u0259l\u0259 g\u0259lm\u0259sind\u0259n qoruyur v\u0259 qocalma prosesini l\u0259ngidir. Ya\u015f\u0131 35 v\u0259 daha yuxar\u0131 olanlar \u00fc\u00e7\u00fcn bio-q\u0131z\u0131l \u0259sas\u0131nda kosmetika t\u0259tbiq etm\u0259k t\u00f6vsiy\u0259 olunur.<\/p>","protected":false},"excerpt":{"rendered":"<p>Gold Bio-kollagen \u00fcz maskas\u0131 t\u0259miz q\u0131z\u0131l, t\u0259bii bioinqrediyentl\u0259r, n\u0259ml\u0259ndirici birl\u0259\u015fm\u0259 il\u0259 haz\u0131rlanm\u0131\u015fd\u0131r ki, siz\u0259 daha ayd\u0131n, g\u0259nc v\u0259 parlaq g\u00f6r\u00fcn\u00fc\u015f t\u0259qdim edir. Bu d\u0259bd\u0259b\u0259li v\u0259 t\u0259bii d\u0259ri m\u00fcalic\u0259si beyn\u0259lxalq s\u0259viyy\u0259d\u0259 bir \u00e7ox spa t\u0259r\u0259find\u0259n istifad\u0259 olunur. T\u0259miz q\u0131z\u0131l\u0131n g\u00fcc\u00fcn\u00fc v\u0259 onun d\u0259ri \u00fc\u00e7\u00fcn b\u00fct\u00fcn m\u00fcalic\u0259vi faydalar\u0131n\u0131 istifad\u0259 etm\u0259k \u00fc\u00e7\u00fcn x\u00fcsusi t\u0259rkib da\u015f\u0131y\u0131c\u0131s\u0131, n\u0259ml\u0259ndirici element il\u0259 &hellip; <a href=\"https:\/\/axtarstore.com\/ru\/product\/aichun-beauty-5pcs-24k-gold-gel-collagen-crystal-facial-masks-sheet-patch-for-anti-aging-puffiness-anti-wrinkle-moisturizing-deep-tissue-rejuvenation-and-hydrates-skin\/\" class=\"more-link\">Continue reading <span class=\"screen-reader-text\">AICHUN BEAUTY 5PCS 24K Gold Gel Collagen Crystal Facial Masks Sheet Patch For Anti Aging, Puffiness, Anti Wrinkle, Moisturizing, Deep Tissue Rejuvenation and Hydrates Skin<\/span><\/a><\/p>","protected":false},"featured_media":7500,"comment_status":"open","ping_status":"closed","template":"","meta":[],"pwb-brand":[173],"product_cat":[153,127],"product_tag":[341,342,340],"class_list":{"0":"post-7499","1":"product","2":"type-product","3":"status-publish","4":"has-post-thumbnail","6":"pwb-brand-aichun-beauty","7":"product_cat-goz-baximi","8":"product_cat-face-care","9":"product_tag-eye-anti-puffiness","10":"product_tag-eye-care","11":"product_tag-eye-patches","14":"instock","15":"shipping-taxable","16":"purchasable","17":"product-type-simple"},"brands":[{"id":173,"name":"Aichun Beauty","slug":"aichun-beauty"}],"_links":{"self":[{"href":"https:\/\/axtarstore.com\/ru\/wp-json\/wp\/v2\/product\/7499"}],"collection":[{"href":"https:\/\/axtarstore.com\/ru\/wp-json\/wp\/v2\/product"}],"about":[{"href":"https:\/\/axtarstore.com\/ru\/wp-json\/wp\/v2\/types\/product"}],"replies":[{"embeddable":true,"href":"https:\/\/axtarstore.com\/ru\/wp-json\/wp\/v2\/comments?post=7499"}],"version-history":[{"count":1,"href":"https:\/\/axtarstore.com\/ru\/wp-json\/wp\/v2\/product\/7499\/revisions"}],"predecessor-version":[{"id":7507,"href":"https:\/\/axtarstore.com\/ru\/wp-json\/wp\/v2\/product\/7499\/revisions\/7507"}],"wp:featuredmedia":[{"embeddable":true,"href":"https:\/\/axtarstore.com\/ru\/wp-json\/wp\/v2\/media\/7500"}],"wp:attachment":[{"href":"https:\/\/axtarstore.com\/ru\/wp-json\/wp\/v2\/media?parent=7499"}],"wp:term":[{"taxonomy":"pwb-brand","embeddable":true,"href":"https:\/\/axtarstore.com\/ru\/wp-json\/wp\/v2\/pwb-brand?post=7499"},{"taxonomy":"product_cat","embeddable":true,"href":"https:\/\/axtarstore.com\/ru\/wp-json\/wp\/v2\/product_cat?post=7499"},{"taxonomy":"product_tag","embeddable":true,"href":"https:\/\/axtarstore.com\/ru\/wp-json\/wp\/v2\/product_tag?post=7499"}],"curies":[{"name":"wp","href":"https:\/\/api.w.org\/{rel}","templated":true}]}}