{"id":7490,"date":"2024-12-11T23:21:09","date_gmt":"2024-12-11T19:21:09","guid":{"rendered":"https:\/\/axtarstore.com\/?post_type=product&#038;p=7490"},"modified":"2026-02-06T22:22:46","modified_gmt":"2026-02-06T18:22:46","slug":"aichun-beauty-natural-rice-extract-hydrate-moisturizer-lotion-nourish-skin","status":"publish","type":"product","link":"https:\/\/axtarstore.com\/ru\/product\/aichun-beauty-natural-rice-extract-hydrate-moisturizer-lotion-nourish-skin\/","title":{"rendered":"AICHUN BEAUTY Natural Rice Extract Hydrate Moisturizer Lotion Nourish Skin"},"content":{"rendered":"<p>Faydalar\u0131: D\u0259rini kifay\u0259t q\u0259d\u0259r qidaland\u0131r\u0131c\u0131 madd\u0259l\u0259rl\u0259 t\u0259min etm\u0259k, d\u0259rini n\u0259ml\u0259ndirm\u0259k v\u0259 n\u0259ml\u0259ndirm\u0259k, t\u0259z\u0259 teksturan\u0131 t\u0259min etm\u0259k \u00fc\u00e7\u00fcn d\u00fcy\u00fc mahiyy\u0259ti il\u0259 z\u0259ngindir v\u0259 ya\u011flanm\u0131r.<br \/>\nX\u00fcsusiyy\u0259t: T\u0259rkibind\u0259 nikotinamid: d\u0259rini daha sa\u011flam ed\u0259n antioksidantlar v\u0259 natrium hialuronat: D\u0259rinin elastikliyini b\u0259rpa edir, d\u0259rinin qidalanmas\u0131n\u0131 art\u0131r\u0131r v\u0259 d\u0259rinin yum\u015faql\u0131\u011f\u0131n\u0131 v\u0259 z\u0259rifliyini b\u0259rpa edir.<br \/>\n\u0130stifad\u0259si: D\u0259rini sabunla t\u0259mizl\u0259dikd\u0259n v\u0259 bol su il\u0259 yaxalad\u0131qdan sonra d\u0259riy\u0259 b\u0259rab\u0259r \u015f\u0259kild\u0259 t\u0259tbiq olunan uy\u011fun miqdarda m\u0259hsulu g\u00f6t\u00fcr\u00fcn.<br \/>\nLactobacillus Fermented RICE: D\u0259rinin n\u0259ml\u0259ndirilm\u0259si v\u0259 parlaql\u0131\u011f\u0131. Quru d\u0259riy\u0259 qar\u015f\u0131.<\/p>\n<p>Faydalar\u0131: D\u0259rini etm\u0259k \u00fc\u00e7\u00fcn qidaland\u0131r\u0131c\u0131 madd\u0259l\u0259rl\u0259 t\u0259min edilir, d\u0259rini n\u0259ml\u0259ndirm\u0259k v\u0259 n\u0259ml\u0259ndirm\u0259k, t\u0259z\u0259 teksturan\u0131 t\u0259min etm\u0259k \u00fc\u00e7\u00fcn d\u00fcy\u00fc mahiyy\u0259ti il\u0259 yenil\u0259nir v\u0259 ya\u011flanm\u0131r.<br \/>\nX\u00fcsusiyy\u0259t: T\u0259rkibind\u0259 nikotinamid: d\u0259rini daha sa\u011flamla\u015fd\u0131ran antioksidantlar v\u0259 natrium hialuronat: D\u0259rinin elastikliyini b\u0259rpa edir, d\u0259rinin qidalanmas\u0131n\u0131 art\u0131r\u0131r v\u0259 d\u0259rinin yum\u015faql\u0131\u011f\u0131n\u0131 v\u0259 z\u0259rifliyini b\u0259rpa edir.<br \/>\n\u0130stifad\u0259si: D\u0259rini sabunla t\u0259mizl\u0259n\u0259 v\u0259 bol su il\u0259 yaxalad\u0131qdan sonra d\u0259riy\u0259 uy\u011fun \u015f\u0259kild\u0259 t\u0259tbiq olunan uy\u011fun m\u0259hsulu g\u00f6t\u00fcr\u00fcn.<br \/>\nLactobacillus Fermented RICE: D\u0259rinin n\u0259ml\u0259ndirilm\u0259si v\u0259 parlaql\u0131\u011f\u0131. quru d\u0259riy\u0259 qar\u015f\u0131.<\/p>","protected":false},"excerpt":{"rendered":"<p>Faydalar\u0131: D\u0259rini kifay\u0259t q\u0259d\u0259r qidaland\u0131r\u0131c\u0131 madd\u0259l\u0259rl\u0259 t\u0259min etm\u0259k, d\u0259rini n\u0259ml\u0259ndirm\u0259k v\u0259 n\u0259ml\u0259ndirm\u0259k, t\u0259z\u0259 teksturan\u0131 t\u0259min etm\u0259k \u00fc\u00e7\u00fcn d\u00fcy\u00fc mahiyy\u0259ti il\u0259 z\u0259ngindir v\u0259 ya\u011flanm\u0131r. X\u00fcsusiyy\u0259t: T\u0259rkibind\u0259 nikotinamid: d\u0259rini daha sa\u011flam ed\u0259n antioksidantlar v\u0259 natrium hialuronat: D\u0259rinin elastikliyini b\u0259rpa edir, d\u0259rinin qidalanmas\u0131n\u0131 art\u0131r\u0131r v\u0259 d\u0259rinin yum\u015faql\u0131\u011f\u0131n\u0131 v\u0259 z\u0259rifliyini b\u0259rpa edir. \u0130stifad\u0259si: D\u0259rini sabunla t\u0259mizl\u0259dikd\u0259n v\u0259 bol su &hellip; <a href=\"https:\/\/axtarstore.com\/ru\/product\/aichun-beauty-natural-rice-extract-hydrate-moisturizer-lotion-nourish-skin\/\" class=\"more-link\">Continue reading <span class=\"screen-reader-text\">AICHUN BEAUTY Natural Rice Extract Hydrate Moisturizer Lotion Nourish Skin<\/span><\/a><\/p>","protected":false},"featured_media":7492,"comment_status":"open","ping_status":"closed","template":"","meta":[],"pwb-brand":[173],"product_cat":[129,158],"product_tag":[300,331,330],"class_list":{"0":"post-7490","1":"product","2":"type-product","3":"status-publish","4":"has-post-thumbnail","6":"pwb-brand-aichun-beauty","7":"product_cat-beden-baximi","8":"product_cat-body-lotions","9":"product_tag-bodycare","10":"product_tag-moisturizer","11":"product_tag-nmlndirici","12":"pa_size-230ml","15":"instock","16":"shipping-taxable","17":"purchasable","18":"product-type-simple"},"brands":[{"id":173,"name":"Aichun Beauty","slug":"aichun-beauty"}],"_links":{"self":[{"href":"https:\/\/axtarstore.com\/ru\/wp-json\/wp\/v2\/product\/7490"}],"collection":[{"href":"https:\/\/axtarstore.com\/ru\/wp-json\/wp\/v2\/product"}],"about":[{"href":"https:\/\/axtarstore.com\/ru\/wp-json\/wp\/v2\/types\/product"}],"replies":[{"embeddable":true,"href":"https:\/\/axtarstore.com\/ru\/wp-json\/wp\/v2\/comments?post=7490"}],"version-history":[{"count":2,"href":"https:\/\/axtarstore.com\/ru\/wp-json\/wp\/v2\/product\/7490\/revisions"}],"predecessor-version":[{"id":7497,"href":"https:\/\/axtarstore.com\/ru\/wp-json\/wp\/v2\/product\/7490\/revisions\/7497"}],"wp:featuredmedia":[{"embeddable":true,"href":"https:\/\/axtarstore.com\/ru\/wp-json\/wp\/v2\/media\/7492"}],"wp:attachment":[{"href":"https:\/\/axtarstore.com\/ru\/wp-json\/wp\/v2\/media?parent=7490"}],"wp:term":[{"taxonomy":"pwb-brand","embeddable":true,"href":"https:\/\/axtarstore.com\/ru\/wp-json\/wp\/v2\/pwb-brand?post=7490"},{"taxonomy":"product_cat","embeddable":true,"href":"https:\/\/axtarstore.com\/ru\/wp-json\/wp\/v2\/product_cat?post=7490"},{"taxonomy":"product_tag","embeddable":true,"href":"https:\/\/axtarstore.com\/ru\/wp-json\/wp\/v2\/product_tag?post=7490"}],"curies":[{"name":"wp","href":"https:\/\/api.w.org\/{rel}","templated":true}]}}