{"id":7480,"date":"2024-12-11T23:14:35","date_gmt":"2024-12-11T19:14:35","guid":{"rendered":"https:\/\/axtarstore.com\/?post_type=product&#038;p=7480"},"modified":"2026-02-06T22:22:58","modified_gmt":"2026-02-06T18:22:58","slug":"aichun-beauty-slimming-body-cream-burning-fat-shrinking-firming-reducing-wrinkles-non-irritating-3-days-effective","status":"publish","type":"product","link":"https:\/\/axtarstore.com\/ru\/product\/aichun-beauty-slimming-body-cream-burning-fat-shrinking-firming-reducing-wrinkles-non-irritating-3-days-effective\/","title":{"rendered":"AICHUN BEAUTY Slimming Body Cream Burning Fat Shrinking Firming Reducing Wrinkles Non-Irritating 3 days Effective"},"content":{"rendered":"<p>Medical Formula Ar\u0131qlama B\u0259d\u0259n Kremi &#8211; 3 G\u00fcn Effektivdir<br \/>\nT\u0259hl\u00fck\u0259sizlik v\u0259 Q\u0131c\u0131qland\u0131r\u0131c\u0131 deyil<br \/>\nYa\u011flar\u0131 yand\u0131r\u0131r \/ Darald\u0131r v\u0259 M\u00f6hk\u0259ml\u0259\u015fdirir \/ Q\u0131r\u0131\u015flar\u0131 Azald\u0131r<br \/>\nUnikal inqrediyentl\u0259r d\u0259rinin s\u0259thin\u0259 s\u00fcr\u0259tl\u0259 s\u0131za bil\u0259r, onun madd\u0259l\u0259r m\u00fcbadil\u0259sini s\u00fcr\u0259tl\u0259ndirir, sel\u00fclitl\u0259rin \u0259m\u0259l\u0259 g\u0259lm\u0259sini mane\u0259 t\u00f6r\u0259dir.<br \/>\n\u00d6demi aradan qald\u0131r\u0131n, areolar toxumas\u0131n\u0131 yax\u015f\u0131la\u015fd\u0131r\u0131n v\u0259 asanl\u0131qla m\u00fck\u0259mm\u0259l ya\u011flanm\u0131\u015f, z\u0259rif v\u0259 c\u0259lbedici bir r\u0259q\u0259m verin.<\/p>\n<p>T\u0259f\u0259rr\u00fcatlar: Spesifikasiya: 100ml Medical Formula Ar\u0131qlayan B\u0259d\u0259n Kremi &#8211; 3 G\u00fcn Effektiv T\u0259hl\u00fck\u0259sizliyi v\u0259 Q\u0131c\u0131qland\u0131rmayan Yanan Ya\u011f \/ Darald\u0131c\u0131 v\u0259 M\u00f6hk\u0259ml\u0259ndirici \/ Q\u0131r\u0131\u015flar\u0131 Azaldan Unikal inqrediyentl\u0259r d\u0259rinin s\u0259thin\u0259 s\u00fcr\u0259tl\u0259 s\u00fcz\u00fcl\u00fcr, sel\u00fclitl\u0259rin \u0259m\u0259l\u0259 g\u0259lm\u0259sini mane\u0259 t\u00f6r\u0259dir, \u00f6demi aradan qald\u0131r\u0131r, d\u0259rini yax\u015f\u0131la\u015fd\u0131r\u0131r. areolar toxuma v\u0259 asanl\u0131qla m\u00fck\u0259mm\u0259l ya\u011flanm\u0131\u015f, z\u0259rif v\u0259 c\u0259lbedici bir r\u0259q\u0259m verir. T\u0259rkibi: Su, Butilen Qlikol, Mineral Ya\u011f, \u0130zopropil Miristat, Kaprilik\/Kaprik Trigliserid, PEG-40 Sorbitan Stearat, Qliseril Stearat, Setearil Alkoqol, Dimentikon, Kofein, Sorbitan Stearat, Tokoferil Asetat, Biparaben, Methylisothiazolinone, Propylparaben, Parfum \u0130stifad\u0259si: Hamamdan sonra bu m\u0259hsulu laz\u0131mi miqdarda ovucunuza qoyun, d\u0259riy\u0259 b\u0259rab\u0259r \u015f\u0259kild\u0259 \u00e7\u0259kin v\u0259 tam sorulana q\u0259d\u0259r dair\u0259vi h\u0259r\u0259k\u0259tl\u0259rl\u0259 3-5 d\u0259qiq\u0259 masaj edin. Ehtiyat t\u0259dbirl\u0259ri: \u00d6z\u00fcn\u00fcz\u00fc pis hiss edirsinizs\u0259, istifad\u0259 etm\u0259yi dayand\u0131r\u0131n. Z\u0259hm\u0259t olmasa g\u00f6z \u0259traf\u0131ndak\u0131 d\u0259rid\u0259 istifad\u0259 etm\u0259yin. Xahi\u015f edir\u0259m u\u015faqlardan uzaq olun. S\u0259rin yerd\u0259 saxlay\u0131n v\u0259 y\u00fcks\u0259k temperaturdan v\u0259 birba\u015fa g\u00fcn\u0259\u015f i\u015f\u0131\u011f\u0131ndan qa\u00e7\u0131n.<\/p>","protected":false},"excerpt":{"rendered":"<p>Medical Formula Ar\u0131qlama B\u0259d\u0259n Kremi &#8211; 3 G\u00fcn Effektivdir T\u0259hl\u00fck\u0259sizlik v\u0259 Q\u0131c\u0131qland\u0131r\u0131c\u0131 deyil Ya\u011flar\u0131 yand\u0131r\u0131r \/ Darald\u0131r v\u0259 M\u00f6hk\u0259ml\u0259\u015fdirir \/ Q\u0131r\u0131\u015flar\u0131 Azald\u0131r Unikal inqrediyentl\u0259r d\u0259rinin s\u0259thin\u0259 s\u00fcr\u0259tl\u0259 s\u0131za bil\u0259r, onun madd\u0259l\u0259r m\u00fcbadil\u0259sini s\u00fcr\u0259tl\u0259ndirir, sel\u00fclitl\u0259rin \u0259m\u0259l\u0259 g\u0259lm\u0259sini mane\u0259 t\u00f6r\u0259dir. \u00d6demi aradan qald\u0131r\u0131n, areolar toxumas\u0131n\u0131 yax\u015f\u0131la\u015fd\u0131r\u0131n v\u0259 asanl\u0131qla m\u00fck\u0259mm\u0259l ya\u011flanm\u0131\u015f, z\u0259rif v\u0259 c\u0259lbedici bir r\u0259q\u0259m verin. T\u0259f\u0259rr\u00fcatlar: &hellip; <a href=\"https:\/\/axtarstore.com\/ru\/product\/aichun-beauty-slimming-body-cream-burning-fat-shrinking-firming-reducing-wrinkles-non-irritating-3-days-effective\/\" class=\"more-link\">Continue reading <span class=\"screen-reader-text\">AICHUN BEAUTY Slimming Body Cream Burning Fat Shrinking Firming Reducing Wrinkles Non-Irritating 3 days Effective<\/span><\/a><\/p>","protected":false},"featured_media":7482,"comment_status":"open","ping_status":"closed","template":"","meta":[],"pwb-brand":[173],"product_cat":[312,129],"product_tag":[337,338,336],"class_list":{"0":"post-7480","1":"product","2":"type-product","3":"status-publish","4":"has-post-thumbnail","6":"pwb-brand-aichun-beauty","7":"product_cat-beden-sekillendirici-mehsullar","8":"product_cat-beden-baximi","9":"product_tag-anti-celulit","10":"product_tag-selulit-leyhin-krem","11":"product_tag-sliming","12":"pa_size-100ml","15":"instock","16":"shipping-taxable","17":"purchasable","18":"product-type-simple"},"brands":[{"id":173,"name":"Aichun Beauty","slug":"aichun-beauty"}],"_links":{"self":[{"href":"https:\/\/axtarstore.com\/ru\/wp-json\/wp\/v2\/product\/7480"}],"collection":[{"href":"https:\/\/axtarstore.com\/ru\/wp-json\/wp\/v2\/product"}],"about":[{"href":"https:\/\/axtarstore.com\/ru\/wp-json\/wp\/v2\/types\/product"}],"replies":[{"embeddable":true,"href":"https:\/\/axtarstore.com\/ru\/wp-json\/wp\/v2\/comments?post=7480"}],"version-history":[{"count":2,"href":"https:\/\/axtarstore.com\/ru\/wp-json\/wp\/v2\/product\/7480\/revisions"}],"predecessor-version":[{"id":7489,"href":"https:\/\/axtarstore.com\/ru\/wp-json\/wp\/v2\/product\/7480\/revisions\/7489"}],"wp:featuredmedia":[{"embeddable":true,"href":"https:\/\/axtarstore.com\/ru\/wp-json\/wp\/v2\/media\/7482"}],"wp:attachment":[{"href":"https:\/\/axtarstore.com\/ru\/wp-json\/wp\/v2\/media?parent=7480"}],"wp:term":[{"taxonomy":"pwb-brand","embeddable":true,"href":"https:\/\/axtarstore.com\/ru\/wp-json\/wp\/v2\/pwb-brand?post=7480"},{"taxonomy":"product_cat","embeddable":true,"href":"https:\/\/axtarstore.com\/ru\/wp-json\/wp\/v2\/product_cat?post=7480"},{"taxonomy":"product_tag","embeddable":true,"href":"https:\/\/axtarstore.com\/ru\/wp-json\/wp\/v2\/product_tag?post=7480"}],"curies":[{"name":"wp","href":"https:\/\/api.w.org\/{rel}","templated":true}]}}