{"id":7436,"date":"2024-12-09T01:19:10","date_gmt":"2024-12-08T21:19:10","guid":{"rendered":"https:\/\/axtarstore.com\/?post_type=product&#038;p=7436"},"modified":"2024-12-09T01:19:10","modified_gmt":"2024-12-08T21:19:10","slug":"biocos-urgent-whitening-face-wash","status":"publish","type":"product","link":"https:\/\/axtarstore.com\/ru\/product\/biocos-urgent-whitening-face-wash\/","title":{"rendered":"Biocos Urgent Whitening Face Wash"},"content":{"rendered":"<p>Biocos T\u0259cili A\u011fard\u0131c\u0131 \u00dcz Yuma Gell<br \/>\nBiocos T\u0259cili A\u011fard\u0131c\u0131 \u00dcz Yuma il\u0259 g\u00fcnd\u0259lik yuyulan \u00fcz d\u0259riy\u0259 t\u0259z\u0259 g\u00f6r\u00fcn\u00fc\u015f verm\u0259k \u00fc\u00e7\u00fcn \u00e7irkl\u0259ri t\u0259mizl\u0259yir. \u00dcz t\u0259mizl\u0259nm\u0259sinin \u00fcmumi faydas\u0131 kir, ya\u011f v\u0259 dig\u0259r arzuolunmaz zibill\u0259rin t\u0259mizl\u0259nm\u0259sidir, lakin bu d\u0259f\u0259 BIOCOS \u00fcz\u00fcn\u00fcz\u00fc n\u0259inki T\u018fM\u0130ZL\u018fY\u0130R, h\u0259m d\u0259 n\u0259ml\u0259ndirir.<br \/>\nD\u0259rini A\u011fartmaq v\u0259 \u018fn Yax\u015f\u0131 D\u0259riy\u0259 Qulluq M\u0259hsulu \u00dc\u00e7\u00fcn M\u00fck\u0259mm\u0259ldir. S\u00fcd Ekstraktlar\u0131 il\u0259 d\u0259riniz \u00fc\u00e7\u00fcn onu n\u0259ml\u0259ndir\u0259n, h\u0259m d\u0259 t\u0259rav\u0259tl\u0259ndir\u0259n multivitamin d\u0259st\u0259kl\u0259yici M\u0259hsul rolunu oynayacaq. Bu m\u0259hsulun qabla\u015fd\u0131r\u0131lmas\u0131 onu istifad\u0259\u00e7il\u0259r \u00fc\u00e7\u00fcn \u00e7ox rahat v\u0259 da\u015f\u0131ma\u011f\u0131 asan edir ki, h\u0259tta havada v\u0259 ya su alt\u0131nda olsan\u0131z bel\u0259, g\u00fcnd\u0259lik \u00fcz yuyucunu \u00f6z\u00fcn\u00fczl\u0259 apara bil\u0259rsiniz. G\u00fcnd\u0259 iki d\u0259f\u0259 v\u0259 ya laz\u0131m olduqda risk v\u0259 t\u0259r\u0259dd\u00fcd etm\u0259d\u0259n istifad\u0259 edil\u0259 bil\u0259r.<\/p>","protected":false},"excerpt":{"rendered":"<p>Biocos T\u0259cili A\u011fard\u0131c\u0131 \u00dcz Yuma Gell Biocos T\u0259cili A\u011fard\u0131c\u0131 \u00dcz Yuma il\u0259 g\u00fcnd\u0259lik yuyulan \u00fcz d\u0259riy\u0259 t\u0259z\u0259 g\u00f6r\u00fcn\u00fc\u015f verm\u0259k \u00fc\u00e7\u00fcn \u00e7irkl\u0259ri t\u0259mizl\u0259yir. \u00dcz t\u0259mizl\u0259nm\u0259sinin \u00fcmumi faydas\u0131 kir, ya\u011f v\u0259 dig\u0259r arzuolunmaz zibill\u0259rin t\u0259mizl\u0259nm\u0259sidir, lakin bu d\u0259f\u0259 BIOCOS \u00fcz\u00fcn\u00fcz\u00fc n\u0259inki T\u018fM\u0130ZL\u018fY\u0130R, h\u0259m d\u0259 n\u0259ml\u0259ndirir. D\u0259rini A\u011fartmaq v\u0259 \u018fn Yax\u015f\u0131 D\u0259riy\u0259 Qulluq M\u0259hsulu \u00dc\u00e7\u00fcn M\u00fck\u0259mm\u0259ldir. S\u00fcd Ekstraktlar\u0131 &hellip; <a href=\"https:\/\/axtarstore.com\/ru\/product\/biocos-urgent-whitening-face-wash\/\" class=\"more-link\">Continue reading <span class=\"screen-reader-text\">Biocos Urgent Whitening Face Wash<\/span><\/a><\/p>","protected":false},"featured_media":7437,"comment_status":"open","ping_status":"closed","template":"","meta":[],"pwb-brand":[161],"product_cat":[149,127,147],"product_tag":[294,323,293,324,297],"class_list":{"0":"post-7436","1":"product","2":"type-product","3":"status-publish","4":"has-post-thumbnail","6":"pwb-brand-biocos","7":"product_cat-makeup-remover","8":"product_cat-face-care","9":"product_cat-face-wash","10":"product_tag-face","11":"product_tag-face-wash","12":"product_tag-facecare","13":"product_tag-uz-yuma-gell","14":"product_tag-whitening","15":"pa_size-100grm","18":"instock","19":"shipping-taxable","20":"purchasable","21":"product-type-simple"},"brands":[{"id":161,"name":"Biocos","slug":"biocos"}],"_links":{"self":[{"href":"https:\/\/axtarstore.com\/ru\/wp-json\/wp\/v2\/product\/7436"}],"collection":[{"href":"https:\/\/axtarstore.com\/ru\/wp-json\/wp\/v2\/product"}],"about":[{"href":"https:\/\/axtarstore.com\/ru\/wp-json\/wp\/v2\/types\/product"}],"replies":[{"embeddable":true,"href":"https:\/\/axtarstore.com\/ru\/wp-json\/wp\/v2\/comments?post=7436"}],"version-history":[{"count":1,"href":"https:\/\/axtarstore.com\/ru\/wp-json\/wp\/v2\/product\/7436\/revisions"}],"predecessor-version":[{"id":7440,"href":"https:\/\/axtarstore.com\/ru\/wp-json\/wp\/v2\/product\/7436\/revisions\/7440"}],"wp:featuredmedia":[{"embeddable":true,"href":"https:\/\/axtarstore.com\/ru\/wp-json\/wp\/v2\/media\/7437"}],"wp:attachment":[{"href":"https:\/\/axtarstore.com\/ru\/wp-json\/wp\/v2\/media?parent=7436"}],"wp:term":[{"taxonomy":"pwb-brand","embeddable":true,"href":"https:\/\/axtarstore.com\/ru\/wp-json\/wp\/v2\/pwb-brand?post=7436"},{"taxonomy":"product_cat","embeddable":true,"href":"https:\/\/axtarstore.com\/ru\/wp-json\/wp\/v2\/product_cat?post=7436"},{"taxonomy":"product_tag","embeddable":true,"href":"https:\/\/axtarstore.com\/ru\/wp-json\/wp\/v2\/product_tag?post=7436"}],"curies":[{"name":"wp","href":"https:\/\/api.w.org\/{rel}","templated":true}]}}