{"id":7421,"date":"2024-12-09T00:50:57","date_gmt":"2024-12-08T20:50:57","guid":{"rendered":"https:\/\/axtarstore.com\/?post_type=product&#038;p=7421"},"modified":"2024-12-09T00:50:57","modified_gmt":"2024-12-08T20:50:57","slug":"biocos-max-hydration-goldish-beauty-cream","status":"publish","type":"product","link":"https:\/\/axtarstore.com\/ru\/product\/biocos-max-hydration-goldish-beauty-cream\/","title":{"rendered":"BIOCOS MAX HYDRATION GOLDISH BEAUTY CREAM"},"content":{"rendered":"<p>Qara dair\u0259l\u0259r, sol\u011fun d\u0259ri v\u0259 daha \u00e7ox \u00fcmumi d\u0259ri probleml\u0259ri il\u0259 qar\u015f\u0131la\u015f\u0131rs\u0131n\u0131z v\u0259 onlar\u0131n h\u0259llini axtar\u0131rs\u0131n\u0131z?<br \/>\nSiz do\u011fru yerd\u0259siniz. BIOCOS MAX HYDRATION GOLDIS G\u00d6Z\u018fLL\u0130K KREM\u0130 bir \u00e7ox probleml\u0259rinizin \u0259n yax\u015f\u0131 h\u0259llidir. Goldish Beauty Cream d\u0259rinizi \u0259zizl\u0259m\u0259k v\u0259 siz\u0259 parlaq, g\u0259nc par\u0131lt\u0131 verm\u0259k \u00fc\u00e7\u00fcn n\u0259z\u0259rd\u0259 tutulmu\u015f d\u0259bd\u0259b\u0259li v\u0259 z\u0259rif d\u0259riy\u0259 qulluq m\u0259hsuludur. Z\u0259ngin, kremli teksturas\u0131 d\u0259riniz \u00fcz\u0259rind\u0259 r\u0259van s\u00fcr\u00fc\u015f\u0259r\u0259k d\u0259rin n\u0259ml\u0259ndirm\u0259 v\u0259 qidalanma t\u0259min edir. T\u0259bii inqrediyentl\u0259rin v\u0259 qabaqc\u0131l d\u0259riy\u0259 qulluq texnologiyas\u0131n\u0131n g\u00fccl\u00fc qar\u0131\u015f\u0131\u011f\u0131 il\u0259 haz\u0131rlanm\u0131\u015f Goldish Beauty Cream g\u00fcn\u0259\u015f z\u0259d\u0259si, hiperpiqmentasiya, t\u00fcnd dair\u0259l\u0259r, q\u0131r\u0131\u015flar, inc\u0259 x\u0259ttl\u0259r, qeyri-b\u0259rab\u0259r tekstura v\u0259 sol\u011fun d\u0259ri g\u00f6r\u00fcn\u00fc\u015f\u00fcn\u00fc azaltma\u011fa k\u00f6m\u0259k edir. Faydalar\u0131:<\/p>\n<p>\u2022 D\u0259rini n\u0259ml\u0259ndirir<br \/>\n\u2022 G\u00fcn\u0259\u015fin z\u0259r\u0259rini m\u00fcalic\u0259 edir (g\u00fcn\u0259\u015f yan\u0131\u011f\u0131 + g\u00fcn\u0259\u015f qaralmas\u0131 daxil olmaqla)<br \/>\n\u2022 Hiperpiqmentasiyan\u0131 m\u00fcalic\u0259 edir<br \/>\n\u2022 Qara dair\u0259l\u0259r\u0259 qar\u015f\u0131 t\u0259sirlidir<br \/>\n\u2022 Q\u0131r\u0131\u015flar\u0131 v\u0259 inc\u0259 x\u0259ttl\u0259ri azald\u0131r<br \/>\n\u2022 D\u0259rinin tonunu b\u0259rab\u0259rl\u0259\u015fdirir<br \/>\n\u2022 G\u00f6z\u0259l parlaq d\u0259ri verir<br \/>\n\u2022 Ya\u015flanma \u0259leyhin\u0259 t\u0259sir g\u00f6st\u0259rir<\/p>\n<p>T\u00f6vsiy\u0259 olunan d\u0259ri n\u00f6vl\u0259ri:<br \/>\nH\u0259r hans\u0131 bir d\u0259ri allergiyas\u0131 olanlar istisna olmaqla, b\u00fct\u00fcn d\u0259ri tipl\u0259ri \u00fc\u00e7\u00fcn maksimum n\u0259ml\u0259ndirm\u0259 t\u00f6vsiy\u0259 olunur.<\/p>","protected":false},"excerpt":{"rendered":"<p>Qara dair\u0259l\u0259r, sol\u011fun d\u0259ri v\u0259 daha \u00e7ox \u00fcmumi d\u0259ri probleml\u0259ri il\u0259 qar\u015f\u0131la\u015f\u0131rs\u0131n\u0131z v\u0259 onlar\u0131n h\u0259llini axtar\u0131rs\u0131n\u0131z? Siz do\u011fru yerd\u0259siniz. BIOCOS MAX HYDRATION GOLDIS G\u00d6Z\u018fLL\u0130K KREM\u0130 bir \u00e7ox probleml\u0259rinizin \u0259n yax\u015f\u0131 h\u0259llidir. Goldish Beauty Cream d\u0259rinizi \u0259zizl\u0259m\u0259k v\u0259 siz\u0259 parlaq, g\u0259nc par\u0131lt\u0131 verm\u0259k \u00fc\u00e7\u00fcn n\u0259z\u0259rd\u0259 tutulmu\u015f d\u0259bd\u0259b\u0259li v\u0259 z\u0259rif d\u0259riy\u0259 qulluq m\u0259hsuludur. Z\u0259ngin, kremli teksturas\u0131 d\u0259riniz &hellip; <a href=\"https:\/\/axtarstore.com\/ru\/product\/biocos-max-hydration-goldish-beauty-cream\/\" class=\"more-link\">Continue reading <span class=\"screen-reader-text\">BIOCOS MAX HYDRATION GOLDISH BEAUTY CREAM<\/span><\/a><\/p>","protected":false},"featured_media":7424,"comment_status":"open","ping_status":"closed","template":"","meta":[],"pwb-brand":[161],"product_cat":[127,142],"product_tag":[317,296,294,293,319,297],"class_list":{"0":"post-7421","1":"product","2":"type-product","3":"status-publish","4":"has-post-thumbnail","6":"pwb-brand-biocos","7":"product_cat-face-care","8":"product_cat-face-creams","9":"product_tag-cillr","10":"product_tag-darkspots","11":"product_tag-face","12":"product_tag-facecare","13":"product_tag-uz-lklri","14":"product_tag-whitening","15":"pa_size-35grm","18":"instock","19":"shipping-taxable","20":"purchasable","21":"product-type-simple"},"brands":[{"id":161,"name":"Biocos","slug":"biocos"}],"_links":{"self":[{"href":"https:\/\/axtarstore.com\/ru\/wp-json\/wp\/v2\/product\/7421"}],"collection":[{"href":"https:\/\/axtarstore.com\/ru\/wp-json\/wp\/v2\/product"}],"about":[{"href":"https:\/\/axtarstore.com\/ru\/wp-json\/wp\/v2\/types\/product"}],"replies":[{"embeddable":true,"href":"https:\/\/axtarstore.com\/ru\/wp-json\/wp\/v2\/comments?post=7421"}],"version-history":[{"count":1,"href":"https:\/\/axtarstore.com\/ru\/wp-json\/wp\/v2\/product\/7421\/revisions"}],"predecessor-version":[{"id":7427,"href":"https:\/\/axtarstore.com\/ru\/wp-json\/wp\/v2\/product\/7421\/revisions\/7427"}],"wp:featuredmedia":[{"embeddable":true,"href":"https:\/\/axtarstore.com\/ru\/wp-json\/wp\/v2\/media\/7424"}],"wp:attachment":[{"href":"https:\/\/axtarstore.com\/ru\/wp-json\/wp\/v2\/media?parent=7421"}],"wp:term":[{"taxonomy":"pwb-brand","embeddable":true,"href":"https:\/\/axtarstore.com\/ru\/wp-json\/wp\/v2\/pwb-brand?post=7421"},{"taxonomy":"product_cat","embeddable":true,"href":"https:\/\/axtarstore.com\/ru\/wp-json\/wp\/v2\/product_cat?post=7421"},{"taxonomy":"product_tag","embeddable":true,"href":"https:\/\/axtarstore.com\/ru\/wp-json\/wp\/v2\/product_tag?post=7421"}],"curies":[{"name":"wp","href":"https:\/\/api.w.org\/{rel}","templated":true}]}}