{"id":7409,"date":"2024-12-09T00:14:52","date_gmt":"2024-12-08T20:14:52","guid":{"rendered":"https:\/\/axtarstore.com\/?post_type=product&#038;p=7409"},"modified":"2025-05-18T02:23:13","modified_gmt":"2025-05-17T22:23:13","slug":"biocos-vitamin-c-cleansing-mousse-face-wash","status":"publish","type":"product","link":"https:\/\/axtarstore.com\/ru\/product\/biocos-vitamin-c-cleansing-mousse-face-wash\/","title":{"rendered":"Biocos Vitamin C Cleansing Mousse &#8211; T\u0259mizl\u0259yici \u00dcz Yuma k\u00f6p\u00fck"},"content":{"rendered":"<p>Biocos Vitamin C Cleansing Mousse, \u00fcz\u00fcn\u00fcz\u00fc t\u0259mizl\u0259m\u0259k v\u0259 t\u0259rav\u0259tl\u0259ndirm\u0259k \u00fc\u00e7\u00fcn ideal bir h\u0259ll t\u0259qdim edir. Bu t\u0259mizl\u0259yici mousse, \u00fcz\u00fcn\u00fczd\u0259ki kir v\u0259 makiyaj\u0131 t\u0259mizl\u0259y\u0259r\u0259k d\u0259rini d\u0259rind\u0259n t\u0259mizl\u0259yir, par\u0131ldad\u0131r v\u0259 t\u0259z\u0259l\u0259yir. T\u0259rkibind\u0259ki Vitamin C il\u0259 z\u0259nginl\u0259\u015fdirilmi\u015fdir, bu da d\u0259rinizin parlaq v\u0259 i\u015f\u0131ql\u0131 g\u00f6r\u00fcnm\u0259sin\u0259 k\u00f6m\u0259k edir.<\/p>\n<p>Biocos Vitamin C Cleansing Mousse, g\u00fcnd\u0259lik istifad\u0259d\u0259 d\u0259rinin n\u0259ml\u0259ndirilm\u0259si v\u0259 canland\u0131r\u0131lmas\u0131na k\u00f6m\u0259k edir. D\u0259rinin t\u0259bii par\u0131lt\u0131s\u0131n\u0131 art\u0131rmaq v\u0259 qorunmas\u0131n\u0131 t\u0259min etm\u0259k \u00fc\u00e7\u00fcn m\u00fck\u0259mm\u0259l bir m\u0259hsuldur.<\/p>\n<p>\u041a\u043b\u044e\u0447\u0435\u0432\u044b\u0435 \u043f\u0440\u0435\u0438\u043c\u0443\u0449\u0435\u0441\u0442\u0432\u0430:<br \/>\n\u2022 D\u0259riyi d\u0259rind\u0259n t\u0259mizl\u0259yir v\u0259 t\u0259rav\u0259tl\u0259ndirir<br \/>\n\u2022 Vitamin C il\u0259 d\u0259rini i\u015f\u0131qland\u0131r\u0131r v\u0259 parlaq edir<br \/>\n\u2022 Makiyaj\u0131 v\u0259 kirli t\u0259mizl\u0259yir<br \/>\n\u2022 D\u0259riy\u0259 n\u0259ml\u0259ndirici v\u0259 qidaland\u0131r\u0131c\u0131 t\u0259sir g\u00f6st\u0259rir<br \/>\n\u2022 B\u00fct\u00fcn d\u0259ri tipl\u0259ri \u00fc\u00e7\u00fcn uy\u011fundur<\/p>\n<p>Biocos Vitamin C Cleansing Mousse il\u0259 d\u0259riniz\u0259 m\u00fck\u0259mm\u0259l qulluq edin v\u0259 h\u0259r g\u00fcn parlaq, t\u0259z\u0259 v\u0259 t\u0259miz d\u0259riy\u0259 sahib olun.<\/p>","protected":false},"excerpt":{"rendered":"<p>Biocos Vitamin C Cleansing Mousse, \u00fcz\u00fcn\u00fcz\u00fc t\u0259mizl\u0259m\u0259k v\u0259 t\u0259rav\u0259tl\u0259ndirm\u0259k \u00fc\u00e7\u00fcn ideal bir h\u0259ll t\u0259qdim edir. Bu t\u0259mizl\u0259yici mousse, \u00fcz\u00fcn\u00fczd\u0259ki kir v\u0259 makiyaj\u0131 t\u0259mizl\u0259y\u0259r\u0259k d\u0259rini d\u0259rind\u0259n t\u0259mizl\u0259yir, par\u0131ldad\u0131r v\u0259 t\u0259z\u0259l\u0259yir. T\u0259rkibind\u0259ki Vitamin C il\u0259 z\u0259nginl\u0259\u015fdirilmi\u015fdir, bu da d\u0259rinizin parlaq v\u0259 i\u015f\u0131ql\u0131 g\u00f6r\u00fcnm\u0259sin\u0259 k\u00f6m\u0259k edir. Biocos Vitamin C Cleansing Mousse, g\u00fcnd\u0259lik istifad\u0259d\u0259 d\u0259rinin n\u0259ml\u0259ndirilm\u0259si v\u0259 canland\u0131r\u0131lmas\u0131na k\u00f6m\u0259k &hellip; <a href=\"https:\/\/axtarstore.com\/ru\/product\/biocos-vitamin-c-cleansing-mousse-face-wash\/\" class=\"more-link\">Continue reading <span class=\"screen-reader-text\">Biocos Vitamin C Cleansing Mousse &#8211; T\u0259mizl\u0259yici \u00dcz Yuma k\u00f6p\u00fck<\/span><\/a><\/p>","protected":false},"featured_media":7410,"comment_status":"open","ping_status":"closed","template":"","meta":[],"pwb-brand":[161],"product_cat":[149,127,147],"product_tag":[296,294,293,319,324,418,325,297],"class_list":{"0":"post-7409","1":"product","2":"type-product","3":"status-publish","4":"has-post-thumbnail","6":"pwb-brand-biocos","7":"product_cat-makeup-remover","8":"product_cat-face-care","9":"product_cat-face-wash","10":"product_tag-darkspots","11":"product_tag-face","12":"product_tag-facecare","13":"product_tag-uz-lklri","14":"product_tag-uz-yuma-gell","15":"product_tag-uzbaximi","16":"product_tag-vitamin-c","17":"product_tag-whitening","18":"pa_size-120ml","21":"instock","22":"sale","23":"shipping-taxable","24":"purchasable","25":"product-type-simple"},"brands":[{"id":161,"name":"Biocos","slug":"biocos"}],"_links":{"self":[{"href":"https:\/\/axtarstore.com\/ru\/wp-json\/wp\/v2\/product\/7409"}],"collection":[{"href":"https:\/\/axtarstore.com\/ru\/wp-json\/wp\/v2\/product"}],"about":[{"href":"https:\/\/axtarstore.com\/ru\/wp-json\/wp\/v2\/types\/product"}],"replies":[{"embeddable":true,"href":"https:\/\/axtarstore.com\/ru\/wp-json\/wp\/v2\/comments?post=7409"}],"version-history":[{"count":3,"href":"https:\/\/axtarstore.com\/ru\/wp-json\/wp\/v2\/product\/7409\/revisions"}],"predecessor-version":[{"id":10399,"href":"https:\/\/axtarstore.com\/ru\/wp-json\/wp\/v2\/product\/7409\/revisions\/10399"}],"wp:featuredmedia":[{"embeddable":true,"href":"https:\/\/axtarstore.com\/ru\/wp-json\/wp\/v2\/media\/7410"}],"wp:attachment":[{"href":"https:\/\/axtarstore.com\/ru\/wp-json\/wp\/v2\/media?parent=7409"}],"wp:term":[{"taxonomy":"pwb-brand","embeddable":true,"href":"https:\/\/axtarstore.com\/ru\/wp-json\/wp\/v2\/pwb-brand?post=7409"},{"taxonomy":"product_cat","embeddable":true,"href":"https:\/\/axtarstore.com\/ru\/wp-json\/wp\/v2\/product_cat?post=7409"},{"taxonomy":"product_tag","embeddable":true,"href":"https:\/\/axtarstore.com\/ru\/wp-json\/wp\/v2\/product_tag?post=7409"}],"curies":[{"name":"wp","href":"https:\/\/api.w.org\/{rel}","templated":true}]}}