{"id":7397,"date":"2024-12-08T23:32:13","date_gmt":"2024-12-08T19:32:13","guid":{"rendered":"https:\/\/axtarstore.com\/?post_type=product&#038;p=7397"},"modified":"2024-12-08T23:32:13","modified_gmt":"2024-12-08T19:32:13","slug":"biocos-aloe-vera-face-wash-cleansing-mousse","status":"publish","type":"product","link":"https:\/\/axtarstore.com\/ru\/product\/biocos-aloe-vera-face-wash-cleansing-mousse\/","title":{"rendered":"Biocos Aloe Vera Face Wash Cleansing Mousse"},"content":{"rendered":"<p>Biocos aloe vera \u00fcz t\u0259mizl\u0259yici k\u00f6p\u00fcy\u00fc<br \/>\nBiocos aloe vera \u00fcz t\u0259mizl\u0259yici k\u00f6p\u00fcy\u00fc z\u0259rif \u00fcz t\u0259mizl\u0259yicisi v\u0259 \u00f6z-\u00f6z\u00fcn\u0259 k\u00f6p\u00fckl\u0259n\u0259n \u00fcz yumas\u0131d\u0131r. Bu t\u0259mizl\u0259yici k\u00f6p\u00fck \u00fcz yumas\u0131nda d\u0259rinizi m\u00fck\u0259mm\u0259l \u015f\u0259kild\u0259 a\u015f\u0131nd\u0131ran v\u0259 t\u0259mizl\u0259y\u0259n daxili \u00fcz f\u0131r\u00e7as\u0131 var. Bu yum\u015faq k\u00f6p\u00fck t\u0259mizl\u0259yicisi aloe vera ekstraktlar\u0131, E vitamini v\u0259 provitamin B5 il\u0259 infuziya edilmi\u015fdir ki, bu da siz\u0259 \u015firin qoxulu \u00fcz yuma t\u0259cr\u00fcb\u0259si b\u0259x\u015f ed\u0259c\u0259k. T\u0259mizl\u0259yici k\u00f6p\u00fck \u00fcz yuma m\u0259sam\u0259l\u0259rinizi yum\u015faq bir \u015f\u0259kild\u0259 a\u00e7araq g\u00f6z\u0259l bir k\u00f6p\u00fck hal\u0131na g\u0259tiril\u0259 bil\u0259r. D\u0259rinizi qurutmur, baxmayaraq ki, q\u0131r\u0131\u015flara k\u00f6m\u0259k edir. \u00dcz\u00fcn\u00fcz\u00fc t\u0259rav\u0259tli, yum\u015faq v\u0259 t\u0259miz hiss edir. Bu t\u0259mizl\u0259yici h\u0259m s\u0259h\u0259r, h\u0259m d\u0259 ax\u015fam istifad\u0259 edil\u0259 bil\u0259r.<\/p>\n<p>B\u00fct\u00fcn d\u0259ri tipl\u0259ri \u00fc\u00e7\u00fcn m\u00fck\u0259mm\u0259ldir<br \/>\nT\u0259bii \u00f6z-\u00f6z\u00fcn\u0259 k\u00f6p\u00fckl\u0259n\u0259n \u00fcz yuma<br \/>\nT\u0259rav\u0259tl\u0259ndirici Ya\u011fs\u0131z T\u0259mizl\u0259yici<br \/>\nSabunsuzdur, Q\u0131c\u0131qland\u0131rm\u0131r, Qurutmur<br \/>\nAlkoqolsuz, Parabensiz, S\u0259rt kimy\u0259vi madd\u0259l\u0259rsiz v\u0259 pH Balansla\u015fd\u0131r\u0131lm\u0131\u015f Formula.<\/p>","protected":false},"excerpt":{"rendered":"<p>Biocos aloe vera \u00fcz t\u0259mizl\u0259yici k\u00f6p\u00fcy\u00fc Biocos aloe vera \u00fcz t\u0259mizl\u0259yici k\u00f6p\u00fcy\u00fc z\u0259rif \u00fcz t\u0259mizl\u0259yicisi v\u0259 \u00f6z-\u00f6z\u00fcn\u0259 k\u00f6p\u00fckl\u0259n\u0259n \u00fcz yumas\u0131d\u0131r. Bu t\u0259mizl\u0259yici k\u00f6p\u00fck \u00fcz yumas\u0131nda d\u0259rinizi m\u00fck\u0259mm\u0259l \u015f\u0259kild\u0259 a\u015f\u0131nd\u0131ran v\u0259 t\u0259mizl\u0259y\u0259n daxili \u00fcz f\u0131r\u00e7as\u0131 var. Bu yum\u015faq k\u00f6p\u00fck t\u0259mizl\u0259yicisi aloe vera ekstraktlar\u0131, E vitamini v\u0259 provitamin B5 il\u0259 infuziya edilmi\u015fdir ki, bu da siz\u0259 \u015firin &hellip; <a href=\"https:\/\/axtarstore.com\/ru\/product\/biocos-aloe-vera-face-wash-cleansing-mousse\/\" class=\"more-link\">Continue reading <span class=\"screen-reader-text\">Biocos Aloe Vera Face Wash Cleansing Mousse<\/span><\/a><\/p>","protected":false},"featured_media":7398,"comment_status":"open","ping_status":"closed","template":"","meta":[],"pwb-brand":[161],"product_cat":[149,147],"product_tag":[294,293,297],"class_list":{"0":"post-7397","1":"product","2":"type-product","3":"status-publish","4":"has-post-thumbnail","6":"pwb-brand-biocos","7":"product_cat-makeup-remover","8":"product_cat-face-wash","9":"product_tag-face","10":"product_tag-facecare","11":"product_tag-whitening","12":"pa_size-120ml","15":"instock","16":"shipping-taxable","17":"purchasable","18":"product-type-simple"},"brands":[{"id":161,"name":"Biocos","slug":"biocos"}],"_links":{"self":[{"href":"https:\/\/axtarstore.com\/ru\/wp-json\/wp\/v2\/product\/7397"}],"collection":[{"href":"https:\/\/axtarstore.com\/ru\/wp-json\/wp\/v2\/product"}],"about":[{"href":"https:\/\/axtarstore.com\/ru\/wp-json\/wp\/v2\/types\/product"}],"replies":[{"embeddable":true,"href":"https:\/\/axtarstore.com\/ru\/wp-json\/wp\/v2\/comments?post=7397"}],"version-history":[{"count":1,"href":"https:\/\/axtarstore.com\/ru\/wp-json\/wp\/v2\/product\/7397\/revisions"}],"predecessor-version":[{"id":7401,"href":"https:\/\/axtarstore.com\/ru\/wp-json\/wp\/v2\/product\/7397\/revisions\/7401"}],"wp:featuredmedia":[{"embeddable":true,"href":"https:\/\/axtarstore.com\/ru\/wp-json\/wp\/v2\/media\/7398"}],"wp:attachment":[{"href":"https:\/\/axtarstore.com\/ru\/wp-json\/wp\/v2\/media?parent=7397"}],"wp:term":[{"taxonomy":"pwb-brand","embeddable":true,"href":"https:\/\/axtarstore.com\/ru\/wp-json\/wp\/v2\/pwb-brand?post=7397"},{"taxonomy":"product_cat","embeddable":true,"href":"https:\/\/axtarstore.com\/ru\/wp-json\/wp\/v2\/product_cat?post=7397"},{"taxonomy":"product_tag","embeddable":true,"href":"https:\/\/axtarstore.com\/ru\/wp-json\/wp\/v2\/product_tag?post=7397"}],"curies":[{"name":"wp","href":"https:\/\/api.w.org\/{rel}","templated":true}]}}