{"id":7381,"date":"2024-11-23T00:28:21","date_gmt":"2024-11-22T20:28:21","guid":{"rendered":"https:\/\/axtarstore.com\/?post_type=product&#038;p=7381"},"modified":"2024-11-23T00:28:21","modified_gmt":"2024-11-22T20:28:21","slug":"biocos-beauty-soap","status":"publish","type":"product","link":"https:\/\/axtarstore.com\/ru\/product\/biocos-beauty-soap\/","title":{"rendered":"Biocos Beauty Soap"},"content":{"rendered":"<p>Biocos G\u00f6z\u0259llik Sabunu bazarda m\u00f6vcud olan sabunlardan daha yax\u015f\u0131 v\u0259 f\u0259rqlidir. \u0130st\u0259nil\u0259n sabunu se\u00e7\u0259rk\u0259n n\u0259z\u0259r\u0259 al\u0131nmal\u0131d\u0131r ki, bu sabun bizim se\u00e7diyimiz \u00fcz\u00fcm\u00fcz\u0259 uy\u011fundur.<br \/>\nBiocos G\u00f6z\u0259llik Sabunu se\u00e7imi h\u0259ssas \u00fcz\u00fcm\u00fcz \u00fc\u00e7\u00fcn daha yax\u015f\u0131d\u0131r. Minerallar\u0131n v\u0259 vitaminl\u0259rin m\u00f6vcudlu\u011fu d\u0259ri h\u00fcceyr\u0259l\u0259rind\u0259 olan ya\u011f v\u0259 tozu yuyur v\u0259 s\u0131zanaqlara v\u0259 biotin\u0259 s\u0259b\u0259b olur. Bu s\u0259b\u0259bd\u0259n Biocos Beauty Soap il\u0259 \u00fcz\u00fcn bir d\u0259f\u0259 yuyulmas\u0131 \u00fcz\u00fcn t\u0259rav\u0259ti v\u0259 \u00e7i\u00e7\u0259kl\u0259nm\u0259si meydana \u00e7\u0131xd\u0131. H\u0259r hans\u0131 kremd\u0259n istifad\u0259 etm\u0259zd\u0259n \u0259vv\u0259l v\u0259 sonra Biocos G\u00f6z\u0259llik Sabunu istifad\u0259 edilm\u0259lidir. Ya\u011fl\u0131 v\u0259 ya biotin d\u0259risi olan insanlar g\u00fcnd\u0259 be\u015f d\u0259f\u0259 Biocos G\u00f6z\u0259llik Sabunu istifad\u0259 etm\u0259lidirl\u0259r.<\/p>","protected":false},"excerpt":{"rendered":"<p>Biocos G\u00f6z\u0259llik Sabunu bazarda m\u00f6vcud olan sabunlardan daha yax\u015f\u0131 v\u0259 f\u0259rqlidir. \u0130st\u0259nil\u0259n sabunu se\u00e7\u0259rk\u0259n n\u0259z\u0259r\u0259 al\u0131nmal\u0131d\u0131r ki, bu sabun bizim se\u00e7diyimiz \u00fcz\u00fcm\u00fcz\u0259 uy\u011fundur. Biocos G\u00f6z\u0259llik Sabunu se\u00e7imi h\u0259ssas \u00fcz\u00fcm\u00fcz \u00fc\u00e7\u00fcn daha yax\u015f\u0131d\u0131r. Minerallar\u0131n v\u0259 vitaminl\u0259rin m\u00f6vcudlu\u011fu d\u0259ri h\u00fcceyr\u0259l\u0259rind\u0259 olan ya\u011f v\u0259 tozu yuyur v\u0259 s\u0131zanaqlara v\u0259 biotin\u0259 s\u0259b\u0259b olur. Bu s\u0259b\u0259bd\u0259n Biocos Beauty Soap il\u0259 &hellip; <a href=\"https:\/\/axtarstore.com\/ru\/product\/biocos-beauty-soap\/\" class=\"more-link\">Continue reading <span class=\"screen-reader-text\">Biocos Beauty Soap<\/span><\/a><\/p>","protected":false},"featured_media":7382,"comment_status":"open","ping_status":"closed","template":"","meta":[],"pwb-brand":[161],"product_cat":[127,148],"product_tag":[299,297],"class_list":{"0":"post-7381","1":"product","2":"type-product","3":"status-publish","4":"has-post-thumbnail","6":"pwb-brand-biocos","7":"product_cat-face-care","8":"product_cat-face-soaps","9":"product_tag-acnetreatment","10":"product_tag-whitening","11":"pa_size-100grm","14":"instock","15":"shipping-taxable","16":"purchasable","17":"product-type-simple"},"brands":[{"id":161,"name":"Biocos","slug":"biocos"}],"_links":{"self":[{"href":"https:\/\/axtarstore.com\/ru\/wp-json\/wp\/v2\/product\/7381"}],"collection":[{"href":"https:\/\/axtarstore.com\/ru\/wp-json\/wp\/v2\/product"}],"about":[{"href":"https:\/\/axtarstore.com\/ru\/wp-json\/wp\/v2\/types\/product"}],"replies":[{"embeddable":true,"href":"https:\/\/axtarstore.com\/ru\/wp-json\/wp\/v2\/comments?post=7381"}],"version-history":[{"count":1,"href":"https:\/\/axtarstore.com\/ru\/wp-json\/wp\/v2\/product\/7381\/revisions"}],"predecessor-version":[{"id":7386,"href":"https:\/\/axtarstore.com\/ru\/wp-json\/wp\/v2\/product\/7381\/revisions\/7386"}],"wp:featuredmedia":[{"embeddable":true,"href":"https:\/\/axtarstore.com\/ru\/wp-json\/wp\/v2\/media\/7382"}],"wp:attachment":[{"href":"https:\/\/axtarstore.com\/ru\/wp-json\/wp\/v2\/media?parent=7381"}],"wp:term":[{"taxonomy":"pwb-brand","embeddable":true,"href":"https:\/\/axtarstore.com\/ru\/wp-json\/wp\/v2\/pwb-brand?post=7381"},{"taxonomy":"product_cat","embeddable":true,"href":"https:\/\/axtarstore.com\/ru\/wp-json\/wp\/v2\/product_cat?post=7381"},{"taxonomy":"product_tag","embeddable":true,"href":"https:\/\/axtarstore.com\/ru\/wp-json\/wp\/v2\/product_tag?post=7381"}],"curies":[{"name":"wp","href":"https:\/\/api.w.org\/{rel}","templated":true}]}}