{"id":7377,"date":"2024-11-23T00:19:44","date_gmt":"2024-11-22T20:19:44","guid":{"rendered":"https:\/\/axtarstore.com\/?post_type=product&#038;p=7377"},"modified":"2024-11-23T00:19:44","modified_gmt":"2024-11-22T20:19:44","slug":"biocos-whitening-anti-acne-large-soap","status":"publish","type":"product","link":"https:\/\/axtarstore.com\/ru\/product\/biocos-whitening-anti-acne-large-soap\/","title":{"rendered":"Biocos Whitening &#038; Anti Acne Large Soap"},"content":{"rendered":"<p>Biocos G\u00f6z\u0259llik Sabunu bazarda m\u00f6vcud olan sabunlardan daha yax\u015f\u0131 v\u0259 f\u0259rqlidir. \u0130st\u0259nil\u0259n sabunu se\u00e7\u0259rk\u0259n n\u0259z\u0259r\u0259 al\u0131nmal\u0131d\u0131r ki, bu sabun bizim se\u00e7diyimiz \u00fcz\u00fcm\u00fcz\u0259 uy\u011fundur.<br \/>\nBiocos G\u00f6z\u0259llik Sabunu se\u00e7imi h\u0259ssas \u00fcz\u00fcm\u00fcz \u00fc\u00e7\u00fcn daha yax\u015f\u0131d\u0131r. Mineral v\u0259 vitaminl\u0259rin olmas\u0131 d\u0259rinin h\u00fcceyr\u0259l\u0259rind\u0259 olan ya\u011f v\u0259 tozu yuyub s\u0131zanaq v\u0259 biotin \u0259m\u0259l\u0259 g\u0259tirir. Bu s\u0259b\u0259bd\u0259n Biocos Beauty Soap il\u0259 \u00fcz\u00fcn bir d\u0259f\u0259 yuyulmas\u0131 \u00fcz\u00fcn t\u0259rav\u0259tli v\u0259 \u00e7i\u00e7\u0259kl\u0259nm\u0259sin\u0259 s\u0259b\u0259b olur. H\u0259r hans\u0131 kremd\u0259n istifad\u0259 etm\u0259zd\u0259n \u0259vv\u0259l v\u0259 sonra Biocos G\u00f6z\u0259llik Sabunu istifad\u0259 edilm\u0259lidir. Ya\u011fl\u0131 v\u0259 ya biotin d\u0259risi olan insanlar g\u00fcnd\u0259 5 d\u0259f\u0259 Biocos G\u00f6z\u0259llik Sabunu istifad\u0259 etm\u0259lidirl\u0259r.<\/p>","protected":false},"excerpt":{"rendered":"<p>Biocos G\u00f6z\u0259llik Sabunu bazarda m\u00f6vcud olan sabunlardan daha yax\u015f\u0131 v\u0259 f\u0259rqlidir. \u0130st\u0259nil\u0259n sabunu se\u00e7\u0259rk\u0259n n\u0259z\u0259r\u0259 al\u0131nmal\u0131d\u0131r ki, bu sabun bizim se\u00e7diyimiz \u00fcz\u00fcm\u00fcz\u0259 uy\u011fundur. Biocos G\u00f6z\u0259llik Sabunu se\u00e7imi h\u0259ssas \u00fcz\u00fcm\u00fcz \u00fc\u00e7\u00fcn daha yax\u015f\u0131d\u0131r. Mineral v\u0259 vitaminl\u0259rin olmas\u0131 d\u0259rinin h\u00fcceyr\u0259l\u0259rind\u0259 olan ya\u011f v\u0259 tozu yuyub s\u0131zanaq v\u0259 biotin \u0259m\u0259l\u0259 g\u0259tirir. Bu s\u0259b\u0259bd\u0259n Biocos Beauty Soap il\u0259 \u00fcz\u00fcn &hellip; <a href=\"https:\/\/axtarstore.com\/ru\/product\/biocos-whitening-anti-acne-large-soap\/\" class=\"more-link\">Continue reading <span class=\"screen-reader-text\">Biocos Whitening &#038; Anti Acne Large Soap<\/span><\/a><\/p>","protected":false},"featured_media":7378,"comment_status":"open","ping_status":"closed","template":"","meta":[],"pwb-brand":[161],"product_cat":[127,148],"product_tag":[299,293,297],"class_list":{"0":"post-7377","1":"product","2":"type-product","3":"status-publish","4":"has-post-thumbnail","6":"pwb-brand-biocos","7":"product_cat-face-care","8":"product_cat-face-soaps","9":"product_tag-acnetreatment","10":"product_tag-facecare","11":"product_tag-whitening","12":"pa_size-100grm","15":"instock","16":"shipping-taxable","17":"purchasable","18":"product-type-simple"},"brands":[{"id":161,"name":"Biocos","slug":"biocos"}],"_links":{"self":[{"href":"https:\/\/axtarstore.com\/ru\/wp-json\/wp\/v2\/product\/7377"}],"collection":[{"href":"https:\/\/axtarstore.com\/ru\/wp-json\/wp\/v2\/product"}],"about":[{"href":"https:\/\/axtarstore.com\/ru\/wp-json\/wp\/v2\/types\/product"}],"replies":[{"embeddable":true,"href":"https:\/\/axtarstore.com\/ru\/wp-json\/wp\/v2\/comments?post=7377"}],"version-history":[{"count":1,"href":"https:\/\/axtarstore.com\/ru\/wp-json\/wp\/v2\/product\/7377\/revisions"}],"predecessor-version":[{"id":7380,"href":"https:\/\/axtarstore.com\/ru\/wp-json\/wp\/v2\/product\/7377\/revisions\/7380"}],"wp:featuredmedia":[{"embeddable":true,"href":"https:\/\/axtarstore.com\/ru\/wp-json\/wp\/v2\/media\/7378"}],"wp:attachment":[{"href":"https:\/\/axtarstore.com\/ru\/wp-json\/wp\/v2\/media?parent=7377"}],"wp:term":[{"taxonomy":"pwb-brand","embeddable":true,"href":"https:\/\/axtarstore.com\/ru\/wp-json\/wp\/v2\/pwb-brand?post=7377"},{"taxonomy":"product_cat","embeddable":true,"href":"https:\/\/axtarstore.com\/ru\/wp-json\/wp\/v2\/product_cat?post=7377"},{"taxonomy":"product_tag","embeddable":true,"href":"https:\/\/axtarstore.com\/ru\/wp-json\/wp\/v2\/product_tag?post=7377"}],"curies":[{"name":"wp","href":"https:\/\/api.w.org\/{rel}","templated":true}]}}