{"id":7363,"date":"2024-11-22T23:57:51","date_gmt":"2024-11-22T19:57:51","guid":{"rendered":"https:\/\/axtarstore.com\/?post_type=product&#038;p=7363"},"modified":"2024-11-22T23:57:51","modified_gmt":"2024-11-22T19:57:51","slug":"biocos-herbal-hair-regrowth-oil","status":"publish","type":"product","link":"https:\/\/axtarstore.com\/ru\/product\/biocos-herbal-hair-regrowth-oil\/","title":{"rendered":"Biocos Herbal Hair Regrowth Oil"},"content":{"rendered":"<p>11 g\u00fccl\u00fc bitkinin sehri il\u0259 sa\u00e7lar\u0131n\u0131z\u0131 qidaland\u0131r\u0131n! Biocos bitki m\u0259n\u015f\u0259li sa\u00e7 ya\u011f\u0131 v\u0259 yenid\u0259n b\u00f6y\u00fcy\u0259n serum sa\u00e7 t\u00f6k\u00fclm\u0259si \u0259lam\u0259tl\u0259rinin qar\u015f\u0131s\u0131n\u0131 almaq v\u0259 sa\u011flam, canl\u0131 tell\u0259ri t\u0259\u015fviq etm\u0259k \u00fc\u00e7\u00fcn sehrli qar\u0131\u015f\u0131q t\u0259klif edir. Narahatl\u0131qla vidala\u015f\u0131n v\u0259 \u015firin q\u0131f\u0131llara salam deyin!<\/p>","protected":false},"excerpt":{"rendered":"<p>11 g\u00fccl\u00fc bitkinin sehri il\u0259 sa\u00e7lar\u0131n\u0131z\u0131 qidaland\u0131r\u0131n! Biocos bitki m\u0259n\u015f\u0259li sa\u00e7 ya\u011f\u0131 v\u0259 yenid\u0259n b\u00f6y\u00fcy\u0259n serum sa\u00e7 t\u00f6k\u00fclm\u0259si \u0259lam\u0259tl\u0259rinin qar\u015f\u0131s\u0131n\u0131 almaq v\u0259 sa\u011flam, canl\u0131 tell\u0259ri t\u0259\u015fviq etm\u0259k \u00fc\u00e7\u00fcn sehrli qar\u0131\u015f\u0131q t\u0259klif edir. Narahatl\u0131qla vidala\u015f\u0131n v\u0259 \u015firin q\u0131f\u0131llara salam deyin!<\/p>","protected":false},"featured_media":7364,"comment_status":"open","ping_status":"closed","template":"","meta":[],"pwb-brand":[161],"product_cat":[126,135],"product_tag":[306,308,301,310],"class_list":{"0":"post-7363","1":"product","2":"type-product","3":"status-publish","4":"has-post-thumbnail","6":"pwb-brand-biocos","7":"product_cat-haircare","8":"product_cat-oil","9":"product_tag-antihairloss","10":"product_tag-haircare","11":"product_tag-hairfallsolution","12":"product_tag-hairregrowth","13":"pa_size-100ml","16":"instock","17":"shipping-taxable","18":"purchasable","19":"product-type-simple"},"brands":[{"id":161,"name":"Biocos","slug":"biocos"}],"_links":{"self":[{"href":"https:\/\/axtarstore.com\/ru\/wp-json\/wp\/v2\/product\/7363"}],"collection":[{"href":"https:\/\/axtarstore.com\/ru\/wp-json\/wp\/v2\/product"}],"about":[{"href":"https:\/\/axtarstore.com\/ru\/wp-json\/wp\/v2\/types\/product"}],"replies":[{"embeddable":true,"href":"https:\/\/axtarstore.com\/ru\/wp-json\/wp\/v2\/comments?post=7363"}],"version-history":[{"count":1,"href":"https:\/\/axtarstore.com\/ru\/wp-json\/wp\/v2\/product\/7363\/revisions"}],"predecessor-version":[{"id":7369,"href":"https:\/\/axtarstore.com\/ru\/wp-json\/wp\/v2\/product\/7363\/revisions\/7369"}],"wp:featuredmedia":[{"embeddable":true,"href":"https:\/\/axtarstore.com\/ru\/wp-json\/wp\/v2\/media\/7364"}],"wp:attachment":[{"href":"https:\/\/axtarstore.com\/ru\/wp-json\/wp\/v2\/media?parent=7363"}],"wp:term":[{"taxonomy":"pwb-brand","embeddable":true,"href":"https:\/\/axtarstore.com\/ru\/wp-json\/wp\/v2\/pwb-brand?post=7363"},{"taxonomy":"product_cat","embeddable":true,"href":"https:\/\/axtarstore.com\/ru\/wp-json\/wp\/v2\/product_cat?post=7363"},{"taxonomy":"product_tag","embeddable":true,"href":"https:\/\/axtarstore.com\/ru\/wp-json\/wp\/v2\/product_tag?post=7363"}],"curies":[{"name":"wp","href":"https:\/\/api.w.org\/{rel}","templated":true}]}}