{"id":7357,"date":"2024-11-22T23:46:16","date_gmt":"2024-11-22T19:46:16","guid":{"rendered":"https:\/\/axtarstore.com\/?post_type=product&#038;p=7357"},"modified":"2024-11-22T23:46:16","modified_gmt":"2024-11-22T19:46:16","slug":"biocos-hair-thick-c1-oil","status":"publish","type":"product","link":"https:\/\/axtarstore.com\/ru\/product\/biocos-hair-thick-c1-oil\/","title":{"rendered":"Biocos Hair Thick C1 Oil"},"content":{"rendered":"<p>Biocos Ayurveda Sa\u00e7 Ya\u011f\u0131<br \/>\n\u0130stifad\u0259 qaydas\u0131: \u00c7ox \u00fczl\u00fc sa\u00e7\/ba\u015f d\u0259risi x\u0259st\u0259likl\u0259rini aradan qald\u0131rmaq \u00fc\u00e7\u00fcn vanna q\u0259bul etm\u0259zd\u0259n \u0259vv\u0259l gec\u0259 5-10ml ya\u011fla ba\u015f d\u0259risin\u0259 masaj edin v\u0259 ya h\u0259kimin g\u00f6st\u0259ri\u015fi il\u0259 istifad\u0259 edin. \u018fn yax\u015f\u0131 n\u0259tic\u0259 \u00fc\u00e7\u00fcn Biocos Ayurveda Sa\u00e7 Ya\u011f\u0131, \u015eampundan h\u0259ft\u0259d\u0259 3 d\u0259f\u0259 3 ay istifad\u0259 edin. Ya\u011fl\u0131 masaj stress yor\u011funlu\u011fu v\u0259 yor\u011funluq, stress v\u0259 g\u0259rginlik, yuxusuzluq, ba\u015f a\u011fr\u0131s\u0131 v\u0259 b\u0259d\u0259n a\u011fr\u0131lar\u0131 s\u0259b\u0259bind\u0259n sa\u00e7 t\u00f6k\u00fclm\u0259sinin t\u0259sirli \u015f\u0259kild\u0259 aradan qald\u0131r\u0131lmas\u0131na k\u00f6m\u0259k edir.<br \/>\nSa\u00e7 t\u00f6k\u00fclm\u0259sini azald\u0131r* Yeni sa\u00e7lar yeti\u015fdirir, Sa\u00e7lar\u0131n vaxt\u0131ndan \u0259vv\u0259l a\u011farmas\u0131na faydal\u0131d\u0131r, Seboreik dermatit v\u0259 kaptis simplexd\u0259n qorunma\u011fa k\u00f6m\u0259k edir (K\u0259p\u0259k)<\/p>","protected":false},"excerpt":{"rendered":"<p>Biocos Ayurveda Sa\u00e7 Ya\u011f\u0131 \u0130stifad\u0259 qaydas\u0131: \u00c7ox \u00fczl\u00fc sa\u00e7\/ba\u015f d\u0259risi x\u0259st\u0259likl\u0259rini aradan qald\u0131rmaq \u00fc\u00e7\u00fcn vanna q\u0259bul etm\u0259zd\u0259n \u0259vv\u0259l gec\u0259 5-10ml ya\u011fla ba\u015f d\u0259risin\u0259 masaj edin v\u0259 ya h\u0259kimin g\u00f6st\u0259ri\u015fi il\u0259 istifad\u0259 edin. \u018fn yax\u015f\u0131 n\u0259tic\u0259 \u00fc\u00e7\u00fcn Biocos Ayurveda Sa\u00e7 Ya\u011f\u0131, \u015eampundan h\u0259ft\u0259d\u0259 3 d\u0259f\u0259 3 ay istifad\u0259 edin. Ya\u011fl\u0131 masaj stress yor\u011funlu\u011fu v\u0259 yor\u011funluq, stress &hellip; <a href=\"https:\/\/axtarstore.com\/ru\/product\/biocos-hair-thick-c1-oil\/\" class=\"more-link\">Continue reading <span class=\"screen-reader-text\">Biocos Hair Thick C1 Oil<\/span><\/a><\/p>","protected":false},"featured_media":7358,"comment_status":"open","ping_status":"closed","template":"","meta":[],"pwb-brand":[161],"product_cat":[126,135],"product_tag":[306,308,301,307],"class_list":{"0":"post-7357","1":"product","2":"type-product","3":"status-publish","4":"has-post-thumbnail","6":"pwb-brand-biocos","7":"product_cat-haircare","8":"product_cat-oil","9":"product_tag-antihairloss","10":"product_tag-haircare","11":"product_tag-hairfallsolution","12":"product_tag-longstronghair","13":"pa_size-120ml","16":"instock","17":"shipping-taxable","18":"purchasable","19":"product-type-simple"},"brands":[{"id":161,"name":"Biocos","slug":"biocos"}],"_links":{"self":[{"href":"https:\/\/axtarstore.com\/ru\/wp-json\/wp\/v2\/product\/7357"}],"collection":[{"href":"https:\/\/axtarstore.com\/ru\/wp-json\/wp\/v2\/product"}],"about":[{"href":"https:\/\/axtarstore.com\/ru\/wp-json\/wp\/v2\/types\/product"}],"replies":[{"embeddable":true,"href":"https:\/\/axtarstore.com\/ru\/wp-json\/wp\/v2\/comments?post=7357"}],"version-history":[{"count":1,"href":"https:\/\/axtarstore.com\/ru\/wp-json\/wp\/v2\/product\/7357\/revisions"}],"predecessor-version":[{"id":7362,"href":"https:\/\/axtarstore.com\/ru\/wp-json\/wp\/v2\/product\/7357\/revisions\/7362"}],"wp:featuredmedia":[{"embeddable":true,"href":"https:\/\/axtarstore.com\/ru\/wp-json\/wp\/v2\/media\/7358"}],"wp:attachment":[{"href":"https:\/\/axtarstore.com\/ru\/wp-json\/wp\/v2\/media?parent=7357"}],"wp:term":[{"taxonomy":"pwb-brand","embeddable":true,"href":"https:\/\/axtarstore.com\/ru\/wp-json\/wp\/v2\/pwb-brand?post=7357"},{"taxonomy":"product_cat","embeddable":true,"href":"https:\/\/axtarstore.com\/ru\/wp-json\/wp\/v2\/product_cat?post=7357"},{"taxonomy":"product_tag","embeddable":true,"href":"https:\/\/axtarstore.com\/ru\/wp-json\/wp\/v2\/product_tag?post=7357"}],"curies":[{"name":"wp","href":"https:\/\/api.w.org\/{rel}","templated":true}]}}