{"id":7352,"date":"2024-11-22T23:35:06","date_gmt":"2024-11-22T19:35:06","guid":{"rendered":"https:\/\/axtarstore.com\/?post_type=product&#038;p=7352"},"modified":"2024-11-22T23:35:06","modified_gmt":"2024-11-22T19:35:06","slug":"biocos-acne-start-working-on-acne-from-one-day","status":"publish","type":"product","link":"https:\/\/axtarstore.com\/ru\/product\/biocos-acne-start-working-on-acne-from-one-day\/","title":{"rendered":"Biocos Acne Start Working On Acne From One Day"},"content":{"rendered":"<p>BIO COS ACNE krem \u00dcz cild t\u0259mizl\u0259yici a\u011fard\u0131c\u0131 krem<\/p>\n<p>\u00dczd\u0259 olan qara n\u00f6qt\u0259l\u0259r,acnel\u0259r, s\u0259pkil\u0259r,ugriler,\u00e7ill\u0259ri T\u0259mizl\u0259yir v\u0259 \u00fcz\u00fc a\u011fard\u0131r 100% orjinaldir<\/p>","protected":false},"excerpt":{"rendered":"<p>BIO COS ACNE krem \u00dcz cild t\u0259mizl\u0259yici a\u011fard\u0131c\u0131 krem \u00dczd\u0259 olan qara n\u00f6qt\u0259l\u0259r,acnel\u0259r, s\u0259pkil\u0259r,ugriler,\u00e7ill\u0259ri T\u0259mizl\u0259yir v\u0259 \u00fcz\u00fc a\u011fard\u0131r 100% orjinaldir<\/p>","protected":false},"featured_media":7353,"comment_status":"open","ping_status":"closed","template":"","meta":[],"pwb-brand":[161],"product_cat":[127,142],"product_tag":[299,296,294,293],"class_list":{"0":"post-7352","1":"product","2":"type-product","3":"status-publish","4":"has-post-thumbnail","6":"pwb-brand-biocos","7":"product_cat-face-care","8":"product_cat-face-creams","9":"product_tag-acnetreatment","10":"product_tag-darkspots","11":"product_tag-face","12":"product_tag-facecare","13":"pa_size-15grm","16":"instock","17":"shipping-taxable","18":"purchasable","19":"product-type-simple"},"brands":[{"id":161,"name":"Biocos","slug":"biocos"}],"_links":{"self":[{"href":"https:\/\/axtarstore.com\/ru\/wp-json\/wp\/v2\/product\/7352"}],"collection":[{"href":"https:\/\/axtarstore.com\/ru\/wp-json\/wp\/v2\/product"}],"about":[{"href":"https:\/\/axtarstore.com\/ru\/wp-json\/wp\/v2\/types\/product"}],"replies":[{"embeddable":true,"href":"https:\/\/axtarstore.com\/ru\/wp-json\/wp\/v2\/comments?post=7352"}],"version-history":[{"count":1,"href":"https:\/\/axtarstore.com\/ru\/wp-json\/wp\/v2\/product\/7352\/revisions"}],"predecessor-version":[{"id":7356,"href":"https:\/\/axtarstore.com\/ru\/wp-json\/wp\/v2\/product\/7352\/revisions\/7356"}],"wp:featuredmedia":[{"embeddable":true,"href":"https:\/\/axtarstore.com\/ru\/wp-json\/wp\/v2\/media\/7353"}],"wp:attachment":[{"href":"https:\/\/axtarstore.com\/ru\/wp-json\/wp\/v2\/media?parent=7352"}],"wp:term":[{"taxonomy":"pwb-brand","embeddable":true,"href":"https:\/\/axtarstore.com\/ru\/wp-json\/wp\/v2\/pwb-brand?post=7352"},{"taxonomy":"product_cat","embeddable":true,"href":"https:\/\/axtarstore.com\/ru\/wp-json\/wp\/v2\/product_cat?post=7352"},{"taxonomy":"product_tag","embeddable":true,"href":"https:\/\/axtarstore.com\/ru\/wp-json\/wp\/v2\/product_tag?post=7352"}],"curies":[{"name":"wp","href":"https:\/\/api.w.org\/{rel}","templated":true}]}}