{"id":7345,"date":"2024-11-22T23:19:09","date_gmt":"2024-11-22T19:19:09","guid":{"rendered":"https:\/\/axtarstore.com\/?post_type=product&#038;p=7345"},"modified":"2025-04-21T01:19:59","modified_gmt":"2025-04-20T21:19:59","slug":"biocos-goldish-beauty-cream","status":"publish","type":"product","link":"https:\/\/axtarstore.com\/ru\/product\/biocos-goldish-beauty-cream\/","title":{"rendered":"BIOCOS Goldish Cream \u2013 YEN\u0130 VERS\u0130YA il\u0259 L\u0259k\u0259l\u0259r\u0259 Son!"},"content":{"rendered":"<p>BIOCOS Goldish, tam yenil\u0259nmi\u015f versiyas\u0131 il\u0259 d\u0259rinizin g\u00f6z\u0259lliyini art\u0131rmaq \u00fc\u00e7\u00fcn m\u00fck\u0259mm\u0259l bir h\u0259ll t\u0259qdim edir. Bu unikal d\u0259st, krem, serum, kapsul v\u0259 sabunu bir arada t\u0259qdim ed\u0259r\u0259k d\u0259rinizd\u0259 g\u00f6z\u0259 g\u00f6r\u00fcl\u0259n n\u0259tic\u0259l\u0259r \u0259ld\u0259 etm\u0259y\u0259 k\u00f6m\u0259k edir.<\/p>\n<p>X\u00fcsusiyy\u0259tl\u0259r:<br \/>\n\u2022 Krem + Serum + Kapsul + Sabun: Ham\u0131s\u0131 bir arada, effektiv n\u0259tic\u0259l\u0259r \u00fc\u00e7\u00fcn.<br \/>\n\u2022 L\u0259k\u0259 qar\u015f\u0131s\u0131 alma: Hamilelik l\u0259k\u0259l\u0259ri, g\u00fcn\u0259\u015f \u015f\u00fcas\u0131ndan yaranan l\u0259k\u0259l\u0259r, s\u0131zanaq v\u0259 akne l\u0259k\u0259l\u0259ri \u00fc\u00e7\u00fcn ideal.<br \/>\n\u2022 M\u00fck\u0259mm\u0259l d\u0259rinin yarad\u0131lmas\u0131: Sabun istifad\u0259 ed\u0259r\u0259k d\u0259rinizin t\u0259mizliyini t\u0259min ed\u0259c\u0259k, s\u0259h\u0259r v\u0259 ax\u015fam istifad\u0259 ed\u0259r\u0259k t\u0259miz v\u0259 parlaq bir d\u0259ri \u0259ld\u0259 ed\u0259c\u0259ksiniz.<br \/>\n\u2022 T\u0259bii d\u0259niz m\u0259rm\u0259ri t\u0259rkibi il\u0259 mimiki q\u0131r\u0131\u015flar\u0131 azald\u0131r v\u0259 d\u0259rini canland\u0131r\u0131r.<br \/>\n\u2022 Quru v\u0259 ya\u011fl\u0131 d\u0259ril\u0259r \u00fc\u00e7\u00fcn uy\u011fun: Ya\u011fl\u0131 d\u0259ril\u0259r sabunla s\u0259h\u0259r v\u0259 ax\u015fam istifad\u0259 ed\u0259 bil\u0259r, quru d\u0259ril\u0259r is\u0259 bir d\u0259f\u0259 g\u00fcnd\u0259 istifad\u0259 ed\u0259 bil\u0259r.<\/p>\n<p>\u0130ndi d\u0259riniz parlaq, t\u0259rav\u0259tli v\u0259 sa\u011flam olacaq! Bu m\u00fck\u0259mm\u0259l d\u0259st\u0259 sahib olun v\u0259 g\u00f6z\u0259l bir d\u0259ri \u00fc\u00e7\u00fcn ilk add\u0131m\u0131 at\u0131n!<\/p>","protected":false},"excerpt":{"rendered":"<p>BIOCOS Goldish, tam yenil\u0259nmi\u015f versiyas\u0131 il\u0259 d\u0259rinizin g\u00f6z\u0259lliyini art\u0131rmaq \u00fc\u00e7\u00fcn m\u00fck\u0259mm\u0259l bir h\u0259ll t\u0259qdim edir. Bu unikal d\u0259st, krem, serum, kapsul v\u0259 sabunu bir arada t\u0259qdim ed\u0259r\u0259k d\u0259rinizd\u0259 g\u00f6z\u0259 g\u00f6r\u00fcl\u0259n n\u0259tic\u0259l\u0259r \u0259ld\u0259 etm\u0259y\u0259 k\u00f6m\u0259k edir. X\u00fcsusiyy\u0259tl\u0259r: \u2022 Krem + Serum + Kapsul + Sabun: Ham\u0131s\u0131 bir arada, effektiv n\u0259tic\u0259l\u0259r \u00fc\u00e7\u00fcn. \u2022 L\u0259k\u0259 qar\u015f\u0131s\u0131 alma: Hamilelik &hellip; <a href=\"https:\/\/axtarstore.com\/ru\/product\/biocos-goldish-beauty-cream\/\" class=\"more-link\">Continue reading <span class=\"screen-reader-text\">BIOCOS Goldish Cream \u2013 YEN\u0130 VERS\u0130YA il\u0259 L\u0259k\u0259l\u0259r\u0259 Son!<\/span><\/a><\/p>","protected":false},"featured_media":7346,"comment_status":"open","ping_status":"closed","template":"","meta":[],"pwb-brand":[161],"product_cat":[127,142],"product_tag":[299,296,294,293,297],"class_list":{"0":"post-7345","1":"product","2":"type-product","3":"status-publish","4":"has-post-thumbnail","6":"pwb-brand-biocos","7":"product_cat-face-care","8":"product_cat-face-creams","9":"product_tag-acnetreatment","10":"product_tag-darkspots","11":"product_tag-face","12":"product_tag-facecare","13":"product_tag-whitening","14":"pa_size-15grm","17":"instock","18":"shipping-taxable","19":"purchasable","20":"product-type-simple"},"brands":[{"id":161,"name":"Biocos","slug":"biocos"}],"_links":{"self":[{"href":"https:\/\/axtarstore.com\/ru\/wp-json\/wp\/v2\/product\/7345"}],"collection":[{"href":"https:\/\/axtarstore.com\/ru\/wp-json\/wp\/v2\/product"}],"about":[{"href":"https:\/\/axtarstore.com\/ru\/wp-json\/wp\/v2\/types\/product"}],"replies":[{"embeddable":true,"href":"https:\/\/axtarstore.com\/ru\/wp-json\/wp\/v2\/comments?post=7345"}],"version-history":[{"count":3,"href":"https:\/\/axtarstore.com\/ru\/wp-json\/wp\/v2\/product\/7345\/revisions"}],"predecessor-version":[{"id":9726,"href":"https:\/\/axtarstore.com\/ru\/wp-json\/wp\/v2\/product\/7345\/revisions\/9726"}],"wp:featuredmedia":[{"embeddable":true,"href":"https:\/\/axtarstore.com\/ru\/wp-json\/wp\/v2\/media\/7346"}],"wp:attachment":[{"href":"https:\/\/axtarstore.com\/ru\/wp-json\/wp\/v2\/media?parent=7345"}],"wp:term":[{"taxonomy":"pwb-brand","embeddable":true,"href":"https:\/\/axtarstore.com\/ru\/wp-json\/wp\/v2\/pwb-brand?post=7345"},{"taxonomy":"product_cat","embeddable":true,"href":"https:\/\/axtarstore.com\/ru\/wp-json\/wp\/v2\/product_cat?post=7345"},{"taxonomy":"product_tag","embeddable":true,"href":"https:\/\/axtarstore.com\/ru\/wp-json\/wp\/v2\/product_tag?post=7345"}],"curies":[{"name":"wp","href":"https:\/\/api.w.org\/{rel}","templated":true}]}}