{"id":7326,"date":"2024-11-22T22:51:57","date_gmt":"2024-11-22T18:51:57","guid":{"rendered":"https:\/\/axtarstore.com\/?post_type=product&#038;p=7326"},"modified":"2025-04-28T00:48:57","modified_gmt":"2025-04-27T20:48:57","slug":"biocos-rose-hair-remover-cream","status":"publish","type":"product","link":"https:\/\/axtarstore.com\/ru\/product\/biocos-rose-hair-remover-cream\/","title":{"rendered":"Biocos Rose Hair Removal Cream \u2013 T\u0259bii Qulluq il\u0259 S\u00fcr\u0259tli v\u0259 Rahat \u00dcz v\u0259 B\u0259d\u0259n Qullu\u011fu"},"content":{"rendered":"<p>Biocos Rose Hair Removal Cream, ip\u0259k z\u00fclallar\u0131 v\u0259 ax\u015fam \u00e7i\u00e7\u0259yi ya\u011f\u0131 il\u0259 z\u0259nginl\u0259\u015fdirilmi\u015f formulu il\u0259 d\u0259rini q\u0131c\u0131qlanmadan t\u0259rav\u0259tl\u0259ndirir v\u0259 hamarla\u015fd\u0131r\u0131r. Normal d\u0259ri \u00fc\u00e7\u00fcn ideal olan bu krem, t\u00fck g\u00f6t\u00fcrm\u0259 prosesini asanla\u015fd\u0131r\u0131r v\u0259 d\u0259riniz\u0259 parlaq v\u0259 yum\u015faq bir toxunu\u015f verir. G\u00f6z\u0259l v\u0259 t\u0259bii n\u0259tic\u0259l\u0259r \u0259ld\u0259 etm\u0259k \u00fc\u00e7\u00fcn s\u00fcr\u0259tli v\u0259 effektiv bir h\u0259ll t\u0259qdim edir.<\/p>\n<p>Biocos Rose Hair Removal Cream il\u0259 Hamar v\u0259 Parlaq D\u0259ri:<br \/>\n\u2022 \u0130p\u0259k Z\u00fclallar\u0131 il\u0259 Bax\u0131m: D\u0259rini qidaland\u0131r\u0131r v\u0259 n\u0259ml\u0259ndirir, yum\u015faq v\u0259 parlaq edir.<br \/>\n\u2022 Ax\u015fam \u00c7i\u00e7\u0259yi Ya\u011f\u0131 il\u0259 G\u00f6z\u0259llik: D\u0259riniz\u0259 par\u0131lt\u0131 qat\u0131r v\u0259 t\u0259bii bir par\u0131lt\u0131 verir.<br \/>\n\u2022 S\u00fcr\u0259tli v\u0259 Effektiv: Q\u0131sa m\u00fcdd\u0259t \u0259rzind\u0259 t\u00fck g\u00f6t\u00fcrm\u0259ni t\u0259min edir v\u0259 d\u0259rini hamar edir.<br \/>\n\u2022 Normal D\u0259ri \u00dc\u00e7\u00fcn Uy\u011fundur: D\u0259riy\u0259 z\u0259r\u0259r verm\u0259d\u0259n t\u00fck g\u00f6t\u00fcrm\u0259 prosesini h\u0259yata ke\u00e7irir.<\/p>\n<p>Biocos Rose Hair Removal Cream il\u0259 d\u0259riy\u0259 m\u00fck\u0259mm\u0259l qulluq edin, hamar v\u0259 parlaq n\u0259tic\u0259l\u0259r \u0259ld\u0259 edin. H\u0259r d\u0259f\u0259 istifad\u0259 etdikd\u0259 d\u0259rinizin g\u00f6z\u0259lliyini art\u0131r\u0131n!<\/p>","protected":false},"excerpt":{"rendered":"<p>Biocos Rose Hair Removal Cream, ip\u0259k z\u00fclallar\u0131 v\u0259 ax\u015fam \u00e7i\u00e7\u0259yi ya\u011f\u0131 il\u0259 z\u0259nginl\u0259\u015fdirilmi\u015f formulu il\u0259 d\u0259rini q\u0131c\u0131qlanmadan t\u0259rav\u0259tl\u0259ndirir v\u0259 hamarla\u015fd\u0131r\u0131r. Normal d\u0259ri \u00fc\u00e7\u00fcn ideal olan bu krem, t\u00fck g\u00f6t\u00fcrm\u0259 prosesini asanla\u015fd\u0131r\u0131r v\u0259 d\u0259riniz\u0259 parlaq v\u0259 yum\u015faq bir toxunu\u015f verir. G\u00f6z\u0259l v\u0259 t\u0259bii n\u0259tic\u0259l\u0259r \u0259ld\u0259 etm\u0259k \u00fc\u00e7\u00fcn s\u00fcr\u0259tli v\u0259 effektiv bir h\u0259ll t\u0259qdim edir. Biocos Rose &hellip; <a href=\"https:\/\/axtarstore.com\/ru\/product\/biocos-rose-hair-remover-cream\/\" class=\"more-link\">Continue reading <span class=\"screen-reader-text\">Biocos Rose Hair Removal Cream \u2013 T\u0259bii Qulluq il\u0259 S\u00fcr\u0259tli v\u0259 Rahat \u00dcz v\u0259 B\u0259d\u0259n Qullu\u011fu<\/span><\/a><\/p>","protected":false},"featured_media":7327,"comment_status":"open","ping_status":"closed","template":"","meta":[],"pwb-brand":[161],"product_cat":[129,303],"product_tag":[304,305],"class_list":{"0":"post-7326","1":"product","2":"type-product","3":"status-publish","4":"has-post-thumbnail","6":"pwb-brand-biocos","7":"product_cat-beden-baximi","8":"product_cat-tuk-tmizlyici","9":"product_tag-hairremover","10":"product_tag-tuktukn","11":"pa_size-120grm","14":"instock","15":"sale","16":"shipping-taxable","17":"purchasable","18":"product-type-simple"},"brands":[{"id":161,"name":"Biocos","slug":"biocos"}],"_links":{"self":[{"href":"https:\/\/axtarstore.com\/ru\/wp-json\/wp\/v2\/product\/7326"}],"collection":[{"href":"https:\/\/axtarstore.com\/ru\/wp-json\/wp\/v2\/product"}],"about":[{"href":"https:\/\/axtarstore.com\/ru\/wp-json\/wp\/v2\/types\/product"}],"replies":[{"embeddable":true,"href":"https:\/\/axtarstore.com\/ru\/wp-json\/wp\/v2\/comments?post=7326"}],"version-history":[{"count":3,"href":"https:\/\/axtarstore.com\/ru\/wp-json\/wp\/v2\/product\/7326\/revisions"}],"predecessor-version":[{"id":9998,"href":"https:\/\/axtarstore.com\/ru\/wp-json\/wp\/v2\/product\/7326\/revisions\/9998"}],"wp:featuredmedia":[{"embeddable":true,"href":"https:\/\/axtarstore.com\/ru\/wp-json\/wp\/v2\/media\/7327"}],"wp:attachment":[{"href":"https:\/\/axtarstore.com\/ru\/wp-json\/wp\/v2\/media?parent=7326"}],"wp:term":[{"taxonomy":"pwb-brand","embeddable":true,"href":"https:\/\/axtarstore.com\/ru\/wp-json\/wp\/v2\/pwb-brand?post=7326"},{"taxonomy":"product_cat","embeddable":true,"href":"https:\/\/axtarstore.com\/ru\/wp-json\/wp\/v2\/product_cat?post=7326"},{"taxonomy":"product_tag","embeddable":true,"href":"https:\/\/axtarstore.com\/ru\/wp-json\/wp\/v2\/product_tag?post=7326"}],"curies":[{"name":"wp","href":"https:\/\/api.w.org\/{rel}","templated":true}]}}