{"id":7320,"date":"2024-11-22T22:47:01","date_gmt":"2024-11-22T18:47:01","guid":{"rendered":"https:\/\/axtarstore.com\/?post_type=product&#038;p=7320"},"modified":"2024-11-22T22:47:02","modified_gmt":"2024-11-22T18:47:02","slug":"biocos-lemon-hair-remover-cream","status":"publish","type":"product","link":"https:\/\/axtarstore.com\/ru\/product\/biocos-lemon-hair-remover-cream\/","title":{"rendered":"Biocos Lemon Hair Remover Cream"},"content":{"rendered":"<p>Biocos t\u00fck T\u0259mizl\u0259yici Kreml\u0259r he\u00e7 bir z\u0259r\u0259r verm\u0259d\u0259n bir ne\u00e7\u0259 d\u0259qiq\u0259 \u0259rzind\u0259 ayaq v\u0259 b\u0259d\u0259nd\u0259ki t\u00fckl\u0259ri effektiv \u015f\u0259kild\u0259 t\u0259mizl\u0259yir. B\u00fct\u00fcn d\u0259ri tipl\u0259ri \u00fc\u00e7\u00fcn \u0259n uy\u011fundur, \u00e7\u00fcnki E vitamini v\u0259 d\u0259rini n\u0259ml\u0259ndirm\u0259y\u0259 v\u0259 sakitl\u0259\u015fdirm\u0259y\u0259 k\u00f6m\u0259k ed\u0259n (Aloe Vera v\u0259 ya Limon v\u0259 ya G\u00fcl) z\u0259ngindir. H\u0259ssas d\u0259riniz varsa, \u0259vv\u0259lc\u0259 d\u0259ri testind\u0259n ke\u00e7m\u0259lisiniz.<\/p>","protected":false},"excerpt":{"rendered":"<p>Biocos t\u00fck T\u0259mizl\u0259yici Kreml\u0259r he\u00e7 bir z\u0259r\u0259r verm\u0259d\u0259n bir ne\u00e7\u0259 d\u0259qiq\u0259 \u0259rzind\u0259 ayaq v\u0259 b\u0259d\u0259nd\u0259ki t\u00fckl\u0259ri effektiv \u015f\u0259kild\u0259 t\u0259mizl\u0259yir. B\u00fct\u00fcn d\u0259ri tipl\u0259ri \u00fc\u00e7\u00fcn \u0259n uy\u011fundur, \u00e7\u00fcnki E vitamini v\u0259 d\u0259rini n\u0259ml\u0259ndirm\u0259y\u0259 v\u0259 sakitl\u0259\u015fdirm\u0259y\u0259 k\u00f6m\u0259k ed\u0259n (Aloe Vera v\u0259 ya Limon v\u0259 ya G\u00fcl) z\u0259ngindir. H\u0259ssas d\u0259riniz varsa, \u0259vv\u0259lc\u0259 d\u0259ri testind\u0259n ke\u00e7m\u0259lisiniz.<\/p>","protected":false},"featured_media":7321,"comment_status":"open","ping_status":"closed","template":"","meta":[],"pwb-brand":[161],"product_cat":[129,303],"product_tag":[304,305],"class_list":{"0":"post-7320","1":"product","2":"type-product","3":"status-publish","4":"has-post-thumbnail","6":"pwb-brand-biocos","7":"product_cat-beden-baximi","8":"product_cat-tuk-tmizlyici","9":"product_tag-hairremover","10":"product_tag-tuktukn","11":"pa_size-120grm","14":"instock","15":"shipping-taxable","16":"purchasable","17":"product-type-simple"},"brands":[{"id":161,"name":"Biocos","slug":"biocos"}],"_links":{"self":[{"href":"https:\/\/axtarstore.com\/ru\/wp-json\/wp\/v2\/product\/7320"}],"collection":[{"href":"https:\/\/axtarstore.com\/ru\/wp-json\/wp\/v2\/product"}],"about":[{"href":"https:\/\/axtarstore.com\/ru\/wp-json\/wp\/v2\/types\/product"}],"replies":[{"embeddable":true,"href":"https:\/\/axtarstore.com\/ru\/wp-json\/wp\/v2\/comments?post=7320"}],"version-history":[{"count":1,"href":"https:\/\/axtarstore.com\/ru\/wp-json\/wp\/v2\/product\/7320\/revisions"}],"predecessor-version":[{"id":7325,"href":"https:\/\/axtarstore.com\/ru\/wp-json\/wp\/v2\/product\/7320\/revisions\/7325"}],"wp:featuredmedia":[{"embeddable":true,"href":"https:\/\/axtarstore.com\/ru\/wp-json\/wp\/v2\/media\/7321"}],"wp:attachment":[{"href":"https:\/\/axtarstore.com\/ru\/wp-json\/wp\/v2\/media?parent=7320"}],"wp:term":[{"taxonomy":"pwb-brand","embeddable":true,"href":"https:\/\/axtarstore.com\/ru\/wp-json\/wp\/v2\/pwb-brand?post=7320"},{"taxonomy":"product_cat","embeddable":true,"href":"https:\/\/axtarstore.com\/ru\/wp-json\/wp\/v2\/product_cat?post=7320"},{"taxonomy":"product_tag","embeddable":true,"href":"https:\/\/axtarstore.com\/ru\/wp-json\/wp\/v2\/product_tag?post=7320"}],"curies":[{"name":"wp","href":"https:\/\/api.w.org\/{rel}","templated":true}]}}