{"id":7311,"date":"2024-11-20T02:32:05","date_gmt":"2024-11-19T22:32:05","guid":{"rendered":"https:\/\/axtarstore.com\/?post_type=product&#038;p=7311"},"modified":"2025-05-18T02:08:37","modified_gmt":"2025-05-17T22:08:37","slug":"biocos-kojik-acid-whitening-cream","status":"publish","type":"product","link":"https:\/\/axtarstore.com\/ru\/product\/biocos-kojik-acid-whitening-cream\/","title":{"rendered":"Biocos Kojic Acid 3% Whitening Cream &#8211; D\u0259ri \u0130\u015f\u0131qland\u0131r\u0131c\u0131 v\u0259 Par\u0131lt\u0131l\u0131"},"content":{"rendered":"<p>Biocos Kojic Acid 3% Whitening Cream, d\u0259rinin tonunu b\u0259rab\u0259rl\u0259\u015fdirm\u0259k v\u0259 parlaq bir d\u0259ri t\u0259min etm\u0259k \u00fc\u00e7\u00fcn ideal bir h\u0259ll t\u0259qdim edir. Kojic tur\u015fusu il\u0259 z\u0259nginl\u0259\u015fdirilmi\u015f bu krem, qara l\u0259k\u0259l\u0259ri v\u0259 s\u0131zanaq izl\u0259rini azald\u0131r, d\u0259rinin t\u0259bii par\u0131lt\u0131s\u0131n\u0131 art\u0131r\u0131r. \u0130ntensiv i\u015f\u0131qland\u0131r\u0131c\u0131 t\u0259sir g\u00f6st\u0259r\u0259r\u0259k d\u0259rini daha b\u0259rab\u0259r v\u0259 parlaq edir.<\/p>\n<p>Bu krem, d\u0259ri tonunu parlatmaq v\u0259 qara l\u0259k\u0259l\u0259ri aradan qald\u0131rmaq \u00fc\u00e7\u00fcn n\u0259z\u0259rd\u0259 tutulmu\u015fdur. Kojic tur\u015fusu d\u0259rinin t\u0259bii i\u015f\u0131qland\u0131r\u0131lmas\u0131na k\u00f6m\u0259k edir, h\u0259m\u00e7inin d\u0259rini n\u0259ml\u0259ndirir v\u0259 qidaland\u0131r\u0131r. G\u00fcnd\u0259lik istifad\u0259 il\u0259 d\u0259rinizin g\u00f6r\u00fcn\u00fc\u015f\u00fc yax\u015f\u0131la\u015facaq v\u0259 daha t\u0259z\u0259, hamar olacaq.<\/p>\n<p>\u041a\u043b\u044e\u0447\u0435\u0432\u044b\u0435 \u043f\u0440\u0435\u0438\u043c\u0443\u0449\u0435\u0441\u0442\u0432\u0430:<br \/>\n\u2022 D\u0259ri tonunu i\u015f\u0131qland\u0131r\u0131r v\u0259 b\u0259rab\u0259rl\u0259\u015fdirir<br \/>\n\u2022 Qara l\u0259k\u0259l\u0259ri v\u0259 s\u0131zanaq izl\u0259rini azald\u0131r<br \/>\n\u2022 D\u0259riy\u0259 intensiv n\u0259ml\u0259ndirm\u0259 v\u0259 qidalanma t\u0259min edir<br \/>\n\u2022 D\u0259rini parlaq v\u0259 hamar edir<br \/>\n\u2022 T\u0259bii par\u0131lt\u0131 \u00fc\u00e7\u00fcn ideald\u0131r<\/p>\n<p>Biocos Kojic Acid 3% Whitening Cream il\u0259 daha parlaq v\u0259 t\u0259miz bir d\u0259riy\u0259 sahib olun. Sa\u011flam v\u0259 g\u0259nc g\u00f6r\u00fcn\u00fc\u015f \u00fc\u00e7\u00fcn bu g\u00fcn\u00fc se\u00e7in!<\/p>","protected":false},"excerpt":{"rendered":"<p>Biocos Kojic Acid 3% Whitening Cream, d\u0259rinin tonunu b\u0259rab\u0259rl\u0259\u015fdirm\u0259k v\u0259 parlaq bir d\u0259ri t\u0259min etm\u0259k \u00fc\u00e7\u00fcn ideal bir h\u0259ll t\u0259qdim edir. Kojic tur\u015fusu il\u0259 z\u0259nginl\u0259\u015fdirilmi\u015f bu krem, qara l\u0259k\u0259l\u0259ri v\u0259 s\u0131zanaq izl\u0259rini azald\u0131r, d\u0259rinin t\u0259bii par\u0131lt\u0131s\u0131n\u0131 art\u0131r\u0131r. \u0130ntensiv i\u015f\u0131qland\u0131r\u0131c\u0131 t\u0259sir g\u00f6st\u0259r\u0259r\u0259k d\u0259rini daha b\u0259rab\u0259r v\u0259 parlaq edir. Bu krem, d\u0259ri tonunu parlatmaq v\u0259 qara l\u0259k\u0259l\u0259ri &hellip; <a href=\"https:\/\/axtarstore.com\/ru\/product\/biocos-kojik-acid-whitening-cream\/\" class=\"more-link\">Continue reading <span class=\"screen-reader-text\">Biocos Kojic Acid 3% Whitening Cream &#8211; D\u0259ri \u0130\u015f\u0131qland\u0131r\u0131c\u0131 v\u0259 Par\u0131lt\u0131l\u0131<\/span><\/a><\/p>","protected":false},"featured_media":7312,"comment_status":"open","ping_status":"closed","template":"","meta":[],"pwb-brand":[161],"product_cat":[151,127,142],"product_tag":[299,294,293,297],"class_list":{"0":"post-7311","1":"product","2":"type-product","3":"status-publish","4":"has-post-thumbnail","6":"pwb-brand-biocos","7":"product_cat-sun-block-cream","8":"product_cat-face-care","9":"product_cat-face-creams","10":"product_tag-acnetreatment","11":"product_tag-face","12":"product_tag-facecare","13":"product_tag-whitening","14":"pa_size-50grm","17":"instock","18":"sale","19":"shipping-taxable","20":"purchasable","21":"product-type-simple"},"brands":[{"id":161,"name":"Biocos","slug":"biocos"}],"_links":{"self":[{"href":"https:\/\/axtarstore.com\/ru\/wp-json\/wp\/v2\/product\/7311"}],"collection":[{"href":"https:\/\/axtarstore.com\/ru\/wp-json\/wp\/v2\/product"}],"about":[{"href":"https:\/\/axtarstore.com\/ru\/wp-json\/wp\/v2\/types\/product"}],"replies":[{"embeddable":true,"href":"https:\/\/axtarstore.com\/ru\/wp-json\/wp\/v2\/comments?post=7311"}],"version-history":[{"count":3,"href":"https:\/\/axtarstore.com\/ru\/wp-json\/wp\/v2\/product\/7311\/revisions"}],"predecessor-version":[{"id":10393,"href":"https:\/\/axtarstore.com\/ru\/wp-json\/wp\/v2\/product\/7311\/revisions\/10393"}],"wp:featuredmedia":[{"embeddable":true,"href":"https:\/\/axtarstore.com\/ru\/wp-json\/wp\/v2\/media\/7312"}],"wp:attachment":[{"href":"https:\/\/axtarstore.com\/ru\/wp-json\/wp\/v2\/media?parent=7311"}],"wp:term":[{"taxonomy":"pwb-brand","embeddable":true,"href":"https:\/\/axtarstore.com\/ru\/wp-json\/wp\/v2\/pwb-brand?post=7311"},{"taxonomy":"product_cat","embeddable":true,"href":"https:\/\/axtarstore.com\/ru\/wp-json\/wp\/v2\/product_cat?post=7311"},{"taxonomy":"product_tag","embeddable":true,"href":"https:\/\/axtarstore.com\/ru\/wp-json\/wp\/v2\/product_tag?post=7311"}],"curies":[{"name":"wp","href":"https:\/\/api.w.org\/{rel}","templated":true}]}}