{"id":7299,"date":"2024-11-20T02:06:30","date_gmt":"2024-11-19T22:06:30","guid":{"rendered":"https:\/\/axtarstore.com\/?post_type=product&#038;p=7299"},"modified":"2025-05-18T02:05:15","modified_gmt":"2025-05-17T22:05:15","slug":"biocos-arbutin-3-cream","status":"publish","type":"product","link":"https:\/\/axtarstore.com\/ru\/product\/biocos-arbutin-3-cream\/","title":{"rendered":"Biocos Arbutin 3% Beauty Cream &#8211; D\u0259ri \u0130\u015f\u0131qland\u0131r\u0131c\u0131 Krem"},"content":{"rendered":"<p>Biocos Arbutin 3% Beauty Cream, d\u0259ri tonunu b\u0259rab\u0259rl\u0259\u015fdirm\u0259k v\u0259 daha parlaq bir d\u0259ri \u0259ld\u0259 etm\u0259k \u00fc\u00e7\u00fcn ideal bir h\u0259ll t\u0259klif edir. Arbutin il\u0259 z\u0259nginl\u0259\u015fdirilmi\u015f bu krem, d\u0259rid\u0259ki qara l\u0259k\u0259l\u0259ri v\u0259 izl\u0259ri azald\u0131r, h\u0259m\u00e7inin d\u0259rinin par\u0131lt\u0131s\u0131n\u0131 art\u0131r\u0131r. Cildinizi t\u0259z\u0259 v\u0259 i\u015f\u0131ql\u0131 tutmaq \u00fc\u00e7\u00fcn m\u00fck\u0259mm\u0259l olan bu krem, h\u0259m d\u0259 d\u0259rini n\u0259ml\u0259ndirir v\u0259 qidaland\u0131r\u0131r.<\/p>\n<p>Arbutin, t\u0259bii \u015f\u0259kild\u0259 d\u0259ri i\u015f\u0131qland\u0131rma x\u00fcsusiyy\u0259tin\u0259 sahibdir v\u0259 bu krem, d\u0259riy\u0259 y\u00fcng\u00fcl v\u0259 t\u0259bii bir ton verir. D\u0259rinin quru v\u0259 sol\u011fun hiss etm\u0259m\u0259si \u00fc\u00e7\u00fcn n\u0259ml\u0259ndirici t\u0259sir g\u00f6st\u0259rir v\u0259 d\u0259rini yum\u015fald\u0131r. G\u00fcnd\u0259lik istifad\u0259d\u0259, Biocos Arbutin 3% Beauty Cream d\u0259rinizin g\u00f6r\u00fcn\u00fc\u015f\u00fcn\u00fc yax\u015f\u0131la\u015fd\u0131racaq v\u0259 daha parlaq, b\u0259rab\u0259r tonlu d\u0259ri t\u0259min ed\u0259c\u0259k.<\/p>\n<p>\u041a\u043b\u044e\u0447\u0435\u0432\u044b\u0435 \u043f\u0440\u0435\u0438\u043c\u0443\u0449\u0435\u0441\u0442\u0432\u0430:<br \/>\n\u2022 D\u0259ri tonunu b\u0259rab\u0259rl\u0259\u015fdirir v\u0259 i\u015f\u0131qland\u0131r\u0131r<br \/>\n\u2022 S\u0131zanaq izl\u0259rini v\u0259 qara l\u0259k\u0259l\u0259ri azald\u0131r<br \/>\n\u2022 D\u0259riy\u0259 n\u0259ml\u0259ndirici v\u0259 qidaland\u0131r\u0131c\u0131 t\u0259sir g\u00f6st\u0259rir<br \/>\n\u2022 Ya\u015flanma \u0259lam\u0259tl\u0259ri il\u0259 m\u00fcbariz\u0259 apar\u0131r<br \/>\n\u2022 G\u00fcnd\u0259lik istifad\u0259d\u0259 y\u00fcng\u00fcl v\u0259 t\u0259bii g\u00f6r\u00fcn\u00fc\u015f t\u0259qdim edir<\/p>\n<p>Biocos Arbutin 3% Beauty Cream il\u0259 d\u0259riniz\u0259 qulluq edin v\u0259 parlaq, sa\u011flam d\u0259ri \u0259ld\u0259 edin.<\/p>","protected":false},"excerpt":{"rendered":"<p>Biocos Arbutin 3% Beauty Cream, d\u0259ri tonunu b\u0259rab\u0259rl\u0259\u015fdirm\u0259k v\u0259 daha parlaq bir d\u0259ri \u0259ld\u0259 etm\u0259k \u00fc\u00e7\u00fcn ideal bir h\u0259ll t\u0259klif edir. Arbutin il\u0259 z\u0259nginl\u0259\u015fdirilmi\u015f bu krem, d\u0259rid\u0259ki qara l\u0259k\u0259l\u0259ri v\u0259 izl\u0259ri azald\u0131r, h\u0259m\u00e7inin d\u0259rinin par\u0131lt\u0131s\u0131n\u0131 art\u0131r\u0131r. Cildinizi t\u0259z\u0259 v\u0259 i\u015f\u0131ql\u0131 tutmaq \u00fc\u00e7\u00fcn m\u00fck\u0259mm\u0259l olan bu krem, h\u0259m d\u0259 d\u0259rini n\u0259ml\u0259ndirir v\u0259 qidaland\u0131r\u0131r. Arbutin, t\u0259bii \u015f\u0259kild\u0259 &hellip; <a href=\"https:\/\/axtarstore.com\/ru\/product\/biocos-arbutin-3-cream\/\" class=\"more-link\">Continue reading <span class=\"screen-reader-text\">Biocos Arbutin 3% Beauty Cream &#8211; D\u0259ri \u0130\u015f\u0131qland\u0131r\u0131c\u0131 Krem<\/span><\/a><\/p>","protected":false},"featured_media":10388,"comment_status":"open","ping_status":"closed","template":"","meta":[],"pwb-brand":[161],"product_cat":[151,127,142],"product_tag":[294,293,365,364,428,319,418],"class_list":{"0":"post-7299","1":"product","2":"type-product","3":"status-publish","4":"has-post-thumbnail","6":"pwb-brand-biocos","7":"product_cat-sun-block-cream","8":"product_cat-face-care","9":"product_cat-face-creams","10":"product_tag-face","11":"product_tag-facecare","12":"product_tag-spf","13":"product_tag-sun-block","14":"product_tag-uz-kremi","15":"product_tag-uz-lklri","16":"product_tag-uzbaximi","17":"pa_size-50grm","20":"instock","21":"sale","22":"shipping-taxable","23":"purchasable","24":"product-type-simple"},"brands":[{"id":161,"name":"Biocos","slug":"biocos"}],"_links":{"self":[{"href":"https:\/\/axtarstore.com\/ru\/wp-json\/wp\/v2\/product\/7299"}],"collection":[{"href":"https:\/\/axtarstore.com\/ru\/wp-json\/wp\/v2\/product"}],"about":[{"href":"https:\/\/axtarstore.com\/ru\/wp-json\/wp\/v2\/types\/product"}],"replies":[{"embeddable":true,"href":"https:\/\/axtarstore.com\/ru\/wp-json\/wp\/v2\/comments?post=7299"}],"version-history":[{"count":3,"href":"https:\/\/axtarstore.com\/ru\/wp-json\/wp\/v2\/product\/7299\/revisions"}],"predecessor-version":[{"id":10389,"href":"https:\/\/axtarstore.com\/ru\/wp-json\/wp\/v2\/product\/7299\/revisions\/10389"}],"wp:featuredmedia":[{"embeddable":true,"href":"https:\/\/axtarstore.com\/ru\/wp-json\/wp\/v2\/media\/10388"}],"wp:attachment":[{"href":"https:\/\/axtarstore.com\/ru\/wp-json\/wp\/v2\/media?parent=7299"}],"wp:term":[{"taxonomy":"pwb-brand","embeddable":true,"href":"https:\/\/axtarstore.com\/ru\/wp-json\/wp\/v2\/pwb-brand?post=7299"},{"taxonomy":"product_cat","embeddable":true,"href":"https:\/\/axtarstore.com\/ru\/wp-json\/wp\/v2\/product_cat?post=7299"},{"taxonomy":"product_tag","embeddable":true,"href":"https:\/\/axtarstore.com\/ru\/wp-json\/wp\/v2\/product_tag?post=7299"}],"curies":[{"name":"wp","href":"https:\/\/api.w.org\/{rel}","templated":true}]}}