{"id":7292,"date":"2024-11-20T01:54:41","date_gmt":"2024-11-19T21:54:41","guid":{"rendered":"https:\/\/axtarstore.com\/?post_type=product&#038;p=7292"},"modified":"2024-11-20T02:03:31","modified_gmt":"2024-11-19T22:03:31","slug":"biocos-whitening-cream-for-sensitive-area","status":"publish","type":"product","link":"https:\/\/axtarstore.com\/ru\/product\/biocos-whitening-cream-for-sensitive-area\/","title":{"rendered":"Biocos Whitening Cream For Sensitive Area"},"content":{"rendered":"<p>Biocosun QOL ALTI BIKINI DIZ DIRSEK agardici kremi\ud83d\udcab<\/p>\n<p>Terkibinde Kollagende var\ud83e\udd70 o demekdir ki derini hamar edir\ud83e\udd0e<\/p>\n<p>\ud83e\udd0eKollagen d\u0259rinin g\u0259nc v\u0259 g\u00f6z\u0259l saxlanmas\u0131nda m\u00fch\u00fcm rol oynay\u0131r. Z\u00fclal onun hamarl\u0131\u011f\u0131na, m\u00f6hk\u0259mliyin\u0259, g\u00fcc\u00fcn\u0259 v\u0259 elastikliyin\u0259 cavabdehdir. \ud83e\udd0eDerini sabitl\u0259\u015fdirir v\u0259 tonunu b\u0259rab\u0259rl\u0259\u015fdirir. \ud83e\udd0eKollagen h\u0259m\u00e7inin z\u0259d\u0259l\u0259nm\u0259d\u0259n sonra toxumalar\u0131n b\u0259rpas\u0131ndan m\u0259suldur, sa\u011falma prosesini s\u00fcr\u0259tl\u0259ndirir.\ud83e\udd0e<\/p>\n<p>Bikini bolgesine, diz,dirsek, qol alti ve diger bolgelere cekmek olur\ud83e\udd0e<\/p>\n<p>Hessas derilerede uygundur\u2665\ufe0f<\/p>\n<p>Alergiya vermir\u2728<\/p>\n<p>Nec\u0259 istifad\u0259 etm\u0259li:<\/p>\n<p>H\u0259ssas b\u00f6lg\u0259l\u0259r \u00fc\u00e7\u00fcn kremd\u0259n istifad\u0259 prosesi bel\u0259dir: \u201c\u0130st\u0259diyiniz sah\u0259y\u0259 noxud b\u00f6y\u00fckl\u00fcy\u00fcnd\u0259 b\u0259rab\u0259r paylay\u0131n v\u0259 yum\u015faq bir \u015f\u0259kild\u0259 masaj edin. Kremi silm\u0259yin v\u0259 ya yumay\u0131n, ancaq d\u0259rinin udulmas\u0131na icaz\u0259 verin. \u018fn yax\u015f\u0131 n\u0259tic\u0259l\u0259r \u0259ld\u0259 etm\u0259k \u00fc\u00e7\u00fcn d\u0259rinin d\u00fczg\u00fcn \u015f\u0259kild\u0259 udulmas\u0131na v\u0259 kremin t\u0259sirini g\u00f6st\u0259rm\u0259sin\u0259 imkan verm\u0259k \u00fc\u00e7\u00fcn kremi bir gec\u0259d\u0259 istifad\u0259 etm\u0259yi t\u00f6vsiy\u0259 edirik.\u201d<br \/>\nHarada istifad\u0259 etm\u0259k olar?<br \/>\nBu da vacib suald\u0131r ki, \u201cbir \u015fey harada istifad\u0259 oluna bil\u0259r?\u201d<br \/>\nCavab bel\u0259dir: \u201cKrem \u00fcz, boyun x\u0259tti, qoltuqalt\u0131, \u00f6vr\u0259t v\u0259 dirs\u0259kl\u0259rd\u0259 h\u0259tta ayaqlarda, b\u00fct\u00fcn b\u0259d\u0259nd\u0259 istifad\u0259 oluna bil\u0259r\u201d.<\/p>\n<p>Faydalar\u0131:<\/p>\n<p>\u2022 D\u0259rini n\u0259ml\u0259ndirir v\u0259 qidaland\u0131r\u0131r<br \/>\n\u2022 D\u0259rini daha t\u0259rav\u0259tli v\u0259 parlaq edir<br \/>\n\u2022 Hiperpiqmentasiyan\u0131 m\u00fcalic\u0259 edir<br \/>\n\u2022 D\u0259rinin tonunu b\u0259rab\u0259rl\u0259\u015fdirir<br \/>\n\u2022 G\u00f6z\u0259l parlaq d\u0259ri verir<br \/>\n\u2022 L\u0259k\u0259l\u0259ri yox edir<br \/>\n\u2022 D\u0259rini qidaland\u0131r\u0131r<br \/>\nT\u00f6vsiy\u0259 olunan d\u0259ri n\u00f6vl\u0259ri:<br \/>\n\u0130ntim b\u00f6lg\u0259 kremi, h\u0259r hans\u0131 bir d\u0259ri allergiyas\u0131 olanlar istisna olmaqla, b\u00fct\u00fcn d\u0259ri tipl\u0259ri \u00fc\u00e7\u00fcn t\u00f6vsiy\u0259 olunur.<\/p>","protected":false},"excerpt":{"rendered":"<p>Biocosun QOL ALTI BIKINI DIZ DIRSEK agardici kremi\ud83d\udcab Terkibinde Kollagende var\ud83e\udd70 o demekdir ki derini hamar edir\ud83e\udd0e \ud83e\udd0eKollagen d\u0259rinin g\u0259nc v\u0259 g\u00f6z\u0259l saxlanmas\u0131nda m\u00fch\u00fcm rol oynay\u0131r. Z\u00fclal onun hamarl\u0131\u011f\u0131na, m\u00f6hk\u0259mliyin\u0259, g\u00fcc\u00fcn\u0259 v\u0259 elastikliyin\u0259 cavabdehdir. \ud83e\udd0eDerini sabitl\u0259\u015fdirir v\u0259 tonunu b\u0259rab\u0259rl\u0259\u015fdirir. \ud83e\udd0eKollagen h\u0259m\u00e7inin z\u0259d\u0259l\u0259nm\u0259d\u0259n sonra toxumalar\u0131n b\u0259rpas\u0131ndan m\u0259suldur, sa\u011falma prosesini s\u00fcr\u0259tl\u0259ndirir.\ud83e\udd0e Bikini bolgesine, diz,dirsek, qol alti ve &hellip; <a href=\"https:\/\/axtarstore.com\/ru\/product\/biocos-whitening-cream-for-sensitive-area\/\" class=\"more-link\">Continue reading <span class=\"screen-reader-text\">Biocos Whitening Cream For Sensitive Area<\/span><\/a><\/p>","protected":false},"featured_media":7293,"comment_status":"open","ping_status":"closed","template":"","meta":[],"pwb-brand":[161],"product_cat":[291,129],"product_tag":[],"class_list":{"0":"post-7292","1":"product","2":"type-product","3":"status-publish","4":"has-post-thumbnail","6":"pwb-brand-biocos","7":"product_cat-bdn-agardici","8":"product_cat-beden-baximi","9":"pa_size-50grm","12":"instock","13":"shipping-taxable","14":"purchasable","15":"product-type-simple"},"brands":[{"id":161,"name":"Biocos","slug":"biocos"}],"_links":{"self":[{"href":"https:\/\/axtarstore.com\/ru\/wp-json\/wp\/v2\/product\/7292"}],"collection":[{"href":"https:\/\/axtarstore.com\/ru\/wp-json\/wp\/v2\/product"}],"about":[{"href":"https:\/\/axtarstore.com\/ru\/wp-json\/wp\/v2\/types\/product"}],"replies":[{"embeddable":true,"href":"https:\/\/axtarstore.com\/ru\/wp-json\/wp\/v2\/comments?post=7292"}],"version-history":[{"count":1,"href":"https:\/\/axtarstore.com\/ru\/wp-json\/wp\/v2\/product\/7292\/revisions"}],"predecessor-version":[{"id":7298,"href":"https:\/\/axtarstore.com\/ru\/wp-json\/wp\/v2\/product\/7292\/revisions\/7298"}],"wp:featuredmedia":[{"embeddable":true,"href":"https:\/\/axtarstore.com\/ru\/wp-json\/wp\/v2\/media\/7293"}],"wp:attachment":[{"href":"https:\/\/axtarstore.com\/ru\/wp-json\/wp\/v2\/media?parent=7292"}],"wp:term":[{"taxonomy":"pwb-brand","embeddable":true,"href":"https:\/\/axtarstore.com\/ru\/wp-json\/wp\/v2\/pwb-brand?post=7292"},{"taxonomy":"product_cat","embeddable":true,"href":"https:\/\/axtarstore.com\/ru\/wp-json\/wp\/v2\/product_cat?post=7292"},{"taxonomy":"product_tag","embeddable":true,"href":"https:\/\/axtarstore.com\/ru\/wp-json\/wp\/v2\/product_tag?post=7292"}],"curies":[{"name":"wp","href":"https:\/\/api.w.org\/{rel}","templated":true}]}}