{"id":7287,"date":"2024-11-20T01:39:25","date_gmt":"2024-11-19T21:39:25","guid":{"rendered":"https:\/\/axtarstore.com\/?post_type=product&#038;p=7287"},"modified":"2025-05-18T02:14:21","modified_gmt":"2025-05-17T22:14:21","slug":"biocos-vitamin-c-dark-spots-correcting-cream","status":"publish","type":"product","link":"https:\/\/axtarstore.com\/ru\/product\/biocos-vitamin-c-dark-spots-correcting-cream\/","title":{"rendered":"Biocos Dark Spots Correcting Cream &#8211; T\u00fcnd L\u0259k\u0259l\u0259ri Azaldan Krem"},"content":{"rendered":"<p>Biocos Dark Spots Correcting Cream, d\u0259rinizd\u0259ki t\u00fcnd l\u0259k\u0259l\u0259ri v\u0259 izl\u0259ri azaltmaq \u00fc\u00e7\u00fcn n\u0259z\u0259rd\u0259 tutulmu\u015f x\u00fcsusi bir formuldur. Vitamin C il\u0259 z\u0259nginl\u0259\u015fdirilmi\u015f bu krem, d\u0259rinin daha parlaq v\u0259 b\u0259rab\u0259r tonlu g\u00f6r\u00fcnm\u0259sini t\u0259min edir. T\u00fcnd l\u0259k\u0259l\u0259r\u0259 qar\u015f\u0131 m\u00fcbariz\u0259 apar\u0131r, s\u0131zanaq izl\u0259rini v\u0259 dig\u0259r l\u0259k\u0259l\u0259ri azald\u0131r, eyni zamanda d\u0259rini d\u0259rinl\u0259\u015fdir\u0259r\u0259k qidaland\u0131r\u0131r v\u0259 n\u0259m verir.<\/p>\n<p>Bu krem, d\u0259rinin t\u0259bii par\u0131lt\u0131s\u0131n\u0131 art\u0131r\u0131r, h\u0259m\u00e7inin d\u0259rini n\u0259ml\u0259ndirir v\u0259 g\u0259nc g\u00f6r\u00fcn\u00fc\u015f\u00fcn\u00fc qoruma\u011fa k\u00f6m\u0259k edir. G\u00fcnd\u0259lik istifad\u0259si il\u0259 daha parlaq v\u0259 t\u0259miz bir d\u0259ri \u0259ld\u0259 etm\u0259k m\u00fcmk\u00fcnd\u00fcr.<\/p>\n<p>\u041a\u043b\u044e\u0447\u0435\u0432\u044b\u0435 \u043f\u0440\u0435\u0438\u043c\u0443\u0449\u0435\u0441\u0442\u0432\u0430:<br \/>\n\u2022 T\u00fcnd l\u0259k\u0259l\u0259ri v\u0259 izl\u0259ri azald\u0131r<br \/>\n\u2022 D\u0259ri tonunu b\u0259rab\u0259rl\u0259\u015fdirir<br \/>\n\u2022 Vitamin C il\u0259 d\u0259rini i\u015f\u0131qland\u0131r\u0131r<br \/>\n\u2022 D\u0259riy\u0259 n\u0259ml\u0259ndirici v\u0259 qidaland\u0131r\u0131c\u0131 t\u0259sir g\u00f6st\u0259rir<br \/>\n\u2022 Daha parlaq v\u0259 sa\u011flam d\u0259ri t\u0259min edir<\/p>\n<p>Biocos Dark Spots Correcting Cream il\u0259 t\u00fcnd l\u0259k\u0259l\u0259rd\u0259n azad olun v\u0259 daha parlaq bir d\u0259riy\u0259 sahib olun.<\/p>","protected":false},"excerpt":{"rendered":"<p>Biocos Dark Spots Correcting Cream, d\u0259rinizd\u0259ki t\u00fcnd l\u0259k\u0259l\u0259ri v\u0259 izl\u0259ri azaltmaq \u00fc\u00e7\u00fcn n\u0259z\u0259rd\u0259 tutulmu\u015f x\u00fcsusi bir formuldur. Vitamin C il\u0259 z\u0259nginl\u0259\u015fdirilmi\u015f bu krem, d\u0259rinin daha parlaq v\u0259 b\u0259rab\u0259r tonlu g\u00f6r\u00fcnm\u0259sini t\u0259min edir. T\u00fcnd l\u0259k\u0259l\u0259r\u0259 qar\u015f\u0131 m\u00fcbariz\u0259 apar\u0131r, s\u0131zanaq izl\u0259rini v\u0259 dig\u0259r l\u0259k\u0259l\u0259ri azald\u0131r, eyni zamanda d\u0259rini d\u0259rinl\u0259\u015fdir\u0259r\u0259k qidaland\u0131r\u0131r v\u0259 n\u0259m verir. Bu krem, d\u0259rinin t\u0259bii &hellip; <a href=\"https:\/\/axtarstore.com\/ru\/product\/biocos-vitamin-c-dark-spots-correcting-cream\/\" class=\"more-link\">Continue reading <span class=\"screen-reader-text\">Biocos Dark Spots Correcting Cream &#8211; T\u00fcnd L\u0259k\u0259l\u0259ri Azaldan Krem<\/span><\/a><\/p>","protected":false},"featured_media":7288,"comment_status":"open","ping_status":"closed","template":"","meta":[],"pwb-brand":[161],"product_cat":[127,142],"product_tag":[294,293,423,428,319,418,325],"class_list":{"0":"post-7287","1":"product","2":"type-product","3":"status-publish","4":"has-post-thumbnail","6":"pwb-brand-biocos","7":"product_cat-face-care","8":"product_cat-face-creams","9":"product_tag-face","10":"product_tag-facecare","11":"product_tag-skincareroutine","12":"product_tag-uz-kremi","13":"product_tag-uz-lklri","14":"product_tag-uzbaximi","15":"product_tag-vitamin-c","16":"pa_size-50grm","19":"instock","20":"sale","21":"shipping-taxable","22":"purchasable","23":"product-type-simple"},"brands":[{"id":161,"name":"Biocos","slug":"biocos"}],"_links":{"self":[{"href":"https:\/\/axtarstore.com\/ru\/wp-json\/wp\/v2\/product\/7287"}],"collection":[{"href":"https:\/\/axtarstore.com\/ru\/wp-json\/wp\/v2\/product"}],"about":[{"href":"https:\/\/axtarstore.com\/ru\/wp-json\/wp\/v2\/types\/product"}],"replies":[{"embeddable":true,"href":"https:\/\/axtarstore.com\/ru\/wp-json\/wp\/v2\/comments?post=7287"}],"version-history":[{"count":4,"href":"https:\/\/axtarstore.com\/ru\/wp-json\/wp\/v2\/product\/7287\/revisions"}],"predecessor-version":[{"id":10394,"href":"https:\/\/axtarstore.com\/ru\/wp-json\/wp\/v2\/product\/7287\/revisions\/10394"}],"wp:featuredmedia":[{"embeddable":true,"href":"https:\/\/axtarstore.com\/ru\/wp-json\/wp\/v2\/media\/7288"}],"wp:attachment":[{"href":"https:\/\/axtarstore.com\/ru\/wp-json\/wp\/v2\/media?parent=7287"}],"wp:term":[{"taxonomy":"pwb-brand","embeddable":true,"href":"https:\/\/axtarstore.com\/ru\/wp-json\/wp\/v2\/pwb-brand?post=7287"},{"taxonomy":"product_cat","embeddable":true,"href":"https:\/\/axtarstore.com\/ru\/wp-json\/wp\/v2\/product_cat?post=7287"},{"taxonomy":"product_tag","embeddable":true,"href":"https:\/\/axtarstore.com\/ru\/wp-json\/wp\/v2\/product_tag?post=7287"}],"curies":[{"name":"wp","href":"https:\/\/api.w.org\/{rel}","templated":true}]}}