{"id":7279,"date":"2024-11-20T01:29:04","date_gmt":"2024-11-19T21:29:04","guid":{"rendered":"https:\/\/axtarstore.com\/?post_type=product&#038;p=7279"},"modified":"2024-11-20T01:29:05","modified_gmt":"2024-11-19T21:29:05","slug":"biocos-hello-sun-spf-50","status":"publish","type":"product","link":"https:\/\/axtarstore.com\/ru\/product\/biocos-hello-sun-spf-50\/","title":{"rendered":"Biocos Hello Sun Spf 50"},"content":{"rendered":"<p>BIOCOS S.P.F GUNES KREM<br \/>\n\ud83d\udd25Biocos firmasinin\ud83c\uddf5\ud83c\uddf0 papaya terkibli yeni SPF kremi geldi. \u2728\u2728\u2728G\u00fcn\u0259\u015fd\u0259n qoruyucu vasit\u0259l\u0259r UVA v\u0259 UVB \u015f\u00fcalar\u0131n\u0131n m\u0259nfi t\u0259sirl\u0259rini minimuma endirm\u0259y\u0259 k\u00f6m\u0259k edir. SPF-li krem g\u00fczg\u00fc effekti kimi, g\u00fcn\u0259\u015f \u015f\u00fcalar\u0131n\u0131 \u0259ks etdirir v\u0259 onlar\u0131n t\u0259sirl\u0259rinin qar\u015f\u0131s\u0131n\u0131 al\u0131r\u2705 SPF krem derini erken qocalmadan qoruyur, lekelenmesinin qarshisini alir. Derini nemlendirir\ud83d\udcab SPF kremini mutleg istifade edin.\ud83e\ude75<\/p>","protected":false},"excerpt":{"rendered":"<p>BIOCOS S.P.F GUNES KREM \ud83d\udd25Biocos firmasinin\ud83c\uddf5\ud83c\uddf0 papaya terkibli yeni SPF kremi geldi. \u2728\u2728\u2728G\u00fcn\u0259\u015fd\u0259n qoruyucu vasit\u0259l\u0259r UVA v\u0259 UVB \u015f\u00fcalar\u0131n\u0131n m\u0259nfi t\u0259sirl\u0259rini minimuma endirm\u0259y\u0259 k\u00f6m\u0259k edir. SPF-li krem g\u00fczg\u00fc effekti kimi, g\u00fcn\u0259\u015f \u015f\u00fcalar\u0131n\u0131 \u0259ks etdirir v\u0259 onlar\u0131n t\u0259sirl\u0259rinin qar\u015f\u0131s\u0131n\u0131 al\u0131r\u2705 SPF krem derini erken qocalmadan qoruyur, lekelenmesinin qarshisini alir. Derini nemlendirir\ud83d\udcab SPF kremini mutleg istifade edin.\ud83e\ude75<\/p>","protected":false},"featured_media":7285,"comment_status":"open","ping_status":"closed","template":"","meta":[],"pwb-brand":[161],"product_cat":[151,127],"product_tag":[],"class_list":{"0":"post-7279","1":"product","2":"type-product","3":"status-publish","4":"has-post-thumbnail","6":"pwb-brand-biocos","7":"product_cat-sun-block-cream","8":"product_cat-face-care","9":"pa_size-50ml","12":"instock","13":"shipping-taxable","14":"purchasable","15":"product-type-simple"},"brands":[{"id":161,"name":"Biocos","slug":"biocos"}],"_links":{"self":[{"href":"https:\/\/axtarstore.com\/ru\/wp-json\/wp\/v2\/product\/7279"}],"collection":[{"href":"https:\/\/axtarstore.com\/ru\/wp-json\/wp\/v2\/product"}],"about":[{"href":"https:\/\/axtarstore.com\/ru\/wp-json\/wp\/v2\/types\/product"}],"replies":[{"embeddable":true,"href":"https:\/\/axtarstore.com\/ru\/wp-json\/wp\/v2\/comments?post=7279"}],"version-history":[{"count":1,"href":"https:\/\/axtarstore.com\/ru\/wp-json\/wp\/v2\/product\/7279\/revisions"}],"predecessor-version":[{"id":7286,"href":"https:\/\/axtarstore.com\/ru\/wp-json\/wp\/v2\/product\/7279\/revisions\/7286"}],"wp:featuredmedia":[{"embeddable":true,"href":"https:\/\/axtarstore.com\/ru\/wp-json\/wp\/v2\/media\/7285"}],"wp:attachment":[{"href":"https:\/\/axtarstore.com\/ru\/wp-json\/wp\/v2\/media?parent=7279"}],"wp:term":[{"taxonomy":"pwb-brand","embeddable":true,"href":"https:\/\/axtarstore.com\/ru\/wp-json\/wp\/v2\/pwb-brand?post=7279"},{"taxonomy":"product_cat","embeddable":true,"href":"https:\/\/axtarstore.com\/ru\/wp-json\/wp\/v2\/product_cat?post=7279"},{"taxonomy":"product_tag","embeddable":true,"href":"https:\/\/axtarstore.com\/ru\/wp-json\/wp\/v2\/product_tag?post=7279"}],"curies":[{"name":"wp","href":"https:\/\/api.w.org\/{rel}","templated":true}]}}