{"id":7265,"date":"2024-11-20T00:58:41","date_gmt":"2024-11-19T20:58:41","guid":{"rendered":"https:\/\/axtarstore.com\/?post_type=product&#038;p=7265"},"modified":"2024-11-20T01:05:57","modified_gmt":"2024-11-19T21:05:57","slug":"biocos-rose-advance-therapy-body-lotion","status":"publish","type":"product","link":"https:\/\/axtarstore.com\/ru\/product\/biocos-rose-advance-therapy-body-lotion\/","title":{"rendered":"Biocos Rose Advance Therapy Body Lotion"},"content":{"rendered":"<p>BIOCOS QIZIL GULL LASIYON<br \/>\nBiocos qabaqc\u0131l terapiya losyonu kollagen z\u00fclal\u0131, z\u0259ngin n\u0259ml\u0259ndiricil\u0259r v\u0259 \u0259sas vitaminl\u0259r, q\u0131z\u0131lg\u00fcl v\u0259 s\u00fcd ekstraktlar\u0131 il\u0259 infuziya edilmi\u015fdir, bu da d\u0259rinin k\u0259skin qurumas\u0131n\u0131 aradan qald\u0131rma\u011fa k\u00f6m\u0259k edir. Losyon ya\u011fs\u0131zd\u0131r v\u0259 d\u0259rid\u0259 tez hopur. B\u00fct\u00fcn d\u0259ri tipl\u0259ri \u00fc\u00e7\u00fcn uy\u011fundur.<\/p>\n<p>\u0130stifad\u0259 qaydas\u0131: H\u0259r g\u00fcn \u0259ll\u0259r\u0259 v\u0259 b\u0259d\u0259n\u0259 losyon \u00e7\u0259kin.<\/p>","protected":false},"excerpt":{"rendered":"<p>BIOCOS QIZIL GULL LASIYON Biocos qabaqc\u0131l terapiya losyonu kollagen z\u00fclal\u0131, z\u0259ngin n\u0259ml\u0259ndiricil\u0259r v\u0259 \u0259sas vitaminl\u0259r, q\u0131z\u0131lg\u00fcl v\u0259 s\u00fcd ekstraktlar\u0131 il\u0259 infuziya edilmi\u015fdir, bu da d\u0259rinin k\u0259skin qurumas\u0131n\u0131 aradan qald\u0131rma\u011fa k\u00f6m\u0259k edir. Losyon ya\u011fs\u0131zd\u0131r v\u0259 d\u0259rid\u0259 tez hopur. B\u00fct\u00fcn d\u0259ri tipl\u0259ri \u00fc\u00e7\u00fcn uy\u011fundur. \u0130stifad\u0259 qaydas\u0131: H\u0259r g\u00fcn \u0259ll\u0259r\u0259 v\u0259 b\u0259d\u0259n\u0259 losyon \u00e7\u0259kin.<\/p>","protected":false},"featured_media":7266,"comment_status":"open","ping_status":"closed","template":"","meta":[],"pwb-brand":[161],"product_cat":[129,158,154],"product_tag":[],"class_list":{"0":"post-7265","1":"product","2":"type-product","3":"status-publish","4":"has-post-thumbnail","6":"pwb-brand-biocos","7":"product_cat-beden-baximi","8":"product_cat-body-lotions","9":"product_cat-hand-creams","10":"pa_size-500ml","13":"instock","14":"shipping-taxable","15":"purchasable","16":"product-type-simple"},"brands":[{"id":161,"name":"Biocos","slug":"biocos"}],"_links":{"self":[{"href":"https:\/\/axtarstore.com\/ru\/wp-json\/wp\/v2\/product\/7265"}],"collection":[{"href":"https:\/\/axtarstore.com\/ru\/wp-json\/wp\/v2\/product"}],"about":[{"href":"https:\/\/axtarstore.com\/ru\/wp-json\/wp\/v2\/types\/product"}],"replies":[{"embeddable":true,"href":"https:\/\/axtarstore.com\/ru\/wp-json\/wp\/v2\/comments?post=7265"}],"version-history":[{"count":1,"href":"https:\/\/axtarstore.com\/ru\/wp-json\/wp\/v2\/product\/7265\/revisions"}],"predecessor-version":[{"id":7269,"href":"https:\/\/axtarstore.com\/ru\/wp-json\/wp\/v2\/product\/7265\/revisions\/7269"}],"wp:featuredmedia":[{"embeddable":true,"href":"https:\/\/axtarstore.com\/ru\/wp-json\/wp\/v2\/media\/7266"}],"wp:attachment":[{"href":"https:\/\/axtarstore.com\/ru\/wp-json\/wp\/v2\/media?parent=7265"}],"wp:term":[{"taxonomy":"pwb-brand","embeddable":true,"href":"https:\/\/axtarstore.com\/ru\/wp-json\/wp\/v2\/pwb-brand?post=7265"},{"taxonomy":"product_cat","embeddable":true,"href":"https:\/\/axtarstore.com\/ru\/wp-json\/wp\/v2\/product_cat?post=7265"},{"taxonomy":"product_tag","embeddable":true,"href":"https:\/\/axtarstore.com\/ru\/wp-json\/wp\/v2\/product_tag?post=7265"}],"curies":[{"name":"wp","href":"https:\/\/api.w.org\/{rel}","templated":true}]}}