{"id":7254,"date":"2024-11-20T00:47:36","date_gmt":"2024-11-19T20:47:36","guid":{"rendered":"https:\/\/axtarstore.com\/?post_type=product&#038;p=7254"},"modified":"2024-11-20T01:05:42","modified_gmt":"2024-11-19T21:05:42","slug":"biocos-whitening-body-lotion","status":"publish","type":"product","link":"https:\/\/axtarstore.com\/ru\/product\/biocos-whitening-body-lotion\/","title":{"rendered":"Biocos Whitening Body Lotion"},"content":{"rendered":"<p>BIOCOS AGARDICI LASION 500ML<br \/>\nSizi g\u0259nc v\u0259 g\u00f6z\u0259l g\u00f6st\u0259r\u0259n, d\u0259rinizi h\u0259r c\u00fcr toz v\u0259 l\u0259k\u0259l\u0259rd\u0259n t\u0259mizl\u0259y\u0259n, h\u0259m\u00e7inin \u00f6z\u00fcn\u00fcz\u00fc g\u00fcn\u0259\u015fin z\u0259r\u0259rli \u015f\u00fcalar\u0131ndan qorumaq ist\u0259y\u0259n sehrli d\u0259riy\u0259 qulluq m\u0259hsulu tap\u0131rs\u0131n\u0131z?<br \/>\n\u018fg\u0259r bel\u0259dirs\u0259, o zaman BIOCOS A\u011eLADICI B\u018fD\u018fN LOSYONU b\u00fct\u00fcn probleml\u0259rinizin h\u0259lli ola bil\u0259r.<br \/>\nA\u011fard\u0131c\u0131 Losyonumuzu g\u00fcn\u0259\u015fd\u0259n qoruyucu kimi d\u0259 istifad\u0259 ed\u0259 bil\u0259rsiniz. T\u0259bii v\u0259 \u00fczvi g\u00fcn\u0259\u015f qoruyucular\u0131 \u0259lav\u0259 etdik. BF 16 d\u0259rid\u0259 melanin istehsal\u0131n\u0131 azaltma\u011fa k\u00f6m\u0259k edir. D\u0259riniz\u0259 daxil olmaq \u00fc\u00e7\u00fcn g\u00fcn\u0259\u015f \u015f\u00fcalar\u0131n\u0131n qar\u015f\u0131s\u0131n\u0131 al\u0131r. Formulam\u0131zda olan aloevera geli h\u0259r ev\u0259 \u00e7atanda d\u0259riniz\u0259 n\u0259m verir. Aloevera gelinin n\u0259ml\u0259ndirici g\u00fcc\u00fc siz\u0259 uzunm\u00fcdd\u0259tli effekt verir. Losyonda limonun istifad\u0259si t\u00fcnd l\u0259k\u0259l\u0259ri azaltma\u011fa k\u00f6m\u0259k edir. Biocos, vaxt\u0131ndan \u0259vv\u0259l qocalman\u0131 azaldan v\u0259 d\u0259rinizi cavanla\u015fd\u0131ran a\u011fard\u0131c\u0131 losyonuna kollagen \u0259lav\u0259 etdi. Biocos a\u011fard\u0131c\u0131 losyonun t\u0259rkibind\u0259ki t\u0259bii antioksidantlar t\u0259kc\u0259 d\u0259ri h\u00fcceyr\u0259l\u0259rini b\u0259rpa etmir, h\u0259m d\u0259 kollagen istehsal\u0131n\u0131 art\u0131rma\u011fa k\u00f6m\u0259k edir. Biocos a\u011fard\u0131c\u0131 losyonun gec\u0259 istifad\u0259si b\u0259d\u0259niniz\u0259 melanin istehsal\u0131n\u0131 azaltma\u011fa k\u00f6m\u0259k edir. Biocos a\u011fard\u0131c\u0131 losyon d\u0259rinizin r\u0259ngini t\u0259bii \u015f\u0259kild\u0259 i\u015f\u0131qland\u0131r\u0131r.<br \/>\nT\u0259rkibi:<br \/>\nAqua izopropil palmitat, qliserin, parafin mayesi, cetearil spirti, oktildodekanol, PEG-40 g\u0259n\u0259g\u0259r\u00e7\u0259k ya\u011f\u0131, natrium setearil sulfat, dimetikon, sorbitan stearat, \u0259tir, qliseril stearat, peq-100 qliseril stearat, peq-100 ametalat, Tur\u015fu, qlikol, soja ya\u011f\u0131, ya\u011fs\u0131z quru s\u00fcd ekstrakt\u0131, s\u00fcd z\u00fclal\u0131, butilen qlikol, arbutin, asetli tirozin, saxifraga sarmentosa ekstrakt\u0131, paeonia suffruticosa k\u00f6k ekstrakt\u0131, qlutatyon, fenoksietanol, titan dioksid, probenant, sodium, metilpara Saqq\u0131z, disodium Edta, trietanolamin.<\/p>\n<p>Nec\u0259 istifad\u0259 etm\u0259li?<br \/>\nN\u0259ml\u0259ndirm\u0259k v\u0259 v\u0259ziyy\u0259t\u0259 salmaq \u00fc\u00e7\u00fcn du\u015fdan sonra d\u0259riy\u0259 bolca \u00e7\u0259kin.<br \/>\nFaydalar\u0131:<\/p>\n<p>\u2022 D\u0259rini n\u0259ml\u0259ndirir v\u0259 n\u0259ml\u0259ndirir<br \/>\n\u2022 D\u0259rini daha t\u0259rav\u0259tli v\u0259 parlaq edir<br \/>\n\u2022 G\u00f6z\u0259l parlaq d\u0259ri verir<br \/>\n\u2022 Parlaq a\u011f d\u0259ri tonunu t\u0259min edir<br \/>\n\u2022 D\u0259rini canland\u0131r\u0131r<br \/>\n\u2022 Kollageni art\u0131r\u0131n<br \/>\n\u2022 G\u00fcn\u0259\u015f kremi kimi i\u015fl\u0259yir<br \/>\n\u2022 D\u0259rini daha g\u0259nc edir<\/p>\n<p>T\u00f6vsiy\u0259 olunan d\u0259ri n\u00f6vl\u0259ri:<br \/>\nBu krem \u200b\u200bh\u0259r hans\u0131 bir d\u0259ri allergiyas\u0131 olanlar istisna olmaqla, b\u00fct\u00fcn d\u0259ri tipl\u0259ri \u00fc\u00e7\u00fcn t\u00f6vsiy\u0259 olunur.<\/p>","protected":false},"excerpt":{"rendered":"<p>BIOCOS AGARDICI LASION 500ML Sizi g\u0259nc v\u0259 g\u00f6z\u0259l g\u00f6st\u0259r\u0259n, d\u0259rinizi h\u0259r c\u00fcr toz v\u0259 l\u0259k\u0259l\u0259rd\u0259n t\u0259mizl\u0259y\u0259n, h\u0259m\u00e7inin \u00f6z\u00fcn\u00fcz\u00fc g\u00fcn\u0259\u015fin z\u0259r\u0259rli \u015f\u00fcalar\u0131ndan qorumaq ist\u0259y\u0259n sehrli d\u0259riy\u0259 qulluq m\u0259hsulu tap\u0131rs\u0131n\u0131z? \u018fg\u0259r bel\u0259dirs\u0259, o zaman BIOCOS A\u011eLADICI B\u018fD\u018fN LOSYONU b\u00fct\u00fcn probleml\u0259rinizin h\u0259lli ola bil\u0259r. A\u011fard\u0131c\u0131 Losyonumuzu g\u00fcn\u0259\u015fd\u0259n qoruyucu kimi d\u0259 istifad\u0259 ed\u0259 bil\u0259rsiniz. T\u0259bii v\u0259 \u00fczvi g\u00fcn\u0259\u015f qoruyucular\u0131 &hellip; <a href=\"https:\/\/axtarstore.com\/ru\/product\/biocos-whitening-body-lotion\/\" class=\"more-link\">Continue reading <span class=\"screen-reader-text\">Biocos Whitening Body Lotion<\/span><\/a><\/p>","protected":false},"featured_media":7256,"comment_status":"open","ping_status":"closed","template":"","meta":[],"pwb-brand":[161],"product_cat":[129,158,154],"product_tag":[],"class_list":{"0":"post-7254","1":"product","2":"type-product","3":"status-publish","4":"has-post-thumbnail","6":"pwb-brand-biocos","7":"product_cat-beden-baximi","8":"product_cat-body-lotions","9":"product_cat-hand-creams","10":"pa_size-250ml","11":"pa_size-500ml","14":"instock","15":"shipping-taxable","16":"purchasable","17":"product-type-variable"},"brands":[{"id":161,"name":"Biocos","slug":"biocos"}],"_links":{"self":[{"href":"https:\/\/axtarstore.com\/ru\/wp-json\/wp\/v2\/product\/7254"}],"collection":[{"href":"https:\/\/axtarstore.com\/ru\/wp-json\/wp\/v2\/product"}],"about":[{"href":"https:\/\/axtarstore.com\/ru\/wp-json\/wp\/v2\/types\/product"}],"replies":[{"embeddable":true,"href":"https:\/\/axtarstore.com\/ru\/wp-json\/wp\/v2\/comments?post=7254"}],"version-history":[{"count":1,"href":"https:\/\/axtarstore.com\/ru\/wp-json\/wp\/v2\/product\/7254\/revisions"}],"predecessor-version":[{"id":7264,"href":"https:\/\/axtarstore.com\/ru\/wp-json\/wp\/v2\/product\/7254\/revisions\/7264"}],"wp:featuredmedia":[{"embeddable":true,"href":"https:\/\/axtarstore.com\/ru\/wp-json\/wp\/v2\/media\/7256"}],"wp:attachment":[{"href":"https:\/\/axtarstore.com\/ru\/wp-json\/wp\/v2\/media?parent=7254"}],"wp:term":[{"taxonomy":"pwb-brand","embeddable":true,"href":"https:\/\/axtarstore.com\/ru\/wp-json\/wp\/v2\/pwb-brand?post=7254"},{"taxonomy":"product_cat","embeddable":true,"href":"https:\/\/axtarstore.com\/ru\/wp-json\/wp\/v2\/product_cat?post=7254"},{"taxonomy":"product_tag","embeddable":true,"href":"https:\/\/axtarstore.com\/ru\/wp-json\/wp\/v2\/product_tag?post=7254"}],"curies":[{"name":"wp","href":"https:\/\/api.w.org\/{rel}","templated":true}]}}