{"id":7249,"date":"2024-11-16T23:39:54","date_gmt":"2024-11-16T19:39:54","guid":{"rendered":"https:\/\/axtarstore.com\/?post_type=product&#038;p=7249"},"modified":"2025-04-27T23:55:24","modified_gmt":"2025-04-27T19:55:24","slug":"biocos-aloe-vera-serum","status":"publish","type":"product","link":"https:\/\/axtarstore.com\/ru\/product\/biocos-aloe-vera-serum\/","title":{"rendered":"Biocos Aloe Vera Multi-Function Essence \u2013 Nemlendirici ve Anti-K\u0131r\u0131\u015f\u0131kl\u0131k Etkisi"},"content":{"rendered":"<p>Biocos Aloe Vera Multi-Function Essence, do\u011fal Aloe Vera \u00f6zleriyle zenginle\u015ftirilmi\u015f, cildinize derinlemesine bak\u0131m yaparak k\u0131r\u0131\u015f\u0131kl\u0131klar\u0131 azaltan ve nem dengesini sa\u011flayan bir serumdur. Bu \u00e7ok i\u015flevli serum, cildinizin daha p\u00fcr\u00fczs\u00fcz, s\u0131k\u0131 ve parlak g\u00f6r\u00fcnmesini sa\u011flar. Aloe Vera\u2019n\u0131n do\u011fal iyile\u015ftirici \u00f6zellikleri sayesinde cildiniz taze ve yenilenmi\u015f hissedecek.<\/p>\n<p>Biocos Aloe Vera Multi-Function Essence ile G\u00f6zle G\u00f6r\u00fclen Faydalar:<br \/>\n\u2022 Anti-K\u0131r\u0131\u015f\u0131kl\u0131k: Cildin elastikiyetini art\u0131r\u0131r, ince \u00e7izgileri ve k\u0131r\u0131\u015f\u0131kl\u0131klar\u0131 azalt\u0131r.<br \/>\n\u2022 Derin Nemlendirme: Cildin nem dengesini sa\u011flar ve kuru b\u00f6lgeleri nemlendirir.<br \/>\n\u2022 Cilt S\u0131k\u0131la\u015ft\u0131rma: Cildi s\u0131k\u0131la\u015ft\u0131rarak daha gen\u00e7 ve canl\u0131 bir g\u00f6r\u00fcn\u00fcm sunar.<br \/>\n\u2022 Do\u011fal Aloe Vera \u00d6zleri: Cildin do\u011fal iyile\u015fmesine yard\u0131mc\u0131 olur.<\/p>\n<p>Biocos Aloe Vera Multi-Function Essence ile cildinizi tazeleyin ve daha gen\u00e7, p\u00fcr\u00fczs\u00fcz ve \u0131\u015f\u0131lt\u0131l\u0131 bir cilt i\u00e7in bu do\u011fal serumu g\u00fcnl\u00fck bak\u0131m rutininize dahil edin!<\/p>","protected":false},"excerpt":{"rendered":"<p>Biocos Aloe Vera Multi-Function Essence, do\u011fal Aloe Vera \u00f6zleriyle zenginle\u015ftirilmi\u015f, cildinize derinlemesine bak\u0131m yaparak k\u0131r\u0131\u015f\u0131kl\u0131klar\u0131 azaltan ve nem dengesini sa\u011flayan bir serumdur. Bu \u00e7ok i\u015flevli serum, cildinizin daha p\u00fcr\u00fczs\u00fcz, s\u0131k\u0131 ve parlak g\u00f6r\u00fcnmesini sa\u011flar. Aloe Vera\u2019n\u0131n do\u011fal iyile\u015ftirici \u00f6zellikleri sayesinde cildiniz taze ve yenilenmi\u015f hissedecek. Biocos Aloe Vera Multi-Function Essence ile G\u00f6zle G\u00f6r\u00fclen Faydalar: \u2022 &hellip; <a href=\"https:\/\/axtarstore.com\/ru\/product\/biocos-aloe-vera-serum\/\" class=\"more-link\">Continue reading <span class=\"screen-reader-text\">Biocos Aloe Vera Multi-Function Essence \u2013 Nemlendirici ve Anti-K\u0131r\u0131\u015f\u0131kl\u0131k Etkisi<\/span><\/a><\/p>","protected":false},"featured_media":9960,"comment_status":"open","ping_status":"closed","template":"","meta":[],"pwb-brand":[161],"product_cat":[127,143],"product_tag":[],"class_list":{"0":"post-7249","1":"product","2":"type-product","3":"status-publish","4":"has-post-thumbnail","6":"pwb-brand-biocos","7":"product_cat-face-care","8":"product_cat-face-serum","9":"pa_size-15ml","12":"instock","13":"sale","14":"shipping-taxable","15":"purchasable","16":"product-type-simple"},"brands":[{"id":161,"name":"Biocos","slug":"biocos"}],"_links":{"self":[{"href":"https:\/\/axtarstore.com\/ru\/wp-json\/wp\/v2\/product\/7249"}],"collection":[{"href":"https:\/\/axtarstore.com\/ru\/wp-json\/wp\/v2\/product"}],"about":[{"href":"https:\/\/axtarstore.com\/ru\/wp-json\/wp\/v2\/types\/product"}],"replies":[{"embeddable":true,"href":"https:\/\/axtarstore.com\/ru\/wp-json\/wp\/v2\/comments?post=7249"}],"version-history":[{"count":3,"href":"https:\/\/axtarstore.com\/ru\/wp-json\/wp\/v2\/product\/7249\/revisions"}],"predecessor-version":[{"id":9968,"href":"https:\/\/axtarstore.com\/ru\/wp-json\/wp\/v2\/product\/7249\/revisions\/9968"}],"wp:featuredmedia":[{"embeddable":true,"href":"https:\/\/axtarstore.com\/ru\/wp-json\/wp\/v2\/media\/9960"}],"wp:attachment":[{"href":"https:\/\/axtarstore.com\/ru\/wp-json\/wp\/v2\/media?parent=7249"}],"wp:term":[{"taxonomy":"pwb-brand","embeddable":true,"href":"https:\/\/axtarstore.com\/ru\/wp-json\/wp\/v2\/pwb-brand?post=7249"},{"taxonomy":"product_cat","embeddable":true,"href":"https:\/\/axtarstore.com\/ru\/wp-json\/wp\/v2\/product_cat?post=7249"},{"taxonomy":"product_tag","embeddable":true,"href":"https:\/\/axtarstore.com\/ru\/wp-json\/wp\/v2\/product_tag?post=7249"}],"curies":[{"name":"wp","href":"https:\/\/api.w.org\/{rel}","templated":true}]}}