{"id":7242,"date":"2024-11-16T23:22:01","date_gmt":"2024-11-16T19:22:01","guid":{"rendered":"https:\/\/axtarstore.com\/?post_type=product&#038;p=7242"},"modified":"2026-02-06T22:23:39","modified_gmt":"2026-02-06T18:23:39","slug":"biocos-vitamin-c-serum","status":"publish","type":"product","link":"https:\/\/axtarstore.com\/ru\/product\/biocos-vitamin-c-serum\/","title":{"rendered":"Biocos Vitamin C Serum"},"content":{"rendered":"<p>Biocos Vitamin C serum (askorbin tur\u015fusu) d\u0259rinizi parlaq v\u0259 cavanla\u015fd\u0131rd\u0131\u011f\u0131 bilin\u0259n antioksidantlarla doludur. S\u0259rb\u0259st radikallar\u0131 m\u0259hv etm\u0259y\u0259 v\u0259 sa\u011flam d\u0259ri \u00fc\u00e7\u00fcn toxuma t\u0259mirini v\u0259 kollagen sintezini g\u00fccl\u0259ndirm\u0259y\u0259 k\u00f6m\u0259k edir. T\u0259rkibind\u0259 d\u0259ri h\u00fcceyr\u0259l\u0259rinin b\u0259rpas\u0131n\u0131 yax\u015f\u0131la\u015fd\u0131ran v\u0259 d\u0259rinizi m\u00f6hk\u0259m v\u0259 s\u0131x ed\u0259n Protein Lifl\u0259ri olan Kollagen v\u0259 Elastin var. Kollagen h\u0259m\u00e7inin d\u0259rinin qocalma prosesini gecikdirm\u0259y\u0259 v\u0259 t\u00fcnd piqmentasiyan\u0131n qar\u015f\u0131s\u0131n\u0131 alma\u011fa k\u00f6m\u0259k edir.<\/p>","protected":false},"excerpt":{"rendered":"<p>Biocos Vitamin C serum (askorbin tur\u015fusu) d\u0259rinizi parlaq v\u0259 cavanla\u015fd\u0131rd\u0131\u011f\u0131 bilin\u0259n antioksidantlarla doludur. S\u0259rb\u0259st radikallar\u0131 m\u0259hv etm\u0259y\u0259 v\u0259 sa\u011flam d\u0259ri \u00fc\u00e7\u00fcn toxuma t\u0259mirini v\u0259 kollagen sintezini g\u00fccl\u0259ndirm\u0259y\u0259 k\u00f6m\u0259k edir. T\u0259rkibind\u0259 d\u0259ri h\u00fcceyr\u0259l\u0259rinin b\u0259rpas\u0131n\u0131 yax\u015f\u0131la\u015fd\u0131ran v\u0259 d\u0259rinizi m\u00f6hk\u0259m v\u0259 s\u0131x ed\u0259n Protein Lifl\u0259ri olan Kollagen v\u0259 Elastin var. Kollagen h\u0259m\u00e7inin d\u0259rinin qocalma prosesini gecikdirm\u0259y\u0259 v\u0259 t\u00fcnd &hellip; <a href=\"https:\/\/axtarstore.com\/ru\/product\/biocos-vitamin-c-serum\/\" class=\"more-link\">Continue reading <span class=\"screen-reader-text\">Biocos Vitamin C Serum<\/span><\/a><\/p>","protected":false},"featured_media":7243,"comment_status":"open","ping_status":"closed","template":"","meta":[],"pwb-brand":[161],"product_cat":[127,143],"product_tag":[],"class_list":{"0":"post-7242","1":"product","2":"type-product","3":"status-publish","4":"has-post-thumbnail","6":"pwb-brand-biocos","7":"product_cat-face-care","8":"product_cat-face-serum","9":"pa_size-15ml","12":"instock","13":"shipping-taxable","14":"purchasable","15":"product-type-simple"},"brands":[{"id":161,"name":"Biocos","slug":"biocos"}],"_links":{"self":[{"href":"https:\/\/axtarstore.com\/ru\/wp-json\/wp\/v2\/product\/7242"}],"collection":[{"href":"https:\/\/axtarstore.com\/ru\/wp-json\/wp\/v2\/product"}],"about":[{"href":"https:\/\/axtarstore.com\/ru\/wp-json\/wp\/v2\/types\/product"}],"replies":[{"embeddable":true,"href":"https:\/\/axtarstore.com\/ru\/wp-json\/wp\/v2\/comments?post=7242"}],"version-history":[{"count":1,"href":"https:\/\/axtarstore.com\/ru\/wp-json\/wp\/v2\/product\/7242\/revisions"}],"predecessor-version":[{"id":7248,"href":"https:\/\/axtarstore.com\/ru\/wp-json\/wp\/v2\/product\/7242\/revisions\/7248"}],"wp:featuredmedia":[{"embeddable":true,"href":"https:\/\/axtarstore.com\/ru\/wp-json\/wp\/v2\/media\/7243"}],"wp:attachment":[{"href":"https:\/\/axtarstore.com\/ru\/wp-json\/wp\/v2\/media?parent=7242"}],"wp:term":[{"taxonomy":"pwb-brand","embeddable":true,"href":"https:\/\/axtarstore.com\/ru\/wp-json\/wp\/v2\/pwb-brand?post=7242"},{"taxonomy":"product_cat","embeddable":true,"href":"https:\/\/axtarstore.com\/ru\/wp-json\/wp\/v2\/product_cat?post=7242"},{"taxonomy":"product_tag","embeddable":true,"href":"https:\/\/axtarstore.com\/ru\/wp-json\/wp\/v2\/product_tag?post=7242"}],"curies":[{"name":"wp","href":"https:\/\/api.w.org\/{rel}","templated":true}]}}