{"id":7235,"date":"2024-11-16T22:51:13","date_gmt":"2024-11-16T18:51:13","guid":{"rendered":"https:\/\/axtarstore.com\/?post_type=product&#038;p=7235"},"modified":"2024-11-20T00:25:40","modified_gmt":"2024-11-19T20:25:40","slug":"biocos-hyaluronic-acid-serum","status":"publish","type":"product","link":"https:\/\/axtarstore.com\/ru\/product\/biocos-hyaluronic-acid-serum\/","title":{"rendered":"Biocos Hyaluronic Acid Serum"},"content":{"rendered":"<p>Biocos Hialuron Serum Hialuron tur\u015fusu n\u0259dir? Hialuron tur\u015fusu g\u00f6z\u0259l, n\u0259mli d\u0259rinin a\u00e7ar\u0131d\u0131r. B\u0259d\u0259nimizd\u0259 t\u0259bii olaraq tap\u0131l\u0131r v\u0259 g\u0259nc g\u00f6r\u00fcnm\u0259yimiz\u0259 k\u00f6m\u0259k edir! Ancaq ya\u015fland\u0131qca hialuron tur\u015fusunun s\u0259viyy\u0259si a\u015fa\u011f\u0131 d\u00fc\u015f\u00fcr. Buna g\u00f6r\u0259 d\u0259 bu seruma ehtiyac\u0131n\u0131z var \u2013 o, itmi\u015f hialuron tur\u015fusunu doldurur ki, d\u0259riniz dol\u011fun v\u0259 g\u0259nc g\u00f6r\u00fcns\u00fcn. Hialuron tur\u015fusu serumuna niy\u0259 ehtiyac\u0131n\u0131z var? He\u00e7 kim \u00fcz\u00fcnd\u0259 q\u0131r\u0131\u015flar\u0131n v\u0259 inc\u0259 x\u0259ttl\u0259rin olmas\u0131n\u0131 ist\u0259m\u0259z! H\u0259r ya\u015fda g\u00f6z\u0259l g\u00f6r\u00fcn\u0259n hamar, elastik d\u0259riy\u0259 layiqsiniz. Bu serum C vitamini v\u0259 peptidl\u0259r kimi inqrediyentl\u0259rin g\u00fccl\u00fc qar\u0131\u015f\u0131\u011f\u0131 il\u0259 ya\u015flanma \u0259lam\u0259tl\u0259rini azaltmaqla yana\u015f\u0131 d\u0259rini n\u0259ml\u0259ndirir. H\u0259m d\u0259 ya\u011fl\u0131 qal\u0131q qoymadan epidermisin dermis qat\u0131na s\u00fcr\u0259tl\u0259 hopdu\u011fu \u00fc\u00e7\u00fcn siz t\u0131xanm\u0131\u015f m\u0259sam\u0259l\u0259r v\u0259 ya q\u0131r\u0131\u015flar bar\u0259d\u0259 d\u0259 narahat olmayacaqs\u0131n\u0131z! Biocos-dan Pakistanda bu heyr\u0259tamiz \u018fn Yax\u015f\u0131 Hialuron Tur\u015fusu Serumu il\u0259 h\u0259r g\u00fcn daha g\u0259nc g\u00f6r\u00fcn\u0259n d\u0259riy\u0259 haz\u0131r olun! Hialuron tur\u015fusu t\u0259bii olaraq d\u0259rid\u0259 \u0259m\u0259l\u0259 g\u0259l\u0259n \u015f\u0259k\u0259r molekuludur. Suyu kollagen\u0259 ba\u011flama\u011fa k\u00f6m\u0259k edir. D\u0259riy\u0259 vurmaq onu dol\u011fun, n\u0259ml\u0259ndirir v\u0259 daha \u00e7ox n\u0259ml\u0259ndirir. Q\u0131r\u0131\u015flar\u0131n g\u00f6r\u00fcn\u00fc\u015f\u00fcn\u00fc azald\u0131r. \u0130p\u0259k kimi, tez sorulan v\u0259 yap\u0131\u015fmayan formula n\u0259ml\u0259ndirici il\u0259 qar\u0131\u015fd\u0131r\u0131la bil\u0259n v\u0259 makiyaj \u00fc\u00e7\u00fcn \u0259la \u0259sas kimi xidm\u0259t ed\u0259n bir bonusdur.<\/p>","protected":false},"excerpt":{"rendered":"<p>Biocos Hialuron Serum Hialuron tur\u015fusu n\u0259dir? Hialuron tur\u015fusu g\u00f6z\u0259l, n\u0259mli d\u0259rinin a\u00e7ar\u0131d\u0131r. B\u0259d\u0259nimizd\u0259 t\u0259bii olaraq tap\u0131l\u0131r v\u0259 g\u0259nc g\u00f6r\u00fcnm\u0259yimiz\u0259 k\u00f6m\u0259k edir! Ancaq ya\u015fland\u0131qca hialuron tur\u015fusunun s\u0259viyy\u0259si a\u015fa\u011f\u0131 d\u00fc\u015f\u00fcr. Buna g\u00f6r\u0259 d\u0259 bu seruma ehtiyac\u0131n\u0131z var \u2013 o, itmi\u015f hialuron tur\u015fusunu doldurur ki, d\u0259riniz dol\u011fun v\u0259 g\u0259nc g\u00f6r\u00fcns\u00fcn. Hialuron tur\u015fusu serumuna niy\u0259 ehtiyac\u0131n\u0131z var? He\u00e7 kim &hellip; <a href=\"https:\/\/axtarstore.com\/ru\/product\/biocos-hyaluronic-acid-serum\/\" class=\"more-link\">Continue reading <span class=\"screen-reader-text\">Biocos Hyaluronic Acid Serum<\/span><\/a><\/p>","protected":false},"featured_media":7241,"comment_status":"open","ping_status":"closed","template":"","meta":[],"pwb-brand":[161],"product_cat":[127,143],"product_tag":[],"class_list":{"0":"post-7235","1":"product","2":"type-product","3":"status-publish","4":"has-post-thumbnail","6":"pwb-brand-biocos","7":"product_cat-face-care","8":"product_cat-face-serum","9":"pa_size-15ml","12":"instock","13":"shipping-taxable","14":"purchasable","15":"product-type-simple"},"brands":[{"id":161,"name":"Biocos","slug":"biocos"}],"_links":{"self":[{"href":"https:\/\/axtarstore.com\/ru\/wp-json\/wp\/v2\/product\/7235"}],"collection":[{"href":"https:\/\/axtarstore.com\/ru\/wp-json\/wp\/v2\/product"}],"about":[{"href":"https:\/\/axtarstore.com\/ru\/wp-json\/wp\/v2\/types\/product"}],"replies":[{"embeddable":true,"href":"https:\/\/axtarstore.com\/ru\/wp-json\/wp\/v2\/comments?post=7235"}],"version-history":[{"count":1,"href":"https:\/\/axtarstore.com\/ru\/wp-json\/wp\/v2\/product\/7235\/revisions"}],"predecessor-version":[{"id":7240,"href":"https:\/\/axtarstore.com\/ru\/wp-json\/wp\/v2\/product\/7235\/revisions\/7240"}],"wp:featuredmedia":[{"embeddable":true,"href":"https:\/\/axtarstore.com\/ru\/wp-json\/wp\/v2\/media\/7241"}],"wp:attachment":[{"href":"https:\/\/axtarstore.com\/ru\/wp-json\/wp\/v2\/media?parent=7235"}],"wp:term":[{"taxonomy":"pwb-brand","embeddable":true,"href":"https:\/\/axtarstore.com\/ru\/wp-json\/wp\/v2\/pwb-brand?post=7235"},{"taxonomy":"product_cat","embeddable":true,"href":"https:\/\/axtarstore.com\/ru\/wp-json\/wp\/v2\/product_cat?post=7235"},{"taxonomy":"product_tag","embeddable":true,"href":"https:\/\/axtarstore.com\/ru\/wp-json\/wp\/v2\/product_tag?post=7235"}],"curies":[{"name":"wp","href":"https:\/\/api.w.org\/{rel}","templated":true}]}}