{"id":7229,"date":"2024-11-16T22:30:32","date_gmt":"2024-11-16T18:30:32","guid":{"rendered":"https:\/\/axtarstore.com\/?post_type=product&#038;p=7229"},"modified":"2024-11-20T00:26:01","modified_gmt":"2024-11-19T20:26:01","slug":"biocos-age-reversal-magic-serum","status":"publish","type":"product","link":"https:\/\/axtarstore.com\/ru\/product\/biocos-age-reversal-magic-serum\/","title":{"rendered":"Biocos Age Reversal Magic Serum"},"content":{"rendered":"<p>Biocos ya\u015flanmaya qar\u015f\u0131 Serum<br \/>\nBiocos ya\u015flanmaya qar\u015f\u0131 Serum q\u0131r\u0131\u015flar\u0131 azaltmaq v\u0259 d\u0259rinin doymu\u015f komponentl\u0259rini daha g\u0259nc d\u0259rid\u0259 tap\u0131lan s\u0259viyy\u0259l\u0259r\u0259 qaytarmaq \u00fc\u00e7\u00fcn n\u00fcmayi\u015f etdiril\u0259n klinik c\u0259h\u0259td\u0259n s\u0131naqdan ke\u00e7irilmi\u015f xarakterik aktivl\u0259rd\u0259n ibar\u0259tdir.<br \/>\nBiocos Age Reversal Magic Serum Pakistanda \u0259n yax\u015f\u0131 ya\u015f geri qaytaran serum kimi tan\u0131n\u0131r v\u0259 Pakistan kosmetika s\u0259nayesinin \u0259n \u00e7ox onlayn sat\u0131lan m\u0259hsuludur. 30 ya\u015f\u0131n\u0131 ke\u00e7dikd\u0259n sonra tez-tez m\u00fc\u015fahid\u0259 olunur ki, ya\u015flanma faktoru s\u00fcr\u0259tl\u0259 y\u00fcks\u0259lir, m\u0259s\u0259l\u0259n, t\u00fcnd l\u0259k\u0259l\u0259r, q\u0131r\u0131\u015flar, d\u0259rinin bo\u015falmas\u0131, D\u0259rid\u0259ki l\u0259k\u0259l\u0259r, A\u00e7\u0131q m\u0259sam\u0259l\u0259r, Qara ba\u015flar, \u00d6l\u00fc d\u0259ri, Amma zaman ma\u015f\u0131n\u0131 t\u0259qdim ed\u0259n Biocos Cosmetics-\u0259 t\u0259\u015f\u0259kk\u00fcrl\u0259r. qocalma faktorlar\u0131ndan qurtulur v\u0259 daha cavan g\u00f6r\u00fcn\u00fcr. S\u0259yah\u0259t etdiyimiz kimi cari vaxtdan 10 il Geriy\u0259.<\/p>\n<p>Ya\u015f\u0131 d\u0259yi\u015fdir\u0259n \u0259n yax\u015f\u0131 serumun ideal istifad\u0259si:<br \/>\nAge Reversal Serum Flakonunun \u00fcst qab\u0131\u011f\u0131n\u0131 s\u0131nd\u0131r\u0131n v\u0259 tam flakonu Biocos Beauty Cream qab\u0131na bo\u015falt\u0131n, di\u015f \u00e7ubu\u011fu il\u0259 yax\u015f\u0131ca qar\u0131\u015fd\u0131r\u0131n v\u0259 qab\u0131n qapa\u011f\u0131 il\u0259 \u00f6rt\u00fcn v\u0259 sehrin ba\u015flamas\u0131 \u00fc\u00e7\u00fcn 1-2 saat burax\u0131n. .<br \/>\nYa\u015f\u0131 d\u0259yi\u015fdir\u0259n serum v\u0259 kremin qar\u0131\u015f\u0131\u011f\u0131n\u0131 yatmazdan \u0259vv\u0259l \u00fcz\u00fcn\u00fcz\u0259 nazik Lir \u015f\u0259klind\u0259 \u00e7\u0259kin, sonra yat\u0131n v\u0259 s\u0259h\u0259r Biocos S\u00fcdl\u00fc \u00dcz Yuma vasit\u0259si il\u0259 \u00fcz\u00fcn\u00fcz\u00fc yuyun.Prosesi h\u0259r g\u00fcn t\u0259krarlay\u0131n v\u0259 ultra parlaq d\u0259ri \u0259ld\u0259 edin.<\/p>","protected":false},"excerpt":{"rendered":"<p>Biocos ya\u015flanmaya qar\u015f\u0131 Serum Biocos ya\u015flanmaya qar\u015f\u0131 Serum q\u0131r\u0131\u015flar\u0131 azaltmaq v\u0259 d\u0259rinin doymu\u015f komponentl\u0259rini daha g\u0259nc d\u0259rid\u0259 tap\u0131lan s\u0259viyy\u0259l\u0259r\u0259 qaytarmaq \u00fc\u00e7\u00fcn n\u00fcmayi\u015f etdiril\u0259n klinik c\u0259h\u0259td\u0259n s\u0131naqdan ke\u00e7irilmi\u015f xarakterik aktivl\u0259rd\u0259n ibar\u0259tdir. Biocos Age Reversal Magic Serum Pakistanda \u0259n yax\u015f\u0131 ya\u015f geri qaytaran serum kimi tan\u0131n\u0131r v\u0259 Pakistan kosmetika s\u0259nayesinin \u0259n \u00e7ox onlayn sat\u0131lan m\u0259hsuludur. 30 ya\u015f\u0131n\u0131 &hellip; <a href=\"https:\/\/axtarstore.com\/ru\/product\/biocos-age-reversal-magic-serum\/\" class=\"more-link\">Continue reading <span class=\"screen-reader-text\">Biocos Age Reversal Magic Serum<\/span><\/a><\/p>","protected":false},"featured_media":7230,"comment_status":"open","ping_status":"closed","template":"","meta":[],"pwb-brand":[161],"product_cat":[127,143],"product_tag":[],"class_list":{"0":"post-7229","1":"product","2":"type-product","3":"status-publish","4":"has-post-thumbnail","6":"pwb-brand-biocos","7":"product_cat-face-care","8":"product_cat-face-serum","9":"pa_size-3ml","12":"instock","13":"shipping-taxable","14":"purchasable","15":"product-type-simple"},"brands":[{"id":161,"name":"Biocos","slug":"biocos"}],"_links":{"self":[{"href":"https:\/\/axtarstore.com\/ru\/wp-json\/wp\/v2\/product\/7229"}],"collection":[{"href":"https:\/\/axtarstore.com\/ru\/wp-json\/wp\/v2\/product"}],"about":[{"href":"https:\/\/axtarstore.com\/ru\/wp-json\/wp\/v2\/types\/product"}],"replies":[{"embeddable":true,"href":"https:\/\/axtarstore.com\/ru\/wp-json\/wp\/v2\/comments?post=7229"}],"version-history":[{"count":1,"href":"https:\/\/axtarstore.com\/ru\/wp-json\/wp\/v2\/product\/7229\/revisions"}],"predecessor-version":[{"id":7234,"href":"https:\/\/axtarstore.com\/ru\/wp-json\/wp\/v2\/product\/7229\/revisions\/7234"}],"wp:featuredmedia":[{"embeddable":true,"href":"https:\/\/axtarstore.com\/ru\/wp-json\/wp\/v2\/media\/7230"}],"wp:attachment":[{"href":"https:\/\/axtarstore.com\/ru\/wp-json\/wp\/v2\/media?parent=7229"}],"wp:term":[{"taxonomy":"pwb-brand","embeddable":true,"href":"https:\/\/axtarstore.com\/ru\/wp-json\/wp\/v2\/pwb-brand?post=7229"},{"taxonomy":"product_cat","embeddable":true,"href":"https:\/\/axtarstore.com\/ru\/wp-json\/wp\/v2\/product_cat?post=7229"},{"taxonomy":"product_tag","embeddable":true,"href":"https:\/\/axtarstore.com\/ru\/wp-json\/wp\/v2\/product_tag?post=7229"}],"curies":[{"name":"wp","href":"https:\/\/api.w.org\/{rel}","templated":true}]}}